{"id":7505,"date":"2025-05-23T20:16:31","date_gmt":"2025-05-23T18:16:31","guid":{"rendered":"https:\/\/www.inprisa.com\/?post_type=product&#038;p=7505"},"modified":"2026-03-16T12:30:59","modified_gmt":"2026-03-16T11:30:59","slug":"separador-de-grasas-de-superficie-deposito-liso","status":"publish","type":"product","link":"https:\/\/www.inprisa.com\/pt-pt\/producto\/separador-de-grasas-de-superficie-deposito-liso\/","title":{"rendered":"Separador de grasas de superficie dep\u00f3sito liso"},"content":{"rendered":"<p>Sistema f\u00edsico de pretratamiento dise\u00f1ado para separar aceites, grasas, espumas y s\u00f3lidos presentes en aguas grises dom\u00e9sticas. Funciona como un tanque de calma donde ocurre la flotaci\u00f3n de sustancias con menor densidad que el agua y la sedimentaci\u00f3n parcial de s\u00f3lidos. Es un sistema simple, robusto y eficaz, ideal para cocinas, ba\u00f1os y zonas de lavado. Certificado seg\u00fan norma UNI EN 1825-1.<\/p>\n","protected":false},"excerpt":{"rendered":"<p>Sistema f\u00edsico de pretratamiento dise\u00f1ado para separar aceites, grasas, espumas y s\u00f3lidos presentes en aguas grises dom\u00e9sticas. Funciona como un tanque de calma donde ocurre la flotaci\u00f3n de sustancias con menor densidad que el agua y la sedimentaci\u00f3n parcial de s\u00f3lidos. Es un sistema simple, robusto y eficaz, ideal para cocinas, ba\u00f1os y zonas de lavado. Certificado seg\u00fan norma UNI EN 1825-1.<\/p>\n<ul>\n<li>Zona de aceites y grasas: flotaci\u00f3n natural de espumas, aceites y sustancias livianas.<\/li>\n<li>\u00c1rea de calma: facilita la separaci\u00f3n del agua tratada.<\/li>\n<li>Acumulaci\u00f3n de sedimentos: residuos pesados se depositan en el fondo.<\/li>\n<li>Certificaci\u00f3n europea: conforme a norma UNI EN 1825-1 para separadores de grasas.<\/li>\n<\/ul>\n","protected":false},"featured_media":8307,"template":"","meta":{"_acf_changed":false,"_monsterinsights_skip_tracking":false,"_monsterinsights_sitenote_active":false,"_monsterinsights_sitenote_note":"","_monsterinsights_sitenote_category":0},"product_brand":[],"product_cat":[99,86],"product_tag":[],"class_list":{"0":"post-7505","1":"product","2":"type-product","3":"status-publish","4":"has-post-thumbnail","6":"product_cat-liso","7":"product_cat-separador-de-grasas","9":"first","10":"instock","11":"taxable","12":"shipping-taxable","13":"purchasable","14":"product-type-variable"},"acf":[],"yoast_head":"<!-- This site is optimized with the Yoast SEO plugin v27.4 - https:\/\/yoast.com\/product\/yoast-seo-wordpress\/ -->\n<title>Separador de grasas de superficie dep\u00f3sito liso | Inprisa<\/title>\n<meta name=\"robots\" content=\"index, follow, max-snippet:-1, max-image-preview:large, max-video-preview:-1\" \/>\n<link rel=\"canonical\" href=\"https:\/\/www.inprisa.com\/pt-pt\/producto\/separador-de-grasas-de-superficie-deposito-liso\/\" \/>\n<meta property=\"og:locale\" content=\"pt_PT\" \/>\n<meta property=\"og:type\" content=\"article\" \/>\n<meta property=\"og:title\" content=\"Separador de grasas de superficie dep\u00f3sito liso | Inprisa\" \/>\n<meta property=\"og:description\" content=\"Sistema f\u00edsico de pretratamiento dise\u00f1ado para separar aceites, grasas, espumas y s\u00f3lidos presentes en aguas grises dom\u00e9sticas. Funciona como un tanque de calma donde ocurre la flotaci\u00f3n de sustancias con menor densidad que el agua y la sedimentaci\u00f3n parcial de s\u00f3lidos. Es un sistema simple, robusto y eficaz, ideal para cocinas, ba\u00f1os y zonas de lavado. Certificado seg\u00fan norma UNI EN 1825-1.   Zona de aceites y grasas: flotaci\u00f3n natural de espumas, aceites y sustancias livianas.  \u00c1rea de calma: facilita la separaci\u00f3n del agua tratada.  Acumulaci\u00f3n de sedimentos: residuos pesados se depositan en el fondo.  Certificaci\u00f3n europea: conforme a norma UNI EN 1825-1 para separadores de grasas.\" \/>\n<meta property=\"og:url\" content=\"https:\/\/www.inprisa.com\/pt-pt\/producto\/separador-de-grasas-de-superficie-deposito-liso\/\" \/>\n<meta property=\"og:site_name\" content=\"Inprisa\" \/>\n<meta property=\"article:modified_time\" content=\"2026-03-16T11:30:59+00:00\" \/>\n<meta property=\"og:image\" content=\"https:\/\/www.inprisa.com\/wp-content\/uploads\/2025\/05\/Separador-de-grasas-liso.webp\" \/>\n\t<meta property=\"og:image:width\" content=\"1024\" \/>\n\t<meta property=\"og:image:height\" content=\"1024\" \/>\n\t<meta property=\"og:image:type\" content=\"image\/webp\" \/>\n<meta name=\"twitter:card\" content=\"summary_large_image\" \/>\n<meta name=\"twitter:label1\" content=\"Tempo estimado de leitura\" \/>\n\t<meta name=\"twitter:data1\" content=\"1 minuto\" \/>\n<script type=\"application\/ld+json\" class=\"yoast-schema-graph\">{\"@context\":\"https:\\\/\\\/schema.org\",\"@graph\":[{\"@type\":\"WebPage\",\"@id\":\"https:\\\/\\\/www.inprisa.com\\\/pt-pt\\\/producto\\\/separador-de-grasas-de-superficie-deposito-liso\\\/\",\"url\":\"https:\\\/\\\/www.inprisa.com\\\/pt-pt\\\/producto\\\/separador-de-grasas-de-superficie-deposito-liso\\\/\",\"name\":\"Separador de grasas de superficie dep\u00f3sito liso | Inprisa\",\"isPartOf\":{\"@id\":\"https:\\\/\\\/www.inprisa.com\\\/pt-pt\\\/#website\"},\"primaryImageOfPage\":{\"@id\":\"https:\\\/\\\/www.inprisa.com\\\/pt-pt\\\/producto\\\/separador-de-grasas-de-superficie-deposito-liso\\\/#primaryimage\"},\"image\":{\"@id\":\"https:\\\/\\\/www.inprisa.com\\\/pt-pt\\\/producto\\\/separador-de-grasas-de-superficie-deposito-liso\\\/#primaryimage\"},\"thumbnailUrl\":\"https:\\\/\\\/www.inprisa.com\\\/wp-content\\\/uploads\\\/2025\\\/05\\\/Separador-de-grasas-liso.webp\",\"datePublished\":\"2025-05-23T18:16:31+00:00\",\"dateModified\":\"2026-03-16T11:30:59+00:00\",\"breadcrumb\":{\"@id\":\"https:\\\/\\\/www.inprisa.com\\\/pt-pt\\\/producto\\\/separador-de-grasas-de-superficie-deposito-liso\\\/#breadcrumb\"},\"inLanguage\":\"pt-PT\",\"potentialAction\":[{\"@type\":\"ReadAction\",\"target\":[\"https:\\\/\\\/www.inprisa.com\\\/pt-pt\\\/producto\\\/separador-de-grasas-de-superficie-deposito-liso\\\/\"]}]},{\"@type\":\"ImageObject\",\"inLanguage\":\"pt-PT\",\"@id\":\"https:\\\/\\\/www.inprisa.com\\\/pt-pt\\\/producto\\\/separador-de-grasas-de-superficie-deposito-liso\\\/#primaryimage\",\"url\":\"https:\\\/\\\/www.inprisa.com\\\/wp-content\\\/uploads\\\/2025\\\/05\\\/Separador-de-grasas-liso.webp\",\"contentUrl\":\"https:\\\/\\\/www.inprisa.com\\\/wp-content\\\/uploads\\\/2025\\\/05\\\/Separador-de-grasas-liso.webp\",\"width\":1024,\"height\":1024},{\"@type\":\"BreadcrumbList\",\"@id\":\"https:\\\/\\\/www.inprisa.com\\\/pt-pt\\\/producto\\\/separador-de-grasas-de-superficie-deposito-liso\\\/#breadcrumb\",\"itemListElement\":[{\"@type\":\"ListItem\",\"position\":1,\"name\":\"Inicio\",\"item\":\"https:\\\/\\\/www.inprisa.com\\\/pt-pt\\\/inprisa-2\\\/\"},{\"@type\":\"ListItem\",\"position\":2,\"name\":\"Loja\",\"item\":\"https:\\\/\\\/www.inprisa.com\\\/pt-pt\\\/loja\\\/\"},{\"@type\":\"ListItem\",\"position\":3,\"name\":\"Separador de grasas\",\"item\":\"https:\\\/\\\/www.inprisa.com\\\/pt-pt\\\/ecommerce\\\/separador-de-grasas\\\/\"},{\"@type\":\"ListItem\",\"position\":4,\"name\":\"Separador de grasas de superficie dep\u00f3sito liso\"}]},{\"@type\":\"WebSite\",\"@id\":\"https:\\\/\\\/www.inprisa.com\\\/pt-pt\\\/#website\",\"url\":\"https:\\\/\\\/www.inprisa.com\\\/pt-pt\\\/\",\"name\":\"Inprisa\",\"description\":\"Expertos en maquinaria\\u2028para el tratamiento de\\u2028superficies y aguas.\",\"publisher\":{\"@id\":\"https:\\\/\\\/www.inprisa.com\\\/pt-pt\\\/#organization\"},\"alternateName\":\"Inprisa\",\"potentialAction\":[{\"@type\":\"SearchAction\",\"target\":{\"@type\":\"EntryPoint\",\"urlTemplate\":\"https:\\\/\\\/www.inprisa.com\\\/pt-pt\\\/?s={search_term_string}\"},\"query-input\":{\"@type\":\"PropertyValueSpecification\",\"valueRequired\":true,\"valueName\":\"search_term_string\"}}],\"inLanguage\":\"pt-PT\"},{\"@type\":\"Organization\",\"@id\":\"https:\\\/\\\/www.inprisa.com\\\/pt-pt\\\/#organization\",\"name\":\"Inprisa\",\"alternateName\":\"Inprisa\",\"url\":\"https:\\\/\\\/www.inprisa.com\\\/pt-pt\\\/\",\"logo\":{\"@type\":\"ImageObject\",\"inLanguage\":\"pt-PT\",\"@id\":\"https:\\\/\\\/www.inprisa.com\\\/pt-pt\\\/#\\\/schema\\\/logo\\\/image\\\/\",\"url\":\"https:\\\/\\\/www.inprisa.com\\\/wp-content\\\/uploads\\\/2024\\\/02\\\/inprisa.png\",\"contentUrl\":\"https:\\\/\\\/www.inprisa.com\\\/wp-content\\\/uploads\\\/2024\\\/02\\\/inprisa.png\",\"width\":737,\"height\":200,\"caption\":\"Inprisa\"},\"image\":{\"@id\":\"https:\\\/\\\/www.inprisa.com\\\/pt-pt\\\/#\\\/schema\\\/logo\\\/image\\\/\"}}]}<\/script>\n<!-- \/ Yoast SEO plugin. -->","yoast_head_json":{"title":"Separador de grasas de superficie dep\u00f3sito liso | Inprisa","robots":{"index":"index","follow":"follow","max-snippet":"max-snippet:-1","max-image-preview":"max-image-preview:large","max-video-preview":"max-video-preview:-1"},"canonical":"https:\/\/www.inprisa.com\/pt-pt\/producto\/separador-de-grasas-de-superficie-deposito-liso\/","og_locale":"pt_PT","og_type":"article","og_title":"Separador de grasas de superficie dep\u00f3sito liso | Inprisa","og_description":"Sistema f\u00edsico de pretratamiento dise\u00f1ado para separar aceites, grasas, espumas y s\u00f3lidos presentes en aguas grises dom\u00e9sticas. Funciona como un tanque de calma donde ocurre la flotaci\u00f3n de sustancias con menor densidad que el agua y la sedimentaci\u00f3n parcial de s\u00f3lidos. Es un sistema simple, robusto y eficaz, ideal para cocinas, ba\u00f1os y zonas de lavado. Certificado seg\u00fan norma UNI EN 1825-1.   Zona de aceites y grasas: flotaci\u00f3n natural de espumas, aceites y sustancias livianas.  \u00c1rea de calma: facilita la separaci\u00f3n del agua tratada.  Acumulaci\u00f3n de sedimentos: residuos pesados se depositan en el fondo.  Certificaci\u00f3n europea: conforme a norma UNI EN 1825-1 para separadores de grasas.","og_url":"https:\/\/www.inprisa.com\/pt-pt\/producto\/separador-de-grasas-de-superficie-deposito-liso\/","og_site_name":"Inprisa","article_modified_time":"2026-03-16T11:30:59+00:00","og_image":[{"width":1024,"height":1024,"url":"https:\/\/www.inprisa.com\/wp-content\/uploads\/2025\/05\/Separador-de-grasas-liso.webp","type":"image\/webp"}],"twitter_card":"summary_large_image","twitter_misc":{"Tempo estimado de leitura":"1 minuto"},"schema":{"@context":"https:\/\/schema.org","@graph":[{"@type":"WebPage","@id":"https:\/\/www.inprisa.com\/pt-pt\/producto\/separador-de-grasas-de-superficie-deposito-liso\/","url":"https:\/\/www.inprisa.com\/pt-pt\/producto\/separador-de-grasas-de-superficie-deposito-liso\/","name":"Separador de grasas de superficie dep\u00f3sito liso | Inprisa","isPartOf":{"@id":"https:\/\/www.inprisa.com\/pt-pt\/#website"},"primaryImageOfPage":{"@id":"https:\/\/www.inprisa.com\/pt-pt\/producto\/separador-de-grasas-de-superficie-deposito-liso\/#primaryimage"},"image":{"@id":"https:\/\/www.inprisa.com\/pt-pt\/producto\/separador-de-grasas-de-superficie-deposito-liso\/#primaryimage"},"thumbnailUrl":"https:\/\/www.inprisa.com\/wp-content\/uploads\/2025\/05\/Separador-de-grasas-liso.webp","datePublished":"2025-05-23T18:16:31+00:00","dateModified":"2026-03-16T11:30:59+00:00","breadcrumb":{"@id":"https:\/\/www.inprisa.com\/pt-pt\/producto\/separador-de-grasas-de-superficie-deposito-liso\/#breadcrumb"},"inLanguage":"pt-PT","potentialAction":[{"@type":"ReadAction","target":["https:\/\/www.inprisa.com\/pt-pt\/producto\/separador-de-grasas-de-superficie-deposito-liso\/"]}]},{"@type":"ImageObject","inLanguage":"pt-PT","@id":"https:\/\/www.inprisa.com\/pt-pt\/producto\/separador-de-grasas-de-superficie-deposito-liso\/#primaryimage","url":"https:\/\/www.inprisa.com\/wp-content\/uploads\/2025\/05\/Separador-de-grasas-liso.webp","contentUrl":"https:\/\/www.inprisa.com\/wp-content\/uploads\/2025\/05\/Separador-de-grasas-liso.webp","width":1024,"height":1024},{"@type":"BreadcrumbList","@id":"https:\/\/www.inprisa.com\/pt-pt\/producto\/separador-de-grasas-de-superficie-deposito-liso\/#breadcrumb","itemListElement":[{"@type":"ListItem","position":1,"name":"Inicio","item":"https:\/\/www.inprisa.com\/pt-pt\/inprisa-2\/"},{"@type":"ListItem","position":2,"name":"Loja","item":"https:\/\/www.inprisa.com\/pt-pt\/loja\/"},{"@type":"ListItem","position":3,"name":"Separador de grasas","item":"https:\/\/www.inprisa.com\/pt-pt\/ecommerce\/separador-de-grasas\/"},{"@type":"ListItem","position":4,"name":"Separador de grasas de superficie dep\u00f3sito liso"}]},{"@type":"WebSite","@id":"https:\/\/www.inprisa.com\/pt-pt\/#website","url":"https:\/\/www.inprisa.com\/pt-pt\/","name":"Inprisa","description":"Expertos en maquinaria\u2028para el tratamiento de\u2028superficies y aguas.","publisher":{"@id":"https:\/\/www.inprisa.com\/pt-pt\/#organization"},"alternateName":"Inprisa","potentialAction":[{"@type":"SearchAction","target":{"@type":"EntryPoint","urlTemplate":"https:\/\/www.inprisa.com\/pt-pt\/?s={search_term_string}"},"query-input":{"@type":"PropertyValueSpecification","valueRequired":true,"valueName":"search_term_string"}}],"inLanguage":"pt-PT"},{"@type":"Organization","@id":"https:\/\/www.inprisa.com\/pt-pt\/#organization","name":"Inprisa","alternateName":"Inprisa","url":"https:\/\/www.inprisa.com\/pt-pt\/","logo":{"@type":"ImageObject","inLanguage":"pt-PT","@id":"https:\/\/www.inprisa.com\/pt-pt\/#\/schema\/logo\/image\/","url":"https:\/\/www.inprisa.com\/wp-content\/uploads\/2024\/02\/inprisa.png","contentUrl":"https:\/\/www.inprisa.com\/wp-content\/uploads\/2024\/02\/inprisa.png","width":737,"height":200,"caption":"Inprisa"},"image":{"@id":"https:\/\/www.inprisa.com\/pt-pt\/#\/schema\/logo\/image\/"}}]}},"_links":{"self":[{"href":"https:\/\/www.inprisa.com\/pt-pt\/wp-json\/wp\/v2\/product\/7505","targetHints":{"allow":["GET"]}}],"collection":[{"href":"https:\/\/www.inprisa.com\/pt-pt\/wp-json\/wp\/v2\/product"}],"about":[{"href":"https:\/\/www.inprisa.com\/pt-pt\/wp-json\/wp\/v2\/types\/product"}],"wp:featuredmedia":[{"embeddable":true,"href":"https:\/\/www.inprisa.com\/pt-pt\/wp-json\/wp\/v2\/media\/8307"}],"wp:attachment":[{"href":"https:\/\/www.inprisa.com\/pt-pt\/wp-json\/wp\/v2\/media?parent=7505"}],"wp:term":[{"taxonomy":"product_brand","embeddable":true,"href":"https:\/\/www.inprisa.com\/pt-pt\/wp-json\/wp\/v2\/product_brand?post=7505"},{"taxonomy":"product_cat","embeddable":true,"href":"https:\/\/www.inprisa.com\/pt-pt\/wp-json\/wp\/v2\/product_cat?post=7505"},{"taxonomy":"product_tag","embeddable":true,"href":"https:\/\/www.inprisa.com\/pt-pt\/wp-json\/wp\/v2\/product_tag?post=7505"}],"curies":[{"name":"wp","href":"https:\/\/api.w.org\/{rel}","templated":true}]}}