{"id":7480,"date":"2025-05-23T19:08:43","date_gmt":"2025-05-23T17:08:43","guid":{"rendered":"https:\/\/www.inprisa.com\/?post_type=product&#038;p=7480"},"modified":"2026-03-16T12:32:12","modified_gmt":"2026-03-16T11:32:12","slug":"separador-de-grasas-de-superficie-enterrados","status":"publish","type":"product","link":"https:\/\/www.inprisa.com\/pt-pt\/producto\/separador-de-grasas-de-superficie-enterrados\/","title":{"rendered":"Separador de grasas de superficie enterrados"},"content":{"rendered":"<p>Sistema de separaci\u00f3n por flotaci\u00f3n dise\u00f1ado para el pretratamiento de aguas residuales grises provenientes de lavabos, duchas y cocinas. Su dise\u00f1o permite ralentizar el flujo del agua residual, favoreciendo la flotaci\u00f3n de aceites, grasas y espumas, al tiempo que facilita la sedimentaci\u00f3n de s\u00f3lidos en el fondo. Es una soluci\u00f3n estable, simple y econ\u00f3mica, certificada bajo norma UNI-EN 1825-1 y conforme al D. Leg. n.\u00ba 152\/2006.<\/p>\n","protected":false},"excerpt":{"rendered":"<p>Sistema de separaci\u00f3n por flotaci\u00f3n dise\u00f1ado para el pretratamiento de aguas residuales grises provenientes de lavabos, duchas y cocinas. Su dise\u00f1o permite ralentizar el flujo del agua residual, favoreciendo la flotaci\u00f3n de aceites, grasas y espumas, al tiempo que facilita la sedimentaci\u00f3n de s\u00f3lidos en el fondo. Es una soluci\u00f3n estable, simple y econ\u00f3mica, certificada bajo norma UNI-EN 1825-1 y conforme al D. Leg. n.\u00ba 152\/2006.<\/p>\n<ul>\n<li>\u00c1rea de calma: disminuye la velocidad del flujo y favorece la flotaci\u00f3n de contaminantes.<\/li>\n<li>Acumulaci\u00f3n de fangos: los s\u00f3lidos no flotantes se depositan en el fondo para su f\u00e1cil extracci\u00f3n.<\/li>\n<li>Pretratamiento eficaz: mejora la calidad del efluente antes del tratamiento principal.<\/li>\n<li>Certificaci\u00f3n europea: cumple norma UNI-EN 1825-1 y marcado CE.<\/li>\n<\/ul>\n","protected":false},"featured_media":7481,"template":"","meta":{"_acf_changed":false,"_monsterinsights_skip_tracking":false,"_monsterinsights_sitenote_active":false,"_monsterinsights_sitenote_note":"","_monsterinsights_sitenote_category":0},"product_brand":[],"product_cat":[98,86],"product_tag":[],"class_list":{"0":"post-7480","1":"product","2":"type-product","3":"status-publish","4":"has-post-thumbnail","6":"product_cat-enterrado","7":"product_cat-separador-de-grasas","9":"first","10":"instock","11":"taxable","12":"shipping-taxable","13":"purchasable","14":"product-type-variable"},"acf":[],"yoast_head":"<!-- This site is optimized with the Yoast SEO plugin v25.5 - https:\/\/yoast.com\/wordpress\/plugins\/seo\/ -->\n<title>Separador de grasas de superficie enterrados | Inprisa<\/title>\n<meta name=\"robots\" content=\"index, follow, max-snippet:-1, max-image-preview:large, max-video-preview:-1\" \/>\n<link rel=\"canonical\" href=\"https:\/\/www.inprisa.com\/pt-pt\/producto\/separador-de-grasas-de-superficie-enterrados\/\" \/>\n<meta property=\"og:locale\" content=\"pt_PT\" \/>\n<meta property=\"og:type\" content=\"article\" \/>\n<meta property=\"og:title\" content=\"Separador de grasas de superficie enterrados | Inprisa\" \/>\n<meta property=\"og:description\" content=\"Sistema de separaci\u00f3n por flotaci\u00f3n dise\u00f1ado para el pretratamiento de aguas residuales grises provenientes de lavabos, duchas y cocinas. Su dise\u00f1o permite ralentizar el flujo del agua residual, favoreciendo la flotaci\u00f3n de aceites, grasas y espumas, al tiempo que facilita la sedimentaci\u00f3n de s\u00f3lidos en el fondo. Es una soluci\u00f3n estable, simple y econ\u00f3mica, certificada bajo norma UNI-EN 1825-1 y conforme al D. Leg. n.\u00ba 152\/2006.   \u00c1rea de calma: disminuye la velocidad del flujo y favorece la flotaci\u00f3n de contaminantes.  Acumulaci\u00f3n de fangos: los s\u00f3lidos no flotantes se depositan en el fondo para su f\u00e1cil extracci\u00f3n.  Pretratamiento eficaz: mejora la calidad del efluente antes del tratamiento principal.  Certificaci\u00f3n europea: cumple norma UNI-EN 1825-1 y marcado CE.\" \/>\n<meta property=\"og:url\" content=\"https:\/\/www.inprisa.com\/pt-pt\/producto\/separador-de-grasas-de-superficie-enterrados\/\" \/>\n<meta property=\"og:site_name\" content=\"Inprisa\" \/>\n<meta property=\"article:modified_time\" content=\"2026-03-16T11:32:12+00:00\" \/>\n<meta property=\"og:image\" content=\"https:\/\/www.inprisa.com\/wp-content\/uploads\/2025\/05\/motor-1.webp\" \/>\n\t<meta property=\"og:image:width\" content=\"800\" \/>\n\t<meta property=\"og:image:height\" content=\"800\" \/>\n\t<meta property=\"og:image:type\" content=\"image\/webp\" \/>\n<meta name=\"twitter:card\" content=\"summary_large_image\" \/>\n<meta name=\"twitter:label1\" content=\"Tempo estimado de leitura\" \/>\n\t<meta name=\"twitter:data1\" content=\"1 minuto\" \/>\n<script type=\"application\/ld+json\" class=\"yoast-schema-graph\">{\"@context\":\"https:\/\/schema.org\",\"@graph\":[{\"@type\":\"WebPage\",\"@id\":\"https:\/\/www.inprisa.com\/pt-pt\/producto\/separador-de-grasas-de-superficie-enterrados\/\",\"url\":\"https:\/\/www.inprisa.com\/pt-pt\/producto\/separador-de-grasas-de-superficie-enterrados\/\",\"name\":\"Separador de grasas de superficie enterrados | Inprisa\",\"isPartOf\":{\"@id\":\"https:\/\/www.inprisa.com\/pt-pt\/#website\"},\"primaryImageOfPage\":{\"@id\":\"https:\/\/www.inprisa.com\/pt-pt\/producto\/separador-de-grasas-de-superficie-enterrados\/#primaryimage\"},\"image\":{\"@id\":\"https:\/\/www.inprisa.com\/pt-pt\/producto\/separador-de-grasas-de-superficie-enterrados\/#primaryimage\"},\"thumbnailUrl\":\"https:\/\/www.inprisa.com\/wp-content\/uploads\/2025\/05\/motor-1.webp\",\"datePublished\":\"2025-05-23T17:08:43+00:00\",\"dateModified\":\"2026-03-16T11:32:12+00:00\",\"breadcrumb\":{\"@id\":\"https:\/\/www.inprisa.com\/pt-pt\/producto\/separador-de-grasas-de-superficie-enterrados\/#breadcrumb\"},\"inLanguage\":\"pt-PT\",\"potentialAction\":[{\"@type\":\"ReadAction\",\"target\":[\"https:\/\/www.inprisa.com\/pt-pt\/producto\/separador-de-grasas-de-superficie-enterrados\/\"]}]},{\"@type\":\"ImageObject\",\"inLanguage\":\"pt-PT\",\"@id\":\"https:\/\/www.inprisa.com\/pt-pt\/producto\/separador-de-grasas-de-superficie-enterrados\/#primaryimage\",\"url\":\"https:\/\/www.inprisa.com\/wp-content\/uploads\/2025\/05\/motor-1.webp\",\"contentUrl\":\"https:\/\/www.inprisa.com\/wp-content\/uploads\/2025\/05\/motor-1.webp\",\"width\":800,\"height\":800},{\"@type\":\"BreadcrumbList\",\"@id\":\"https:\/\/www.inprisa.com\/pt-pt\/producto\/separador-de-grasas-de-superficie-enterrados\/#breadcrumb\",\"itemListElement\":[{\"@type\":\"ListItem\",\"position\":1,\"name\":\"Inicio\",\"item\":\"https:\/\/www.inprisa.com\/pt-pt\/inprisa-2\/\"},{\"@type\":\"ListItem\",\"position\":2,\"name\":\"Loja\",\"item\":\"https:\/\/www.inprisa.com\/pt-pt\/loja\/\"},{\"@type\":\"ListItem\",\"position\":3,\"name\":\"Separador de grasas\",\"item\":\"https:\/\/www.inprisa.com\/pt-pt\/ecommerce\/separador-de-grasas\/\"},{\"@type\":\"ListItem\",\"position\":4,\"name\":\"Separador de grasas de superficie enterrados\"}]},{\"@type\":\"WebSite\",\"@id\":\"https:\/\/www.inprisa.com\/pt-pt\/#website\",\"url\":\"https:\/\/www.inprisa.com\/pt-pt\/\",\"name\":\"Inprisa\",\"description\":\"Expertos en maquinaria\\u2028para el tratamiento de\\u2028superficies y aguas.\",\"publisher\":{\"@id\":\"https:\/\/www.inprisa.com\/pt-pt\/#organization\"},\"alternateName\":\"Inprisa\",\"potentialAction\":[{\"@type\":\"SearchAction\",\"target\":{\"@type\":\"EntryPoint\",\"urlTemplate\":\"https:\/\/www.inprisa.com\/pt-pt\/?s={search_term_string}\"},\"query-input\":{\"@type\":\"PropertyValueSpecification\",\"valueRequired\":true,\"valueName\":\"search_term_string\"}}],\"inLanguage\":\"pt-PT\"},{\"@type\":\"Organization\",\"@id\":\"https:\/\/www.inprisa.com\/pt-pt\/#organization\",\"name\":\"Inprisa\",\"alternateName\":\"Inprisa\",\"url\":\"https:\/\/www.inprisa.com\/pt-pt\/\",\"logo\":{\"@type\":\"ImageObject\",\"inLanguage\":\"pt-PT\",\"@id\":\"https:\/\/www.inprisa.com\/pt-pt\/#\/schema\/logo\/image\/\",\"url\":\"https:\/\/www.inprisa.com\/wp-content\/uploads\/2024\/02\/inprisa.png\",\"contentUrl\":\"https:\/\/www.inprisa.com\/wp-content\/uploads\/2024\/02\/inprisa.png\",\"width\":737,\"height\":200,\"caption\":\"Inprisa\"},\"image\":{\"@id\":\"https:\/\/www.inprisa.com\/pt-pt\/#\/schema\/logo\/image\/\"}}]}<\/script>\n<!-- \/ Yoast SEO plugin. -->","yoast_head_json":{"title":"Separador de grasas de superficie enterrados | Inprisa","robots":{"index":"index","follow":"follow","max-snippet":"max-snippet:-1","max-image-preview":"max-image-preview:large","max-video-preview":"max-video-preview:-1"},"canonical":"https:\/\/www.inprisa.com\/pt-pt\/producto\/separador-de-grasas-de-superficie-enterrados\/","og_locale":"pt_PT","og_type":"article","og_title":"Separador de grasas de superficie enterrados | Inprisa","og_description":"Sistema de separaci\u00f3n por flotaci\u00f3n dise\u00f1ado para el pretratamiento de aguas residuales grises provenientes de lavabos, duchas y cocinas. Su dise\u00f1o permite ralentizar el flujo del agua residual, favoreciendo la flotaci\u00f3n de aceites, grasas y espumas, al tiempo que facilita la sedimentaci\u00f3n de s\u00f3lidos en el fondo. Es una soluci\u00f3n estable, simple y econ\u00f3mica, certificada bajo norma UNI-EN 1825-1 y conforme al D. Leg. n.\u00ba 152\/2006.   \u00c1rea de calma: disminuye la velocidad del flujo y favorece la flotaci\u00f3n de contaminantes.  Acumulaci\u00f3n de fangos: los s\u00f3lidos no flotantes se depositan en el fondo para su f\u00e1cil extracci\u00f3n.  Pretratamiento eficaz: mejora la calidad del efluente antes del tratamiento principal.  Certificaci\u00f3n europea: cumple norma UNI-EN 1825-1 y marcado CE.","og_url":"https:\/\/www.inprisa.com\/pt-pt\/producto\/separador-de-grasas-de-superficie-enterrados\/","og_site_name":"Inprisa","article_modified_time":"2026-03-16T11:32:12+00:00","og_image":[{"width":800,"height":800,"url":"https:\/\/www.inprisa.com\/wp-content\/uploads\/2025\/05\/motor-1.webp","type":"image\/webp"}],"twitter_card":"summary_large_image","twitter_misc":{"Tempo estimado de leitura":"1 minuto"},"schema":{"@context":"https:\/\/schema.org","@graph":[{"@type":"WebPage","@id":"https:\/\/www.inprisa.com\/pt-pt\/producto\/separador-de-grasas-de-superficie-enterrados\/","url":"https:\/\/www.inprisa.com\/pt-pt\/producto\/separador-de-grasas-de-superficie-enterrados\/","name":"Separador de grasas de superficie enterrados | Inprisa","isPartOf":{"@id":"https:\/\/www.inprisa.com\/pt-pt\/#website"},"primaryImageOfPage":{"@id":"https:\/\/www.inprisa.com\/pt-pt\/producto\/separador-de-grasas-de-superficie-enterrados\/#primaryimage"},"image":{"@id":"https:\/\/www.inprisa.com\/pt-pt\/producto\/separador-de-grasas-de-superficie-enterrados\/#primaryimage"},"thumbnailUrl":"https:\/\/www.inprisa.com\/wp-content\/uploads\/2025\/05\/motor-1.webp","datePublished":"2025-05-23T17:08:43+00:00","dateModified":"2026-03-16T11:32:12+00:00","breadcrumb":{"@id":"https:\/\/www.inprisa.com\/pt-pt\/producto\/separador-de-grasas-de-superficie-enterrados\/#breadcrumb"},"inLanguage":"pt-PT","potentialAction":[{"@type":"ReadAction","target":["https:\/\/www.inprisa.com\/pt-pt\/producto\/separador-de-grasas-de-superficie-enterrados\/"]}]},{"@type":"ImageObject","inLanguage":"pt-PT","@id":"https:\/\/www.inprisa.com\/pt-pt\/producto\/separador-de-grasas-de-superficie-enterrados\/#primaryimage","url":"https:\/\/www.inprisa.com\/wp-content\/uploads\/2025\/05\/motor-1.webp","contentUrl":"https:\/\/www.inprisa.com\/wp-content\/uploads\/2025\/05\/motor-1.webp","width":800,"height":800},{"@type":"BreadcrumbList","@id":"https:\/\/www.inprisa.com\/pt-pt\/producto\/separador-de-grasas-de-superficie-enterrados\/#breadcrumb","itemListElement":[{"@type":"ListItem","position":1,"name":"Inicio","item":"https:\/\/www.inprisa.com\/pt-pt\/inprisa-2\/"},{"@type":"ListItem","position":2,"name":"Loja","item":"https:\/\/www.inprisa.com\/pt-pt\/loja\/"},{"@type":"ListItem","position":3,"name":"Separador de grasas","item":"https:\/\/www.inprisa.com\/pt-pt\/ecommerce\/separador-de-grasas\/"},{"@type":"ListItem","position":4,"name":"Separador de grasas de superficie enterrados"}]},{"@type":"WebSite","@id":"https:\/\/www.inprisa.com\/pt-pt\/#website","url":"https:\/\/www.inprisa.com\/pt-pt\/","name":"Inprisa","description":"Expertos en maquinaria\u2028para el tratamiento de\u2028superficies y aguas.","publisher":{"@id":"https:\/\/www.inprisa.com\/pt-pt\/#organization"},"alternateName":"Inprisa","potentialAction":[{"@type":"SearchAction","target":{"@type":"EntryPoint","urlTemplate":"https:\/\/www.inprisa.com\/pt-pt\/?s={search_term_string}"},"query-input":{"@type":"PropertyValueSpecification","valueRequired":true,"valueName":"search_term_string"}}],"inLanguage":"pt-PT"},{"@type":"Organization","@id":"https:\/\/www.inprisa.com\/pt-pt\/#organization","name":"Inprisa","alternateName":"Inprisa","url":"https:\/\/www.inprisa.com\/pt-pt\/","logo":{"@type":"ImageObject","inLanguage":"pt-PT","@id":"https:\/\/www.inprisa.com\/pt-pt\/#\/schema\/logo\/image\/","url":"https:\/\/www.inprisa.com\/wp-content\/uploads\/2024\/02\/inprisa.png","contentUrl":"https:\/\/www.inprisa.com\/wp-content\/uploads\/2024\/02\/inprisa.png","width":737,"height":200,"caption":"Inprisa"},"image":{"@id":"https:\/\/www.inprisa.com\/pt-pt\/#\/schema\/logo\/image\/"}}]}},"_links":{"self":[{"href":"https:\/\/www.inprisa.com\/pt-pt\/wp-json\/wp\/v2\/product\/7480","targetHints":{"allow":["GET"]}}],"collection":[{"href":"https:\/\/www.inprisa.com\/pt-pt\/wp-json\/wp\/v2\/product"}],"about":[{"href":"https:\/\/www.inprisa.com\/pt-pt\/wp-json\/wp\/v2\/types\/product"}],"wp:featuredmedia":[{"embeddable":true,"href":"https:\/\/www.inprisa.com\/pt-pt\/wp-json\/wp\/v2\/media\/7481"}],"wp:attachment":[{"href":"https:\/\/www.inprisa.com\/pt-pt\/wp-json\/wp\/v2\/media?parent=7480"}],"wp:term":[{"taxonomy":"product_brand","embeddable":true,"href":"https:\/\/www.inprisa.com\/pt-pt\/wp-json\/wp\/v2\/product_brand?post=7480"},{"taxonomy":"product_cat","embeddable":true,"href":"https:\/\/www.inprisa.com\/pt-pt\/wp-json\/wp\/v2\/product_cat?post=7480"},{"taxonomy":"product_tag","embeddable":true,"href":"https:\/\/www.inprisa.com\/pt-pt\/wp-json\/wp\/v2\/product_tag?post=7480"}],"curies":[{"name":"wp","href":"https:\/\/api.w.org\/{rel}","templated":true}]}}