{"id":6835,"date":"2025-05-09T21:06:00","date_gmt":"2025-05-09T19:06:00","guid":{"rendered":"https:\/\/www.inprisa.com\/?post_type=product&#038;p=6835"},"modified":"2026-03-16T12:45:13","modified_gmt":"2026-03-16T11:45:13","slug":"deposito-horizontal","status":"publish","type":"product","link":"https:\/\/www.inprisa.com\/pt-pt\/producto\/deposito-horizontal\/","title":{"rendered":"Dep\u00f3sito Horizontal"},"content":{"rendered":"<p>Dep\u00f3sito de superficie para la recogida y almacenamiento de agua (o l\u00edquidos alimentarios). Disponible en vol\u00famenes<!-- notionvc: 7bbb5f51-9d2a-4cc9-b38b-a3fba266a989 --> de 300 a 5.000 litros, su instalaci\u00f3n es extremadamente simple: basta con apoyarlo sobre una superficie plana, sin necesidad de anclajes ni obras. Fabricado con materia prima 100% virgen, es totalmente reciclable y respetuoso con el medio ambiente.<\/p>\n","protected":false},"excerpt":{"rendered":"<p>Dep\u00f3sito de superficie para la recogida y almacenamiento de agua (o l\u00edquidos alimentarios). Disponible en vol\u00famenes\u00a0de 300 a 5.000 litros, su instalaci\u00f3n es extremadamente simple: basta con apoyarlo sobre una superficie plana, sin necesidad de anclajes ni obras. Fabricado con materia prima 100% virgen, es totalmente reciclable y respetuoso con el medio ambiente.<\/p>\n<ul>\n<li>Totalmente no t\u00f3xico: apto para contacto con agua potable o a potabilizar.<\/li>\n<li>Antialgas: protecci\u00f3n UV para evitar la formaci\u00f3n de algas y el deterioro del dep\u00f3sito.<\/li>\n<li>Material inerte: resistente a agentes qu\u00edmicos y f\u00edsicos del entorno.<\/li>\n<li>Alta resistencia t\u00e9rmica: soporta temperaturas de -20\u202f\u00b0C a +80\u202f\u00b0C.<\/li>\n<\/ul>\n","protected":false},"featured_media":7447,"template":"","meta":{"_acf_changed":false,"_monsterinsights_skip_tracking":false,"_monsterinsights_sitenote_active":false,"_monsterinsights_sitenote_note":"","_monsterinsights_sitenote_category":0},"product_brand":[],"product_cat":[66,88],"product_tag":[],"class_list":{"0":"post-6835","1":"product","2":"type-product","3":"status-publish","4":"has-post-thumbnail","6":"product_cat-depositos","7":"product_cat-horizontales","9":"first","10":"instock","11":"taxable","12":"shipping-taxable","13":"purchasable","14":"product-type-variable","15":"has-default-attributes"},"acf":[],"yoast_head":"<!-- This site is optimized with the Yoast SEO plugin v27.4 - https:\/\/yoast.com\/product\/yoast-seo-wordpress\/ -->\n<title>Dep\u00f3sito Horizontal | Inprisa<\/title>\n<meta name=\"robots\" content=\"index, follow, max-snippet:-1, max-image-preview:large, max-video-preview:-1\" \/>\n<link rel=\"canonical\" href=\"https:\/\/www.inprisa.com\/pt-pt\/producto\/deposito-horizontal\/\" \/>\n<meta property=\"og:locale\" content=\"pt_PT\" \/>\n<meta property=\"og:type\" content=\"article\" \/>\n<meta property=\"og:title\" content=\"Dep\u00f3sito Horizontal | Inprisa\" \/>\n<meta property=\"og:description\" content=\"Dep\u00f3sito de superficie para la recogida y almacenamiento de agua (o l\u00edquidos alimentarios). Disponible en vol\u00famenes\u00a0de 300 a 5.000 litros, su instalaci\u00f3n es extremadamente simple: basta con apoyarlo sobre una superficie plana, sin necesidad de anclajes ni obras. Fabricado con materia prima 100% virgen, es totalmente reciclable y respetuoso con el medio ambiente.   Totalmente no t\u00f3xico: apto para contacto con agua potable o a potabilizar.  Antialgas: protecci\u00f3n UV para evitar la formaci\u00f3n de algas y el deterioro del dep\u00f3sito.  Material inerte: resistente a agentes qu\u00edmicos y f\u00edsicos del entorno.  Alta resistencia t\u00e9rmica: soporta temperaturas de -20\u202f\u00b0C a +80\u202f\u00b0C.\" \/>\n<meta property=\"og:url\" content=\"https:\/\/www.inprisa.com\/pt-pt\/producto\/deposito-horizontal\/\" \/>\n<meta property=\"og:site_name\" content=\"Inprisa\" \/>\n<meta property=\"article:modified_time\" content=\"2026-03-16T11:45:13+00:00\" \/>\n<meta property=\"og:image\" content=\"https:\/\/www.inprisa.com\/wp-content\/uploads\/2025\/05\/deposito-0.webp\" \/>\n\t<meta property=\"og:image:width\" content=\"800\" \/>\n\t<meta property=\"og:image:height\" content=\"800\" \/>\n\t<meta property=\"og:image:type\" content=\"image\/webp\" \/>\n<meta name=\"twitter:card\" content=\"summary_large_image\" \/>\n<meta name=\"twitter:label1\" content=\"Tempo estimado de leitura\" \/>\n\t<meta name=\"twitter:data1\" content=\"1 minuto\" \/>\n<script type=\"application\/ld+json\" class=\"yoast-schema-graph\">{\"@context\":\"https:\\\/\\\/schema.org\",\"@graph\":[{\"@type\":\"WebPage\",\"@id\":\"https:\\\/\\\/www.inprisa.com\\\/pt-pt\\\/producto\\\/deposito-horizontal\\\/\",\"url\":\"https:\\\/\\\/www.inprisa.com\\\/pt-pt\\\/producto\\\/deposito-horizontal\\\/\",\"name\":\"Dep\u00f3sito Horizontal | Inprisa\",\"isPartOf\":{\"@id\":\"https:\\\/\\\/www.inprisa.com\\\/pt-pt\\\/#website\"},\"primaryImageOfPage\":{\"@id\":\"https:\\\/\\\/www.inprisa.com\\\/pt-pt\\\/producto\\\/deposito-horizontal\\\/#primaryimage\"},\"image\":{\"@id\":\"https:\\\/\\\/www.inprisa.com\\\/pt-pt\\\/producto\\\/deposito-horizontal\\\/#primaryimage\"},\"thumbnailUrl\":\"https:\\\/\\\/www.inprisa.com\\\/wp-content\\\/uploads\\\/2025\\\/05\\\/deposito-0.webp\",\"datePublished\":\"2025-05-09T19:06:00+00:00\",\"dateModified\":\"2026-03-16T11:45:13+00:00\",\"breadcrumb\":{\"@id\":\"https:\\\/\\\/www.inprisa.com\\\/pt-pt\\\/producto\\\/deposito-horizontal\\\/#breadcrumb\"},\"inLanguage\":\"pt-PT\",\"potentialAction\":[{\"@type\":\"ReadAction\",\"target\":[\"https:\\\/\\\/www.inprisa.com\\\/pt-pt\\\/producto\\\/deposito-horizontal\\\/\"]}]},{\"@type\":\"ImageObject\",\"inLanguage\":\"pt-PT\",\"@id\":\"https:\\\/\\\/www.inprisa.com\\\/pt-pt\\\/producto\\\/deposito-horizontal\\\/#primaryimage\",\"url\":\"https:\\\/\\\/www.inprisa.com\\\/wp-content\\\/uploads\\\/2025\\\/05\\\/deposito-0.webp\",\"contentUrl\":\"https:\\\/\\\/www.inprisa.com\\\/wp-content\\\/uploads\\\/2025\\\/05\\\/deposito-0.webp\",\"width\":800,\"height\":800},{\"@type\":\"BreadcrumbList\",\"@id\":\"https:\\\/\\\/www.inprisa.com\\\/pt-pt\\\/producto\\\/deposito-horizontal\\\/#breadcrumb\",\"itemListElement\":[{\"@type\":\"ListItem\",\"position\":1,\"name\":\"Inicio\",\"item\":\"https:\\\/\\\/www.inprisa.com\\\/pt-pt\\\/inprisa-2\\\/\"},{\"@type\":\"ListItem\",\"position\":2,\"name\":\"Loja\",\"item\":\"https:\\\/\\\/www.inprisa.com\\\/pt-pt\\\/loja\\\/\"},{\"@type\":\"ListItem\",\"position\":3,\"name\":\"Dep\u00f3sitos\",\"item\":\"https:\\\/\\\/www.inprisa.com\\\/pt-pt\\\/ecommerce\\\/depositos\\\/\"},{\"@type\":\"ListItem\",\"position\":4,\"name\":\"Dep\u00f3sito Horizontal\"}]},{\"@type\":\"WebSite\",\"@id\":\"https:\\\/\\\/www.inprisa.com\\\/pt-pt\\\/#website\",\"url\":\"https:\\\/\\\/www.inprisa.com\\\/pt-pt\\\/\",\"name\":\"Inprisa\",\"description\":\"Expertos en maquinaria\\u2028para el tratamiento de\\u2028superficies y aguas.\",\"publisher\":{\"@id\":\"https:\\\/\\\/www.inprisa.com\\\/pt-pt\\\/#organization\"},\"alternateName\":\"Inprisa\",\"potentialAction\":[{\"@type\":\"SearchAction\",\"target\":{\"@type\":\"EntryPoint\",\"urlTemplate\":\"https:\\\/\\\/www.inprisa.com\\\/pt-pt\\\/?s={search_term_string}\"},\"query-input\":{\"@type\":\"PropertyValueSpecification\",\"valueRequired\":true,\"valueName\":\"search_term_string\"}}],\"inLanguage\":\"pt-PT\"},{\"@type\":\"Organization\",\"@id\":\"https:\\\/\\\/www.inprisa.com\\\/pt-pt\\\/#organization\",\"name\":\"Inprisa\",\"alternateName\":\"Inprisa\",\"url\":\"https:\\\/\\\/www.inprisa.com\\\/pt-pt\\\/\",\"logo\":{\"@type\":\"ImageObject\",\"inLanguage\":\"pt-PT\",\"@id\":\"https:\\\/\\\/www.inprisa.com\\\/pt-pt\\\/#\\\/schema\\\/logo\\\/image\\\/\",\"url\":\"https:\\\/\\\/www.inprisa.com\\\/wp-content\\\/uploads\\\/2024\\\/02\\\/inprisa.png\",\"contentUrl\":\"https:\\\/\\\/www.inprisa.com\\\/wp-content\\\/uploads\\\/2024\\\/02\\\/inprisa.png\",\"width\":737,\"height\":200,\"caption\":\"Inprisa\"},\"image\":{\"@id\":\"https:\\\/\\\/www.inprisa.com\\\/pt-pt\\\/#\\\/schema\\\/logo\\\/image\\\/\"}}]}<\/script>\n<!-- \/ Yoast SEO plugin. -->","yoast_head_json":{"title":"Dep\u00f3sito Horizontal | Inprisa","robots":{"index":"index","follow":"follow","max-snippet":"max-snippet:-1","max-image-preview":"max-image-preview:large","max-video-preview":"max-video-preview:-1"},"canonical":"https:\/\/www.inprisa.com\/pt-pt\/producto\/deposito-horizontal\/","og_locale":"pt_PT","og_type":"article","og_title":"Dep\u00f3sito Horizontal | Inprisa","og_description":"Dep\u00f3sito de superficie para la recogida y almacenamiento de agua (o l\u00edquidos alimentarios). Disponible en vol\u00famenes\u00a0de 300 a 5.000 litros, su instalaci\u00f3n es extremadamente simple: basta con apoyarlo sobre una superficie plana, sin necesidad de anclajes ni obras. Fabricado con materia prima 100% virgen, es totalmente reciclable y respetuoso con el medio ambiente.   Totalmente no t\u00f3xico: apto para contacto con agua potable o a potabilizar.  Antialgas: protecci\u00f3n UV para evitar la formaci\u00f3n de algas y el deterioro del dep\u00f3sito.  Material inerte: resistente a agentes qu\u00edmicos y f\u00edsicos del entorno.  Alta resistencia t\u00e9rmica: soporta temperaturas de -20\u202f\u00b0C a +80\u202f\u00b0C.","og_url":"https:\/\/www.inprisa.com\/pt-pt\/producto\/deposito-horizontal\/","og_site_name":"Inprisa","article_modified_time":"2026-03-16T11:45:13+00:00","og_image":[{"width":800,"height":800,"url":"https:\/\/www.inprisa.com\/wp-content\/uploads\/2025\/05\/deposito-0.webp","type":"image\/webp"}],"twitter_card":"summary_large_image","twitter_misc":{"Tempo estimado de leitura":"1 minuto"},"schema":{"@context":"https:\/\/schema.org","@graph":[{"@type":"WebPage","@id":"https:\/\/www.inprisa.com\/pt-pt\/producto\/deposito-horizontal\/","url":"https:\/\/www.inprisa.com\/pt-pt\/producto\/deposito-horizontal\/","name":"Dep\u00f3sito Horizontal | Inprisa","isPartOf":{"@id":"https:\/\/www.inprisa.com\/pt-pt\/#website"},"primaryImageOfPage":{"@id":"https:\/\/www.inprisa.com\/pt-pt\/producto\/deposito-horizontal\/#primaryimage"},"image":{"@id":"https:\/\/www.inprisa.com\/pt-pt\/producto\/deposito-horizontal\/#primaryimage"},"thumbnailUrl":"https:\/\/www.inprisa.com\/wp-content\/uploads\/2025\/05\/deposito-0.webp","datePublished":"2025-05-09T19:06:00+00:00","dateModified":"2026-03-16T11:45:13+00:00","breadcrumb":{"@id":"https:\/\/www.inprisa.com\/pt-pt\/producto\/deposito-horizontal\/#breadcrumb"},"inLanguage":"pt-PT","potentialAction":[{"@type":"ReadAction","target":["https:\/\/www.inprisa.com\/pt-pt\/producto\/deposito-horizontal\/"]}]},{"@type":"ImageObject","inLanguage":"pt-PT","@id":"https:\/\/www.inprisa.com\/pt-pt\/producto\/deposito-horizontal\/#primaryimage","url":"https:\/\/www.inprisa.com\/wp-content\/uploads\/2025\/05\/deposito-0.webp","contentUrl":"https:\/\/www.inprisa.com\/wp-content\/uploads\/2025\/05\/deposito-0.webp","width":800,"height":800},{"@type":"BreadcrumbList","@id":"https:\/\/www.inprisa.com\/pt-pt\/producto\/deposito-horizontal\/#breadcrumb","itemListElement":[{"@type":"ListItem","position":1,"name":"Inicio","item":"https:\/\/www.inprisa.com\/pt-pt\/inprisa-2\/"},{"@type":"ListItem","position":2,"name":"Loja","item":"https:\/\/www.inprisa.com\/pt-pt\/loja\/"},{"@type":"ListItem","position":3,"name":"Dep\u00f3sitos","item":"https:\/\/www.inprisa.com\/pt-pt\/ecommerce\/depositos\/"},{"@type":"ListItem","position":4,"name":"Dep\u00f3sito Horizontal"}]},{"@type":"WebSite","@id":"https:\/\/www.inprisa.com\/pt-pt\/#website","url":"https:\/\/www.inprisa.com\/pt-pt\/","name":"Inprisa","description":"Expertos en maquinaria\u2028para el tratamiento de\u2028superficies y aguas.","publisher":{"@id":"https:\/\/www.inprisa.com\/pt-pt\/#organization"},"alternateName":"Inprisa","potentialAction":[{"@type":"SearchAction","target":{"@type":"EntryPoint","urlTemplate":"https:\/\/www.inprisa.com\/pt-pt\/?s={search_term_string}"},"query-input":{"@type":"PropertyValueSpecification","valueRequired":true,"valueName":"search_term_string"}}],"inLanguage":"pt-PT"},{"@type":"Organization","@id":"https:\/\/www.inprisa.com\/pt-pt\/#organization","name":"Inprisa","alternateName":"Inprisa","url":"https:\/\/www.inprisa.com\/pt-pt\/","logo":{"@type":"ImageObject","inLanguage":"pt-PT","@id":"https:\/\/www.inprisa.com\/pt-pt\/#\/schema\/logo\/image\/","url":"https:\/\/www.inprisa.com\/wp-content\/uploads\/2024\/02\/inprisa.png","contentUrl":"https:\/\/www.inprisa.com\/wp-content\/uploads\/2024\/02\/inprisa.png","width":737,"height":200,"caption":"Inprisa"},"image":{"@id":"https:\/\/www.inprisa.com\/pt-pt\/#\/schema\/logo\/image\/"}}]}},"_links":{"self":[{"href":"https:\/\/www.inprisa.com\/pt-pt\/wp-json\/wp\/v2\/product\/6835","targetHints":{"allow":["GET"]}}],"collection":[{"href":"https:\/\/www.inprisa.com\/pt-pt\/wp-json\/wp\/v2\/product"}],"about":[{"href":"https:\/\/www.inprisa.com\/pt-pt\/wp-json\/wp\/v2\/types\/product"}],"wp:featuredmedia":[{"embeddable":true,"href":"https:\/\/www.inprisa.com\/pt-pt\/wp-json\/wp\/v2\/media\/7447"}],"wp:attachment":[{"href":"https:\/\/www.inprisa.com\/pt-pt\/wp-json\/wp\/v2\/media?parent=6835"}],"wp:term":[{"taxonomy":"product_brand","embeddable":true,"href":"https:\/\/www.inprisa.com\/pt-pt\/wp-json\/wp\/v2\/product_brand?post=6835"},{"taxonomy":"product_cat","embeddable":true,"href":"https:\/\/www.inprisa.com\/pt-pt\/wp-json\/wp\/v2\/product_cat?post=6835"},{"taxonomy":"product_tag","embeddable":true,"href":"https:\/\/www.inprisa.com\/pt-pt\/wp-json\/wp\/v2\/product_tag?post=6835"}],"curies":[{"name":"wp","href":"https:\/\/api.w.org\/{rel}","templated":true}]}}