{"id":9139,"date":"2025-08-21T09:01:40","date_gmt":"2025-08-21T07:01:40","guid":{"rendered":"https:\/\/www.inprisa.com\/?page_id=9139"},"modified":"2025-08-21T09:19:25","modified_gmt":"2025-08-21T07:19:25","slug":"certificacoes-electricos","status":"publish","type":"page","link":"https:\/\/www.inprisa.com\/pt-pt\/certificacoes-electricos\/","title":{"rendered":"Certifica\u00e7\u00f5es de equipamentos el\u00e9ctricos"},"content":{"rendered":"\n<div class=\"oop-hero\" id=\"oop-hero-block_0c7894d74f6947f2e3c8d6612235ee77\" style=\"background-image: url('https:\/\/www.inprisa.com\/wp-content\/uploads\/2024\/10\/INPRISA-160124-137-scaled.jpg');\">\n    <div class=\"oop-hero__content container\">\n        <div class=\"oop-hero__textarea\"  style=\"width: 85%;\">\n                            <p class=\"oop-hero__pretext\">Certifica\u00e7\u00f5es de equipamentos el\u00e9ctricos<\/p>\n                        <h1 class=\"oop-hero__title\">Certificamos as instala\u00e7\u00f5es e os equipamentos el\u00e9ctricos em conformidade com as normas mais recentes.<\/h1>\n                            <a class=\"button3 inverted\" href=\"#formContacto\" class=\"oop-hero__button\">Contacto<\/a>\n                    <\/div>\n    <\/div>\n<\/div>\n\n<script>\n    document.addEventListener('DOMContentLoaded', function() {\n        var backgroundImage = 'https:\/\/www.inprisa.com\/wp-content\/uploads\/2024\/10\/INPRISA-160124-137-scaled.jpg';\n        if (window.innerWidth <= 768) backgroundImage = 'https:\/\/www.inprisa.com\/wp-content\/uploads\/2024\/10\/INPRISA-160124-137-scaled.jpg';\n        document.getElementById('oop-hero-block_0c7894d74f6947f2e3c8d6612235ee77').style.backgroundImage = 'url(' + backgroundImage + ')';\n    });\n<\/script>\n\n\n\n<div class=\"oop-cta branco\" id=\"oop-cta-block_a64bd3c9383d1e867e6d2a9d3012e037\">\n    <div class=\"oop-cta__content container\">\n\n        <div class=\" two-columns\">\n            <div class=\" first-column\">\n                <p class=\"oop-cta__pretext\">Equipamento certificado<\/p>\n            <\/div>\n            <div class=\"second-column\">\n                <h2 class=\"oop-cta__title normal\">Dispomos de um equipamento Sonel MPI-540 totalmente homologado e em conformidade com a regulamenta\u00e7\u00e3o em vigor. Podemos realizar todos os ensaios necess\u00e1rios para a coloca\u00e7\u00e3o em funcionamento e verifica\u00e7\u00e3o da seguran\u00e7a das instala\u00e7\u00f5es el\u00e9ctricas.   <\/h2>\n                            <\/div>\n        <\/div>\n\n    <\/div>\n<\/div>\n\n\n<div class=\"oop-our-work azul suave\" id=\"oop-our-work-block_bab8c381ce74e34ffb076181787e6485\">\n    <div class=\"oop-our-work__content container\">\n\n        <div class=\"two-columns\">\n            <div class=\"first-column\">\n                                    <p class=\"oop-our-work__pretext\">Funcionalidades m\u00faltiplas<\/p>\n                            <\/div>\n            <div class=\"second-column\">\n\n                                    <h2 class=\"oop-our-work__title\">O equipamento pode ser utilizado para avaliar tudo, desde a imped\u00e2ncia do la\u00e7o de defeito, a resist\u00eancia de isolamento e a continuidade das liga\u00e7\u00f5es at\u00e9 aos par\u00e2metros de qualidade da energia, ao teste de disjuntores de corrente residual (RCD) e \u00e0s medi\u00e7\u00f5es da rede trif\u00e1sica. Tamb\u00e9m \u00e9 poss\u00edvel gerar relat\u00f3rios autom\u00e1ticos e completos com rastreabilidade de todas as medi\u00e7\u00f5es efectuadas.   <\/h2>\n                \n                \n                                    <div class=\"oop-our-work__gallery\">\n                        <div class=\"oop-our-work__gallery__images theImages\">\n                                                            <div class=\"oop-our-work__gallery__item theItem\">\n                                    <img decoding=\"async\" src=\" https:\/\/www.inprisa.com\/wp-content\/uploads\/2024\/10\/INPRISA-160124-118-scaled.jpg\" alt=\"Inprisa\">\n                                <\/div>\n                                                            <div class=\"oop-our-work__gallery__item theItem\">\n                                    <img decoding=\"async\" src=\" https:\/\/www.inprisa.com\/wp-content\/uploads\/2024\/05\/INPRISA-160124-WEB-119-e1717001608512.jpg\" alt=\"Inprisa\">\n                                <\/div>\n                                                            <div class=\"oop-our-work__gallery__item theItem\">\n                                    <img decoding=\"async\" src=\" https:\/\/www.inprisa.com\/wp-content\/uploads\/2024\/05\/INPRISA-160124-WEB-118-scaled.jpg\" alt=\"Inprisa\">\n                                <\/div>\n                                                            <div class=\"oop-our-work__gallery__item theItem\">\n                                    <img decoding=\"async\" src=\" https:\/\/www.inprisa.com\/wp-content\/uploads\/2024\/02\/2017-1.jpg\" alt=\"Inprisa\">\n                                <\/div>\n                                                            <div class=\"oop-our-work__gallery__item theItem\">\n                                    <img decoding=\"async\" src=\" https:\/\/www.inprisa.com\/wp-content\/uploads\/2024\/02\/INPRISA-160124-WEB-372-1-1.jpg\" alt=\"Inprisa\">\n                                <\/div>\n                                                    <\/div>\n                                                    <div class=\"oop-our-work__gallery__controls\">\n                                <div class=\"oop-our-work__gallery__control oop-our-work__gallery__control--left scrollLeft\">\n                                    <svg width=\"48\" height=\"48\" viewBox=\"0 0 48 48\" fill=\"none\" xmlns=\"http:\/\/www.w3.org\/2000\/svg\" style=\"transform: rotate(180deg);\">\n                                        <g opacity=\"0.6\">\n                                            <circle cx=\"24\" cy=\"24\" r=\"24\" fill=\"#F4F3EF\" \/>\n                                        <\/g>\n                                        <circle cx=\"24.0007\" cy=\"24.0002\" r=\"18.7253\" fill=\"#F4F3EF\" \/>\n                                        <path d=\"M31.7071 24.7071C32.0976 24.3166 32.0976 23.6834 31.7071 23.2929L25.3431 16.9289C24.9526 16.5384 24.3195 16.5384 23.9289 16.9289C23.5384 17.3195 23.5384 17.9526 23.9289 18.3431L29.5858 24L23.9289 29.6569C23.5384 30.0474 23.5384 30.6805 23.9289 31.0711C24.3195 31.4616 24.9526 31.4616 25.3431 31.0711L31.7071 24.7071ZM17 25H31V23H17V25Z\" fill=\"#14304D\" \/>\n                                    <\/svg>\n                                <\/div>\n                                <div class=\"oop-our-work__gallery__control oop-our-work__gallery__control--right scrollRight\">\n                                    <svg width=\"48\" height=\"48\" viewBox=\"0 0 48 48\" fill=\"none\" xmlns=\"http:\/\/www.w3.org\/2000\/svg\">\n                                        <g opacity=\"0.6\">\n                                            <circle cx=\"24\" cy=\"24\" r=\"24\" fill=\"#F4F3EF\" \/>\n                                        <\/g>\n                                        <circle cx=\"24.0007\" cy=\"24.0002\" r=\"18.7253\" fill=\"#F4F3EF\" \/>\n                                        <path d=\"M31.7071 24.7071C32.0976 24.3166 32.0976 23.6834 31.7071 23.2929L25.3431 16.9289C24.9526 16.5384 24.3195 16.5384 23.9289 16.9289C23.5384 17.3195 23.5384 17.9526 23.9289 18.3431L29.5858 24L23.9289 29.6569C23.5384 30.0474 23.5384 30.6805 23.9289 31.0711C24.3195 31.4616 24.9526 31.4616 25.3431 31.0711L31.7071 24.7071ZM17 25H31V23H17V25Z\" fill=\"#14304D\" \/>\n                                    <\/svg>\n                                <\/div>\n                            <\/div>\n                                            <\/div>\n                                                <\/div>\n        <\/div>\n    <\/div>\n<\/div>\n\n\n    <script>\n        document.addEventListener(\"DOMContentLoaded\", function() {\n            initGallery('oop-our-work-block_bab8c381ce74e34ffb076181787e6485', 5);\n        });\n    <\/script>\n\n\n\n","protected":false},"excerpt":{"rendered":"","protected":false},"author":3,"featured_media":2995,"parent":0,"menu_order":0,"comment_status":"closed","ping_status":"closed","template":"","meta":{"_acf_changed":false,"_monsterinsights_skip_tracking":false,"_monsterinsights_sitenote_active":false,"_monsterinsights_sitenote_note":"","_monsterinsights_sitenote_category":0,"footnotes":""},"class_list":["post-9139","page","type-page","status-publish","has-post-thumbnail","hentry"],"acf":[],"yoast_head":"<!-- This site is optimized with the Yoast SEO plugin v27.4 - https:\/\/yoast.com\/product\/yoast-seo-wordpress\/ -->\n<title>Certifica\u00e7\u00f5es de equipamentos el\u00e9ctricos | Inprisa<\/title>\n<meta name=\"description\" content=\"Oferecemos solu\u00e7\u00f5es \u00e0 medida para o tratamento de \u00e1guas residuais, osmose industrial e resinas de permuta i\u00f3nica.\" \/>\n<meta name=\"robots\" content=\"index, follow, max-snippet:-1, max-image-preview:large, max-video-preview:-1\" \/>\n<link rel=\"canonical\" href=\"https:\/\/www.inprisa.com\/pt-pt\/certificacoes-electricos\/\" \/>\n<meta property=\"og:locale\" content=\"pt_PT\" \/>\n<meta property=\"og:type\" content=\"article\" \/>\n<meta property=\"og:title\" content=\"Certifica\u00e7\u00f5es de equipamentos el\u00e9ctricos | Inprisa\" \/>\n<meta property=\"og:description\" content=\"Oferecemos solu\u00e7\u00f5es \u00e0 medida para o tratamento de \u00e1guas residuais, osmose industrial e resinas de permuta i\u00f3nica.\" \/>\n<meta property=\"og:url\" content=\"https:\/\/www.inprisa.com\/pt-pt\/certificacoes-electricos\/\" \/>\n<meta property=\"og:site_name\" content=\"Inprisa\" \/>\n<meta property=\"article:modified_time\" content=\"2025-08-21T07:19:25+00:00\" \/>\n<meta property=\"og:image\" content=\"https:\/\/www.inprisa.com\/wp-content\/uploads\/2024\/11\/FlexKraft_Water_FlexKraft_Air-_CoolKraft_C1-1024x724.png\" \/>\n\t<meta property=\"og:image:width\" content=\"1024\" \/>\n\t<meta property=\"og:image:height\" content=\"724\" \/>\n\t<meta property=\"og:image:type\" content=\"image\/png\" \/>\n<meta name=\"twitter:card\" content=\"summary_large_image\" \/>\n<meta name=\"twitter:label1\" content=\"Tempo estimado de leitura\" \/>\n\t<meta name=\"twitter:data1\" content=\"1 minuto\" \/>\n<script type=\"application\/ld+json\" class=\"yoast-schema-graph\">{\"@context\":\"https:\\\/\\\/schema.org\",\"@graph\":[{\"@type\":\"WebPage\",\"@id\":\"https:\\\/\\\/www.inprisa.com\\\/pt-pt\\\/certificacoes-electricos\\\/\",\"url\":\"https:\\\/\\\/www.inprisa.com\\\/pt-pt\\\/certificacoes-electricos\\\/\",\"name\":\"Certifica\u00e7\u00f5es de equipamentos el\u00e9ctricos | Inprisa\",\"isPartOf\":{\"@id\":\"https:\\\/\\\/www.inprisa.com\\\/pt-pt\\\/#website\"},\"primaryImageOfPage\":{\"@id\":\"https:\\\/\\\/www.inprisa.com\\\/pt-pt\\\/certificacoes-electricos\\\/#primaryimage\"},\"image\":{\"@id\":\"https:\\\/\\\/www.inprisa.com\\\/pt-pt\\\/certificacoes-electricos\\\/#primaryimage\"},\"thumbnailUrl\":\"https:\\\/\\\/www.inprisa.com\\\/wp-content\\\/uploads\\\/2024\\\/11\\\/FlexKraft_Water_FlexKraft_Air-_CoolKraft_C1-scaled.png\",\"datePublished\":\"2025-08-21T07:01:40+00:00\",\"dateModified\":\"2025-08-21T07:19:25+00:00\",\"description\":\"Oferecemos solu\u00e7\u00f5es \u00e0 medida para o tratamento de \u00e1guas residuais, osmose industrial e resinas de permuta i\u00f3nica.\",\"breadcrumb\":{\"@id\":\"https:\\\/\\\/www.inprisa.com\\\/pt-pt\\\/certificacoes-electricos\\\/#breadcrumb\"},\"inLanguage\":\"pt-PT\",\"potentialAction\":[{\"@type\":\"ReadAction\",\"target\":[\"https:\\\/\\\/www.inprisa.com\\\/pt-pt\\\/certificacoes-electricos\\\/\"]}]},{\"@type\":\"ImageObject\",\"inLanguage\":\"pt-PT\",\"@id\":\"https:\\\/\\\/www.inprisa.com\\\/pt-pt\\\/certificacoes-electricos\\\/#primaryimage\",\"url\":\"https:\\\/\\\/www.inprisa.com\\\/wp-content\\\/uploads\\\/2024\\\/11\\\/FlexKraft_Water_FlexKraft_Air-_CoolKraft_C1-scaled.png\",\"contentUrl\":\"https:\\\/\\\/www.inprisa.com\\\/wp-content\\\/uploads\\\/2024\\\/11\\\/FlexKraft_Water_FlexKraft_Air-_CoolKraft_C1-scaled.png\",\"width\":2560,\"height\":1809},{\"@type\":\"BreadcrumbList\",\"@id\":\"https:\\\/\\\/www.inprisa.com\\\/pt-pt\\\/certificacoes-electricos\\\/#breadcrumb\",\"itemListElement\":[{\"@type\":\"ListItem\",\"position\":1,\"name\":\"Inicio\",\"item\":\"https:\\\/\\\/www.inprisa.com\\\/pt-pt\\\/inprisa-2\\\/\"},{\"@type\":\"ListItem\",\"position\":2,\"name\":\"Certifica\u00e7\u00f5es de equipamentos el\u00e9ctricos\"}]},{\"@type\":\"WebSite\",\"@id\":\"https:\\\/\\\/www.inprisa.com\\\/pt-pt\\\/#website\",\"url\":\"https:\\\/\\\/www.inprisa.com\\\/pt-pt\\\/\",\"name\":\"Inprisa\",\"description\":\"Expertos en maquinaria\\u2028para el tratamiento de\\u2028superficies y aguas.\",\"publisher\":{\"@id\":\"https:\\\/\\\/www.inprisa.com\\\/pt-pt\\\/#organization\"},\"alternateName\":\"Inprisa\",\"potentialAction\":[{\"@type\":\"SearchAction\",\"target\":{\"@type\":\"EntryPoint\",\"urlTemplate\":\"https:\\\/\\\/www.inprisa.com\\\/pt-pt\\\/?s={search_term_string}\"},\"query-input\":{\"@type\":\"PropertyValueSpecification\",\"valueRequired\":true,\"valueName\":\"search_term_string\"}}],\"inLanguage\":\"pt-PT\"},{\"@type\":\"Organization\",\"@id\":\"https:\\\/\\\/www.inprisa.com\\\/pt-pt\\\/#organization\",\"name\":\"Inprisa\",\"alternateName\":\"Inprisa\",\"url\":\"https:\\\/\\\/www.inprisa.com\\\/pt-pt\\\/\",\"logo\":{\"@type\":\"ImageObject\",\"inLanguage\":\"pt-PT\",\"@id\":\"https:\\\/\\\/www.inprisa.com\\\/pt-pt\\\/#\\\/schema\\\/logo\\\/image\\\/\",\"url\":\"https:\\\/\\\/www.inprisa.com\\\/wp-content\\\/uploads\\\/2024\\\/02\\\/inprisa.png\",\"contentUrl\":\"https:\\\/\\\/www.inprisa.com\\\/wp-content\\\/uploads\\\/2024\\\/02\\\/inprisa.png\",\"width\":737,\"height\":200,\"caption\":\"Inprisa\"},\"image\":{\"@id\":\"https:\\\/\\\/www.inprisa.com\\\/pt-pt\\\/#\\\/schema\\\/logo\\\/image\\\/\"}}]}<\/script>\n<!-- \/ Yoast SEO plugin. -->","yoast_head_json":{"title":"Certifica\u00e7\u00f5es de equipamentos el\u00e9ctricos | Inprisa","description":"Oferecemos solu\u00e7\u00f5es \u00e0 medida para o tratamento de \u00e1guas residuais, osmose industrial e resinas de permuta i\u00f3nica.","robots":{"index":"index","follow":"follow","max-snippet":"max-snippet:-1","max-image-preview":"max-image-preview:large","max-video-preview":"max-video-preview:-1"},"canonical":"https:\/\/www.inprisa.com\/pt-pt\/certificacoes-electricos\/","og_locale":"pt_PT","og_type":"article","og_title":"Certifica\u00e7\u00f5es de equipamentos el\u00e9ctricos | Inprisa","og_description":"Oferecemos solu\u00e7\u00f5es \u00e0 medida para o tratamento de \u00e1guas residuais, osmose industrial e resinas de permuta i\u00f3nica.","og_url":"https:\/\/www.inprisa.com\/pt-pt\/certificacoes-electricos\/","og_site_name":"Inprisa","article_modified_time":"2025-08-21T07:19:25+00:00","og_image":[{"width":1024,"height":724,"url":"https:\/\/www.inprisa.com\/wp-content\/uploads\/2024\/11\/FlexKraft_Water_FlexKraft_Air-_CoolKraft_C1-1024x724.png","type":"image\/png"}],"twitter_card":"summary_large_image","twitter_misc":{"Tempo estimado de leitura":"1 minuto"},"schema":{"@context":"https:\/\/schema.org","@graph":[{"@type":"WebPage","@id":"https:\/\/www.inprisa.com\/pt-pt\/certificacoes-electricos\/","url":"https:\/\/www.inprisa.com\/pt-pt\/certificacoes-electricos\/","name":"Certifica\u00e7\u00f5es de equipamentos el\u00e9ctricos | Inprisa","isPartOf":{"@id":"https:\/\/www.inprisa.com\/pt-pt\/#website"},"primaryImageOfPage":{"@id":"https:\/\/www.inprisa.com\/pt-pt\/certificacoes-electricos\/#primaryimage"},"image":{"@id":"https:\/\/www.inprisa.com\/pt-pt\/certificacoes-electricos\/#primaryimage"},"thumbnailUrl":"https:\/\/www.inprisa.com\/wp-content\/uploads\/2024\/11\/FlexKraft_Water_FlexKraft_Air-_CoolKraft_C1-scaled.png","datePublished":"2025-08-21T07:01:40+00:00","dateModified":"2025-08-21T07:19:25+00:00","description":"Oferecemos solu\u00e7\u00f5es \u00e0 medida para o tratamento de \u00e1guas residuais, osmose industrial e resinas de permuta i\u00f3nica.","breadcrumb":{"@id":"https:\/\/www.inprisa.com\/pt-pt\/certificacoes-electricos\/#breadcrumb"},"inLanguage":"pt-PT","potentialAction":[{"@type":"ReadAction","target":["https:\/\/www.inprisa.com\/pt-pt\/certificacoes-electricos\/"]}]},{"@type":"ImageObject","inLanguage":"pt-PT","@id":"https:\/\/www.inprisa.com\/pt-pt\/certificacoes-electricos\/#primaryimage","url":"https:\/\/www.inprisa.com\/wp-content\/uploads\/2024\/11\/FlexKraft_Water_FlexKraft_Air-_CoolKraft_C1-scaled.png","contentUrl":"https:\/\/www.inprisa.com\/wp-content\/uploads\/2024\/11\/FlexKraft_Water_FlexKraft_Air-_CoolKraft_C1-scaled.png","width":2560,"height":1809},{"@type":"BreadcrumbList","@id":"https:\/\/www.inprisa.com\/pt-pt\/certificacoes-electricos\/#breadcrumb","itemListElement":[{"@type":"ListItem","position":1,"name":"Inicio","item":"https:\/\/www.inprisa.com\/pt-pt\/inprisa-2\/"},{"@type":"ListItem","position":2,"name":"Certifica\u00e7\u00f5es de equipamentos el\u00e9ctricos"}]},{"@type":"WebSite","@id":"https:\/\/www.inprisa.com\/pt-pt\/#website","url":"https:\/\/www.inprisa.com\/pt-pt\/","name":"Inprisa","description":"Expertos en maquinaria\u2028para el tratamiento de\u2028superficies y aguas.","publisher":{"@id":"https:\/\/www.inprisa.com\/pt-pt\/#organization"},"alternateName":"Inprisa","potentialAction":[{"@type":"SearchAction","target":{"@type":"EntryPoint","urlTemplate":"https:\/\/www.inprisa.com\/pt-pt\/?s={search_term_string}"},"query-input":{"@type":"PropertyValueSpecification","valueRequired":true,"valueName":"search_term_string"}}],"inLanguage":"pt-PT"},{"@type":"Organization","@id":"https:\/\/www.inprisa.com\/pt-pt\/#organization","name":"Inprisa","alternateName":"Inprisa","url":"https:\/\/www.inprisa.com\/pt-pt\/","logo":{"@type":"ImageObject","inLanguage":"pt-PT","@id":"https:\/\/www.inprisa.com\/pt-pt\/#\/schema\/logo\/image\/","url":"https:\/\/www.inprisa.com\/wp-content\/uploads\/2024\/02\/inprisa.png","contentUrl":"https:\/\/www.inprisa.com\/wp-content\/uploads\/2024\/02\/inprisa.png","width":737,"height":200,"caption":"Inprisa"},"image":{"@id":"https:\/\/www.inprisa.com\/pt-pt\/#\/schema\/logo\/image\/"}}]}},"_links":{"self":[{"href":"https:\/\/www.inprisa.com\/pt-pt\/wp-json\/wp\/v2\/pages\/9139","targetHints":{"allow":["GET"]}}],"collection":[{"href":"https:\/\/www.inprisa.com\/pt-pt\/wp-json\/wp\/v2\/pages"}],"about":[{"href":"https:\/\/www.inprisa.com\/pt-pt\/wp-json\/wp\/v2\/types\/page"}],"author":[{"embeddable":true,"href":"https:\/\/www.inprisa.com\/pt-pt\/wp-json\/wp\/v2\/users\/3"}],"replies":[{"embeddable":true,"href":"https:\/\/www.inprisa.com\/pt-pt\/wp-json\/wp\/v2\/comments?post=9139"}],"version-history":[{"count":4,"href":"https:\/\/www.inprisa.com\/pt-pt\/wp-json\/wp\/v2\/pages\/9139\/revisions"}],"predecessor-version":[{"id":9991,"href":"https:\/\/www.inprisa.com\/pt-pt\/wp-json\/wp\/v2\/pages\/9139\/revisions\/9991"}],"wp:featuredmedia":[{"embeddable":true,"href":"https:\/\/www.inprisa.com\/pt-pt\/wp-json\/wp\/v2\/media\/2995"}],"wp:attachment":[{"href":"https:\/\/www.inprisa.com\/pt-pt\/wp-json\/wp\/v2\/media?parent=9139"}],"curies":[{"name":"wp","href":"https:\/\/api.w.org\/{rel}","templated":true}]}}