{"id":8824,"date":"2025-05-02T14:37:30","date_gmt":"2025-05-02T12:37:30","guid":{"rendered":"https:\/\/www.inprisa.com\/carrinho\/"},"modified":"2025-07-28T16:14:27","modified_gmt":"2025-07-28T14:14:27","slug":"carrinho","status":"publish","type":"page","link":"https:\/\/www.inprisa.com\/pt-pt\/carrinho\/","title":{"rendered":"Carrinho"},"content":{"rendered":"\n<div data-block-name=\"woocommerce\/cart\" class=\"wp-block-woocommerce-cart alignwide is-loading\">\n<div data-block-name=\"woocommerce\/filled-cart-block\" class=\"wp-block-woocommerce-filled-cart-block\">\n<div data-block-name=\"woocommerce\/cart-items-block\" class=\"wp-block-woocommerce-cart-items-block\">\n<div data-block-name=\"woocommerce\/cart-line-items-block\" class=\"wp-block-woocommerce-cart-line-items-block\"><\/div>\n\n\n\n<div data-block-name=\"woocommerce\/cart-cross-sells-block\" class=\"wp-block-woocommerce-cart-cross-sells-block\">\n<h2 class=\"wp-block-heading has-large-font-size\">Pode estar interessado em\u2026<\/h2>\n\n\n\n<div data-block-name=\"woocommerce\/cart-cross-sells-products-block\" class=\"wp-block-woocommerce-cart-cross-sells-products-block\"><\/div>\n<\/div>\n<\/div>\n\n\n\n<div data-block-name=\"woocommerce\/cart-totals-block\" class=\"wp-block-woocommerce-cart-totals-block\">\n<div data-block-name=\"woocommerce\/cart-order-summary-block\" class=\"wp-block-woocommerce-cart-order-summary-block\">\n<div data-block-name=\"woocommerce\/cart-order-summary-heading-block\" class=\"wp-block-woocommerce-cart-order-summary-heading-block\"><\/div><div data-block-name=\"woocommerce\/cart-order-summary-coupon-form-block\" class=\"wp-block-woocommerce-cart-order-summary-coupon-form-block\"><\/div><div data-block-name=\"woocommerce\/cart-order-summary-totals-block\" class=\"wp-block-woocommerce-cart-order-summary-totals-block\">\n<div data-block-name=\"woocommerce\/cart-order-summary-subtotal-block\" class=\"wp-block-woocommerce-cart-order-summary-subtotal-block\"><\/div>\n<div data-block-name=\"woocommerce\/cart-order-summary-discount-block\" class=\"wp-block-woocommerce-cart-order-summary-discount-block\"><\/div>\n<div data-block-name=\"woocommerce\/cart-order-summary-fee-block\" class=\"wp-block-woocommerce-cart-order-summary-fee-block\"><\/div>\n<div data-block-name=\"woocommerce\/cart-order-summary-shipping-block\" class=\"wp-block-woocommerce-cart-order-summary-shipping-block\"><\/div>\n<div data-block-name=\"woocommerce\/cart-order-summary-taxes-block\" class=\"wp-block-woocommerce-cart-order-summary-taxes-block\"><\/div><\/div>\n<\/div>\n\n\n\n<div data-block-name=\"woocommerce-paypal-payments\/cart-paylater-messages\" data-pp-placement=\"cart\" data-pp-style-layout=\"text\" data-pp-style-logo-position=\"left\" data-pp-style-logo-type=\"inline\" data-pp-style-text-color=\"black\" data-pp-style-text-size=\"12\" id=\"ppcp-cart-paylater-messages\" class=\"ppcp-messages\" data-partner-attribution-id=\"Woo_PPCP\"><\/div><div data-block-name=\"woocommerce\/cart-express-payment-block\" class=\"wp-block-woocommerce-cart-express-payment-block\"><\/div>\n\n\n\n<div data-block-name=\"woocommerce\/proceed-to-checkout-block\" class=\"wp-block-woocommerce-proceed-to-checkout-block\"><\/div>\n\n\n\n<div data-block-name=\"woocommerce\/cart-accepted-payment-methods-block\" class=\"wp-block-woocommerce-cart-accepted-payment-methods-block\"><\/div>\n<\/div>\n<\/div>\n\n\n\n<div data-block-name=\"woocommerce\/empty-cart-block\" class=\"wp-block-woocommerce-empty-cart-block\">\n<h2 class=\"wp-block-heading has-text-align-center with-empty-cart-icon wc-block-cart__empty-cart__title\">O seu carrinho est\u00e1 vazio!<\/h2>\n\n\n\n<hr class=\"wp-block-separator has-alpha-channel-opacity is-style-dots\"\/>\n\n\n\n<h2 class=\"wp-block-heading has-text-align-center\">Novo na loja<\/h2>\n\n\n<div data-block-name=\"woocommerce\/product-new\" data-columns=\"4\" data-rows=\"1\" class=\"wc-block-grid wp-block-product-new wp-block-woocommerce-product-new wc-block-product-new has-4-columns\"><ul class=\"wc-block-grid__products\"><li class=\"wc-block-grid__product\">\n\t\t\t\t<a href=\"https:\/\/www.inprisa.com\/pt-pt\/producto\/separador-de-grasas-de-superficie-deposito-modular\/\" class=\"wc-block-grid__product-link\">\n\t\t\t\t\t\n\t\t\t\t\t<div class=\"wc-block-grid__product-image\"><img loading=\"lazy\" decoding=\"async\" width=\"300\" height=\"300\" src=\"https:\/\/www.inprisa.com\/wp-content\/uploads\/2025\/05\/Separador-de-grasas-1-300x300.webp\" class=\"attachment-woocommerce_thumbnail size-woocommerce_thumbnail\" alt=\"Separador de grasas de superficie dep\u00f3sito modular\" srcset=\"https:\/\/www.inprisa.com\/wp-content\/uploads\/2025\/05\/Separador-de-grasas-1-300x300.webp 300w, https:\/\/www.inprisa.com\/wp-content\/uploads\/2025\/05\/Separador-de-grasas-1-150x150.webp 150w, https:\/\/www.inprisa.com\/wp-content\/uploads\/2025\/05\/Separador-de-grasas-1-768x768.webp 768w, https:\/\/www.inprisa.com\/wp-content\/uploads\/2025\/05\/Separador-de-grasas-1-600x600.webp 600w, https:\/\/www.inprisa.com\/wp-content\/uploads\/2025\/05\/Separador-de-grasas-1-100x100.webp 100w, https:\/\/www.inprisa.com\/wp-content\/uploads\/2025\/05\/Separador-de-grasas-1-50x50.webp 50w, https:\/\/www.inprisa.com\/wp-content\/uploads\/2025\/05\/Separador-de-grasas-1.webp 1024w\" sizes=\"auto, (max-width: 300px) 100vw, 300px\" \/><\/div>\n\t\t\t\t\t<div class=\"wc-block-grid__product-title\">Separador de grasas de superficie dep\u00f3sito modular<\/div>\n\t\t\t\t<\/a>\n\t\t\t\t<div class=\"wc-block-grid__product-price price\">Desde&nbsp;<span class=\"woocommerce-Price-amount amount\">4.900,00&nbsp;<span class=\"woocommerce-Price-currencySymbol\">&euro;<\/span><\/span><\/div>\n\t\t\t\t\n\t\t\t\t<div class=\"wp-block-button wc-block-grid__product-add-to-cart\"><a href=\"https:\/\/www.inprisa.com\/pt-pt\/producto\/separador-de-grasas-de-superficie-deposito-modular\/\" aria-label=\"Seleccione as op\u00e7\u00f5es para &ldquo;Separador de grasas de superficie dep\u00f3sito modular&rdquo;\" data-quantity=\"1\" data-product_id=\"7603\" data-product_sku=\"\" data-price=\"4900\" rel=\"nofollow\" class=\"wp-block-button__link  add_to_cart_button\">Ver Producto<\/a><\/div>\n\t\t\t<\/li><li class=\"wc-block-grid__product\">\n\t\t\t\t<a href=\"https:\/\/www.inprisa.com\/pt-pt\/producto\/separador-de-grasas-de-superficie-deposito-elipse\/\" class=\"wc-block-grid__product-link\">\n\t\t\t\t\t\n\t\t\t\t\t<div class=\"wc-block-grid__product-image\"><img loading=\"lazy\" decoding=\"async\" width=\"300\" height=\"300\" src=\"https:\/\/www.inprisa.com\/wp-content\/uploads\/2025\/05\/Separador-de-grasas-elipse-300x300.webp\" class=\"attachment-woocommerce_thumbnail size-woocommerce_thumbnail\" alt=\"Separador de grasas de superficie dep\u00f3sito elipse\" srcset=\"https:\/\/www.inprisa.com\/wp-content\/uploads\/2025\/05\/Separador-de-grasas-elipse-300x300.webp 300w, https:\/\/www.inprisa.com\/wp-content\/uploads\/2025\/05\/Separador-de-grasas-elipse-150x150.webp 150w, https:\/\/www.inprisa.com\/wp-content\/uploads\/2025\/05\/Separador-de-grasas-elipse-100x100.webp 100w, https:\/\/www.inprisa.com\/wp-content\/uploads\/2025\/05\/Separador-de-grasas-elipse-50x50.webp 50w\" sizes=\"auto, (max-width: 300px) 100vw, 300px\" \/><\/div>\n\t\t\t\t\t<div class=\"wc-block-grid__product-title\">Separador de grasas de superficie dep\u00f3sito elipse<\/div>\n\t\t\t\t<\/a>\n\t\t\t\t<div class=\"wc-block-grid__product-price price\">Desde&nbsp;<span class=\"woocommerce-Price-amount amount\">810,00&nbsp;<span class=\"woocommerce-Price-currencySymbol\">&euro;<\/span><\/span><\/div>\n\t\t\t\t\n\t\t\t\t<div class=\"wp-block-button wc-block-grid__product-add-to-cart\"><a href=\"https:\/\/www.inprisa.com\/pt-pt\/producto\/separador-de-grasas-de-superficie-deposito-elipse\/\" aria-label=\"Seleccione as op\u00e7\u00f5es para &ldquo;Separador de grasas de superficie dep\u00f3sito elipse&rdquo;\" data-quantity=\"1\" data-product_id=\"7599\" data-product_sku=\"\" data-price=\"810\" rel=\"nofollow\" class=\"wp-block-button__link  add_to_cart_button\">Ver Producto<\/a><\/div>\n\t\t\t<\/li><li class=\"wc-block-grid__product\">\n\t\t\t\t<a href=\"https:\/\/www.inprisa.com\/pt-pt\/producto\/separador-de-grasas-de-superficie-deposito-con-relieve\/\" class=\"wc-block-grid__product-link\">\n\t\t\t\t\t\n\t\t\t\t\t<div class=\"wc-block-grid__product-image\"><img loading=\"lazy\" decoding=\"async\" width=\"300\" height=\"300\" src=\"https:\/\/www.inprisa.com\/wp-content\/uploads\/2025\/05\/image-2-300x300.webp\" class=\"attachment-woocommerce_thumbnail size-woocommerce_thumbnail\" alt=\"Separador de grasas de superficie dep\u00f3sito con relieve\" srcset=\"https:\/\/www.inprisa.com\/wp-content\/uploads\/2025\/05\/image-2-300x300.webp 300w, https:\/\/www.inprisa.com\/wp-content\/uploads\/2025\/05\/image-2-150x150.webp 150w, https:\/\/www.inprisa.com\/wp-content\/uploads\/2025\/05\/image-2-768x768.webp 768w, https:\/\/www.inprisa.com\/wp-content\/uploads\/2025\/05\/image-2-600x600.webp 600w, https:\/\/www.inprisa.com\/wp-content\/uploads\/2025\/05\/image-2-100x100.webp 100w, https:\/\/www.inprisa.com\/wp-content\/uploads\/2025\/05\/image-2-50x50.webp 50w, https:\/\/www.inprisa.com\/wp-content\/uploads\/2025\/05\/image-2.webp 800w\" sizes=\"auto, (max-width: 300px) 100vw, 300px\" \/><\/div>\n\t\t\t\t\t<div class=\"wc-block-grid__product-title\">Separador de grasas de superficie dep\u00f3sito con relieve<\/div>\n\t\t\t\t<\/a>\n\t\t\t\t<div class=\"wc-block-grid__product-price price\">Desde&nbsp;<span class=\"woocommerce-Price-amount amount\">550,00&nbsp;<span class=\"woocommerce-Price-currencySymbol\">&euro;<\/span><\/span><\/div>\n\t\t\t\t\n\t\t\t\t<div class=\"wp-block-button wc-block-grid__product-add-to-cart\"><a href=\"https:\/\/www.inprisa.com\/pt-pt\/producto\/separador-de-grasas-de-superficie-deposito-con-relieve\/\" aria-label=\"Seleccione as op\u00e7\u00f5es para &ldquo;Separador de grasas de superficie dep\u00f3sito con relieve&rdquo;\" data-quantity=\"1\" data-product_id=\"7591\" data-product_sku=\"\" data-price=\"550\" rel=\"nofollow\" class=\"wp-block-button__link  add_to_cart_button\">Ver Producto<\/a><\/div>\n\t\t\t<\/li><li class=\"wc-block-grid__product\">\n\t\t\t\t<a href=\"https:\/\/www.inprisa.com\/pt-pt\/producto\/separador-de-grasas-de-superficie-deposito-con-trampas\/\" class=\"wc-block-grid__product-link\">\n\t\t\t\t\t\n\t\t\t\t\t<div class=\"wc-block-grid__product-image\"><img loading=\"lazy\" decoding=\"async\" width=\"300\" height=\"300\" src=\"https:\/\/www.inprisa.com\/wp-content\/uploads\/2025\/05\/Separador-de-grasas-con-trampas-300x300.webp\" class=\"attachment-woocommerce_thumbnail size-woocommerce_thumbnail\" alt=\"Separador de grasas de superficie dep\u00f3sito con trampas\" srcset=\"https:\/\/www.inprisa.com\/wp-content\/uploads\/2025\/05\/Separador-de-grasas-con-trampas-300x300.webp 300w, https:\/\/www.inprisa.com\/wp-content\/uploads\/2025\/05\/Separador-de-grasas-con-trampas-150x150.webp 150w, https:\/\/www.inprisa.com\/wp-content\/uploads\/2025\/05\/Separador-de-grasas-con-trampas-100x100.webp 100w, https:\/\/www.inprisa.com\/wp-content\/uploads\/2025\/05\/Separador-de-grasas-con-trampas-50x50.webp 50w\" sizes=\"auto, (max-width: 300px) 100vw, 300px\" \/><\/div>\n\t\t\t\t\t<div class=\"wc-block-grid__product-title\">Separador de grasas de superficie dep\u00f3sito con trampas<\/div>\n\t\t\t\t<\/a>\n\t\t\t\t<div class=\"wc-block-grid__product-price price\">Desde&nbsp;<span class=\"woocommerce-Price-amount amount\">340,00&nbsp;<span class=\"woocommerce-Price-currencySymbol\">&euro;<\/span><\/span><\/div>\n\t\t\t\t\n\t\t\t\t<div class=\"wp-block-button wc-block-grid__product-add-to-cart\"><a href=\"https:\/\/www.inprisa.com\/pt-pt\/producto\/separador-de-grasas-de-superficie-deposito-con-trampas\/\" aria-label=\"Seleccione as op\u00e7\u00f5es para &ldquo;Separador de grasas de superficie dep\u00f3sito con trampas&rdquo;\" data-quantity=\"1\" data-product_id=\"7584\" data-product_sku=\"\" data-price=\"340\" rel=\"nofollow\" class=\"wp-block-button__link  add_to_cart_button\">Ver Producto<\/a><\/div>\n\t\t\t<\/li><\/ul><\/div><\/div>\n<\/div>\n","protected":false},"excerpt":{"rendered":"","protected":false},"author":6,"featured_media":0,"parent":0,"menu_order":0,"comment_status":"closed","ping_status":"closed","template":"","meta":{"_acf_changed":false,"_monsterinsights_skip_tracking":false,"_monsterinsights_sitenote_active":false,"_monsterinsights_sitenote_note":"","_monsterinsights_sitenote_category":0,"footnotes":""},"class_list":["post-8824","page","type-page","status-publish","hentry"],"acf":[],"yoast_head":"<!-- This site is optimized with the Yoast SEO plugin v25.5 - https:\/\/yoast.com\/wordpress\/plugins\/seo\/ -->\n<title>Carrinho | Inprisa<\/title>\n<meta name=\"description\" content=\"Expertos en dise\u00f1o y fabricaci\u00f3n de maquinaria\u2028para el tratamiento de\u2028superficies y aguas.\" \/>\n<meta name=\"robots\" content=\"index, follow, max-snippet:-1, max-image-preview:large, max-video-preview:-1\" \/>\n<link rel=\"canonical\" href=\"https:\/\/www.inprisa.com\/pt-pt\/carrinho\/\" \/>\n<meta property=\"og:locale\" content=\"pt_PT\" \/>\n<meta property=\"og:type\" content=\"article\" \/>\n<meta property=\"og:title\" content=\"Carrinho | Inprisa\" \/>\n<meta property=\"og:description\" content=\"Expertos en dise\u00f1o y fabricaci\u00f3n de maquinaria\u2028para el tratamiento de\u2028superficies y aguas.\" \/>\n<meta property=\"og:url\" content=\"https:\/\/www.inprisa.com\/pt-pt\/carrinho\/\" \/>\n<meta property=\"og:site_name\" content=\"Inprisa\" \/>\n<meta property=\"article:modified_time\" content=\"2025-07-28T14:14:27+00:00\" \/>\n<meta property=\"og:image\" content=\"https:\/\/www.inprisa.com\/wp-content\/uploads\/2024\/02\/inprisa-home.jpg\" \/>\n\t<meta property=\"og:image:width\" content=\"1920\" \/>\n\t<meta property=\"og:image:height\" content=\"1280\" \/>\n\t<meta property=\"og:image:type\" content=\"image\/jpeg\" \/>\n<meta name=\"twitter:card\" content=\"summary_large_image\" \/>\n<script type=\"application\/ld+json\" class=\"yoast-schema-graph\">{\"@context\":\"https:\/\/schema.org\",\"@graph\":[{\"@type\":\"WebPage\",\"@id\":\"https:\/\/www.inprisa.com\/pt-pt\/carrinho\/\",\"url\":\"https:\/\/www.inprisa.com\/pt-pt\/carrinho\/\",\"name\":\"Carrinho | Inprisa\",\"isPartOf\":{\"@id\":\"https:\/\/www.inprisa.com\/pt-pt\/#website\"},\"datePublished\":\"2025-05-02T12:37:30+00:00\",\"dateModified\":\"2025-07-28T14:14:27+00:00\",\"description\":\"Expertos en dise\u00f1o y fabricaci\u00f3n de maquinaria\\u2028para el tratamiento de\\u2028superficies y aguas.\",\"breadcrumb\":{\"@id\":\"https:\/\/www.inprisa.com\/pt-pt\/carrinho\/#breadcrumb\"},\"inLanguage\":\"pt-PT\",\"potentialAction\":[{\"@type\":\"ReadAction\",\"target\":[\"https:\/\/www.inprisa.com\/pt-pt\/carrinho\/\"]}]},{\"@type\":\"BreadcrumbList\",\"@id\":\"https:\/\/www.inprisa.com\/pt-pt\/carrinho\/#breadcrumb\",\"itemListElement\":[{\"@type\":\"ListItem\",\"position\":1,\"name\":\"Inicio\",\"item\":\"https:\/\/www.inprisa.com\/pt-pt\/inprisa-2\/\"},{\"@type\":\"ListItem\",\"position\":2,\"name\":\"Carrinho\"}]},{\"@type\":\"WebSite\",\"@id\":\"https:\/\/www.inprisa.com\/pt-pt\/#website\",\"url\":\"https:\/\/www.inprisa.com\/pt-pt\/\",\"name\":\"Inprisa\",\"description\":\"Expertos en maquinaria\\u2028para el tratamiento de\\u2028superficies y aguas.\",\"publisher\":{\"@id\":\"https:\/\/www.inprisa.com\/pt-pt\/#organization\"},\"alternateName\":\"Inprisa\",\"potentialAction\":[{\"@type\":\"SearchAction\",\"target\":{\"@type\":\"EntryPoint\",\"urlTemplate\":\"https:\/\/www.inprisa.com\/pt-pt\/?s={search_term_string}\"},\"query-input\":{\"@type\":\"PropertyValueSpecification\",\"valueRequired\":true,\"valueName\":\"search_term_string\"}}],\"inLanguage\":\"pt-PT\"},{\"@type\":\"Organization\",\"@id\":\"https:\/\/www.inprisa.com\/pt-pt\/#organization\",\"name\":\"Inprisa\",\"alternateName\":\"Inprisa\",\"url\":\"https:\/\/www.inprisa.com\/pt-pt\/\",\"logo\":{\"@type\":\"ImageObject\",\"inLanguage\":\"pt-PT\",\"@id\":\"https:\/\/www.inprisa.com\/pt-pt\/#\/schema\/logo\/image\/\",\"url\":\"https:\/\/www.inprisa.com\/wp-content\/uploads\/2024\/02\/inprisa.png\",\"contentUrl\":\"https:\/\/www.inprisa.com\/wp-content\/uploads\/2024\/02\/inprisa.png\",\"width\":737,\"height\":200,\"caption\":\"Inprisa\"},\"image\":{\"@id\":\"https:\/\/www.inprisa.com\/pt-pt\/#\/schema\/logo\/image\/\"}}]}<\/script>\n<!-- \/ Yoast SEO plugin. -->","yoast_head_json":{"title":"Carrinho | Inprisa","description":"Expertos en dise\u00f1o y fabricaci\u00f3n de maquinaria\u2028para el tratamiento de\u2028superficies y aguas.","robots":{"index":"index","follow":"follow","max-snippet":"max-snippet:-1","max-image-preview":"max-image-preview:large","max-video-preview":"max-video-preview:-1"},"canonical":"https:\/\/www.inprisa.com\/pt-pt\/carrinho\/","og_locale":"pt_PT","og_type":"article","og_title":"Carrinho | Inprisa","og_description":"Expertos en dise\u00f1o y fabricaci\u00f3n de maquinaria\u2028para el tratamiento de\u2028superficies y aguas.","og_url":"https:\/\/www.inprisa.com\/pt-pt\/carrinho\/","og_site_name":"Inprisa","article_modified_time":"2025-07-28T14:14:27+00:00","og_image":[{"width":1920,"height":1280,"url":"https:\/\/www.inprisa.com\/wp-content\/uploads\/2024\/02\/inprisa-home.jpg","type":"image\/jpeg"}],"twitter_card":"summary_large_image","schema":{"@context":"https:\/\/schema.org","@graph":[{"@type":"WebPage","@id":"https:\/\/www.inprisa.com\/pt-pt\/carrinho\/","url":"https:\/\/www.inprisa.com\/pt-pt\/carrinho\/","name":"Carrinho | Inprisa","isPartOf":{"@id":"https:\/\/www.inprisa.com\/pt-pt\/#website"},"datePublished":"2025-05-02T12:37:30+00:00","dateModified":"2025-07-28T14:14:27+00:00","description":"Expertos en dise\u00f1o y fabricaci\u00f3n de maquinaria\u2028para el tratamiento de\u2028superficies y aguas.","breadcrumb":{"@id":"https:\/\/www.inprisa.com\/pt-pt\/carrinho\/#breadcrumb"},"inLanguage":"pt-PT","potentialAction":[{"@type":"ReadAction","target":["https:\/\/www.inprisa.com\/pt-pt\/carrinho\/"]}]},{"@type":"BreadcrumbList","@id":"https:\/\/www.inprisa.com\/pt-pt\/carrinho\/#breadcrumb","itemListElement":[{"@type":"ListItem","position":1,"name":"Inicio","item":"https:\/\/www.inprisa.com\/pt-pt\/inprisa-2\/"},{"@type":"ListItem","position":2,"name":"Carrinho"}]},{"@type":"WebSite","@id":"https:\/\/www.inprisa.com\/pt-pt\/#website","url":"https:\/\/www.inprisa.com\/pt-pt\/","name":"Inprisa","description":"Expertos en maquinaria\u2028para el tratamiento de\u2028superficies y aguas.","publisher":{"@id":"https:\/\/www.inprisa.com\/pt-pt\/#organization"},"alternateName":"Inprisa","potentialAction":[{"@type":"SearchAction","target":{"@type":"EntryPoint","urlTemplate":"https:\/\/www.inprisa.com\/pt-pt\/?s={search_term_string}"},"query-input":{"@type":"PropertyValueSpecification","valueRequired":true,"valueName":"search_term_string"}}],"inLanguage":"pt-PT"},{"@type":"Organization","@id":"https:\/\/www.inprisa.com\/pt-pt\/#organization","name":"Inprisa","alternateName":"Inprisa","url":"https:\/\/www.inprisa.com\/pt-pt\/","logo":{"@type":"ImageObject","inLanguage":"pt-PT","@id":"https:\/\/www.inprisa.com\/pt-pt\/#\/schema\/logo\/image\/","url":"https:\/\/www.inprisa.com\/wp-content\/uploads\/2024\/02\/inprisa.png","contentUrl":"https:\/\/www.inprisa.com\/wp-content\/uploads\/2024\/02\/inprisa.png","width":737,"height":200,"caption":"Inprisa"},"image":{"@id":"https:\/\/www.inprisa.com\/pt-pt\/#\/schema\/logo\/image\/"}}]}},"_links":{"self":[{"href":"https:\/\/www.inprisa.com\/pt-pt\/wp-json\/wp\/v2\/pages\/8824","targetHints":{"allow":["GET"]}}],"collection":[{"href":"https:\/\/www.inprisa.com\/pt-pt\/wp-json\/wp\/v2\/pages"}],"about":[{"href":"https:\/\/www.inprisa.com\/pt-pt\/wp-json\/wp\/v2\/types\/page"}],"author":[{"embeddable":true,"href":"https:\/\/www.inprisa.com\/pt-pt\/wp-json\/wp\/v2\/users\/6"}],"replies":[{"embeddable":true,"href":"https:\/\/www.inprisa.com\/pt-pt\/wp-json\/wp\/v2\/comments?post=8824"}],"version-history":[{"count":0,"href":"https:\/\/www.inprisa.com\/pt-pt\/wp-json\/wp\/v2\/pages\/8824\/revisions"}],"wp:attachment":[{"href":"https:\/\/www.inprisa.com\/pt-pt\/wp-json\/wp\/v2\/media?parent=8824"}],"curies":[{"name":"wp","href":"https:\/\/api.w.org\/{rel}","templated":true}]}}