{"id":2479,"date":"2024-12-03T16:20:29","date_gmt":"2024-12-03T15:20:29","guid":{"rendered":"https:\/\/www.inprisa.com\/?page_id=2479"},"modified":"2025-08-19T14:22:12","modified_gmt":"2025-08-19T12:22:12","slug":"filtro-prensa","status":"publish","type":"page","link":"https:\/\/www.inprisa.com\/pt-pt\/filtro-prensa\/","title":{"rendered":"Filtro prensa"},"content":{"rendered":"\n<div class=\"oop-hero\" id=\"oop-hero-block_e2e6efc6054e3ccd72867842dbed90b3\" style=\"background-image: url('https:\/\/www.inprisa.com\/wp-content\/uploads\/2024\/12\/WhatsApp-Image-2024-11-27-at-08.22.50.jpeg');\">\n    <div class=\"oop-hero__content container\">\n        <div class=\"oop-hero__textarea\"  style=\"width: 85%;\">\n                            <p class=\"oop-hero__pretext\">Filtro prensa<\/p>\n                        <h1 class=\"oop-hero__title\">Concebemos e fabricamos o filtro prensa para a sua instala\u00e7\u00e3o.<\/h1>\n                            <a class=\"button3 inverted\" href=\"#formContacto\" class=\"oop-hero__button\">Contacto<\/a>\n                    <\/div>\n    <\/div>\n<\/div>\n\n<script>\n    document.addEventListener('DOMContentLoaded', function() {\n        var backgroundImage = 'https:\/\/www.inprisa.com\/wp-content\/uploads\/2024\/12\/WhatsApp-Image-2024-11-27-at-08.22.50.jpeg';\n        if (window.innerWidth <= 768) backgroundImage = 'https:\/\/www.inprisa.com\/wp-content\/uploads\/2024\/12\/WhatsApp-Image-2024-11-27-at-08.22.50.jpeg';\n        document.getElementById('oop-hero-block_e2e6efc6054e3ccd72867842dbed90b3').style.backgroundImage = 'url(' + backgroundImage + ')';\n    });\n<\/script>\n\n<div class=\"oop-cta branco\" id=\"oop-cta-block_aea01ee853b83c3888db3ace05e67994\">\n    <div class=\"oop-cta__content container\">\n\n        <div class=\" two-columns\">\n            <div class=\" first-column\">\n                <p class=\"oop-cta__pretext\">Servi\u00e7o 360<\/p>\n            <\/div>\n            <div class=\"second-column\">\n                <h2 class=\"oop-cta__title normal\">Efectuamos a coloca\u00e7\u00e3o em funcionamento e oferecemos um servi\u00e7o de manuten\u00e7\u00e3o. Dispomos de pe\u00e7as de substitui\u00e7\u00e3o para tecidos e temos uma equipa para qualquer tipo de repara\u00e7\u00e3o que possa surgir.   <br \/>\r\n<\/h2>\n                            <\/div>\n        <\/div>\n\n    <\/div>\n<\/div>\n<div class=\"oop-our-work azul suave\" id=\"oop-our-work-block_7c4bb6a9626a2020d5d92203db9835ab\">\n    <div class=\"oop-our-work__content container\">\n\n        <div class=\"two-columns\">\n            <div class=\"first-column\">\n                                    <p class=\"oop-our-work__pretext\">Experi\u00eancia multi-setorial<\/p>\n                            <\/div>\n            <div class=\"second-column\">\n\n                                    <h2 class=\"oop-our-work__title\">Gra\u00e7as \u00e0 nossa equipa t\u00e9cnica com mais de 30 anos de experi\u00eancia no fabrico interno, oferecemos solu\u00e7\u00f5es em todos os tipos de ind\u00fastrias e sectores.<br \/>\r\n<\/h2>\n                \n                \n                                    <div class=\"oop-our-work__gallery\">\n                        <div class=\"oop-our-work__gallery__images theImages\">\n                                                            <div class=\"oop-our-work__gallery__item theItem\">\n                                    <img decoding=\"async\" src=\" https:\/\/www.inprisa.com\/wp-content\/uploads\/2024\/12\/WhatsApp-Image-2024-11-27-at-08.22.50-2.jpeg\" alt=\"Inprisa\">\n                                <\/div>\n                                                            <div class=\"oop-our-work__gallery__item theItem\">\n                                    <img decoding=\"async\" src=\" https:\/\/www.inprisa.com\/wp-content\/uploads\/2024\/12\/WhatsApp-Image-2024-11-27-at-08.22.50-3.jpeg\" alt=\"Inprisa\">\n                                <\/div>\n                                                            <div class=\"oop-our-work__gallery__item theItem\">\n                                    <img decoding=\"async\" src=\" https:\/\/www.inprisa.com\/wp-content\/uploads\/2024\/11\/Sedimentador-con-agua-1.jpg\" alt=\"Inprisa\">\n                                <\/div>\n                                                    <\/div>\n                                                    <div class=\"oop-our-work__gallery__controls\">\n                                <div class=\"oop-our-work__gallery__control oop-our-work__gallery__control--left scrollLeft\">\n                                    <svg width=\"48\" height=\"48\" viewBox=\"0 0 48 48\" fill=\"none\" xmlns=\"http:\/\/www.w3.org\/2000\/svg\" style=\"transform: rotate(180deg);\">\n                                        <g opacity=\"0.6\">\n                                            <circle cx=\"24\" cy=\"24\" r=\"24\" fill=\"#F4F3EF\" \/>\n                                        <\/g>\n                                        <circle cx=\"24.0007\" cy=\"24.0002\" r=\"18.7253\" fill=\"#F4F3EF\" \/>\n                                        <path d=\"M31.7071 24.7071C32.0976 24.3166 32.0976 23.6834 31.7071 23.2929L25.3431 16.9289C24.9526 16.5384 24.3195 16.5384 23.9289 16.9289C23.5384 17.3195 23.5384 17.9526 23.9289 18.3431L29.5858 24L23.9289 29.6569C23.5384 30.0474 23.5384 30.6805 23.9289 31.0711C24.3195 31.4616 24.9526 31.4616 25.3431 31.0711L31.7071 24.7071ZM17 25H31V23H17V25Z\" fill=\"#14304D\" \/>\n                                    <\/svg>\n                                <\/div>\n                                <div class=\"oop-our-work__gallery__control oop-our-work__gallery__control--right scrollRight\">\n                                    <svg width=\"48\" height=\"48\" viewBox=\"0 0 48 48\" fill=\"none\" xmlns=\"http:\/\/www.w3.org\/2000\/svg\">\n                                        <g opacity=\"0.6\">\n                                            <circle cx=\"24\" cy=\"24\" r=\"24\" fill=\"#F4F3EF\" \/>\n                                        <\/g>\n                                        <circle cx=\"24.0007\" cy=\"24.0002\" r=\"18.7253\" fill=\"#F4F3EF\" \/>\n                                        <path d=\"M31.7071 24.7071C32.0976 24.3166 32.0976 23.6834 31.7071 23.2929L25.3431 16.9289C24.9526 16.5384 24.3195 16.5384 23.9289 16.9289C23.5384 17.3195 23.5384 17.9526 23.9289 18.3431L29.5858 24L23.9289 29.6569C23.5384 30.0474 23.5384 30.6805 23.9289 31.0711C24.3195 31.4616 24.9526 31.4616 25.3431 31.0711L31.7071 24.7071ZM17 25H31V23H17V25Z\" fill=\"#14304D\" \/>\n                                    <\/svg>\n                                <\/div>\n                            <\/div>\n                                            <\/div>\n                                                <\/div>\n        <\/div>\n    <\/div>\n<\/div>\n\n\n    <script>\n        document.addEventListener(\"DOMContentLoaded\", function() {\n            initGallery('oop-our-work-block_7c4bb6a9626a2020d5d92203db9835ab', 3);\n        });\n    <\/script>\n\n    <div class=\"oop-marquee azul-escuro\" id=\"oop-marquee-block_ebe743be1d1e27e9e0a2ef8cf1c7760c\">\n\n        <div class=\"oop-marquee__content container\">\n\n            <div class=\"oop-marque__title_marquee\">\n                Os nossos projectos            <\/div>\n\n                                                <div class=\"separator transparent\"><\/div>\n                            \n            \n                                <div class=\"oop-marque-elements-margin\">\n\n                    \n                    <div class=\"oop-marquee__items\" id=\"slider_block_ebe743be1d1e27e9e0a2ef8cf1c7760c\">\n\n                                                    <div class=\"oop-marquee__item\">\n                                <div class=\"oop-marquee__item__image\">\n                                    <img decoding=\"async\" src=\"https:\/\/www.inprisa.com\/wp-content\/uploads\/2024\/02\/INPRISA-160124-WEB-53-1-1.jpg\" alt=\"\">\n                                <\/div>\n                                <div class=\"oop-marquee__item__text\">\n                                    <span class=\"oop-our-work__item__counter\">01<\/span>\n                                    <h3>\n                                        Projeto de renova\u00e7\u00e3o de torneiras e acess\u00f3rios                                    <\/h3>\n                                    <p>Acompanhamento durante todo o processo. Efectuamos a manuten\u00e7\u00e3o da instala\u00e7\u00e3o e, gra\u00e7as ao nosso cat\u00e1logo de mais de 5.000 refer\u00eancias, fornecemos tudo o que necessita no mais curto espa\u00e7o de tempo poss\u00edvel. <\/p>\n\n                                    \n                                        <a href=\"#\" class=\"oop-marquee__item__link\">\n                                            <svg width=\"24\" height=\"24\" viewBox=\"0 0 24 24\" fill=\"none\" xmlns=\"http:\/\/www.w3.org\/2000\/svg\">\n                                                <g opacity=\"0.6\">\n                                                    <ellipse cx=\"11.8341\" cy=\"12\" rx=\"11.8341\" ry=\"12\" fill=\"#F4F3EF\" \/>\n                                                <\/g>\n                                                <ellipse cx=\"11.8348\" cy=\"11.9998\" rx=\"9.2332\" ry=\"9.36264\" fill=\"#F4F3EF\" \/>\n                                                <path d=\"M12.4838 11.6611H15.266V12.9189H12.4838V16.002H11.2192V12.9189H8.44378V11.6611H11.2192V8.75586H12.4838V11.6611Z\" fill=\"#14304D\" \/>\n                                            <\/svg>\n                                            Ver imagens                                        <\/a>\n                                                                    <\/div>\n                            <\/div>\n                                                    <div class=\"oop-marquee__item\">\n                                <div class=\"oop-marquee__item__image\">\n                                    <img decoding=\"async\" src=\"https:\/\/www.inprisa.com\/wp-content\/uploads\/2024\/02\/INPRISA-160124-WEB-155-1-1.jpg\" alt=\"\">\n                                <\/div>\n                                <div class=\"oop-marquee__item__text\">\n                                    <span class=\"oop-our-work__item__counter\">02<\/span>\n                                    <h3>\n                                        Projeto de renova\u00e7\u00e3o de torneiras e acess\u00f3rios                                    <\/h3>\n                                    <p>Acompanhamento durante todo o processo. Efectuamos a manuten\u00e7\u00e3o da instala\u00e7\u00e3o e, gra\u00e7as ao nosso cat\u00e1logo de mais de 5.000 refer\u00eancias, fornecemos tudo o que necessita no mais curto espa\u00e7o de tempo poss\u00edvel. <\/p>\n\n                                    \n                                        <a href=\"#\" class=\"oop-marquee__item__link\">\n                                            <svg width=\"24\" height=\"24\" viewBox=\"0 0 24 24\" fill=\"none\" xmlns=\"http:\/\/www.w3.org\/2000\/svg\">\n                                                <g opacity=\"0.6\">\n                                                    <ellipse cx=\"11.8341\" cy=\"12\" rx=\"11.8341\" ry=\"12\" fill=\"#F4F3EF\" \/>\n                                                <\/g>\n                                                <ellipse cx=\"11.8348\" cy=\"11.9998\" rx=\"9.2332\" ry=\"9.36264\" fill=\"#F4F3EF\" \/>\n                                                <path d=\"M12.4838 11.6611H15.266V12.9189H12.4838V16.002H11.2192V12.9189H8.44378V11.6611H11.2192V8.75586H12.4838V11.6611Z\" fill=\"#14304D\" \/>\n                                            <\/svg>\n                                            Ver imagens                                        <\/a>\n                                                                    <\/div>\n                            <\/div>\n                                                    <div class=\"oop-marquee__item\">\n                                <div class=\"oop-marquee__item__image\">\n                                    <img decoding=\"async\" src=\"https:\/\/www.inprisa.com\/wp-content\/uploads\/2024\/02\/INPRISA-160124-WEB-394-1-1.jpg\" alt=\"\">\n                                <\/div>\n                                <div class=\"oop-marquee__item__text\">\n                                    <span class=\"oop-our-work__item__counter\">03<\/span>\n                                    <h3>\n                                        Projeto de renova\u00e7\u00e3o de torneiras e acess\u00f3rios                                    <\/h3>\n                                    <p>Acompanhamento durante todo o processo. Efectuamos a manuten\u00e7\u00e3o da instala\u00e7\u00e3o e, gra\u00e7as ao nosso cat\u00e1logo de mais de 5.000 refer\u00eancias, fornecemos tudo o que necessita no mais curto espa\u00e7o de tempo poss\u00edvel. <\/p>\n\n                                    \n                                        <a href=\"#\" class=\"oop-marquee__item__link\">\n                                            <svg width=\"24\" height=\"24\" viewBox=\"0 0 24 24\" fill=\"none\" xmlns=\"http:\/\/www.w3.org\/2000\/svg\">\n                                                <g opacity=\"0.6\">\n                                                    <ellipse cx=\"11.8341\" cy=\"12\" rx=\"11.8341\" ry=\"12\" fill=\"#F4F3EF\" \/>\n                                                <\/g>\n                                                <ellipse cx=\"11.8348\" cy=\"11.9998\" rx=\"9.2332\" ry=\"9.36264\" fill=\"#F4F3EF\" \/>\n                                                <path d=\"M12.4838 11.6611H15.266V12.9189H12.4838V16.002H11.2192V12.9189H8.44378V11.6611H11.2192V8.75586H12.4838V11.6611Z\" fill=\"#14304D\" \/>\n                                            <\/svg>\n                                            Ver imagens                                        <\/a>\n                                                                    <\/div>\n                            <\/div>\n                                            <\/div>\n\n                <\/div>\n            \n        <\/div>\n    <\/div>\n","protected":false},"excerpt":{"rendered":"","protected":false},"author":3,"featured_media":0,"parent":0,"menu_order":0,"comment_status":"closed","ping_status":"closed","template":"","meta":{"_acf_changed":false,"_monsterinsights_skip_tracking":false,"_monsterinsights_sitenote_active":false,"_monsterinsights_sitenote_note":"","_monsterinsights_sitenote_category":0,"footnotes":""},"class_list":["post-2479","page","type-page","status-publish","hentry"],"acf":[],"yoast_head":"<!-- This site is optimized with the Yoast SEO plugin v27.4 - https:\/\/yoast.com\/product\/yoast-seo-wordpress\/ -->\n<title>Filtro prensa | Inprisa<\/title>\n<meta name=\"description\" content=\"Oferecemos solu\u00e7\u00f5es \u00e0 medida para o tratamento de \u00e1guas residuais, osmose industrial e resinas de permuta i\u00f3nica.\" \/>\n<meta name=\"robots\" content=\"index, follow, max-snippet:-1, max-image-preview:large, max-video-preview:-1\" \/>\n<link rel=\"canonical\" href=\"https:\/\/www.inprisa.com\/pt-pt\/filtro-prensa\/\" \/>\n<meta property=\"og:locale\" content=\"pt_PT\" \/>\n<meta property=\"og:type\" content=\"article\" \/>\n<meta property=\"og:title\" content=\"Filtro prensa | Inprisa\" \/>\n<meta property=\"og:description\" content=\"Oferecemos solu\u00e7\u00f5es \u00e0 medida para o tratamento de \u00e1guas residuais, osmose industrial e resinas de permuta i\u00f3nica.\" \/>\n<meta property=\"og:url\" content=\"https:\/\/www.inprisa.com\/pt-pt\/filtro-prensa\/\" \/>\n<meta property=\"og:site_name\" content=\"Inprisa\" \/>\n<meta property=\"article:modified_time\" content=\"2025-08-19T12:22:12+00:00\" \/>\n<meta property=\"og:image\" content=\"https:\/\/www.inprisa.com\/wp-content\/uploads\/2024\/02\/inprisa-home.jpg\" \/>\n\t<meta property=\"og:image:width\" content=\"1920\" \/>\n\t<meta property=\"og:image:height\" content=\"1280\" \/>\n\t<meta property=\"og:image:type\" content=\"image\/jpeg\" \/>\n<meta name=\"twitter:card\" content=\"summary_large_image\" \/>\n<script type=\"application\/ld+json\" class=\"yoast-schema-graph\">{\"@context\":\"https:\\\/\\\/schema.org\",\"@graph\":[{\"@type\":\"WebPage\",\"@id\":\"https:\\\/\\\/www.inprisa.com\\\/pt-pt\\\/filtro-prensa\\\/\",\"url\":\"https:\\\/\\\/www.inprisa.com\\\/pt-pt\\\/filtro-prensa\\\/\",\"name\":\"Filtro prensa | Inprisa\",\"isPartOf\":{\"@id\":\"https:\\\/\\\/www.inprisa.com\\\/pt-pt\\\/#website\"},\"datePublished\":\"2024-12-03T15:20:29+00:00\",\"dateModified\":\"2025-08-19T12:22:12+00:00\",\"description\":\"Oferecemos solu\u00e7\u00f5es \u00e0 medida para o tratamento de \u00e1guas residuais, osmose industrial e resinas de permuta i\u00f3nica.\",\"breadcrumb\":{\"@id\":\"https:\\\/\\\/www.inprisa.com\\\/pt-pt\\\/filtro-prensa\\\/#breadcrumb\"},\"inLanguage\":\"pt-PT\",\"potentialAction\":[{\"@type\":\"ReadAction\",\"target\":[\"https:\\\/\\\/www.inprisa.com\\\/pt-pt\\\/filtro-prensa\\\/\"]}]},{\"@type\":\"BreadcrumbList\",\"@id\":\"https:\\\/\\\/www.inprisa.com\\\/pt-pt\\\/filtro-prensa\\\/#breadcrumb\",\"itemListElement\":[{\"@type\":\"ListItem\",\"position\":1,\"name\":\"Inicio\",\"item\":\"https:\\\/\\\/www.inprisa.com\\\/pt-pt\\\/inprisa-2\\\/\"},{\"@type\":\"ListItem\",\"position\":2,\"name\":\"Filtro prensa\"}]},{\"@type\":\"WebSite\",\"@id\":\"https:\\\/\\\/www.inprisa.com\\\/pt-pt\\\/#website\",\"url\":\"https:\\\/\\\/www.inprisa.com\\\/pt-pt\\\/\",\"name\":\"Inprisa\",\"description\":\"Expertos en maquinaria\\u2028para el tratamiento de\\u2028superficies y aguas.\",\"publisher\":{\"@id\":\"https:\\\/\\\/www.inprisa.com\\\/pt-pt\\\/#organization\"},\"alternateName\":\"Inprisa\",\"potentialAction\":[{\"@type\":\"SearchAction\",\"target\":{\"@type\":\"EntryPoint\",\"urlTemplate\":\"https:\\\/\\\/www.inprisa.com\\\/pt-pt\\\/?s={search_term_string}\"},\"query-input\":{\"@type\":\"PropertyValueSpecification\",\"valueRequired\":true,\"valueName\":\"search_term_string\"}}],\"inLanguage\":\"pt-PT\"},{\"@type\":\"Organization\",\"@id\":\"https:\\\/\\\/www.inprisa.com\\\/pt-pt\\\/#organization\",\"name\":\"Inprisa\",\"alternateName\":\"Inprisa\",\"url\":\"https:\\\/\\\/www.inprisa.com\\\/pt-pt\\\/\",\"logo\":{\"@type\":\"ImageObject\",\"inLanguage\":\"pt-PT\",\"@id\":\"https:\\\/\\\/www.inprisa.com\\\/pt-pt\\\/#\\\/schema\\\/logo\\\/image\\\/\",\"url\":\"https:\\\/\\\/www.inprisa.com\\\/wp-content\\\/uploads\\\/2024\\\/02\\\/inprisa.png\",\"contentUrl\":\"https:\\\/\\\/www.inprisa.com\\\/wp-content\\\/uploads\\\/2024\\\/02\\\/inprisa.png\",\"width\":737,\"height\":200,\"caption\":\"Inprisa\"},\"image\":{\"@id\":\"https:\\\/\\\/www.inprisa.com\\\/pt-pt\\\/#\\\/schema\\\/logo\\\/image\\\/\"}}]}<\/script>\n<!-- \/ Yoast SEO plugin. -->","yoast_head_json":{"title":"Filtro prensa | Inprisa","description":"Oferecemos solu\u00e7\u00f5es \u00e0 medida para o tratamento de \u00e1guas residuais, osmose industrial e resinas de permuta i\u00f3nica.","robots":{"index":"index","follow":"follow","max-snippet":"max-snippet:-1","max-image-preview":"max-image-preview:large","max-video-preview":"max-video-preview:-1"},"canonical":"https:\/\/www.inprisa.com\/pt-pt\/filtro-prensa\/","og_locale":"pt_PT","og_type":"article","og_title":"Filtro prensa | Inprisa","og_description":"Oferecemos solu\u00e7\u00f5es \u00e0 medida para o tratamento de \u00e1guas residuais, osmose industrial e resinas de permuta i\u00f3nica.","og_url":"https:\/\/www.inprisa.com\/pt-pt\/filtro-prensa\/","og_site_name":"Inprisa","article_modified_time":"2025-08-19T12:22:12+00:00","og_image":[{"width":1920,"height":1280,"url":"https:\/\/www.inprisa.com\/wp-content\/uploads\/2024\/02\/inprisa-home.jpg","type":"image\/jpeg"}],"twitter_card":"summary_large_image","schema":{"@context":"https:\/\/schema.org","@graph":[{"@type":"WebPage","@id":"https:\/\/www.inprisa.com\/pt-pt\/filtro-prensa\/","url":"https:\/\/www.inprisa.com\/pt-pt\/filtro-prensa\/","name":"Filtro prensa | Inprisa","isPartOf":{"@id":"https:\/\/www.inprisa.com\/pt-pt\/#website"},"datePublished":"2024-12-03T15:20:29+00:00","dateModified":"2025-08-19T12:22:12+00:00","description":"Oferecemos solu\u00e7\u00f5es \u00e0 medida para o tratamento de \u00e1guas residuais, osmose industrial e resinas de permuta i\u00f3nica.","breadcrumb":{"@id":"https:\/\/www.inprisa.com\/pt-pt\/filtro-prensa\/#breadcrumb"},"inLanguage":"pt-PT","potentialAction":[{"@type":"ReadAction","target":["https:\/\/www.inprisa.com\/pt-pt\/filtro-prensa\/"]}]},{"@type":"BreadcrumbList","@id":"https:\/\/www.inprisa.com\/pt-pt\/filtro-prensa\/#breadcrumb","itemListElement":[{"@type":"ListItem","position":1,"name":"Inicio","item":"https:\/\/www.inprisa.com\/pt-pt\/inprisa-2\/"},{"@type":"ListItem","position":2,"name":"Filtro prensa"}]},{"@type":"WebSite","@id":"https:\/\/www.inprisa.com\/pt-pt\/#website","url":"https:\/\/www.inprisa.com\/pt-pt\/","name":"Inprisa","description":"Expertos en maquinaria\u2028para el tratamiento de\u2028superficies y aguas.","publisher":{"@id":"https:\/\/www.inprisa.com\/pt-pt\/#organization"},"alternateName":"Inprisa","potentialAction":[{"@type":"SearchAction","target":{"@type":"EntryPoint","urlTemplate":"https:\/\/www.inprisa.com\/pt-pt\/?s={search_term_string}"},"query-input":{"@type":"PropertyValueSpecification","valueRequired":true,"valueName":"search_term_string"}}],"inLanguage":"pt-PT"},{"@type":"Organization","@id":"https:\/\/www.inprisa.com\/pt-pt\/#organization","name":"Inprisa","alternateName":"Inprisa","url":"https:\/\/www.inprisa.com\/pt-pt\/","logo":{"@type":"ImageObject","inLanguage":"pt-PT","@id":"https:\/\/www.inprisa.com\/pt-pt\/#\/schema\/logo\/image\/","url":"https:\/\/www.inprisa.com\/wp-content\/uploads\/2024\/02\/inprisa.png","contentUrl":"https:\/\/www.inprisa.com\/wp-content\/uploads\/2024\/02\/inprisa.png","width":737,"height":200,"caption":"Inprisa"},"image":{"@id":"https:\/\/www.inprisa.com\/pt-pt\/#\/schema\/logo\/image\/"}}]}},"_links":{"self":[{"href":"https:\/\/www.inprisa.com\/pt-pt\/wp-json\/wp\/v2\/pages\/2479","targetHints":{"allow":["GET"]}}],"collection":[{"href":"https:\/\/www.inprisa.com\/pt-pt\/wp-json\/wp\/v2\/pages"}],"about":[{"href":"https:\/\/www.inprisa.com\/pt-pt\/wp-json\/wp\/v2\/types\/page"}],"author":[{"embeddable":true,"href":"https:\/\/www.inprisa.com\/pt-pt\/wp-json\/wp\/v2\/users\/3"}],"replies":[{"embeddable":true,"href":"https:\/\/www.inprisa.com\/pt-pt\/wp-json\/wp\/v2\/comments?post=2479"}],"version-history":[{"count":4,"href":"https:\/\/www.inprisa.com\/pt-pt\/wp-json\/wp\/v2\/pages\/2479\/revisions"}],"predecessor-version":[{"id":9871,"href":"https:\/\/www.inprisa.com\/pt-pt\/wp-json\/wp\/v2\/pages\/2479\/revisions\/9871"}],"wp:attachment":[{"href":"https:\/\/www.inprisa.com\/pt-pt\/wp-json\/wp\/v2\/media?parent=2479"}],"curies":[{"name":"wp","href":"https:\/\/api.w.org\/{rel}","templated":true}]}}