{"id":2467,"date":"2024-11-25T17:14:54","date_gmt":"2024-11-25T16:14:54","guid":{"rendered":"https:\/\/www.inprisa.com\/?page_id=2467"},"modified":"2025-08-19T14:21:32","modified_gmt":"2025-08-19T12:21:32","slug":"rectificadores","status":"publish","type":"page","link":"https:\/\/www.inprisa.com\/pt-pt\/rectificadores\/","title":{"rendered":"Rectificadores"},"content":{"rendered":"\n<div class=\"oop-hero\" id=\"oop-hero-block_d89066234d331d374ec82257976d4bac\" style=\"background-image: url('');\">\n    <div class=\"oop-hero__content container\">\n        <div class=\"oop-hero__textarea\"  style=\"width: 85%;\">\n                            <p class=\"oop-hero__pretext\">Rectificadores<\/p>\n                        <h1 class=\"oop-hero__title\">N\u00f3s fornecemos e instalamos os seus rectificadores. Efectuamos o servi\u00e7o de coloca\u00e7\u00e3o em funcionamento e de manuten\u00e7\u00e3o. <\/h1>\n                            <a class=\"button3 inverted\" href=\"#formContacto\" class=\"oop-hero__button\">Contacto<\/a>\n                    <\/div>\n    <\/div>\n<\/div>\n\n<script>\n    document.addEventListener('DOMContentLoaded', function() {\n        var backgroundImage = '';\n        if (window.innerWidth <= 768) backgroundImage = '';\n        document.getElementById('oop-hero-block_d89066234d331d374ec82257976d4bac').style.backgroundImage = 'url(' + backgroundImage + ')';\n    });\n<\/script>\n\n\n\n<div class=\"oop-cta branco\" id=\"oop-cta-block_622225f77463eae307cee50f1d8f7c71\">\n    <div class=\"oop-cta__content container\">\n\n        <div class=\" two-columns\">\n            <div class=\" first-column\">\n                <p class=\"oop-cta__pretext\">Qualidade garantida<\/p>\n            <\/div>\n            <div class=\"second-column\">\n                <h2 class=\"oop-cta__title normal\">Somos distribuidores autorizados. Garantimos o funcionamento correto e o servi\u00e7o p\u00f3s-instala\u00e7\u00e3o. Controlo remoto com o retificador, onde quer que esteja. Cada produto tem um plano de manuten\u00e7\u00e3o para maximizar a sua vida \u00fatil.     <br \/>\r\n<\/h2>\n                            <\/div>\n        <\/div>\n\n    <\/div>\n<\/div>\n\n\n<div class=\"oop-our-work azul suave\" id=\"oop-our-work-block_6cf7d6a1539f598b5d7f17a911ecb149\">\n    <div class=\"oop-our-work__content container\">\n\n        <div class=\"two-columns\">\n            <div class=\"first-column\">\n                                    <p class=\"oop-our-work__pretext\">Experi\u00eancia multi-setorial<\/p>\n                            <\/div>\n            <div class=\"second-column\">\n\n                                    <h2 class=\"oop-our-work__title\">Gra\u00e7as \u00e0 nossa equipa t\u00e9cnica com mais de 30 anos de experi\u00eancia no fabrico interno, oferecemos solu\u00e7\u00f5es em todos os tipos de ind\u00fastrias e sectores.<br \/>\r\n<\/h2>\n                \n                \n                                    <div class=\"oop-our-work__gallery\">\n                        <div class=\"oop-our-work__gallery__images theImages\">\n                                                            <div class=\"oop-our-work__gallery__item theItem\">\n                                    <img decoding=\"async\" src=\" https:\/\/www.inprisa.com\/wp-content\/uploads\/2024\/11\/CoolKraft_and_FlexKraft_water-scaled.png\" alt=\"Inprisa\">\n                                <\/div>\n                                                            <div class=\"oop-our-work__gallery__item theItem\">\n                                    <img decoding=\"async\" src=\" https:\/\/www.inprisa.com\/wp-content\/uploads\/2024\/11\/2_Flex_AIR_V3_1-1.png\" alt=\"Inprisa\">\n                                <\/div>\n                                                    <\/div>\n                                            <\/div>\n                                                <\/div>\n        <\/div>\n    <\/div>\n<\/div>\n\n\n","protected":false},"excerpt":{"rendered":"","protected":false},"author":3,"featured_media":2995,"parent":0,"menu_order":0,"comment_status":"closed","ping_status":"closed","template":"","meta":{"_acf_changed":false,"_monsterinsights_skip_tracking":false,"_monsterinsights_sitenote_active":false,"_monsterinsights_sitenote_note":"","_monsterinsights_sitenote_category":0,"footnotes":""},"class_list":["post-2467","page","type-page","status-publish","has-post-thumbnail","hentry"],"acf":[],"yoast_head":"<!-- This site is optimized with the Yoast SEO plugin v25.5 - https:\/\/yoast.com\/wordpress\/plugins\/seo\/ -->\n<title>Rectificadores | Inprisa<\/title>\n<meta name=\"description\" content=\"Oferecemos solu\u00e7\u00f5es \u00e0 medida para o tratamento de \u00e1guas residuais, osmose industrial e resinas de permuta i\u00f3nica.\" \/>\n<meta name=\"robots\" content=\"index, follow, max-snippet:-1, max-image-preview:large, max-video-preview:-1\" \/>\n<link rel=\"canonical\" href=\"https:\/\/www.inprisa.com\/pt-pt\/rectificadores\/\" \/>\n<meta property=\"og:locale\" content=\"pt_PT\" \/>\n<meta property=\"og:type\" content=\"article\" \/>\n<meta property=\"og:title\" content=\"Rectificadores | Inprisa\" \/>\n<meta property=\"og:description\" content=\"Oferecemos solu\u00e7\u00f5es \u00e0 medida para o tratamento de \u00e1guas residuais, osmose industrial e resinas de permuta i\u00f3nica.\" \/>\n<meta property=\"og:url\" content=\"https:\/\/www.inprisa.com\/pt-pt\/rectificadores\/\" \/>\n<meta property=\"og:site_name\" content=\"Inprisa\" \/>\n<meta property=\"article:modified_time\" content=\"2025-08-19T12:21:32+00:00\" \/>\n<meta property=\"og:image\" content=\"https:\/\/www.inprisa.com\/wp-content\/uploads\/2024\/11\/FlexKraft_Water_FlexKraft_Air-_CoolKraft_C1-1024x724.png\" \/>\n\t<meta property=\"og:image:width\" content=\"1024\" \/>\n\t<meta property=\"og:image:height\" content=\"724\" \/>\n\t<meta property=\"og:image:type\" content=\"image\/png\" \/>\n<meta name=\"twitter:card\" content=\"summary_large_image\" \/>\n<meta name=\"twitter:label1\" content=\"Tempo estimado de leitura\" \/>\n\t<meta name=\"twitter:data1\" content=\"1 minuto\" \/>\n<script type=\"application\/ld+json\" class=\"yoast-schema-graph\">{\"@context\":\"https:\/\/schema.org\",\"@graph\":[{\"@type\":\"WebPage\",\"@id\":\"https:\/\/www.inprisa.com\/pt-pt\/rectificadores\/\",\"url\":\"https:\/\/www.inprisa.com\/pt-pt\/rectificadores\/\",\"name\":\"Rectificadores | Inprisa\",\"isPartOf\":{\"@id\":\"https:\/\/www.inprisa.com\/pt-pt\/#website\"},\"primaryImageOfPage\":{\"@id\":\"https:\/\/www.inprisa.com\/pt-pt\/rectificadores\/#primaryimage\"},\"image\":{\"@id\":\"https:\/\/www.inprisa.com\/pt-pt\/rectificadores\/#primaryimage\"},\"thumbnailUrl\":\"https:\/\/www.inprisa.com\/wp-content\/uploads\/2024\/11\/FlexKraft_Water_FlexKraft_Air-_CoolKraft_C1-scaled.png\",\"datePublished\":\"2024-11-25T16:14:54+00:00\",\"dateModified\":\"2025-08-19T12:21:32+00:00\",\"description\":\"Oferecemos solu\u00e7\u00f5es \u00e0 medida para o tratamento de \u00e1guas residuais, osmose industrial e resinas de permuta i\u00f3nica.\",\"breadcrumb\":{\"@id\":\"https:\/\/www.inprisa.com\/pt-pt\/rectificadores\/#breadcrumb\"},\"inLanguage\":\"pt-PT\",\"potentialAction\":[{\"@type\":\"ReadAction\",\"target\":[\"https:\/\/www.inprisa.com\/pt-pt\/rectificadores\/\"]}]},{\"@type\":\"ImageObject\",\"inLanguage\":\"pt-PT\",\"@id\":\"https:\/\/www.inprisa.com\/pt-pt\/rectificadores\/#primaryimage\",\"url\":\"https:\/\/www.inprisa.com\/wp-content\/uploads\/2024\/11\/FlexKraft_Water_FlexKraft_Air-_CoolKraft_C1-scaled.png\",\"contentUrl\":\"https:\/\/www.inprisa.com\/wp-content\/uploads\/2024\/11\/FlexKraft_Water_FlexKraft_Air-_CoolKraft_C1-scaled.png\",\"width\":2560,\"height\":1809},{\"@type\":\"BreadcrumbList\",\"@id\":\"https:\/\/www.inprisa.com\/pt-pt\/rectificadores\/#breadcrumb\",\"itemListElement\":[{\"@type\":\"ListItem\",\"position\":1,\"name\":\"Inicio\",\"item\":\"https:\/\/www.inprisa.com\/pt-pt\/inprisa-2\/\"},{\"@type\":\"ListItem\",\"position\":2,\"name\":\"Rectificadores\"}]},{\"@type\":\"WebSite\",\"@id\":\"https:\/\/www.inprisa.com\/pt-pt\/#website\",\"url\":\"https:\/\/www.inprisa.com\/pt-pt\/\",\"name\":\"Inprisa\",\"description\":\"Expertos en maquinaria\\u2028para el tratamiento de\\u2028superficies y aguas.\",\"publisher\":{\"@id\":\"https:\/\/www.inprisa.com\/pt-pt\/#organization\"},\"alternateName\":\"Inprisa\",\"potentialAction\":[{\"@type\":\"SearchAction\",\"target\":{\"@type\":\"EntryPoint\",\"urlTemplate\":\"https:\/\/www.inprisa.com\/pt-pt\/?s={search_term_string}\"},\"query-input\":{\"@type\":\"PropertyValueSpecification\",\"valueRequired\":true,\"valueName\":\"search_term_string\"}}],\"inLanguage\":\"pt-PT\"},{\"@type\":\"Organization\",\"@id\":\"https:\/\/www.inprisa.com\/pt-pt\/#organization\",\"name\":\"Inprisa\",\"alternateName\":\"Inprisa\",\"url\":\"https:\/\/www.inprisa.com\/pt-pt\/\",\"logo\":{\"@type\":\"ImageObject\",\"inLanguage\":\"pt-PT\",\"@id\":\"https:\/\/www.inprisa.com\/pt-pt\/#\/schema\/logo\/image\/\",\"url\":\"https:\/\/www.inprisa.com\/wp-content\/uploads\/2024\/02\/inprisa.png\",\"contentUrl\":\"https:\/\/www.inprisa.com\/wp-content\/uploads\/2024\/02\/inprisa.png\",\"width\":737,\"height\":200,\"caption\":\"Inprisa\"},\"image\":{\"@id\":\"https:\/\/www.inprisa.com\/pt-pt\/#\/schema\/logo\/image\/\"}}]}<\/script>\n<!-- \/ Yoast SEO plugin. -->","yoast_head_json":{"title":"Rectificadores | Inprisa","description":"Oferecemos solu\u00e7\u00f5es \u00e0 medida para o tratamento de \u00e1guas residuais, osmose industrial e resinas de permuta i\u00f3nica.","robots":{"index":"index","follow":"follow","max-snippet":"max-snippet:-1","max-image-preview":"max-image-preview:large","max-video-preview":"max-video-preview:-1"},"canonical":"https:\/\/www.inprisa.com\/pt-pt\/rectificadores\/","og_locale":"pt_PT","og_type":"article","og_title":"Rectificadores | Inprisa","og_description":"Oferecemos solu\u00e7\u00f5es \u00e0 medida para o tratamento de \u00e1guas residuais, osmose industrial e resinas de permuta i\u00f3nica.","og_url":"https:\/\/www.inprisa.com\/pt-pt\/rectificadores\/","og_site_name":"Inprisa","article_modified_time":"2025-08-19T12:21:32+00:00","og_image":[{"width":1024,"height":724,"url":"https:\/\/www.inprisa.com\/wp-content\/uploads\/2024\/11\/FlexKraft_Water_FlexKraft_Air-_CoolKraft_C1-1024x724.png","type":"image\/png"}],"twitter_card":"summary_large_image","twitter_misc":{"Tempo estimado de leitura":"1 minuto"},"schema":{"@context":"https:\/\/schema.org","@graph":[{"@type":"WebPage","@id":"https:\/\/www.inprisa.com\/pt-pt\/rectificadores\/","url":"https:\/\/www.inprisa.com\/pt-pt\/rectificadores\/","name":"Rectificadores | Inprisa","isPartOf":{"@id":"https:\/\/www.inprisa.com\/pt-pt\/#website"},"primaryImageOfPage":{"@id":"https:\/\/www.inprisa.com\/pt-pt\/rectificadores\/#primaryimage"},"image":{"@id":"https:\/\/www.inprisa.com\/pt-pt\/rectificadores\/#primaryimage"},"thumbnailUrl":"https:\/\/www.inprisa.com\/wp-content\/uploads\/2024\/11\/FlexKraft_Water_FlexKraft_Air-_CoolKraft_C1-scaled.png","datePublished":"2024-11-25T16:14:54+00:00","dateModified":"2025-08-19T12:21:32+00:00","description":"Oferecemos solu\u00e7\u00f5es \u00e0 medida para o tratamento de \u00e1guas residuais, osmose industrial e resinas de permuta i\u00f3nica.","breadcrumb":{"@id":"https:\/\/www.inprisa.com\/pt-pt\/rectificadores\/#breadcrumb"},"inLanguage":"pt-PT","potentialAction":[{"@type":"ReadAction","target":["https:\/\/www.inprisa.com\/pt-pt\/rectificadores\/"]}]},{"@type":"ImageObject","inLanguage":"pt-PT","@id":"https:\/\/www.inprisa.com\/pt-pt\/rectificadores\/#primaryimage","url":"https:\/\/www.inprisa.com\/wp-content\/uploads\/2024\/11\/FlexKraft_Water_FlexKraft_Air-_CoolKraft_C1-scaled.png","contentUrl":"https:\/\/www.inprisa.com\/wp-content\/uploads\/2024\/11\/FlexKraft_Water_FlexKraft_Air-_CoolKraft_C1-scaled.png","width":2560,"height":1809},{"@type":"BreadcrumbList","@id":"https:\/\/www.inprisa.com\/pt-pt\/rectificadores\/#breadcrumb","itemListElement":[{"@type":"ListItem","position":1,"name":"Inicio","item":"https:\/\/www.inprisa.com\/pt-pt\/inprisa-2\/"},{"@type":"ListItem","position":2,"name":"Rectificadores"}]},{"@type":"WebSite","@id":"https:\/\/www.inprisa.com\/pt-pt\/#website","url":"https:\/\/www.inprisa.com\/pt-pt\/","name":"Inprisa","description":"Expertos en maquinaria\u2028para el tratamiento de\u2028superficies y aguas.","publisher":{"@id":"https:\/\/www.inprisa.com\/pt-pt\/#organization"},"alternateName":"Inprisa","potentialAction":[{"@type":"SearchAction","target":{"@type":"EntryPoint","urlTemplate":"https:\/\/www.inprisa.com\/pt-pt\/?s={search_term_string}"},"query-input":{"@type":"PropertyValueSpecification","valueRequired":true,"valueName":"search_term_string"}}],"inLanguage":"pt-PT"},{"@type":"Organization","@id":"https:\/\/www.inprisa.com\/pt-pt\/#organization","name":"Inprisa","alternateName":"Inprisa","url":"https:\/\/www.inprisa.com\/pt-pt\/","logo":{"@type":"ImageObject","inLanguage":"pt-PT","@id":"https:\/\/www.inprisa.com\/pt-pt\/#\/schema\/logo\/image\/","url":"https:\/\/www.inprisa.com\/wp-content\/uploads\/2024\/02\/inprisa.png","contentUrl":"https:\/\/www.inprisa.com\/wp-content\/uploads\/2024\/02\/inprisa.png","width":737,"height":200,"caption":"Inprisa"},"image":{"@id":"https:\/\/www.inprisa.com\/pt-pt\/#\/schema\/logo\/image\/"}}]}},"_links":{"self":[{"href":"https:\/\/www.inprisa.com\/pt-pt\/wp-json\/wp\/v2\/pages\/2467","targetHints":{"allow":["GET"]}}],"collection":[{"href":"https:\/\/www.inprisa.com\/pt-pt\/wp-json\/wp\/v2\/pages"}],"about":[{"href":"https:\/\/www.inprisa.com\/pt-pt\/wp-json\/wp\/v2\/types\/page"}],"author":[{"embeddable":true,"href":"https:\/\/www.inprisa.com\/pt-pt\/wp-json\/wp\/v2\/users\/3"}],"replies":[{"embeddable":true,"href":"https:\/\/www.inprisa.com\/pt-pt\/wp-json\/wp\/v2\/comments?post=2467"}],"version-history":[{"count":4,"href":"https:\/\/www.inprisa.com\/pt-pt\/wp-json\/wp\/v2\/pages\/2467\/revisions"}],"predecessor-version":[{"id":9904,"href":"https:\/\/www.inprisa.com\/pt-pt\/wp-json\/wp\/v2\/pages\/2467\/revisions\/9904"}],"wp:featuredmedia":[{"embeddable":true,"href":"https:\/\/www.inprisa.com\/pt-pt\/wp-json\/wp\/v2\/media\/2995"}],"wp:attachment":[{"href":"https:\/\/www.inprisa.com\/pt-pt\/wp-json\/wp\/v2\/media?parent=2467"}],"curies":[{"name":"wp","href":"https:\/\/api.w.org\/{rel}","templated":true}]}}