{"id":1254,"date":"2024-02-25T17:41:34","date_gmt":"2024-02-25T16:41:34","guid":{"rendered":"https:\/\/www.inprisa.com\/tratamiento-de-aguas\/"},"modified":"2024-07-12T12:29:42","modified_gmt":"2024-07-12T10:29:42","slug":"tratamiento-de-aguas","status":"publish","type":"page","link":"https:\/\/www.inprisa.com\/pt-pt\/tratamiento-de-aguas\/","title":{"rendered":"Tratamento de \u00e1guas"},"content":{"rendered":"\n<div class=\"oop-hero\" id=\"oop-hero-block_18c880ff3c49a18a12c97ef0a5cce8b4\" style=\"background-image: url('https:\/\/www.inprisa.com\/wp-content\/uploads\/2024\/02\/INPRISA-160124-WEB-149-1-1.jpg');\">\n    <div class=\"oop-hero__content container\">\n        <div class=\"oop-hero__textarea\"  style=\"width: 85%;\">\n                            <p class=\"oop-hero__pretext\">Tratamento de \u00e1guas<\/p>\n                        <h1 class=\"oop-hero__title\">Solu\u00e7\u00f5es \u00e0 medida para o tratamento de \u00e1guas residuais, osmose industrial e resinas de troca i\u00f3nica<\/h1>\n                            <a class=\"button3 inverted\" href=\"#formContacto\" class=\"oop-hero__button\">Contactar<\/a>\n                    <\/div>\n    <\/div>\n<\/div>\n\n<script>\n    document.addEventListener('DOMContentLoaded', function() {\n        var backgroundImage = 'https:\/\/www.inprisa.com\/wp-content\/uploads\/2024\/02\/INPRISA-160124-WEB-149-1-1.jpg';\n        if (window.innerWidth <= 768) backgroundImage = 'https:\/\/www.inprisa.com\/wp-content\/uploads\/2024\/05\/INPRISA-160124-WEB-143-e1716998538525.jpg';\n        document.getElementById('oop-hero-block_18c880ff3c49a18a12c97ef0a5cce8b4').style.backgroundImage = 'url(' + backgroundImage + ')';\n    });\n<\/script>\n\n\n\n<div class=\"oop-cta white\" id=\"oop-cta-block_e3cf8bc835721eb9cef5c987d25272e3\">\n    <div class=\"oop-cta__content container\">\n\n        <div class=\" two-columns\">\n            <div class=\" first-column\">\n                <p class=\"oop-cta__pretext\">Solu\u00e7\u00f5es \u00e0 medida<\/p>\n            <\/div>\n            <div class=\"second-column\">\n                <h2 class=\"oop-cta__title normal\">Trabalhamos sobre as necessidades do neg\u00f3cio e concebemos projetos t\u00e9cnicos \u00e0 medida, garantindo solu\u00e7\u00f5es funcionais para o tratamento de \u00e1guas.<\/h2>\n                            <\/div>\n        <\/div>\n\n    <\/div>\n<\/div>\n\n\n<div class=\"oop-our-work softblue\" id=\"oop-our-work-block_1d083adf7c01ae73c77c7b2f1ba2e552\">\n    <div class=\"oop-our-work__content container\">\n\n        <div class=\"two-columns\">\n            <div class=\"first-column\">\n                                    <p class=\"oop-our-work__pretext\">Experi\u00eancia multissetorial<\/p>\n                            <\/div>\n            <div class=\"second-column\">\n\n                                    <h2 class=\"oop-our-work__title\">Gra\u00e7as \u00e0 nossa equipa t\u00e9cnica com mais de 30 anos de experi\u00eancia em fabricos pr\u00f3prios, oferecemos solu\u00e7\u00f5es em todos os tipos de ind\u00fastrias e setores.<\/h2>\n                \n                \n                                    <div class=\"oop-our-work__gallery\">\n                        <div class=\"oop-our-work__gallery__images theImages\">\n                                                            <div class=\"oop-our-work__gallery__item theItem\">\n                                    <img decoding=\"async\" src=\" https:\/\/www.inprisa.com\/wp-content\/uploads\/2024\/02\/INPRISA-160124-WEB-53-2-2-1.jpg\" alt=\"Inprisa\">\n                                <\/div>\n                                                            <div class=\"oop-our-work__gallery__item theItem\">\n                                    <img decoding=\"async\" src=\" https:\/\/www.inprisa.com\/wp-content\/uploads\/2024\/03\/inprisa-servicio-postventa-mobile.jpeg\" alt=\"Inprisa\">\n                                <\/div>\n                                                            <div class=\"oop-our-work__gallery__item theItem\">\n                                    <img decoding=\"async\" src=\" https:\/\/www.inprisa.com\/wp-content\/uploads\/2024\/05\/INPRISA-160124-WEB-158-e1716984999572.jpg\" alt=\"Inprisa\">\n                                <\/div>\n                                                            <div class=\"oop-our-work__gallery__item theItem\">\n                                    <img decoding=\"async\" src=\" https:\/\/www.inprisa.com\/wp-content\/uploads\/2024\/05\/INPRISA-160124-WEB-106.jpg\" alt=\"Inprisa\">\n                                <\/div>\n                                                            <div class=\"oop-our-work__gallery__item theItem\">\n                                    <img decoding=\"async\" src=\" https:\/\/www.inprisa.com\/wp-content\/uploads\/2024\/05\/INPRISA-160124-WEB-245.jpg\" alt=\"Inprisa\">\n                                <\/div>\n                                                            <div class=\"oop-our-work__gallery__item theItem\">\n                                    <img decoding=\"async\" src=\" https:\/\/www.inprisa.com\/wp-content\/uploads\/2024\/05\/INPRISA-160124-WEB-374.jpg\" alt=\"Inprisa\">\n                                <\/div>\n                                                    <\/div>\n                                                    <div class=\"oop-our-work__gallery__controls\">\n                                <div class=\"oop-our-work__gallery__control oop-our-work__gallery__control--left scrollLeft\">\n                                    <svg width=\"48\" height=\"48\" viewBox=\"0 0 48 48\" fill=\"none\" xmlns=\"http:\/\/www.w3.org\/2000\/svg\" style=\"transform: rotate(180deg);\">\n                                        <g opacity=\"0.6\">\n                                            <circle cx=\"24\" cy=\"24\" r=\"24\" fill=\"#F4F3EF\" \/>\n                                        <\/g>\n                                        <circle cx=\"24.0007\" cy=\"24.0002\" r=\"18.7253\" fill=\"#F4F3EF\" \/>\n                                        <path d=\"M31.7071 24.7071C32.0976 24.3166 32.0976 23.6834 31.7071 23.2929L25.3431 16.9289C24.9526 16.5384 24.3195 16.5384 23.9289 16.9289C23.5384 17.3195 23.5384 17.9526 23.9289 18.3431L29.5858 24L23.9289 29.6569C23.5384 30.0474 23.5384 30.6805 23.9289 31.0711C24.3195 31.4616 24.9526 31.4616 25.3431 31.0711L31.7071 24.7071ZM17 25H31V23H17V25Z\" fill=\"#14304D\" \/>\n                                    <\/svg>\n                                <\/div>\n                                <div class=\"oop-our-work__gallery__control oop-our-work__gallery__control--right scrollRight\">\n                                    <svg width=\"48\" height=\"48\" viewBox=\"0 0 48 48\" fill=\"none\" xmlns=\"http:\/\/www.w3.org\/2000\/svg\">\n                                        <g opacity=\"0.6\">\n                                            <circle cx=\"24\" cy=\"24\" r=\"24\" fill=\"#F4F3EF\" \/>\n                                        <\/g>\n                                        <circle cx=\"24.0007\" cy=\"24.0002\" r=\"18.7253\" fill=\"#F4F3EF\" \/>\n                                        <path d=\"M31.7071 24.7071C32.0976 24.3166 32.0976 23.6834 31.7071 23.2929L25.3431 16.9289C24.9526 16.5384 24.3195 16.5384 23.9289 16.9289C23.5384 17.3195 23.5384 17.9526 23.9289 18.3431L29.5858 24L23.9289 29.6569C23.5384 30.0474 23.5384 30.6805 23.9289 31.0711C24.3195 31.4616 24.9526 31.4616 25.3431 31.0711L31.7071 24.7071ZM17 25H31V23H17V25Z\" fill=\"#14304D\" \/>\n                                    <\/svg>\n                                <\/div>\n                            <\/div>\n                                            <\/div>\n                                                <\/div>\n        <\/div>\n    <\/div>\n<\/div>\n\n\n    <script>\n        document.addEventListener(\"DOMContentLoaded\", function() {\n            initGallery('oop-our-work-block_1d083adf7c01ae73c77c7b2f1ba2e552', 6);\n        });\n    <\/script>\n\n\n\n    <div class=\"oop-marquee white\" id=\"oop-marquee-block_2a35e9faadc13b5909c38c9d6efacd5e\">\n\n        <div class=\"oop-marquee__content container\">\n\n            <div class=\"oop-marque__title_marquee\">\n                \u00c1reas            <\/div>\n\n                            <div class=\"two-columns\">\n                    <div class=\"first-column\">&nbsp;<\/div>\n                    <div class=\"second-column\">\n                                                    <p class=\"oop-marquee__text\">Cada projeto \u00e9 \u00fanico, pelo que as nossas solu\u00e7\u00f5es s\u00e3o diversificadas e personalizadas:<\/p>\n                                            <\/div>\n                <\/div>\n            \n            \n                                <div class=\"oop-marque-elements-margin\">\n\n                    \n                    <div class=\"oop-marquee__items\" id=\"slider_block_2a35e9faadc13b5909c38c9d6efacd5e\">\n\n                                                    <div class=\"oop-marquee__item\">\n                                <div class=\"oop-marquee__item__image\">\n                                    <img decoding=\"async\" src=\"https:\/\/www.inprisa.com\/wp-content\/uploads\/2024\/02\/INPRISA-160124-WEB-155-1-1.jpg\" alt=\"\">\n                                <\/div>\n                                <div class=\"oop-marquee__item__text\">\n                                    <span class=\"oop-our-work__item__counter\">01<\/span>\n                                    <h3>\n                                        Depura\u00e7\u00e3o de \u00e1guas industriais                                    <\/h3>\n                                    <p>Solu\u00e7\u00f5es avan\u00e7adas de recupera\u00e7\u00e3o de \u00e1guas residuais, garantindo a conformidade regulamentar e a efici\u00eancia.<\/p>\n\n                                                                    <\/div>\n                            <\/div>\n                                                    <div class=\"oop-marquee__item\">\n                                <div class=\"oop-marquee__item__image\">\n                                    <img decoding=\"async\" src=\"https:\/\/www.inprisa.com\/wp-content\/uploads\/2024\/02\/INPRISA-160124-WEB-53-2-1-1.jpg\" alt=\"\">\n                                <\/div>\n                                <div class=\"oop-marquee__item__text\">\n                                    <span class=\"oop-our-work__item__counter\">02<\/span>\n                                    <h3>\n                                        Equipamentos de osmose industrial                                    <\/h3>\n                                    <p>Osmose industrial de alta precis\u00e3o para uma pureza de \u00e1gua excecional em cada projeto.<\/p>\n\n                                                                    <\/div>\n                            <\/div>\n                                                    <div class=\"oop-marquee__item\">\n                                <div class=\"oop-marquee__item__image\">\n                                    <img decoding=\"async\" src=\"https:\/\/www.inprisa.com\/wp-content\/uploads\/2024\/05\/INPRISA-160124-WEB-220-e1716999348492.jpg\" alt=\"\">\n                                <\/div>\n                                <div class=\"oop-marquee__item__text\">\n                                    <span class=\"oop-our-work__item__counter\">03<\/span>\n                                    <h3>\n                                        Equipamentos de troca i\u00f3nica                                    <\/h3>\n                                    <p>Troca i\u00f3nica eficaz para um tratamento de \u00e1gua otimizado e sustent\u00e1vel.<\/p>\n\n                                                                    <\/div>\n                            <\/div>\n                                            <\/div>\n\n                <\/div>\n            \n        <\/div>\n    <\/div>\n\n\n\n\n\n\n<div class=\"oop-image\" id=\"oop-image-block_7ecf64709994542d3bba5ff9dd1fd913\"><img decoding=\"async\" src=\"https:\/\/www.inprisa.com\/wp-content\/uploads\/2024\/02\/INPRISA-160124-WEB-149-1-1.jpg\" alt=\"Inprisa\"\/><\/div>","protected":false},"excerpt":{"rendered":"","protected":false},"author":1,"featured_media":1261,"parent":0,"menu_order":0,"comment_status":"closed","ping_status":"closed","template":"","meta":{"_acf_changed":false,"_monsterinsights_skip_tracking":false,"_monsterinsights_sitenote_active":false,"_monsterinsights_sitenote_note":"","_monsterinsights_sitenote_category":0,"footnotes":""},"class_list":["post-1254","page","type-page","status-publish","has-post-thumbnail","hentry"],"acf":[],"yoast_head":"<!-- This site is optimized with the Yoast SEO plugin v27.4 - https:\/\/yoast.com\/product\/yoast-seo-wordpress\/ -->\n<title>Tratamento de \u00e1guas | Inprisa<\/title>\n<meta name=\"description\" content=\"Ofrecemos soluciones a medida para el tratamiento de aguas residuales, osmosis industrial y resinas de intercambio i\u00f3nico.\" \/>\n<meta name=\"robots\" content=\"index, follow, max-snippet:-1, max-image-preview:large, max-video-preview:-1\" \/>\n<link rel=\"canonical\" href=\"https:\/\/www.inprisa.com\/pt-pt\/tratamiento-de-aguas\/\" \/>\n<meta property=\"og:locale\" content=\"pt_PT\" \/>\n<meta property=\"og:type\" content=\"article\" \/>\n<meta property=\"og:title\" content=\"Tratamento de \u00e1guas | Inprisa\" \/>\n<meta property=\"og:description\" content=\"Ofrecemos soluciones a medida para el tratamiento de aguas residuales, osmosis industrial y resinas de intercambio i\u00f3nico.\" \/>\n<meta property=\"og:url\" content=\"https:\/\/www.inprisa.com\/pt-pt\/tratamiento-de-aguas\/\" \/>\n<meta property=\"og:site_name\" content=\"Inprisa\" \/>\n<meta property=\"article:modified_time\" content=\"2024-07-12T10:29:42+00:00\" \/>\n<meta property=\"og:image\" content=\"https:\/\/www.inprisa.com\/wp-content\/uploads\/2024\/02\/inprisa-home.jpg\" \/>\n\t<meta property=\"og:image:width\" content=\"1920\" \/>\n\t<meta property=\"og:image:height\" content=\"1280\" \/>\n\t<meta property=\"og:image:type\" content=\"image\/jpeg\" \/>\n<meta name=\"twitter:card\" content=\"summary_large_image\" \/>\n<script type=\"application\/ld+json\" class=\"yoast-schema-graph\">{\"@context\":\"https:\\\/\\\/schema.org\",\"@graph\":[{\"@type\":\"WebPage\",\"@id\":\"https:\\\/\\\/www.inprisa.com\\\/pt-pt\\\/tratamiento-de-aguas\\\/\",\"url\":\"https:\\\/\\\/www.inprisa.com\\\/pt-pt\\\/tratamiento-de-aguas\\\/\",\"name\":\"Tratamento de \u00e1guas | Inprisa\",\"isPartOf\":{\"@id\":\"https:\\\/\\\/www.inprisa.com\\\/pt-pt\\\/#website\"},\"primaryImageOfPage\":{\"@id\":\"https:\\\/\\\/www.inprisa.com\\\/pt-pt\\\/tratamiento-de-aguas\\\/#primaryimage\"},\"image\":{\"@id\":\"https:\\\/\\\/www.inprisa.com\\\/pt-pt\\\/tratamiento-de-aguas\\\/#primaryimage\"},\"thumbnailUrl\":\"https:\\\/\\\/www.inprisa.com\\\/wp-content\\\/uploads\\\/2024\\\/02\\\/INPRISA-160124-WEB-149-1-1.jpg\",\"datePublished\":\"2024-02-25T16:41:34+00:00\",\"dateModified\":\"2024-07-12T10:29:42+00:00\",\"description\":\"Ofrecemos soluciones a medida para el tratamiento de aguas residuales, osmosis industrial y resinas de intercambio i\u00f3nico.\",\"breadcrumb\":{\"@id\":\"https:\\\/\\\/www.inprisa.com\\\/pt-pt\\\/tratamiento-de-aguas\\\/#breadcrumb\"},\"inLanguage\":\"pt-PT\",\"potentialAction\":[{\"@type\":\"ReadAction\",\"target\":[\"https:\\\/\\\/www.inprisa.com\\\/pt-pt\\\/tratamiento-de-aguas\\\/\"]}]},{\"@type\":\"ImageObject\",\"inLanguage\":\"pt-PT\",\"@id\":\"https:\\\/\\\/www.inprisa.com\\\/pt-pt\\\/tratamiento-de-aguas\\\/#primaryimage\",\"url\":\"https:\\\/\\\/www.inprisa.com\\\/wp-content\\\/uploads\\\/2024\\\/02\\\/INPRISA-160124-WEB-149-1-1.jpg\",\"contentUrl\":\"https:\\\/\\\/www.inprisa.com\\\/wp-content\\\/uploads\\\/2024\\\/02\\\/INPRISA-160124-WEB-149-1-1.jpg\",\"width\":1440,\"height\":861},{\"@type\":\"BreadcrumbList\",\"@id\":\"https:\\\/\\\/www.inprisa.com\\\/pt-pt\\\/tratamiento-de-aguas\\\/#breadcrumb\",\"itemListElement\":[{\"@type\":\"ListItem\",\"position\":1,\"name\":\"Inicio\",\"item\":\"https:\\\/\\\/www.inprisa.com\\\/pt-pt\\\/inprisa-2\\\/\"},{\"@type\":\"ListItem\",\"position\":2,\"name\":\"Tratamento de \u00e1guas\"}]},{\"@type\":\"WebSite\",\"@id\":\"https:\\\/\\\/www.inprisa.com\\\/pt-pt\\\/#website\",\"url\":\"https:\\\/\\\/www.inprisa.com\\\/pt-pt\\\/\",\"name\":\"Inprisa\",\"description\":\"Expertos en maquinaria\\u2028para el tratamiento de\\u2028superficies y aguas.\",\"publisher\":{\"@id\":\"https:\\\/\\\/www.inprisa.com\\\/pt-pt\\\/#organization\"},\"alternateName\":\"Inprisa\",\"potentialAction\":[{\"@type\":\"SearchAction\",\"target\":{\"@type\":\"EntryPoint\",\"urlTemplate\":\"https:\\\/\\\/www.inprisa.com\\\/pt-pt\\\/?s={search_term_string}\"},\"query-input\":{\"@type\":\"PropertyValueSpecification\",\"valueRequired\":true,\"valueName\":\"search_term_string\"}}],\"inLanguage\":\"pt-PT\"},{\"@type\":\"Organization\",\"@id\":\"https:\\\/\\\/www.inprisa.com\\\/pt-pt\\\/#organization\",\"name\":\"Inprisa\",\"alternateName\":\"Inprisa\",\"url\":\"https:\\\/\\\/www.inprisa.com\\\/pt-pt\\\/\",\"logo\":{\"@type\":\"ImageObject\",\"inLanguage\":\"pt-PT\",\"@id\":\"https:\\\/\\\/www.inprisa.com\\\/pt-pt\\\/#\\\/schema\\\/logo\\\/image\\\/\",\"url\":\"https:\\\/\\\/www.inprisa.com\\\/wp-content\\\/uploads\\\/2024\\\/02\\\/inprisa.png\",\"contentUrl\":\"https:\\\/\\\/www.inprisa.com\\\/wp-content\\\/uploads\\\/2024\\\/02\\\/inprisa.png\",\"width\":737,\"height\":200,\"caption\":\"Inprisa\"},\"image\":{\"@id\":\"https:\\\/\\\/www.inprisa.com\\\/pt-pt\\\/#\\\/schema\\\/logo\\\/image\\\/\"}}]}<\/script>\n<!-- \/ Yoast SEO plugin. -->","yoast_head_json":{"title":"Tratamento de \u00e1guas | Inprisa","description":"Ofrecemos soluciones a medida para el tratamiento de aguas residuales, osmosis industrial y resinas de intercambio i\u00f3nico.","robots":{"index":"index","follow":"follow","max-snippet":"max-snippet:-1","max-image-preview":"max-image-preview:large","max-video-preview":"max-video-preview:-1"},"canonical":"https:\/\/www.inprisa.com\/pt-pt\/tratamiento-de-aguas\/","og_locale":"pt_PT","og_type":"article","og_title":"Tratamento de \u00e1guas | Inprisa","og_description":"Ofrecemos soluciones a medida para el tratamiento de aguas residuales, osmosis industrial y resinas de intercambio i\u00f3nico.","og_url":"https:\/\/www.inprisa.com\/pt-pt\/tratamiento-de-aguas\/","og_site_name":"Inprisa","article_modified_time":"2024-07-12T10:29:42+00:00","og_image":[{"width":1920,"height":1280,"url":"https:\/\/www.inprisa.com\/wp-content\/uploads\/2024\/02\/inprisa-home.jpg","type":"image\/jpeg"}],"twitter_card":"summary_large_image","schema":{"@context":"https:\/\/schema.org","@graph":[{"@type":"WebPage","@id":"https:\/\/www.inprisa.com\/pt-pt\/tratamiento-de-aguas\/","url":"https:\/\/www.inprisa.com\/pt-pt\/tratamiento-de-aguas\/","name":"Tratamento de \u00e1guas | Inprisa","isPartOf":{"@id":"https:\/\/www.inprisa.com\/pt-pt\/#website"},"primaryImageOfPage":{"@id":"https:\/\/www.inprisa.com\/pt-pt\/tratamiento-de-aguas\/#primaryimage"},"image":{"@id":"https:\/\/www.inprisa.com\/pt-pt\/tratamiento-de-aguas\/#primaryimage"},"thumbnailUrl":"https:\/\/www.inprisa.com\/wp-content\/uploads\/2024\/02\/INPRISA-160124-WEB-149-1-1.jpg","datePublished":"2024-02-25T16:41:34+00:00","dateModified":"2024-07-12T10:29:42+00:00","description":"Ofrecemos soluciones a medida para el tratamiento de aguas residuales, osmosis industrial y resinas de intercambio i\u00f3nico.","breadcrumb":{"@id":"https:\/\/www.inprisa.com\/pt-pt\/tratamiento-de-aguas\/#breadcrumb"},"inLanguage":"pt-PT","potentialAction":[{"@type":"ReadAction","target":["https:\/\/www.inprisa.com\/pt-pt\/tratamiento-de-aguas\/"]}]},{"@type":"ImageObject","inLanguage":"pt-PT","@id":"https:\/\/www.inprisa.com\/pt-pt\/tratamiento-de-aguas\/#primaryimage","url":"https:\/\/www.inprisa.com\/wp-content\/uploads\/2024\/02\/INPRISA-160124-WEB-149-1-1.jpg","contentUrl":"https:\/\/www.inprisa.com\/wp-content\/uploads\/2024\/02\/INPRISA-160124-WEB-149-1-1.jpg","width":1440,"height":861},{"@type":"BreadcrumbList","@id":"https:\/\/www.inprisa.com\/pt-pt\/tratamiento-de-aguas\/#breadcrumb","itemListElement":[{"@type":"ListItem","position":1,"name":"Inicio","item":"https:\/\/www.inprisa.com\/pt-pt\/inprisa-2\/"},{"@type":"ListItem","position":2,"name":"Tratamento de \u00e1guas"}]},{"@type":"WebSite","@id":"https:\/\/www.inprisa.com\/pt-pt\/#website","url":"https:\/\/www.inprisa.com\/pt-pt\/","name":"Inprisa","description":"Expertos en maquinaria\u2028para el tratamiento de\u2028superficies y aguas.","publisher":{"@id":"https:\/\/www.inprisa.com\/pt-pt\/#organization"},"alternateName":"Inprisa","potentialAction":[{"@type":"SearchAction","target":{"@type":"EntryPoint","urlTemplate":"https:\/\/www.inprisa.com\/pt-pt\/?s={search_term_string}"},"query-input":{"@type":"PropertyValueSpecification","valueRequired":true,"valueName":"search_term_string"}}],"inLanguage":"pt-PT"},{"@type":"Organization","@id":"https:\/\/www.inprisa.com\/pt-pt\/#organization","name":"Inprisa","alternateName":"Inprisa","url":"https:\/\/www.inprisa.com\/pt-pt\/","logo":{"@type":"ImageObject","inLanguage":"pt-PT","@id":"https:\/\/www.inprisa.com\/pt-pt\/#\/schema\/logo\/image\/","url":"https:\/\/www.inprisa.com\/wp-content\/uploads\/2024\/02\/inprisa.png","contentUrl":"https:\/\/www.inprisa.com\/wp-content\/uploads\/2024\/02\/inprisa.png","width":737,"height":200,"caption":"Inprisa"},"image":{"@id":"https:\/\/www.inprisa.com\/pt-pt\/#\/schema\/logo\/image\/"}}]}},"_links":{"self":[{"href":"https:\/\/www.inprisa.com\/pt-pt\/wp-json\/wp\/v2\/pages\/1254","targetHints":{"allow":["GET"]}}],"collection":[{"href":"https:\/\/www.inprisa.com\/pt-pt\/wp-json\/wp\/v2\/pages"}],"about":[{"href":"https:\/\/www.inprisa.com\/pt-pt\/wp-json\/wp\/v2\/types\/page"}],"author":[{"embeddable":true,"href":"https:\/\/www.inprisa.com\/pt-pt\/wp-json\/wp\/v2\/users\/1"}],"replies":[{"embeddable":true,"href":"https:\/\/www.inprisa.com\/pt-pt\/wp-json\/wp\/v2\/comments?post=1254"}],"version-history":[{"count":3,"href":"https:\/\/www.inprisa.com\/pt-pt\/wp-json\/wp\/v2\/pages\/1254\/revisions"}],"predecessor-version":[{"id":1594,"href":"https:\/\/www.inprisa.com\/pt-pt\/wp-json\/wp\/v2\/pages\/1254\/revisions\/1594"}],"wp:featuredmedia":[{"embeddable":true,"href":"https:\/\/www.inprisa.com\/pt-pt\/wp-json\/wp\/v2\/media\/1261"}],"wp:attachment":[{"href":"https:\/\/www.inprisa.com\/pt-pt\/wp-json\/wp\/v2\/media?parent=1254"}],"curies":[{"name":"wp","href":"https:\/\/api.w.org\/{rel}","templated":true}]}}