{"id":1230,"date":"2024-02-25T17:41:47","date_gmt":"2024-02-25T16:41:47","guid":{"rendered":"https:\/\/www.inprisa.com\/servicio-postventa\/"},"modified":"2024-07-12T12:26:34","modified_gmt":"2024-07-12T10:26:34","slug":"servicio-postventa","status":"publish","type":"page","link":"https:\/\/www.inprisa.com\/pt-pt\/servicio-postventa\/","title":{"rendered":"Servi\u00e7o p\u00f3s-venda"},"content":{"rendered":"\n<div class=\"oop-hero\" id=\"oop-hero-block_9de9030ba1b7bfcb14c6326ee5ed96a6\" style=\"background-image: url('https:\/\/www.inprisa.com\/wp-content\/uploads\/2024\/02\/inprisa-servicio-postventa-1.jpg');\">\n    <div class=\"oop-hero__content container\">\n        <div class=\"oop-hero__textarea\"  style=\"width: 75%;\">\n                            <p class=\"oop-hero__pretext\">Servi\u00e7o p\u00f3s-venda<\/p>\n                        <h1 class=\"oop-hero__title\">Manuten\u00e7\u00e3o e fornecimentos para a sua instala\u00e7\u00e3o<\/h1>\n                            <a class=\"button3 inverted\" href=\"#formContacto\" class=\"oop-hero__button\">Contactar<\/a>\n                    <\/div>\n    <\/div>\n<\/div>\n\n<script>\n    document.addEventListener('DOMContentLoaded', function() {\n        var backgroundImage = 'https:\/\/www.inprisa.com\/wp-content\/uploads\/2024\/02\/inprisa-servicio-postventa-1.jpg';\n        if (window.innerWidth <= 768) backgroundImage = 'https:\/\/www.inprisa.com\/wp-content\/uploads\/2024\/03\/Fondo-per-programador-3.png';\n        document.getElementById('oop-hero-block_9de9030ba1b7bfcb14c6326ee5ed96a6').style.backgroundImage = 'url(' + backgroundImage + ')';\n    });\n<\/script>\n\n\n\n<div class=\"oop-cta white with-button\" id=\"oop-cta-block_736d406c73cc01df03ead211f58fdeb1\">\n    <div class=\"oop-cta__content container\">\n\n        <div class=\" two-columns\">\n            <div class=\" first-column\">\n                <p class=\"oop-cta__pretext\">Manuten\u00e7\u00e3o<\/p>\n            <\/div>\n            <div class=\"second-column\">\n                <h2 class=\"oop-cta__title small\">Contamos com uma equipa de especialistas altamente qualificados que trabalham na manuten\u00e7\u00e3o da sua instala\u00e7\u00e3o, bem como em qualquer problema t\u00e9cnico que possa surgir.<\/h2>\n                                    <div class=\"oop-cta__button\">\n                        <a href=\"#formContacto\" class=\"button3\">Contacte-nos<\/a>\n                    <\/div>\n                            <\/div>\n        <\/div>\n\n    <\/div>\n<\/div>\n\n\n<div class=\"oop-cta softblue with-button\" id=\"oop-cta-block_a843d1752b2fc51ffda33e813f173cec\">\n    <div class=\"oop-cta__content container\">\n\n        <div class=\" two-columns\">\n            <div class=\" first-column\">\n                <p class=\"oop-cta__pretext\">Consum\u00edveis e fornecimentos<\/p>\n            <\/div>\n            <div class=\"second-column\">\n                <h2 class=\"oop-cta__title small\">Dispomos de um cat\u00e1logo com mais de 5000 refer\u00eancias que v\u00e3o desde pequenas pe\u00e7as a grandes consum\u00edveis. Entregamos o que \u00e9 necess\u00e1rio no mais curto espa\u00e7o de tempo poss\u00edvel.<\/h2>\n                                    <div class=\"oop-cta__button\">\n                        <a href=\"#formContacto\" class=\"button3\">Contacte-nos<\/a>\n                    <\/div>\n                            <\/div>\n        <\/div>\n\n    <\/div>\n<\/div>\n\n\n<div class=\"oop-image\" id=\"oop-image-block_32f02204d34cd1f99e0b1d817bbdfe76\"><img decoding=\"async\" src=\"https:\/\/www.inprisa.com\/wp-content\/uploads\/2024\/02\/inprisa-servicio-postventa-1-1-e1717001432627.jpg\" alt=\"Inprisa\"\/><\/div>","protected":false},"excerpt":{"rendered":"","protected":false},"author":1,"featured_media":1233,"parent":0,"menu_order":0,"comment_status":"closed","ping_status":"closed","template":"","meta":{"_acf_changed":false,"_monsterinsights_skip_tracking":false,"_monsterinsights_sitenote_active":false,"_monsterinsights_sitenote_note":"","_monsterinsights_sitenote_category":0,"footnotes":""},"class_list":["post-1230","page","type-page","status-publish","has-post-thumbnail","hentry"],"acf":[],"yoast_head":"<!-- This site is optimized with the Yoast SEO plugin v27.4 - https:\/\/yoast.com\/product\/yoast-seo-wordpress\/ -->\n<title>Servi\u00e7o p\u00f3s-venda | Inprisa<\/title>\n<meta name=\"description\" content=\"Contamos con un equipo de especialistas que trabajan en el mantenimiento de tu instalaci\u00f3n o en cualquier problema t\u00e9cnico que pueda surgir.\" \/>\n<meta name=\"robots\" content=\"index, follow, max-snippet:-1, max-image-preview:large, max-video-preview:-1\" \/>\n<link rel=\"canonical\" href=\"https:\/\/www.inprisa.com\/pt-pt\/servicio-postventa\/\" \/>\n<meta property=\"og:locale\" content=\"pt_PT\" \/>\n<meta property=\"og:type\" content=\"article\" \/>\n<meta property=\"og:title\" content=\"Servi\u00e7o p\u00f3s-venda | Inprisa\" \/>\n<meta property=\"og:description\" content=\"Contamos con un equipo de especialistas que trabajan en el mantenimiento de tu instalaci\u00f3n o en cualquier problema t\u00e9cnico que pueda surgir.\" \/>\n<meta property=\"og:url\" content=\"https:\/\/www.inprisa.com\/pt-pt\/servicio-postventa\/\" \/>\n<meta property=\"og:site_name\" content=\"Inprisa\" \/>\n<meta property=\"article:modified_time\" content=\"2024-07-12T10:26:34+00:00\" \/>\n<meta property=\"og:image\" content=\"https:\/\/www.inprisa.com\/wp-content\/uploads\/2024\/02\/inprisa-home.jpg\" \/>\n\t<meta property=\"og:image:width\" content=\"1920\" \/>\n\t<meta property=\"og:image:height\" content=\"1280\" \/>\n\t<meta property=\"og:image:type\" content=\"image\/jpeg\" \/>\n<meta name=\"twitter:card\" content=\"summary_large_image\" \/>\n<script type=\"application\/ld+json\" class=\"yoast-schema-graph\">{\"@context\":\"https:\\\/\\\/schema.org\",\"@graph\":[{\"@type\":\"WebPage\",\"@id\":\"https:\\\/\\\/www.inprisa.com\\\/pt-pt\\\/servicio-postventa\\\/\",\"url\":\"https:\\\/\\\/www.inprisa.com\\\/pt-pt\\\/servicio-postventa\\\/\",\"name\":\"Servi\u00e7o p\u00f3s-venda | Inprisa\",\"isPartOf\":{\"@id\":\"https:\\\/\\\/www.inprisa.com\\\/pt-pt\\\/#website\"},\"primaryImageOfPage\":{\"@id\":\"https:\\\/\\\/www.inprisa.com\\\/pt-pt\\\/servicio-postventa\\\/#primaryimage\"},\"image\":{\"@id\":\"https:\\\/\\\/www.inprisa.com\\\/pt-pt\\\/servicio-postventa\\\/#primaryimage\"},\"thumbnailUrl\":\"https:\\\/\\\/www.inprisa.com\\\/wp-content\\\/uploads\\\/2024\\\/02\\\/inprisa-servicio-postventa-1-1-e1717001432627.jpg\",\"datePublished\":\"2024-02-25T16:41:47+00:00\",\"dateModified\":\"2024-07-12T10:26:34+00:00\",\"description\":\"Contamos con un equipo de especialistas que trabajan en el mantenimiento de tu instalaci\u00f3n o en cualquier problema t\u00e9cnico que pueda surgir.\",\"breadcrumb\":{\"@id\":\"https:\\\/\\\/www.inprisa.com\\\/pt-pt\\\/servicio-postventa\\\/#breadcrumb\"},\"inLanguage\":\"pt-PT\",\"potentialAction\":[{\"@type\":\"ReadAction\",\"target\":[\"https:\\\/\\\/www.inprisa.com\\\/pt-pt\\\/servicio-postventa\\\/\"]}]},{\"@type\":\"ImageObject\",\"inLanguage\":\"pt-PT\",\"@id\":\"https:\\\/\\\/www.inprisa.com\\\/pt-pt\\\/servicio-postventa\\\/#primaryimage\",\"url\":\"https:\\\/\\\/www.inprisa.com\\\/wp-content\\\/uploads\\\/2024\\\/02\\\/inprisa-servicio-postventa-1-1-e1717001432627.jpg\",\"contentUrl\":\"https:\\\/\\\/www.inprisa.com\\\/wp-content\\\/uploads\\\/2024\\\/02\\\/inprisa-servicio-postventa-1-1-e1717001432627.jpg\",\"width\":1125,\"height\":813},{\"@type\":\"BreadcrumbList\",\"@id\":\"https:\\\/\\\/www.inprisa.com\\\/pt-pt\\\/servicio-postventa\\\/#breadcrumb\",\"itemListElement\":[{\"@type\":\"ListItem\",\"position\":1,\"name\":\"Inicio\",\"item\":\"https:\\\/\\\/www.inprisa.com\\\/pt-pt\\\/inprisa-2\\\/\"},{\"@type\":\"ListItem\",\"position\":2,\"name\":\"Servi\u00e7o p\u00f3s-venda\"}]},{\"@type\":\"WebSite\",\"@id\":\"https:\\\/\\\/www.inprisa.com\\\/pt-pt\\\/#website\",\"url\":\"https:\\\/\\\/www.inprisa.com\\\/pt-pt\\\/\",\"name\":\"Inprisa\",\"description\":\"Expertos en maquinaria\\u2028para el tratamiento de\\u2028superficies y aguas.\",\"publisher\":{\"@id\":\"https:\\\/\\\/www.inprisa.com\\\/pt-pt\\\/#organization\"},\"alternateName\":\"Inprisa\",\"potentialAction\":[{\"@type\":\"SearchAction\",\"target\":{\"@type\":\"EntryPoint\",\"urlTemplate\":\"https:\\\/\\\/www.inprisa.com\\\/pt-pt\\\/?s={search_term_string}\"},\"query-input\":{\"@type\":\"PropertyValueSpecification\",\"valueRequired\":true,\"valueName\":\"search_term_string\"}}],\"inLanguage\":\"pt-PT\"},{\"@type\":\"Organization\",\"@id\":\"https:\\\/\\\/www.inprisa.com\\\/pt-pt\\\/#organization\",\"name\":\"Inprisa\",\"alternateName\":\"Inprisa\",\"url\":\"https:\\\/\\\/www.inprisa.com\\\/pt-pt\\\/\",\"logo\":{\"@type\":\"ImageObject\",\"inLanguage\":\"pt-PT\",\"@id\":\"https:\\\/\\\/www.inprisa.com\\\/pt-pt\\\/#\\\/schema\\\/logo\\\/image\\\/\",\"url\":\"https:\\\/\\\/www.inprisa.com\\\/wp-content\\\/uploads\\\/2024\\\/02\\\/inprisa.png\",\"contentUrl\":\"https:\\\/\\\/www.inprisa.com\\\/wp-content\\\/uploads\\\/2024\\\/02\\\/inprisa.png\",\"width\":737,\"height\":200,\"caption\":\"Inprisa\"},\"image\":{\"@id\":\"https:\\\/\\\/www.inprisa.com\\\/pt-pt\\\/#\\\/schema\\\/logo\\\/image\\\/\"}}]}<\/script>\n<!-- \/ Yoast SEO plugin. -->","yoast_head_json":{"title":"Servi\u00e7o p\u00f3s-venda | Inprisa","description":"Contamos con un equipo de especialistas que trabajan en el mantenimiento de tu instalaci\u00f3n o en cualquier problema t\u00e9cnico que pueda surgir.","robots":{"index":"index","follow":"follow","max-snippet":"max-snippet:-1","max-image-preview":"max-image-preview:large","max-video-preview":"max-video-preview:-1"},"canonical":"https:\/\/www.inprisa.com\/pt-pt\/servicio-postventa\/","og_locale":"pt_PT","og_type":"article","og_title":"Servi\u00e7o p\u00f3s-venda | Inprisa","og_description":"Contamos con un equipo de especialistas que trabajan en el mantenimiento de tu instalaci\u00f3n o en cualquier problema t\u00e9cnico que pueda surgir.","og_url":"https:\/\/www.inprisa.com\/pt-pt\/servicio-postventa\/","og_site_name":"Inprisa","article_modified_time":"2024-07-12T10:26:34+00:00","og_image":[{"width":1920,"height":1280,"url":"https:\/\/www.inprisa.com\/wp-content\/uploads\/2024\/02\/inprisa-home.jpg","type":"image\/jpeg"}],"twitter_card":"summary_large_image","schema":{"@context":"https:\/\/schema.org","@graph":[{"@type":"WebPage","@id":"https:\/\/www.inprisa.com\/pt-pt\/servicio-postventa\/","url":"https:\/\/www.inprisa.com\/pt-pt\/servicio-postventa\/","name":"Servi\u00e7o p\u00f3s-venda | Inprisa","isPartOf":{"@id":"https:\/\/www.inprisa.com\/pt-pt\/#website"},"primaryImageOfPage":{"@id":"https:\/\/www.inprisa.com\/pt-pt\/servicio-postventa\/#primaryimage"},"image":{"@id":"https:\/\/www.inprisa.com\/pt-pt\/servicio-postventa\/#primaryimage"},"thumbnailUrl":"https:\/\/www.inprisa.com\/wp-content\/uploads\/2024\/02\/inprisa-servicio-postventa-1-1-e1717001432627.jpg","datePublished":"2024-02-25T16:41:47+00:00","dateModified":"2024-07-12T10:26:34+00:00","description":"Contamos con un equipo de especialistas que trabajan en el mantenimiento de tu instalaci\u00f3n o en cualquier problema t\u00e9cnico que pueda surgir.","breadcrumb":{"@id":"https:\/\/www.inprisa.com\/pt-pt\/servicio-postventa\/#breadcrumb"},"inLanguage":"pt-PT","potentialAction":[{"@type":"ReadAction","target":["https:\/\/www.inprisa.com\/pt-pt\/servicio-postventa\/"]}]},{"@type":"ImageObject","inLanguage":"pt-PT","@id":"https:\/\/www.inprisa.com\/pt-pt\/servicio-postventa\/#primaryimage","url":"https:\/\/www.inprisa.com\/wp-content\/uploads\/2024\/02\/inprisa-servicio-postventa-1-1-e1717001432627.jpg","contentUrl":"https:\/\/www.inprisa.com\/wp-content\/uploads\/2024\/02\/inprisa-servicio-postventa-1-1-e1717001432627.jpg","width":1125,"height":813},{"@type":"BreadcrumbList","@id":"https:\/\/www.inprisa.com\/pt-pt\/servicio-postventa\/#breadcrumb","itemListElement":[{"@type":"ListItem","position":1,"name":"Inicio","item":"https:\/\/www.inprisa.com\/pt-pt\/inprisa-2\/"},{"@type":"ListItem","position":2,"name":"Servi\u00e7o p\u00f3s-venda"}]},{"@type":"WebSite","@id":"https:\/\/www.inprisa.com\/pt-pt\/#website","url":"https:\/\/www.inprisa.com\/pt-pt\/","name":"Inprisa","description":"Expertos en maquinaria\u2028para el tratamiento de\u2028superficies y aguas.","publisher":{"@id":"https:\/\/www.inprisa.com\/pt-pt\/#organization"},"alternateName":"Inprisa","potentialAction":[{"@type":"SearchAction","target":{"@type":"EntryPoint","urlTemplate":"https:\/\/www.inprisa.com\/pt-pt\/?s={search_term_string}"},"query-input":{"@type":"PropertyValueSpecification","valueRequired":true,"valueName":"search_term_string"}}],"inLanguage":"pt-PT"},{"@type":"Organization","@id":"https:\/\/www.inprisa.com\/pt-pt\/#organization","name":"Inprisa","alternateName":"Inprisa","url":"https:\/\/www.inprisa.com\/pt-pt\/","logo":{"@type":"ImageObject","inLanguage":"pt-PT","@id":"https:\/\/www.inprisa.com\/pt-pt\/#\/schema\/logo\/image\/","url":"https:\/\/www.inprisa.com\/wp-content\/uploads\/2024\/02\/inprisa.png","contentUrl":"https:\/\/www.inprisa.com\/wp-content\/uploads\/2024\/02\/inprisa.png","width":737,"height":200,"caption":"Inprisa"},"image":{"@id":"https:\/\/www.inprisa.com\/pt-pt\/#\/schema\/logo\/image\/"}}]}},"_links":{"self":[{"href":"https:\/\/www.inprisa.com\/pt-pt\/wp-json\/wp\/v2\/pages\/1230","targetHints":{"allow":["GET"]}}],"collection":[{"href":"https:\/\/www.inprisa.com\/pt-pt\/wp-json\/wp\/v2\/pages"}],"about":[{"href":"https:\/\/www.inprisa.com\/pt-pt\/wp-json\/wp\/v2\/types\/page"}],"author":[{"embeddable":true,"href":"https:\/\/www.inprisa.com\/pt-pt\/wp-json\/wp\/v2\/users\/1"}],"replies":[{"embeddable":true,"href":"https:\/\/www.inprisa.com\/pt-pt\/wp-json\/wp\/v2\/comments?post=1230"}],"version-history":[{"count":2,"href":"https:\/\/www.inprisa.com\/pt-pt\/wp-json\/wp\/v2\/pages\/1230\/revisions"}],"predecessor-version":[{"id":1590,"href":"https:\/\/www.inprisa.com\/pt-pt\/wp-json\/wp\/v2\/pages\/1230\/revisions\/1590"}],"wp:featuredmedia":[{"embeddable":true,"href":"https:\/\/www.inprisa.com\/pt-pt\/wp-json\/wp\/v2\/media\/1233"}],"wp:attachment":[{"href":"https:\/\/www.inprisa.com\/pt-pt\/wp-json\/wp\/v2\/media?parent=1230"}],"curies":[{"name":"wp","href":"https:\/\/api.w.org\/{rel}","templated":true}]}}