{"id":1166,"date":"2024-02-25T16:11:09","date_gmt":"2024-02-25T15:11:09","guid":{"rendered":"https:\/\/www.inprisa.com\/politica-de-privacidad\/"},"modified":"2024-07-12T12:13:08","modified_gmt":"2024-07-12T10:13:08","slug":"politica-de-privacidad","status":"publish","type":"page","link":"https:\/\/www.inprisa.com\/pt-pt\/politica-de-privacidad\/","title":{"rendered":"Pol\u00edtica de privacidade"},"content":{"rendered":"\n<h1 class=\"wp-block-heading\">Pol\u00edtica de privacidade<\/h1>\n\n\n\n<p>A visita a este Website n\u00e3o implica que o Utilizador seja obrigado a fornecer qualquer informa\u00e7\u00e3o. No caso de o Utilizador fornecer qualquer informa\u00e7\u00e3o pessoal, os dados recolhidos neste Website ser\u00e3o tratados de forma justa e l\u00edcita, estando sempre sujeitos aos princ\u00edpios e direitos estabelecidos no Regulamento (UE) 2016\/679, de 27 de abril, Regulamento Geral sobre Prote\u00e7\u00e3o de Dados (RGPD) e outros regulamentos aplic\u00e1veis.<\/p>\n\n\n\n<p>Em cumprimento do disposto no artigo 13.\u00b0 do RGPD, informamos o seguinte:<\/p>\n\n\n\n<h2 class=\"wp-block-heading\"><strong>1. Respons\u00e1vel<\/strong><\/h2>\n\n\n\n<p>Nome empresa: Inprisa Autom SL (doravante, \u201cINPRISA\u201d)<\/p>\n\n\n\n<p><a href=\"NIF: B72948300\">NIF: B72948300<\/a><\/p>\n\n\n\n<p>Morada: Tirso de Molina, 29, Pol. Industrial Almeda, 08940 Cornell\u00e0 de Lobregat (Barcelona)<\/p>\n\n\n\n<p>Se tiver d\u00favidas, contacte o seguinte endere\u00e7o eletr\u00f3nico: inprisa@inprisa.com<\/p>\n\n\n\n<h2 class=\"wp-block-heading\"><strong>2. Informa\u00e7\u00f5es e consentimento<\/strong><\/h2>\n\n\n\n<p>Mediante a aceita\u00e7\u00e3o da presente Pol\u00edtica de Privacidade, o Utilizador (doravante, o \u201cUtilizador\u201d ou os \u201cUtilizadores\u201d) \u00e9 informado e presta o seu consentimento livre, informado, espec\u00edfico e inequ\u00edvoco para que os dados pessoais facultados atrav\u00e9s do website localizado na URL [www.inprisa.com] (doravante, o \u201cWebsite\u201d) sejam tratados pela INPRISA, bem como os dados derivados da sua navega\u00e7\u00e3o e quaisquer outros dados que possa facultar no futuro.<\/p>\n\n\n\n<p>O Utilizador deve ler atentamente a presente Pol\u00edtica de Privacidade, que foi redigida de forma clara e simples, para facilitar a sua compreens\u00e3o, podendo o Utilizador determinar livre e voluntariamente se pretende facultar os seus dados pessoais \u00e0 INPRISA.<\/p>\n\n\n\n<h2 class=\"wp-block-heading\"><strong>3. Finalidade do tratamento de dados<\/strong><\/h2>\n\n\n\n<p>O Utilizador, ao facilitar voluntariamente os seus dados pessoais atrav\u00e9s de qualquer formul\u00e1rio deste Website e aceitar o seu envio, autoriza expressamente a INPRISA a tratar e incorporar num ficheiro da sua propriedade os dados remitidos.<\/p>\n\n\n\n<p>A recolha e o tratamento dos dados pessoais fornecidos pelo Utilizador t\u00eam como finalidade principal responder ao contacto e enviar-lhe informa\u00e7\u00f5es comerciais e\/ou publicit\u00e1rias. No entanto, tamb\u00e9m tem como finalidade as seguintes a\u00e7\u00f5es:<\/p>\n\n\n\n<ul class=\"wp-block-list\">\n<li>Contactar o remetente da informa\u00e7\u00e3o, responder ao seu pedido, inqu\u00e9rito ou consulta, e gerir a publica\u00e7\u00e3o de consultas e coment\u00e1rios e fazer o subsequente acompanhamento.<\/li>\n\n\n\n<li>Gerir, se for caso disso, a sua encomenda e prestar o servi\u00e7o contratado pelo Utilizador, a sua fatura\u00e7\u00e3o e cobran\u00e7a.<\/li>\n\n\n\n<li>Gerir e controlar a carteira de clientes.<\/li>\n\n\n\n<li>Gerir, se for caso disso, o processo de registo do Utilizador na Plataforma Online.<\/li>\n\n\n\n<li>Avaliar e gerir, se for caso disso, o seu curriculum vitae para processos de sele\u00e7\u00e3o que se adaptem ao seu perfil profissional e realizar as a\u00e7\u00f5es necess\u00e1rias para a sele\u00e7\u00e3o e contrata\u00e7\u00e3o de pessoal.<\/li>\n<\/ul>\n\n\n\n<p>Em virtude do disposto na Lei 34\/2002, de 11 de julho, de Servi\u00e7os da Sociedade da Informa\u00e7\u00e3o e Com\u00e9rcio Eletr\u00f3nico, em caso nenhum, a INPRISA enviar\u00e1 publicidade e comunica\u00e7\u00f5es com fins comerciais ou outros aos Utilizadores sem o seu pr\u00e9vio pedido ou consentimento. Tamb\u00e9m n\u00e3o enviar\u00e1 mensagens n\u00e3o solicitadas nem previamente consentidas, nem enviar\u00e1 correntes de mensagens eletr\u00f3nicas n\u00e3o solicitadas nem previamente consentidas.<\/p>\n\n\n\n<p>Os dados pessoais fornecidos pelo Utilizador dever\u00e3o ser verdadeiros, exatos, completos e atualizados, sendo o Utilizador respons\u00e1vel por quaisquer danos que possam ser causados em resultado do n\u00e3o cumprimento desta obriga\u00e7\u00e3o.<\/p>\n\n\n\n<h2 class=\"wp-block-heading\"><strong>4. Prote\u00e7\u00e3o dos menores<\/strong><\/h2>\n\n\n\n<p>N\u00e3o recolhemos dados pessoais de menores. \u00c9 da responsabilidade dos pais\/tutores legais assegurar a privacidade dos menores, envidando todos os esfor\u00e7os para garantir que estes consentiram na recolha e utiliza\u00e7\u00e3o dos dados pessoais do menor.<\/p>\n\n\n\n<h2 class=\"wp-block-heading\"><strong>5. Dura\u00e7\u00e3o do tratamento de dados<\/strong><\/h2>\n\n\n\n<ul class=\"wp-block-list\">\n<li>Os dados para a gest\u00e3o da rela\u00e7\u00e3o com o cliente e para a fatura\u00e7\u00e3o e cobran\u00e7a dos servi\u00e7os ser\u00e3o conservados enquanto o contrato estiver em vigor. Uma vez terminada esta rela\u00e7\u00e3o, se for caso disso, os dados podem ser conservados durante o tempo exigido pela legisla\u00e7\u00e3o aplic\u00e1vel e at\u00e9 ao termo das eventuais responsabilidades decorrentes do contrato.<\/li>\n\n\n\n<li>Os dados relativos \u00e0 gest\u00e3o de consultas e pedidos ser\u00e3o conservados durante o tempo necess\u00e1rio para lhes dar resposta e, posteriormente, ser\u00e3o conservados indefinidamente at\u00e9 que, se for caso disso, o Utilizador manifeste a sua vontade de os apagar.<\/li>\n\n\n\n<li>Os dados relativos a publica\u00e7\u00f5es de coment\u00e1rios sobre os nossos produtos ser\u00e3o conservados durante o per\u00edodo de validade e de publicidade dos produtos ou servi\u00e7os a que se referem, exceto se o Utilizador manifestar o seu desejo de os apagar em qualquer momento.<\/li>\n\n\n\n<li>Os dados para o envio de comunica\u00e7\u00f5es comerciais e a cria\u00e7\u00e3o de perfis comerciais dos nossos produtos ou servi\u00e7os ser\u00e3o conservados indefinidamente at\u00e9 que, se for caso disso, o Utilizador manifeste a sua vontade de os apagar.<\/li>\n\n\n\n<li>Os dados do curriculum vitae para os processos de sele\u00e7\u00e3o ser\u00e3o conservados indefinidamente at\u00e9 que, se for caso disso, manifeste a sua vontade de os apagar.<\/li>\n<\/ul>\n\n\n\n<h2 class=\"wp-block-heading\"><strong>6. Direitos que o Utilizador tem em rela\u00e7\u00e3o aos seus dados<\/strong><\/h2>\n\n\n\n<p>O interessado tem os seguintes direitos:<\/p>\n\n\n\n<ul class=\"wp-block-list\">\n<li>Poder\u00e1 solicitar informa\u00e7\u00f5es sobre os dados pessoais armazenados que lhe dizem respeito (acesso)<\/li>\n\n\n\n<li>Poder\u00e1 solicitar a corre\u00e7\u00e3o de inexatid\u00f5es dos seus dados pessoais (retifica\u00e7\u00e3o)<\/li>\n\n\n\n<li>Poder\u00e1 solicitar a elimina\u00e7\u00e3o ou limita\u00e7\u00e3o do tratamento dos seus dados pessoais e (apagamento e limita\u00e7\u00e3o)<\/li>\n\n\n\n<li>Tamb\u00e9m poder\u00e1 solicitar que os seus dados pessoais lhe sejam disponibilizados num formato estruturado, normalizado e de leitura mec\u00e2nica. (portabilidade)<\/li>\n<\/ul>\n\n\n\n<p>Para isso, dever\u00e1 dirigir-se por escrito \u00e0 nossa empresa, juntando uma c\u00f3pia de um documento de identifica\u00e7\u00e3o, para a morada Tirso de Molina, 29, Pol. Industrial Almeda, 08940 Cornell\u00e0 de Lobregat (Barcelona), ou atrav\u00e9s do nosso endere\u00e7o eletr\u00f3nico inprisa@inprisa.com.<\/p>\n\n\n\n<p>O interessado tem ainda direito a apresentar uma reclama\u00e7\u00e3o junto das autoridades de prote\u00e7\u00e3o de dados (Ag\u00eancia Espanhola de Prote\u00e7\u00e3o de Dados). No entanto, convidamo-lo a contactar-nos se tiver alguma quest\u00e3o relacionada com os seus dados.<\/p>\n\n\n\n<h2 class=\"wp-block-heading\"><strong>7. Legitima\u00e7\u00e3o para o tratamento de dados<\/strong><\/h2>\n\n\n\n<p>A base legal para o tratamento de dados \u00e9 o consentimento expresso do interessado.<\/p>\n\n\n\n<h2 class=\"wp-block-heading\"><strong>8. Destinat\u00e1rios<\/strong><\/h2>\n\n\n\n<p>Para podermos prestar um servi\u00e7o de m\u00e1xima qualidade, a INPRISA necessita de partilhar os seus Dados Pessoais com entidades externas ou fornecedores que nos ajudam a oferecer o melhor servi\u00e7o.<\/p>\n\n\n\n<ul class=\"wp-block-list\">\n<li>Entidades que nos ajudam em diferentes quest\u00f5es relacionadas com o Servi\u00e7o. Na INPRISA, garantimos que todos os nossos fornecedores que podem ter acesso aos seus Dados Pessoais atuam de forma confidencial, leal e em conformidade com todas as leis e regulamentos aplic\u00e1veis.<\/li>\n\n\n\n<li>\u00c0s institui\u00e7\u00f5es financeiras atrav\u00e9s das quais se articula a gest\u00e3o de cobran\u00e7as e pagamentos.<\/li>\n\n\n\n<li>\u00c0s administra\u00e7\u00f5es p\u00fablicas competentes, nos casos previstos na lei e para os fins nela definidos.<\/li>\n<\/ul>\n\n\n\n<h2 class=\"wp-block-heading\"><strong>9. Medidas de seguran\u00e7a<\/strong><\/h2>\n\n\n\n<p>A INPRISA tratar\u00e1 em todo o momento os dados do Utilizador com a m\u00e1xima confidencialidade e manter\u00e1 o dever de sigilo obrigat\u00f3rio sobre os mesmos, em conformidade com o disposto na regulamenta\u00e7\u00e3o aplic\u00e1vel, adotando para o efeito as medidas t\u00e9cnicas e organizativas necess\u00e1rias para garantir a seguran\u00e7a dos seus dados e evitar a sua altera\u00e7\u00e3o, perda, tratamento ou acesso n\u00e3o autorizado, tendo em conta o estado da tecnologia, a natureza dos dados armazenados e os riscos a que est\u00e3o expostos.<\/p>\n\n\n\n<h2 class=\"wp-block-heading\"><strong>10. Altera\u00e7\u00f5es<\/strong><\/h2>\n\n\n\n<p>A INPRISA reserva-se o direito de modificar a presente pol\u00edtica para a adaptar a novidades legislativas ou jurisprudenciais, assim como a pr\u00e1ticas da ind\u00fastria. Nos referidos supostos, a INPRISA anunciar\u00e1 nesta p\u00e1gina as mudan\u00e7as introduzidas com uma anteced\u00eancia razo\u00e1vel \u00e0 sua implementa\u00e7\u00e3o.<\/p>\n\n\n\n<h2 class=\"wp-block-heading\"><strong>11. Aceita\u00e7\u00e3o e consentimento<\/strong><\/h2>\n\n\n\n<p>O Utilizador declara ter sido informado das condi\u00e7\u00f5es sobre prote\u00e7\u00e3o de dados pessoais, aceitando e consentindo o tratamento automatizado dos mesmos pela INPRISA, na forma e para os fins indicados na presente Pol\u00edtica de Privacidade.<\/p>\n","protected":false},"excerpt":{"rendered":"<p>Pol\u00edtica de privacidade A visita a este Website n\u00e3o implica que o Utilizador seja obrigado a fornecer qualquer informa\u00e7\u00e3o. No caso de o Utilizador fornecer qualquer informa\u00e7\u00e3o pessoal, os dados recolhidos neste Website ser\u00e3o tratados de forma justa e l\u00edcita, estando sempre sujeitos aos princ\u00edpios e direitos estabelecidos no Regulamento (UE) 2016\/679, de 27 de [&hellip;]<\/p>\n","protected":false},"author":1,"featured_media":0,"parent":0,"menu_order":0,"comment_status":"closed","ping_status":"closed","template":"","meta":{"_acf_changed":false,"_monsterinsights_skip_tracking":false,"_monsterinsights_sitenote_active":false,"_monsterinsights_sitenote_note":"","_monsterinsights_sitenote_category":0,"footnotes":""},"class_list":["post-1166","page","type-page","status-publish","hentry"],"acf":[],"yoast_head":"<!-- This site is optimized with the Yoast SEO plugin v27.4 - https:\/\/yoast.com\/product\/yoast-seo-wordpress\/ -->\n<title>Pol\u00edtica de privacidade | Inprisa<\/title>\n<meta name=\"description\" content=\"Compartimos nuestra pol\u00edtica de privacidad, como retenemos, procesamos y manejamos los datos del usuario y el cliente. Queremos informarte.\" \/>\n<meta name=\"robots\" content=\"index, follow, max-snippet:-1, max-image-preview:large, max-video-preview:-1\" \/>\n<link rel=\"canonical\" href=\"https:\/\/www.inprisa.com\/pt-pt\/politica-de-privacidad\/\" \/>\n<meta property=\"og:locale\" content=\"pt_PT\" \/>\n<meta property=\"og:type\" content=\"article\" \/>\n<meta property=\"og:title\" content=\"Pol\u00edtica de privacidade | Inprisa\" \/>\n<meta property=\"og:description\" content=\"Compartimos nuestra pol\u00edtica de privacidad, como retenemos, procesamos y manejamos los datos del usuario y el cliente. Queremos informarte.\" \/>\n<meta property=\"og:url\" content=\"https:\/\/www.inprisa.com\/pt-pt\/politica-de-privacidad\/\" \/>\n<meta property=\"og:site_name\" content=\"Inprisa\" \/>\n<meta property=\"article:modified_time\" content=\"2024-07-12T10:13:08+00:00\" \/>\n<meta property=\"og:image\" content=\"https:\/\/www.inprisa.com\/wp-content\/uploads\/2024\/02\/inprisa-home.jpg\" \/>\n\t<meta property=\"og:image:width\" content=\"1920\" \/>\n\t<meta property=\"og:image:height\" content=\"1280\" \/>\n\t<meta property=\"og:image:type\" content=\"image\/jpeg\" \/>\n<meta name=\"twitter:card\" content=\"summary_large_image\" \/>\n<meta name=\"twitter:label1\" content=\"Tempo estimado de leitura\" \/>\n\t<meta name=\"twitter:data1\" content=\"7 minutos\" \/>\n<script type=\"application\/ld+json\" class=\"yoast-schema-graph\">{\"@context\":\"https:\\\/\\\/schema.org\",\"@graph\":[{\"@type\":\"WebPage\",\"@id\":\"https:\\\/\\\/www.inprisa.com\\\/pt-pt\\\/politica-de-privacidad\\\/\",\"url\":\"https:\\\/\\\/www.inprisa.com\\\/pt-pt\\\/politica-de-privacidad\\\/\",\"name\":\"Pol\u00edtica de privacidade | Inprisa\",\"isPartOf\":{\"@id\":\"https:\\\/\\\/www.inprisa.com\\\/pt-pt\\\/#website\"},\"datePublished\":\"2024-02-25T15:11:09+00:00\",\"dateModified\":\"2024-07-12T10:13:08+00:00\",\"description\":\"Compartimos nuestra pol\u00edtica de privacidad, como retenemos, procesamos y manejamos los datos del usuario y el cliente. Queremos informarte.\",\"breadcrumb\":{\"@id\":\"https:\\\/\\\/www.inprisa.com\\\/pt-pt\\\/politica-de-privacidad\\\/#breadcrumb\"},\"inLanguage\":\"pt-PT\",\"potentialAction\":[{\"@type\":\"ReadAction\",\"target\":[\"https:\\\/\\\/www.inprisa.com\\\/pt-pt\\\/politica-de-privacidad\\\/\"]}]},{\"@type\":\"BreadcrumbList\",\"@id\":\"https:\\\/\\\/www.inprisa.com\\\/pt-pt\\\/politica-de-privacidad\\\/#breadcrumb\",\"itemListElement\":[{\"@type\":\"ListItem\",\"position\":1,\"name\":\"Inicio\",\"item\":\"https:\\\/\\\/www.inprisa.com\\\/pt-pt\\\/inprisa-2\\\/\"},{\"@type\":\"ListItem\",\"position\":2,\"name\":\"Pol\u00edtica de privacidade\"}]},{\"@type\":\"WebSite\",\"@id\":\"https:\\\/\\\/www.inprisa.com\\\/pt-pt\\\/#website\",\"url\":\"https:\\\/\\\/www.inprisa.com\\\/pt-pt\\\/\",\"name\":\"Inprisa\",\"description\":\"Expertos en maquinaria\\u2028para el tratamiento de\\u2028superficies y aguas.\",\"publisher\":{\"@id\":\"https:\\\/\\\/www.inprisa.com\\\/pt-pt\\\/#organization\"},\"alternateName\":\"Inprisa\",\"potentialAction\":[{\"@type\":\"SearchAction\",\"target\":{\"@type\":\"EntryPoint\",\"urlTemplate\":\"https:\\\/\\\/www.inprisa.com\\\/pt-pt\\\/?s={search_term_string}\"},\"query-input\":{\"@type\":\"PropertyValueSpecification\",\"valueRequired\":true,\"valueName\":\"search_term_string\"}}],\"inLanguage\":\"pt-PT\"},{\"@type\":\"Organization\",\"@id\":\"https:\\\/\\\/www.inprisa.com\\\/pt-pt\\\/#organization\",\"name\":\"Inprisa\",\"alternateName\":\"Inprisa\",\"url\":\"https:\\\/\\\/www.inprisa.com\\\/pt-pt\\\/\",\"logo\":{\"@type\":\"ImageObject\",\"inLanguage\":\"pt-PT\",\"@id\":\"https:\\\/\\\/www.inprisa.com\\\/pt-pt\\\/#\\\/schema\\\/logo\\\/image\\\/\",\"url\":\"https:\\\/\\\/www.inprisa.com\\\/wp-content\\\/uploads\\\/2024\\\/02\\\/inprisa.png\",\"contentUrl\":\"https:\\\/\\\/www.inprisa.com\\\/wp-content\\\/uploads\\\/2024\\\/02\\\/inprisa.png\",\"width\":737,\"height\":200,\"caption\":\"Inprisa\"},\"image\":{\"@id\":\"https:\\\/\\\/www.inprisa.com\\\/pt-pt\\\/#\\\/schema\\\/logo\\\/image\\\/\"}}]}<\/script>\n<!-- \/ Yoast SEO plugin. -->","yoast_head_json":{"title":"Pol\u00edtica de privacidade | Inprisa","description":"Compartimos nuestra pol\u00edtica de privacidad, como retenemos, procesamos y manejamos los datos del usuario y el cliente. Queremos informarte.","robots":{"index":"index","follow":"follow","max-snippet":"max-snippet:-1","max-image-preview":"max-image-preview:large","max-video-preview":"max-video-preview:-1"},"canonical":"https:\/\/www.inprisa.com\/pt-pt\/politica-de-privacidad\/","og_locale":"pt_PT","og_type":"article","og_title":"Pol\u00edtica de privacidade | Inprisa","og_description":"Compartimos nuestra pol\u00edtica de privacidad, como retenemos, procesamos y manejamos los datos del usuario y el cliente. Queremos informarte.","og_url":"https:\/\/www.inprisa.com\/pt-pt\/politica-de-privacidad\/","og_site_name":"Inprisa","article_modified_time":"2024-07-12T10:13:08+00:00","og_image":[{"width":1920,"height":1280,"url":"https:\/\/www.inprisa.com\/wp-content\/uploads\/2024\/02\/inprisa-home.jpg","type":"image\/jpeg"}],"twitter_card":"summary_large_image","twitter_misc":{"Tempo estimado de leitura":"7 minutos"},"schema":{"@context":"https:\/\/schema.org","@graph":[{"@type":"WebPage","@id":"https:\/\/www.inprisa.com\/pt-pt\/politica-de-privacidad\/","url":"https:\/\/www.inprisa.com\/pt-pt\/politica-de-privacidad\/","name":"Pol\u00edtica de privacidade | Inprisa","isPartOf":{"@id":"https:\/\/www.inprisa.com\/pt-pt\/#website"},"datePublished":"2024-02-25T15:11:09+00:00","dateModified":"2024-07-12T10:13:08+00:00","description":"Compartimos nuestra pol\u00edtica de privacidad, como retenemos, procesamos y manejamos los datos del usuario y el cliente. Queremos informarte.","breadcrumb":{"@id":"https:\/\/www.inprisa.com\/pt-pt\/politica-de-privacidad\/#breadcrumb"},"inLanguage":"pt-PT","potentialAction":[{"@type":"ReadAction","target":["https:\/\/www.inprisa.com\/pt-pt\/politica-de-privacidad\/"]}]},{"@type":"BreadcrumbList","@id":"https:\/\/www.inprisa.com\/pt-pt\/politica-de-privacidad\/#breadcrumb","itemListElement":[{"@type":"ListItem","position":1,"name":"Inicio","item":"https:\/\/www.inprisa.com\/pt-pt\/inprisa-2\/"},{"@type":"ListItem","position":2,"name":"Pol\u00edtica de privacidade"}]},{"@type":"WebSite","@id":"https:\/\/www.inprisa.com\/pt-pt\/#website","url":"https:\/\/www.inprisa.com\/pt-pt\/","name":"Inprisa","description":"Expertos en maquinaria\u2028para el tratamiento de\u2028superficies y aguas.","publisher":{"@id":"https:\/\/www.inprisa.com\/pt-pt\/#organization"},"alternateName":"Inprisa","potentialAction":[{"@type":"SearchAction","target":{"@type":"EntryPoint","urlTemplate":"https:\/\/www.inprisa.com\/pt-pt\/?s={search_term_string}"},"query-input":{"@type":"PropertyValueSpecification","valueRequired":true,"valueName":"search_term_string"}}],"inLanguage":"pt-PT"},{"@type":"Organization","@id":"https:\/\/www.inprisa.com\/pt-pt\/#organization","name":"Inprisa","alternateName":"Inprisa","url":"https:\/\/www.inprisa.com\/pt-pt\/","logo":{"@type":"ImageObject","inLanguage":"pt-PT","@id":"https:\/\/www.inprisa.com\/pt-pt\/#\/schema\/logo\/image\/","url":"https:\/\/www.inprisa.com\/wp-content\/uploads\/2024\/02\/inprisa.png","contentUrl":"https:\/\/www.inprisa.com\/wp-content\/uploads\/2024\/02\/inprisa.png","width":737,"height":200,"caption":"Inprisa"},"image":{"@id":"https:\/\/www.inprisa.com\/pt-pt\/#\/schema\/logo\/image\/"}}]}},"_links":{"self":[{"href":"https:\/\/www.inprisa.com\/pt-pt\/wp-json\/wp\/v2\/pages\/1166","targetHints":{"allow":["GET"]}}],"collection":[{"href":"https:\/\/www.inprisa.com\/pt-pt\/wp-json\/wp\/v2\/pages"}],"about":[{"href":"https:\/\/www.inprisa.com\/pt-pt\/wp-json\/wp\/v2\/types\/page"}],"author":[{"embeddable":true,"href":"https:\/\/www.inprisa.com\/pt-pt\/wp-json\/wp\/v2\/users\/1"}],"replies":[{"embeddable":true,"href":"https:\/\/www.inprisa.com\/pt-pt\/wp-json\/wp\/v2\/comments?post=1166"}],"version-history":[{"count":2,"href":"https:\/\/www.inprisa.com\/pt-pt\/wp-json\/wp\/v2\/pages\/1166\/revisions"}],"predecessor-version":[{"id":1579,"href":"https:\/\/www.inprisa.com\/pt-pt\/wp-json\/wp\/v2\/pages\/1166\/revisions\/1579"}],"wp:attachment":[{"href":"https:\/\/www.inprisa.com\/pt-pt\/wp-json\/wp\/v2\/media?parent=1166"}],"curies":[{"name":"wp","href":"https:\/\/api.w.org\/{rel}","templated":true}]}}