{"id":1155,"date":"2024-02-25T17:46:59","date_gmt":"2024-02-25T16:46:59","guid":{"rendered":"https:\/\/www.inprisa.com\/politica-cookies\/"},"modified":"2024-07-12T12:12:03","modified_gmt":"2024-07-12T10:12:03","slug":"politica-cookies","status":"publish","type":"page","link":"https:\/\/www.inprisa.com\/pt-pt\/politica-cookies\/","title":{"rendered":"Pol\u00edtica de cookies"},"content":{"rendered":"\n<h1 class=\"wp-block-heading\">Pol\u00edtica de cookies<\/h1>\n\n\n\n<h2 class=\"wp-block-heading\"><strong>1. Introdu\u00e7\u00e3o<\/strong><\/h2>\n\n\n\n<p>O nosso website, www.inprisa.com (doravante, \u201co Website\u201d) utiliza cookies e outras tecnologias relacionadas (para maior conveni\u00eancia, todas as tecnologias s\u00e3o referidas como \u201ccookies\u201d). Os cookies s\u00e3o tamb\u00e9m colocados por terceiros com os quais celebr\u00e1mos contratos. No documento que se segue, informamo-lo sobre a utiliza\u00e7\u00e3o de cookies no nosso Website.<\/p>\n\n\n\n<h2 class=\"wp-block-heading\"><strong>2. O que s\u00e3o os cookies?<\/strong><\/h2>\n\n\n\n<p>Um cookie \u00e9 um pequeno ficheiro simples que \u00e9 enviado juntamente com as p\u00e1ginas deste Website e armazenado pelo seu navegador no disco r\u00edgido do seu computador ou de outro dispositivo. As informa\u00e7\u00f5es armazenadas podem ser devolvidas aos nossos servidores ou aos servidores de terceiros relevantes durante uma visita posterior.<\/p>\n\n\n\n<h2 class=\"wp-block-heading\"><strong>3. O que s\u00e3o os scripts?<\/strong><\/h2>\n\n\n\n<p>Um script \u00e9 um fragmento de c\u00f3digo de programa que \u00e9 utilizado para fazer com que o nosso Website funcione corretamente e de forma interativa. Este c\u00f3digo \u00e9 executado no nosso servidor ou no seu dispositivo.<\/p>\n\n\n\n<h2 class=\"wp-block-heading\"><strong>4. O que \u00e9 um web beacon?<\/strong><\/h2>\n\n\n\n<p>Um web beacon (ou pixel tag) \u00e9 um pequeno fragmento de texto ou imagem invis\u00edvel num website que \u00e9 utilizado para fazer o seguimento do tr\u00e1fego num website. Para isso, s\u00e3o armazenados v\u00e1rios dados sobre si atrav\u00e9s de web beacons.<\/p>\n\n\n\n<h2 class=\"wp-block-heading\"><strong>5. Cookies<\/strong><\/h2>\n\n\n\n<p><strong>5.1 Que tipos de cookies existem?<\/strong><\/p>\n\n\n\n<p>Por favor, consulte esta sec\u00e7\u00e3o que fornece uma vis\u00e3o geral da tipologia de cookies que podem ser utilizados num ambiente online. Consoante o propriet\u00e1rio dos cookies, estes podem ser classificados da seguinte forma:<\/p>\n\n\n\n<ul class=\"wp-block-list\">\n<li>Cookies pr\u00f3prios: S\u00e3o aqueles que s\u00e3o enviados para o computador ou dispositivo do Utilizador a partir de um computador ou dom\u00ednio gerido pelo pr\u00f3prio editor e a partir do qual a p\u00e1gina web ou o servi\u00e7o solicitado pelo Utilizador s\u00e3o disponibilizados.<\/li>\n\n\n\n<li>Cookies de terceiros: S\u00e3o aqueles que s\u00e3o enviados para o computador ou dispositivo do Utilizador a partir de um computador ou dom\u00ednio que n\u00e3o \u00e9 gerido pelo editor, mas sim por outra entidade que trata os dados obtidos atrav\u00e9s dos cookies.<\/li>\n<\/ul>\n\n\n\n<p>Consoante a finalidade do cookie, estes podem ser classificados da seguinte forma:<\/p>\n\n\n\n<ul class=\"wp-block-list\">\n<li>Cookies estritamente necess\u00e1rios (t\u00e9cnicos): S\u00e3o os que permitem ao Utilizador a navega\u00e7\u00e3o atrav\u00e9s de uma p\u00e1gina web, plataforma ou aplica\u00e7\u00e3o e a utiliza\u00e7\u00e3o das diferentes op\u00e7\u00f5es ou servi\u00e7os que existirem nas mesmas como, por exemplo, controlar o tr\u00e1fego, identificar dados ou a sess\u00e3o, aceder a sec\u00e7\u00f5es ou conte\u00fados de acesso restrito, recordar os elementos que integram uma encomenda, realizar o processo de compra de uma encomenda, gerir o pagamento, controlar a fraude vinculativa \u00e0 seguran\u00e7a do servi\u00e7o, utilizar elementos de seguran\u00e7a durante a navega\u00e7\u00e3o, realizar o pedido de inscri\u00e7\u00e3o ou participa\u00e7\u00e3o num evento, armazenar conte\u00fados para a divulga\u00e7\u00e3o de v\u00eddeos ou som, ativar conte\u00fados din\u00e2micos (por exemplo, anima\u00e7\u00e3o de carregamento de um texto ou imagem) ou partilhar conte\u00fados atrav\u00e9s de redes sociais. Os cookies t\u00e9cnicos, por serem estritamente necess\u00e1rios, s\u00e3o descarregados por defeito quando permitirem a visualiza\u00e7\u00e3o do website ou a presta\u00e7\u00e3o do servi\u00e7o solicitado pelo Utilizador.<\/li>\n\n\n\n<li>Cookies de funcionalidade ou personaliza\u00e7\u00e3o: S\u00e3o aqueles que permitem recordar informa\u00e7\u00f5es para que o Utilizador possa aceder ao servi\u00e7o ou \u00e0 p\u00e1gina web com determinadas caracter\u00edsticas que podem diferenciar a sua experi\u00eancia da de outros Utilizadores, tais como, por exemplo, a l\u00edngua, o n\u00famero de resultados a apresentar quando o Utilizador realiza uma pesquisa, o aspeto ou o conte\u00fado do servi\u00e7o em fun\u00e7\u00e3o do tipo de navegador usado pelo Utilizador ou da regi\u00e3o a partir da qual acede ao servi\u00e7o, etc. A n\u00e3o aceita\u00e7\u00e3o destes cookies pode provocar um desempenho lento da p\u00e1gina web ou recomenda\u00e7\u00f5es mal adaptadas.<\/li>\n\n\n\n<li>Cookies de an\u00e1lise: S\u00e3o aqueles que nos permitem quantificar o n\u00famero de Utilizadores, as sec\u00e7\u00f5es visitadas no website e a forma como interagem com o mesmo, para medir e analisar estatisticamente a utiliza\u00e7\u00e3o feita pelos Utilizadores, com o objetivo de introduzir melhorias com base na an\u00e1lise dos dados sobre a utiliza\u00e7\u00e3o feita pelos Utilizadores da p\u00e1gina web ou do servi\u00e7o.<\/li>\n\n\n\n<li>Cookies de publicidade comportamental (marketing): S\u00e3o aqueles que armazenam informa\u00e7\u00f5es sobre o comportamento dos Utilizadores obtidas atrav\u00e9s da observa\u00e7\u00e3o cont\u00ednua dos seus h\u00e1bitos de navega\u00e7\u00e3o, o que permite desenvolver um perfil espec\u00edfico para mostrar publicidade com base no mesmo. Estes cookies permitem a gest\u00e3o, da forma mais eficaz poss\u00edvel, dos espa\u00e7os publicit\u00e1rios que, se for caso disso, o editor incluiu diretamente ou em colabora\u00e7\u00e3o com terceiros.<\/li>\n<\/ul>\n\n\n\n<p><strong>5.2 Como posso gerir a utiliza\u00e7\u00e3o de cookies neste website?<\/strong><\/p>\n\n\n\n<p>No painel de configura\u00e7\u00e3o de cookies, poder\u00e1 configurar os cookies.<\/p>\n\n\n\n<p>Em alternativa, se estiver a navegar na Internet, pode desativar a utiliza\u00e7\u00e3o de cookies no seu navegador. Mostramos-lhe como o fazer nos navegadores mais populares:<\/p>\n\n\n\n<ul class=\"wp-block-list\">\n<li><a href=\"https:\/\/support.google.com\/accounts\/answer\/61416?co=GENIE.Platform=Desktop&amp;hl=pt\">Google Chrome<\/a><\/li>\n\n\n\n<li><a href=\"https:\/\/support.mozilla.org\/es\/kb\/habilitar-y-deshabilitar-cookies-sitios-web-rastrear-preferencias\">Mozilla Firefox<\/a><\/li>\n\n\n\n<li><a href=\"https:\/\/support.microsoft.com\/es-es\/help\/17442\/windows-internet-explorer-delete-manage-cookies\">Internet Explorer<\/a><\/li>\n\n\n\n<li><a href=\"https:\/\/support.apple.com\/pt-pt\/guide\/safari\/sfri11471\/mac\">Safari<\/a><\/li>\n\n\n\n<li><a href=\"https:\/\/support.apple.com\/pt-pt\/HT201265\">Safari para IOS (iPhone e iPad)<\/a><\/li>\n\n\n\n<li><a href=\"https:\/\/support.google.com\/accounts\/answer\/61416?co=GENIE.Platform=Android&amp;hl=pt\">Chrome para Android<\/a><\/li>\n<\/ul>\n\n\n\n<p>Se desejar ter maior controlo sobre a instala\u00e7\u00e3o de cookies, pode instalar programas ou complementos ao seu navegador, conhecidos como ferramentas de \u201cDo Not Track\u201d, que lhe permitir\u00e3o escolher os cookies que deseja permitir.<\/p>\n\n\n\n<p>Se o Utilizador configurar o seu navegador para recusar expressamente todos os cookies, poder\u00e1 n\u00e3o conseguir aceder a alguns dos servi\u00e7os e a sua experi\u00eancia no nosso Website poder\u00e1 ser menos satisfat\u00f3ria.<\/p>\n\n\n\n<h2 class=\"wp-block-heading\"><strong>6. Dados de contacto<\/strong><\/h2>\n\n\n\n<p>Para perguntas e\/ou coment\u00e1rios sobre a nossa pol\u00edtica de cookies e esta declara\u00e7\u00e3o, contacte-nos utilizando os dados de contacto abaixo:<\/p>\n\n\n\n<p>Nome empresa: Inprisa Autom SL<\/p>\n\n\n\n<p><strong>Morada<\/strong>: Tirso de Molina, 29, Pol. Industrial Almeda, 08940 Cornell\u00e0 de Lobregat (Barcelona)<\/p>\n\n\n\n<p><strong>Website<\/strong>: <a href=\"http:\/\/www.inprisa.com\">www.inprisa.com<\/a><\/p>\n\n\n\n<p><strong>E-mail<\/strong>: <a href=\"mailto:inprisa@inprisa.com\">inprisa@inprisa.com<\/a><\/p>\n","protected":false},"excerpt":{"rendered":"<p>Pol\u00edtica de cookies 1. Introdu\u00e7\u00e3o O nosso website, www.inprisa.com (doravante, \u201co Website\u201d) utiliza cookies e outras tecnologias relacionadas (para maior conveni\u00eancia, todas as tecnologias s\u00e3o referidas como \u201ccookies\u201d). Os cookies s\u00e3o tamb\u00e9m colocados por terceiros com os quais celebr\u00e1mos contratos. No documento que se segue, informamo-lo sobre a utiliza\u00e7\u00e3o de cookies no nosso Website. 2. [&hellip;]<\/p>\n","protected":false},"author":1,"featured_media":0,"parent":0,"menu_order":0,"comment_status":"closed","ping_status":"closed","template":"","meta":{"_acf_changed":false,"_monsterinsights_skip_tracking":false,"_monsterinsights_sitenote_active":false,"_monsterinsights_sitenote_note":"","_monsterinsights_sitenote_category":0,"footnotes":""},"class_list":["post-1155","page","type-page","status-publish","hentry"],"acf":[],"yoast_head":"<!-- This site is optimized with the Yoast SEO plugin v27.4 - https:\/\/yoast.com\/product\/yoast-seo-wordpress\/ -->\n<title>Pol\u00edtica de cookies | Inprisa<\/title>\n<meta name=\"description\" content=\"Hemos preparado un texto legal para informarte sobre el tipo de cookies que usamos y con qu\u00e9 finalidad. No te pierdas ning\u00fan detalle.\" \/>\n<meta name=\"robots\" content=\"index, follow, max-snippet:-1, max-image-preview:large, max-video-preview:-1\" \/>\n<link rel=\"canonical\" href=\"https:\/\/www.inprisa.com\/pt-pt\/politica-cookies\/\" \/>\n<meta property=\"og:locale\" content=\"pt_PT\" \/>\n<meta property=\"og:type\" content=\"article\" \/>\n<meta property=\"og:title\" content=\"Pol\u00edtica de cookies | Inprisa\" \/>\n<meta property=\"og:description\" content=\"Hemos preparado un texto legal para informarte sobre el tipo de cookies que usamos y con qu\u00e9 finalidad. No te pierdas ning\u00fan detalle.\" \/>\n<meta property=\"og:url\" content=\"https:\/\/www.inprisa.com\/pt-pt\/politica-cookies\/\" \/>\n<meta property=\"og:site_name\" content=\"Inprisa\" \/>\n<meta property=\"article:modified_time\" content=\"2024-07-12T10:12:03+00:00\" \/>\n<meta property=\"og:image\" content=\"https:\/\/www.inprisa.com\/wp-content\/uploads\/2024\/02\/inprisa-home.jpg\" \/>\n\t<meta property=\"og:image:width\" content=\"1920\" \/>\n\t<meta property=\"og:image:height\" content=\"1280\" \/>\n\t<meta property=\"og:image:type\" content=\"image\/jpeg\" \/>\n<meta name=\"twitter:card\" content=\"summary_large_image\" \/>\n<meta name=\"twitter:label1\" content=\"Tempo estimado de leitura\" \/>\n\t<meta name=\"twitter:data1\" content=\"5 minutos\" \/>\n<script type=\"application\/ld+json\" class=\"yoast-schema-graph\">{\"@context\":\"https:\\\/\\\/schema.org\",\"@graph\":[{\"@type\":\"WebPage\",\"@id\":\"https:\\\/\\\/www.inprisa.com\\\/pt-pt\\\/politica-cookies\\\/\",\"url\":\"https:\\\/\\\/www.inprisa.com\\\/pt-pt\\\/politica-cookies\\\/\",\"name\":\"Pol\u00edtica de cookies | Inprisa\",\"isPartOf\":{\"@id\":\"https:\\\/\\\/www.inprisa.com\\\/pt-pt\\\/#website\"},\"datePublished\":\"2024-02-25T16:46:59+00:00\",\"dateModified\":\"2024-07-12T10:12:03+00:00\",\"description\":\"Hemos preparado un texto legal para informarte sobre el tipo de cookies que usamos y con qu\u00e9 finalidad. No te pierdas ning\u00fan detalle.\",\"breadcrumb\":{\"@id\":\"https:\\\/\\\/www.inprisa.com\\\/pt-pt\\\/politica-cookies\\\/#breadcrumb\"},\"inLanguage\":\"pt-PT\",\"potentialAction\":[{\"@type\":\"ReadAction\",\"target\":[\"https:\\\/\\\/www.inprisa.com\\\/pt-pt\\\/politica-cookies\\\/\"]}]},{\"@type\":\"BreadcrumbList\",\"@id\":\"https:\\\/\\\/www.inprisa.com\\\/pt-pt\\\/politica-cookies\\\/#breadcrumb\",\"itemListElement\":[{\"@type\":\"ListItem\",\"position\":1,\"name\":\"Inicio\",\"item\":\"https:\\\/\\\/www.inprisa.com\\\/pt-pt\\\/inprisa-2\\\/\"},{\"@type\":\"ListItem\",\"position\":2,\"name\":\"Pol\u00edtica de cookies\"}]},{\"@type\":\"WebSite\",\"@id\":\"https:\\\/\\\/www.inprisa.com\\\/pt-pt\\\/#website\",\"url\":\"https:\\\/\\\/www.inprisa.com\\\/pt-pt\\\/\",\"name\":\"Inprisa\",\"description\":\"Expertos en maquinaria\\u2028para el tratamiento de\\u2028superficies y aguas.\",\"publisher\":{\"@id\":\"https:\\\/\\\/www.inprisa.com\\\/pt-pt\\\/#organization\"},\"alternateName\":\"Inprisa\",\"potentialAction\":[{\"@type\":\"SearchAction\",\"target\":{\"@type\":\"EntryPoint\",\"urlTemplate\":\"https:\\\/\\\/www.inprisa.com\\\/pt-pt\\\/?s={search_term_string}\"},\"query-input\":{\"@type\":\"PropertyValueSpecification\",\"valueRequired\":true,\"valueName\":\"search_term_string\"}}],\"inLanguage\":\"pt-PT\"},{\"@type\":\"Organization\",\"@id\":\"https:\\\/\\\/www.inprisa.com\\\/pt-pt\\\/#organization\",\"name\":\"Inprisa\",\"alternateName\":\"Inprisa\",\"url\":\"https:\\\/\\\/www.inprisa.com\\\/pt-pt\\\/\",\"logo\":{\"@type\":\"ImageObject\",\"inLanguage\":\"pt-PT\",\"@id\":\"https:\\\/\\\/www.inprisa.com\\\/pt-pt\\\/#\\\/schema\\\/logo\\\/image\\\/\",\"url\":\"https:\\\/\\\/www.inprisa.com\\\/wp-content\\\/uploads\\\/2024\\\/02\\\/inprisa.png\",\"contentUrl\":\"https:\\\/\\\/www.inprisa.com\\\/wp-content\\\/uploads\\\/2024\\\/02\\\/inprisa.png\",\"width\":737,\"height\":200,\"caption\":\"Inprisa\"},\"image\":{\"@id\":\"https:\\\/\\\/www.inprisa.com\\\/pt-pt\\\/#\\\/schema\\\/logo\\\/image\\\/\"}}]}<\/script>\n<!-- \/ Yoast SEO plugin. -->","yoast_head_json":{"title":"Pol\u00edtica de cookies | Inprisa","description":"Hemos preparado un texto legal para informarte sobre el tipo de cookies que usamos y con qu\u00e9 finalidad. No te pierdas ning\u00fan detalle.","robots":{"index":"index","follow":"follow","max-snippet":"max-snippet:-1","max-image-preview":"max-image-preview:large","max-video-preview":"max-video-preview:-1"},"canonical":"https:\/\/www.inprisa.com\/pt-pt\/politica-cookies\/","og_locale":"pt_PT","og_type":"article","og_title":"Pol\u00edtica de cookies | Inprisa","og_description":"Hemos preparado un texto legal para informarte sobre el tipo de cookies que usamos y con qu\u00e9 finalidad. No te pierdas ning\u00fan detalle.","og_url":"https:\/\/www.inprisa.com\/pt-pt\/politica-cookies\/","og_site_name":"Inprisa","article_modified_time":"2024-07-12T10:12:03+00:00","og_image":[{"width":1920,"height":1280,"url":"https:\/\/www.inprisa.com\/wp-content\/uploads\/2024\/02\/inprisa-home.jpg","type":"image\/jpeg"}],"twitter_card":"summary_large_image","twitter_misc":{"Tempo estimado de leitura":"5 minutos"},"schema":{"@context":"https:\/\/schema.org","@graph":[{"@type":"WebPage","@id":"https:\/\/www.inprisa.com\/pt-pt\/politica-cookies\/","url":"https:\/\/www.inprisa.com\/pt-pt\/politica-cookies\/","name":"Pol\u00edtica de cookies | Inprisa","isPartOf":{"@id":"https:\/\/www.inprisa.com\/pt-pt\/#website"},"datePublished":"2024-02-25T16:46:59+00:00","dateModified":"2024-07-12T10:12:03+00:00","description":"Hemos preparado un texto legal para informarte sobre el tipo de cookies que usamos y con qu\u00e9 finalidad. No te pierdas ning\u00fan detalle.","breadcrumb":{"@id":"https:\/\/www.inprisa.com\/pt-pt\/politica-cookies\/#breadcrumb"},"inLanguage":"pt-PT","potentialAction":[{"@type":"ReadAction","target":["https:\/\/www.inprisa.com\/pt-pt\/politica-cookies\/"]}]},{"@type":"BreadcrumbList","@id":"https:\/\/www.inprisa.com\/pt-pt\/politica-cookies\/#breadcrumb","itemListElement":[{"@type":"ListItem","position":1,"name":"Inicio","item":"https:\/\/www.inprisa.com\/pt-pt\/inprisa-2\/"},{"@type":"ListItem","position":2,"name":"Pol\u00edtica de cookies"}]},{"@type":"WebSite","@id":"https:\/\/www.inprisa.com\/pt-pt\/#website","url":"https:\/\/www.inprisa.com\/pt-pt\/","name":"Inprisa","description":"Expertos en maquinaria\u2028para el tratamiento de\u2028superficies y aguas.","publisher":{"@id":"https:\/\/www.inprisa.com\/pt-pt\/#organization"},"alternateName":"Inprisa","potentialAction":[{"@type":"SearchAction","target":{"@type":"EntryPoint","urlTemplate":"https:\/\/www.inprisa.com\/pt-pt\/?s={search_term_string}"},"query-input":{"@type":"PropertyValueSpecification","valueRequired":true,"valueName":"search_term_string"}}],"inLanguage":"pt-PT"},{"@type":"Organization","@id":"https:\/\/www.inprisa.com\/pt-pt\/#organization","name":"Inprisa","alternateName":"Inprisa","url":"https:\/\/www.inprisa.com\/pt-pt\/","logo":{"@type":"ImageObject","inLanguage":"pt-PT","@id":"https:\/\/www.inprisa.com\/pt-pt\/#\/schema\/logo\/image\/","url":"https:\/\/www.inprisa.com\/wp-content\/uploads\/2024\/02\/inprisa.png","contentUrl":"https:\/\/www.inprisa.com\/wp-content\/uploads\/2024\/02\/inprisa.png","width":737,"height":200,"caption":"Inprisa"},"image":{"@id":"https:\/\/www.inprisa.com\/pt-pt\/#\/schema\/logo\/image\/"}}]}},"_links":{"self":[{"href":"https:\/\/www.inprisa.com\/pt-pt\/wp-json\/wp\/v2\/pages\/1155","targetHints":{"allow":["GET"]}}],"collection":[{"href":"https:\/\/www.inprisa.com\/pt-pt\/wp-json\/wp\/v2\/pages"}],"about":[{"href":"https:\/\/www.inprisa.com\/pt-pt\/wp-json\/wp\/v2\/types\/page"}],"author":[{"embeddable":true,"href":"https:\/\/www.inprisa.com\/pt-pt\/wp-json\/wp\/v2\/users\/1"}],"replies":[{"embeddable":true,"href":"https:\/\/www.inprisa.com\/pt-pt\/wp-json\/wp\/v2\/comments?post=1155"}],"version-history":[{"count":3,"href":"https:\/\/www.inprisa.com\/pt-pt\/wp-json\/wp\/v2\/pages\/1155\/revisions"}],"predecessor-version":[{"id":1578,"href":"https:\/\/www.inprisa.com\/pt-pt\/wp-json\/wp\/v2\/pages\/1155\/revisions\/1578"}],"wp:attachment":[{"href":"https:\/\/www.inprisa.com\/pt-pt\/wp-json\/wp\/v2\/media?parent=1155"}],"curies":[{"name":"wp","href":"https:\/\/api.w.org\/{rel}","templated":true}]}}