{"id":1107,"date":"2024-02-25T17:46:45","date_gmt":"2024-02-25T16:46:45","guid":{"rendered":"https:\/\/www.inprisa.com\/aviso-legal\/"},"modified":"2024-07-12T11:34:07","modified_gmt":"2024-07-12T09:34:07","slug":"aviso-legal","status":"publish","type":"page","link":"https:\/\/www.inprisa.com\/pt-pt\/aviso-legal\/","title":{"rendered":"Aviso Legal"},"content":{"rendered":"\n<h1 class=\"wp-block-heading\">Aviso Legal<\/h1>\n\n\n\n<p>O Aviso Legal regula o acesso, a navega\u00e7\u00e3o e a utiliza\u00e7\u00e3o do website localizado na URL [www.inprisa.com] (doravante, o \u201cWebsite\u201d).<\/p>\n\n\n\n<h2 class=\"wp-block-heading\"><strong>1. Dados de identifica\u00e7\u00e3o<\/strong><\/h2>\n\n\n\n<p>Em cumprimento com o dever de informa\u00e7\u00e3o que consta no artigo 10.\u00ba da Lei 34\/2002, de 11 de julho, de Servi\u00e7os da Sociedade da Informa\u00e7\u00e3o e do Com\u00e9rcio Eletr\u00f3nico, informamos que o Website \u00e9 propriedade da sociedade Inprisa Autom SL. (doravante, \u201cINPRISA\u201d), sociedade comercial constitu\u00edda segundo a legisla\u00e7\u00e3o espanhola, com o n\u00famero de identifica\u00e7\u00e3o fiscal B72948300, e com sede social em Tirso de Molina, 29, Pol. Industrial Almeda, 08940 Cornell\u00e0 de Lobregat (Barcelona).<\/p>\n\n\n\n<p>Pode contactar-nos atrav\u00e9s do seguinte endere\u00e7o de correio eletr\u00f3nico <a href=\"mailto:inprisa@inprisa.com\">inprisa@inprisa.com<\/a>.<\/p>\n\n\n\n<h2 class=\"wp-block-heading\"><strong>2. Utilizadores<\/strong><\/h2>\n\n\n\n<p>O acesso e\/ou a utiliza\u00e7\u00e3o do Website confere-lhe o estatuto de Utilizador e voc\u00ea aceita, a partir desse acesso e\/ou dessa utiliza\u00e7\u00e3o, o presente Aviso Legal.<\/p>\n\n\n\n<h2 class=\"wp-block-heading\"><strong>3. Utiliza\u00e7\u00e3o do Website<\/strong><\/h2>\n\n\n\n<p>Est\u00e1 a aceder ao Website da INPRISA.<\/p>\n\n\n\n<p>O Website pode dar acesso a uma multiplicidade de produtos, servi\u00e7os, dados, textos, gr\u00e1ficos, desenhos, conce\u00e7\u00f5es, c\u00f3digos, software, fotografias, m\u00fasica, v\u00eddeos, sons, bases de dados, imagens, express\u00f5es e informa\u00e7\u00f5es (doravante, \u201cConte\u00fados\u201d) pertencentes \u00e0 empresa ou a terceiros aos quais o Utilizador pode ter acesso.<\/p>\n\n\n\n<p>O Utilizador assume a responsabilidade da utiliza\u00e7\u00e3o do Website.<\/p>\n\n\n\n<p>A utiliza\u00e7\u00e3o deste Website pressup\u00f5e a aceita\u00e7\u00e3o deste aviso legal.<\/p>\n\n\n\n<p>O Utilizador acede voluntariamente a este Website, o que implica que o utilizar\u00e1 em conformidade com o presente aviso legal, os restantes avisos e cl\u00e1usulas legais, a Lei, a moral, a boa-f\u00e9 e\/ou os bons costumes.<\/p>\n\n\n\n<p>A INPRISA reserva-se o direito de modificar, sem aviso pr\u00e9vio, o conte\u00fado do presente aviso legal, pelo que, e para uma correta utiliza\u00e7\u00e3o do Website, lhe recomendamos que visite periodicamente esta sec\u00e7\u00e3o. Al\u00e9m disso, a INPRISA reserva-se o direito de recusar ou retirar o acesso a este Website e\/ou aos servi\u00e7os nele contidos, em qualquer momento e sem aviso pr\u00e9vio, a qualquer Utilizador que n\u00e3o cumpra o disposto no presente aviso legal e, em especial, o disposto no par\u00e1grafo anterior.<\/p>\n\n\n\n<p>Em geral, n\u00e3o \u00e9 necess\u00e1rio o registo pr\u00e9vio como Utilizador deste Website. No entanto, a utiliza\u00e7\u00e3o de determinados servi\u00e7os e\/ou conte\u00fados pode exigir uma identifica\u00e7\u00e3o e\/ou registo pr\u00e9vios, na forma indicada em cada caso. As p\u00e1ginas restritas a Utilizadores previamente autorizados pela INPRISA atrav\u00e9s de registo, exigem que o Utilizador n\u00e3o divulgue a terceiros o nome de Utilizador e a palavra-passe, que s\u00e3o pessoais e intransmiss\u00edveis. O Utilizador assume a responsabilidade por quaisquer danos, diretos ou indiretos, que possam resultar da sua utiliza\u00e7\u00e3o indevida, bem como da sua transmiss\u00e3o a terceiros. Por raz\u00f5es de seguran\u00e7a, a INPRISA poder\u00e1 alterar a palavra-passe do Utilizador em qualquer momento, mediante comunica\u00e7\u00e3o pr\u00e9via ao Utilizador.<\/p>\n\n\n\n<p>O Utilizador compromete-se a fazer um uso adequado dos conte\u00fados e servi\u00e7os que a INPRISA oferece atrav\u00e9s do seu Website e, a t\u00edtulo de exemplo, mas n\u00e3o de limita\u00e7\u00e3o, a n\u00e3o os utilizar para:<\/p>\n\n\n\n<ul class=\"wp-block-list\">\n<li>Incorrer em atividades ilegais, ilegais ou contr\u00e1rias \u00e0 boa-f\u00e9 e \u00e0 ordem p\u00fablica.<\/li>\n\n\n\n<li>Divulgar conte\u00fados ou propaganda de natureza racista, xen\u00f3foba, pornogr\u00e1fico-ilegal, antiterrorista ou amea\u00e7adora para os direitos humanos.<\/li>\n\n\n\n<li>Causar danos aos sistemas f\u00edsicos e l\u00f3gicos da INPRISA, dos seus fornecedores ou terceiros, introduzir ou disseminar v\u00edrus inform\u00e1ticos ou quaisquer outros sistemas f\u00edsicos ou l\u00f3gicos que sejam suscet\u00edveis de causar os danos acima mencionados.<\/li>\n\n\n\n<li>Tentar aceder e, se for o caso, utilizar as contas de correio eletr\u00f3nico de outros Utilizadores, e modificar ou manipular as suas mensagens.<\/li>\n<\/ul>\n\n\n\n<p>A INPRISA reserva-se o direito de retirar todos os coment\u00e1rios e contribui\u00e7\u00f5es que violem o respeito pela dignidade da pessoa, que sejam discriminat\u00f3rios, xen\u00f3fobos, racistas, pornogr\u00e1ficos, que violem a juventude ou inf\u00e2ncia, a ordem ou a seguran\u00e7a p\u00fablica ou que, na sua opini\u00e3o, n\u00e3o sejam apropriados para publica\u00e7\u00e3o. Em qualquer caso, a INPRISA n\u00e3o ser\u00e1 respons\u00e1vel pelas opini\u00f5es expressas pelos Utilizadores atrav\u00e9s de f\u00f3runs, consult\u00f3rios, coment\u00e1rios ou outras ferramentas de participa\u00e7\u00e3o.<\/p>\n\n\n\n<h2 class=\"wp-block-heading\"><strong>4. Propriedade intelectual e industrial<\/strong><\/h2>\n\n\n\n<p>A INPRISA por si, ou como cession\u00e1ria, \u00e9 titular de todos os direitos de propriedade intelectual e industrial do Website, assim como dos elementos contidos na mesma (a t\u00edtulo de exemplo e n\u00e3o limitativo, imagens, som, \u00e1udio, v\u00eddeo, software ou textos; marcas ou logotipos, combina\u00e7\u00f5es de cores, estrutura e design, sele\u00e7\u00e3o de materiais usados, programas inform\u00e1ticos necess\u00e1rios para o seu funcionamento, acesso e uso, etc.), titularidade da INPRISA ou dos seus licenciantes. Todos os direitos reservados.<\/p>\n\n\n\n<p>Em virtude do disposto nos artigos 8 e 32.1, par\u00e1grafo segundo da legisla\u00e7\u00e3o de propriedade intelectual, \u00e9 proibida a reprodu\u00e7\u00e3o, distribui\u00e7\u00e3o e comunica\u00e7\u00e3o p\u00fablica, incluindo a sua variante de colocar \u00e0 disposi\u00e7\u00e3o, a totalidade ou parte dos conte\u00fados do Website, com fins comerciais, em qualquer suporte ou por qualquer meio t\u00e9cnico, sem a autoriza\u00e7\u00e3o expressa da INPRISA.<\/p>\n\n\n\n<p>O Utilizador compromete-se a respeitar os direitos de Propriedade Intelectual e Industrial titularidade da INPRISA. Poder\u00e1 visualizar os elementos do portal e inclusive imprimi-los, copi\u00e1-los e armazen\u00e1-los no disco r\u00edgido do seu computador ou em qualquer outro suporte f\u00edsico desde que seja, \u00fanica e exclusivamente, para o seu uso pessoal e privado.<\/p>\n\n\n\n<p>O Utilizador dever\u00e1 abster-se de suprimir, alterar, eludir ou manipular qualquer dispositivo de prote\u00e7\u00e3o ou sistema de seguran\u00e7a que esteja instalado no Website.<\/p>\n\n\n\n<p>A INPRISA n\u00e3o se responsabiliza pela eventual utiliza\u00e7\u00e3o indevida do Website por parte de terceiros, nem pela informa\u00e7\u00e3o transmitida a terceiros atrav\u00e9s do Website. A utiliza\u00e7\u00e3o dos Conte\u00fados que o Utilizador possa fazer dos mesmos e quaisquer consequ\u00eancias ou danos que possam surgir s\u00e3o da exclusiva responsabilidade do Utilizador. A INPRISA n\u00e3o se responsabiliza pelos danos e preju\u00edzos de qualquer natureza causados aos Utilizadores pela utiliza\u00e7\u00e3o de liga\u00e7\u00f5es (links), diret\u00f3rios e ferramentas de busca que permitam o acesso a websites pertencentes e\/ou geridos por terceiros, nem pela presen\u00e7a de v\u00edrus ou outros c\u00f3digos maliciosos nos conte\u00fados que possam causar danos no sistema inform\u00e1tico, documentos eletr\u00f3nicos ou ficheiros dos Utilizadores. A INPRISA reserva-se o direito de exercer as a\u00e7\u00f5es legais que considere oportunas derivadas de quaisquer utiliza\u00e7\u00f5es il\u00edcitas por parte de terceiros dos conte\u00fados da sua p\u00e1gina web.<\/p>\n\n\n\n<h2 class=\"wp-block-heading\"><strong>5. Exclus\u00e3o de garantias e responsabilidade<\/strong><\/h2>\n\n\n\n<p>A INPRISA n\u00e3o se responsabiliza, em nenhum caso, pelos danos e preju\u00edzos de qualquer natureza que possam provocar, a t\u00edtulo enunciativo, erros ou omiss\u00f5es nos conte\u00fados, falta de disponibilidade do Website ou a transmiss\u00e3o de v\u00edrus ou programas maliciosos ou lesivos nos conte\u00fados, apesar de ter adotado todas as medidas tecnol\u00f3gicas necess\u00e1rias para o evitar.<\/p>\n\n\n\n<h2 class=\"wp-block-heading\"><strong>6. Altera\u00e7\u00f5es<\/strong><\/h2>\n\n\n\n<p>A INPRISA reserva-se o direito de efetuar sem aviso pr\u00e9vio as modifica\u00e7\u00f5es que considerar oportunas no Website, podendo mudar, suprimir ou acrescentar tanto os conte\u00fados e servi\u00e7os prestados atrav\u00e9s da mesma como a forma como estes aparecem apresentados ou localizados no Website.<\/p>\n\n\n\n<h2 class=\"wp-block-heading\"><strong>7. Links<\/strong><\/h2>\n\n\n\n<p>Caso, no Website, se inclu\u00edrem links ou hiperliga\u00e7\u00f5es para outros websites de Internet, a INPRISA n\u00e3o exercer\u00e1 nenhum tipo de controlo sobre esses websites e conte\u00fados. A INPRISA n\u00e3o assume, em caso algum, qualquer responsabilidade pelo conte\u00fado de qualquer liga\u00e7\u00e3o pertencente a um website externo, nem garante a disponibilidade t\u00e9cnica, a qualidade, a fiabilidade, a exatid\u00e3o, a abrang\u00eancia, a exatid\u00e3o, a veracidade, a validade e a constitucionalidade de qualquer material ou informa\u00e7\u00e3o contida nessas hiperliga\u00e7\u00f5es ou noutros websites. Da mesma forma, a inclus\u00e3o destas liga\u00e7\u00f5es externas n\u00e3o implicar\u00e1 nenhum tipo de associa\u00e7\u00e3o, fus\u00e3o ou participa\u00e7\u00e3o com as entidades ligadas.<\/p>\n\n\n\n<h2 class=\"wp-block-heading\"><strong>8. Aspetos gerais<\/strong><\/h2>\n\n\n\n<p>A INPRISA perseguir\u00e1 o incumprimento das presentes condi\u00e7\u00f5es, bem como qualquer utiliza\u00e7\u00e3o indevida do seu website, exercendo todas as a\u00e7\u00f5es civis e penais que lhe possam corresponder por lei.<\/p>\n\n\n\n<h2 class=\"wp-block-heading\"><strong>9. Legisla\u00e7\u00e3o aplic\u00e1vel e jurisdi\u00e7\u00e3o<\/strong><\/h2>\n\n\n\n<p>As presentes condi\u00e7\u00f5es ser\u00e3o regidas ou interpretadas de acordo com a legisla\u00e7\u00e3o espanhola em todas as mat\u00e9rias n\u00e3o expressamente previstas.<\/p>\n\n\n\n<p>A INPRISA e o Utilizador comprometem-se a submeter qualquer lit\u00edgio que possa derivar da presta\u00e7\u00e3o dos produtos ou servi\u00e7os aos Julgados e Tribunais de Barcelona.<\/p>\n","protected":false},"excerpt":{"rendered":"<p>Aviso Legal O Aviso Legal regula o acesso, a navega\u00e7\u00e3o e a utiliza\u00e7\u00e3o do website localizado na URL [www.inprisa.com] (doravante, o \u201cWebsite\u201d). 1. Dados de identifica\u00e7\u00e3o Em cumprimento com o dever de informa\u00e7\u00e3o que consta no artigo 10.\u00ba da Lei 34\/2002, de 11 de julho, de Servi\u00e7os da Sociedade da Informa\u00e7\u00e3o e do Com\u00e9rcio Eletr\u00f3nico, [&hellip;]<\/p>\n","protected":false},"author":1,"featured_media":0,"parent":0,"menu_order":0,"comment_status":"closed","ping_status":"closed","template":"","meta":{"_acf_changed":false,"_monsterinsights_skip_tracking":false,"_monsterinsights_sitenote_active":false,"_monsterinsights_sitenote_note":"","_monsterinsights_sitenote_category":0,"footnotes":""},"class_list":["post-1107","page","type-page","status-publish","hentry"],"acf":[],"yoast_head":"<!-- This site is optimized with the Yoast SEO plugin v25.5 - https:\/\/yoast.com\/wordpress\/plugins\/seo\/ -->\n<title>Aviso Legal | Inprisa<\/title>\n<meta name=\"description\" content=\"Le informamos sobre nuestra pol\u00edtica de protecci\u00f3n de datos y c\u00f3mo almacenamos, procesamos y tratamos los datos de usuarios y clientes.\" \/>\n<meta name=\"robots\" content=\"index, follow, max-snippet:-1, max-image-preview:large, max-video-preview:-1\" \/>\n<link rel=\"canonical\" href=\"https:\/\/www.inprisa.com\/pt-pt\/aviso-legal\/\" \/>\n<meta property=\"og:locale\" content=\"pt_PT\" \/>\n<meta property=\"og:type\" content=\"article\" \/>\n<meta property=\"og:title\" content=\"Aviso Legal | Inprisa\" \/>\n<meta property=\"og:description\" content=\"Le informamos sobre nuestra pol\u00edtica de protecci\u00f3n de datos y c\u00f3mo almacenamos, procesamos y tratamos los datos de usuarios y clientes.\" \/>\n<meta property=\"og:url\" content=\"https:\/\/www.inprisa.com\/pt-pt\/aviso-legal\/\" \/>\n<meta property=\"og:site_name\" content=\"Inprisa\" \/>\n<meta property=\"article:modified_time\" content=\"2024-07-12T09:34:07+00:00\" \/>\n<meta property=\"og:image\" content=\"https:\/\/www.inprisa.com\/wp-content\/uploads\/2024\/02\/inprisa-home.jpg\" \/>\n\t<meta property=\"og:image:width\" content=\"1920\" \/>\n\t<meta property=\"og:image:height\" content=\"1280\" \/>\n\t<meta property=\"og:image:type\" content=\"image\/jpeg\" \/>\n<meta name=\"twitter:card\" content=\"summary_large_image\" \/>\n<meta name=\"twitter:label1\" content=\"Tempo estimado de leitura\" \/>\n\t<meta name=\"twitter:data1\" content=\"8 minutos\" \/>\n<script type=\"application\/ld+json\" class=\"yoast-schema-graph\">{\"@context\":\"https:\/\/schema.org\",\"@graph\":[{\"@type\":\"WebPage\",\"@id\":\"https:\/\/www.inprisa.com\/pt-pt\/aviso-legal\/\",\"url\":\"https:\/\/www.inprisa.com\/pt-pt\/aviso-legal\/\",\"name\":\"Aviso Legal | Inprisa\",\"isPartOf\":{\"@id\":\"https:\/\/www.inprisa.com\/pt-pt\/#website\"},\"datePublished\":\"2024-02-25T16:46:45+00:00\",\"dateModified\":\"2024-07-12T09:34:07+00:00\",\"description\":\"Le informamos sobre nuestra pol\u00edtica de protecci\u00f3n de datos y c\u00f3mo almacenamos, procesamos y tratamos los datos de usuarios y clientes.\",\"breadcrumb\":{\"@id\":\"https:\/\/www.inprisa.com\/pt-pt\/aviso-legal\/#breadcrumb\"},\"inLanguage\":\"pt-PT\",\"potentialAction\":[{\"@type\":\"ReadAction\",\"target\":[\"https:\/\/www.inprisa.com\/pt-pt\/aviso-legal\/\"]}]},{\"@type\":\"BreadcrumbList\",\"@id\":\"https:\/\/www.inprisa.com\/pt-pt\/aviso-legal\/#breadcrumb\",\"itemListElement\":[{\"@type\":\"ListItem\",\"position\":1,\"name\":\"Inicio\",\"item\":\"https:\/\/www.inprisa.com\/pt-pt\/inprisa-2\/\"},{\"@type\":\"ListItem\",\"position\":2,\"name\":\"Aviso Legal\"}]},{\"@type\":\"WebSite\",\"@id\":\"https:\/\/www.inprisa.com\/pt-pt\/#website\",\"url\":\"https:\/\/www.inprisa.com\/pt-pt\/\",\"name\":\"Inprisa\",\"description\":\"Expertos en maquinaria\\u2028para el tratamiento de\\u2028superficies y aguas.\",\"publisher\":{\"@id\":\"https:\/\/www.inprisa.com\/pt-pt\/#organization\"},\"alternateName\":\"Inprisa\",\"potentialAction\":[{\"@type\":\"SearchAction\",\"target\":{\"@type\":\"EntryPoint\",\"urlTemplate\":\"https:\/\/www.inprisa.com\/pt-pt\/?s={search_term_string}\"},\"query-input\":{\"@type\":\"PropertyValueSpecification\",\"valueRequired\":true,\"valueName\":\"search_term_string\"}}],\"inLanguage\":\"pt-PT\"},{\"@type\":\"Organization\",\"@id\":\"https:\/\/www.inprisa.com\/pt-pt\/#organization\",\"name\":\"Inprisa\",\"alternateName\":\"Inprisa\",\"url\":\"https:\/\/www.inprisa.com\/pt-pt\/\",\"logo\":{\"@type\":\"ImageObject\",\"inLanguage\":\"pt-PT\",\"@id\":\"https:\/\/www.inprisa.com\/pt-pt\/#\/schema\/logo\/image\/\",\"url\":\"https:\/\/www.inprisa.com\/wp-content\/uploads\/2024\/02\/inprisa.png\",\"contentUrl\":\"https:\/\/www.inprisa.com\/wp-content\/uploads\/2024\/02\/inprisa.png\",\"width\":737,\"height\":200,\"caption\":\"Inprisa\"},\"image\":{\"@id\":\"https:\/\/www.inprisa.com\/pt-pt\/#\/schema\/logo\/image\/\"}}]}<\/script>\n<!-- \/ Yoast SEO plugin. -->","yoast_head_json":{"title":"Aviso Legal | Inprisa","description":"Le informamos sobre nuestra pol\u00edtica de protecci\u00f3n de datos y c\u00f3mo almacenamos, procesamos y tratamos los datos de usuarios y clientes.","robots":{"index":"index","follow":"follow","max-snippet":"max-snippet:-1","max-image-preview":"max-image-preview:large","max-video-preview":"max-video-preview:-1"},"canonical":"https:\/\/www.inprisa.com\/pt-pt\/aviso-legal\/","og_locale":"pt_PT","og_type":"article","og_title":"Aviso Legal | Inprisa","og_description":"Le informamos sobre nuestra pol\u00edtica de protecci\u00f3n de datos y c\u00f3mo almacenamos, procesamos y tratamos los datos de usuarios y clientes.","og_url":"https:\/\/www.inprisa.com\/pt-pt\/aviso-legal\/","og_site_name":"Inprisa","article_modified_time":"2024-07-12T09:34:07+00:00","og_image":[{"width":1920,"height":1280,"url":"https:\/\/www.inprisa.com\/wp-content\/uploads\/2024\/02\/inprisa-home.jpg","type":"image\/jpeg"}],"twitter_card":"summary_large_image","twitter_misc":{"Tempo estimado de leitura":"8 minutos"},"schema":{"@context":"https:\/\/schema.org","@graph":[{"@type":"WebPage","@id":"https:\/\/www.inprisa.com\/pt-pt\/aviso-legal\/","url":"https:\/\/www.inprisa.com\/pt-pt\/aviso-legal\/","name":"Aviso Legal | Inprisa","isPartOf":{"@id":"https:\/\/www.inprisa.com\/pt-pt\/#website"},"datePublished":"2024-02-25T16:46:45+00:00","dateModified":"2024-07-12T09:34:07+00:00","description":"Le informamos sobre nuestra pol\u00edtica de protecci\u00f3n de datos y c\u00f3mo almacenamos, procesamos y tratamos los datos de usuarios y clientes.","breadcrumb":{"@id":"https:\/\/www.inprisa.com\/pt-pt\/aviso-legal\/#breadcrumb"},"inLanguage":"pt-PT","potentialAction":[{"@type":"ReadAction","target":["https:\/\/www.inprisa.com\/pt-pt\/aviso-legal\/"]}]},{"@type":"BreadcrumbList","@id":"https:\/\/www.inprisa.com\/pt-pt\/aviso-legal\/#breadcrumb","itemListElement":[{"@type":"ListItem","position":1,"name":"Inicio","item":"https:\/\/www.inprisa.com\/pt-pt\/inprisa-2\/"},{"@type":"ListItem","position":2,"name":"Aviso Legal"}]},{"@type":"WebSite","@id":"https:\/\/www.inprisa.com\/pt-pt\/#website","url":"https:\/\/www.inprisa.com\/pt-pt\/","name":"Inprisa","description":"Expertos en maquinaria\u2028para el tratamiento de\u2028superficies y aguas.","publisher":{"@id":"https:\/\/www.inprisa.com\/pt-pt\/#organization"},"alternateName":"Inprisa","potentialAction":[{"@type":"SearchAction","target":{"@type":"EntryPoint","urlTemplate":"https:\/\/www.inprisa.com\/pt-pt\/?s={search_term_string}"},"query-input":{"@type":"PropertyValueSpecification","valueRequired":true,"valueName":"search_term_string"}}],"inLanguage":"pt-PT"},{"@type":"Organization","@id":"https:\/\/www.inprisa.com\/pt-pt\/#organization","name":"Inprisa","alternateName":"Inprisa","url":"https:\/\/www.inprisa.com\/pt-pt\/","logo":{"@type":"ImageObject","inLanguage":"pt-PT","@id":"https:\/\/www.inprisa.com\/pt-pt\/#\/schema\/logo\/image\/","url":"https:\/\/www.inprisa.com\/wp-content\/uploads\/2024\/02\/inprisa.png","contentUrl":"https:\/\/www.inprisa.com\/wp-content\/uploads\/2024\/02\/inprisa.png","width":737,"height":200,"caption":"Inprisa"},"image":{"@id":"https:\/\/www.inprisa.com\/pt-pt\/#\/schema\/logo\/image\/"}}]}},"_links":{"self":[{"href":"https:\/\/www.inprisa.com\/pt-pt\/wp-json\/wp\/v2\/pages\/1107","targetHints":{"allow":["GET"]}}],"collection":[{"href":"https:\/\/www.inprisa.com\/pt-pt\/wp-json\/wp\/v2\/pages"}],"about":[{"href":"https:\/\/www.inprisa.com\/pt-pt\/wp-json\/wp\/v2\/types\/page"}],"author":[{"embeddable":true,"href":"https:\/\/www.inprisa.com\/pt-pt\/wp-json\/wp\/v2\/users\/1"}],"replies":[{"embeddable":true,"href":"https:\/\/www.inprisa.com\/pt-pt\/wp-json\/wp\/v2\/comments?post=1107"}],"version-history":[{"count":2,"href":"https:\/\/www.inprisa.com\/pt-pt\/wp-json\/wp\/v2\/pages\/1107\/revisions"}],"predecessor-version":[{"id":1565,"href":"https:\/\/www.inprisa.com\/pt-pt\/wp-json\/wp\/v2\/pages\/1107\/revisions\/1565"}],"wp:attachment":[{"href":"https:\/\/www.inprisa.com\/pt-pt\/wp-json\/wp\/v2\/media?parent=1107"}],"curies":[{"name":"wp","href":"https:\/\/api.w.org\/{rel}","templated":true}]}}