{"id":7374,"date":"2025-05-23T03:05:17","date_gmt":"2025-05-23T01:05:17","guid":{"rendered":"https:\/\/www.inprisa.com\/?post_type=product&#038;p=7374"},"modified":"2026-03-16T12:37:43","modified_gmt":"2026-03-16T11:37:43","slug":"deposito-panettone-enterrado","status":"publish","type":"product","link":"https:\/\/www.inprisa.com\/fr\/producto\/deposito-panettone-enterrado\/","title":{"rendered":"Dep\u00f3sito Panettone Enterrado"},"content":{"rendered":"<p>Dep\u00f3sito monobloque apto para ser enterrado, ideal para el almacenamiento de agua potable, agua de lluvia, aguas residuales y otros l\u00edquidos compatibles. Disponible en capacidades de 1.000 a 2.200 litros. Fabricado con materia prima 100% virgen, no utiliza materiales regenerados y es 100% reciclable. Instalaci\u00f3n seg\u00fan ficha t\u00e9cnica.<\/p>\n","protected":false},"excerpt":{"rendered":"<p>Dep\u00f3sito monobloque apto para ser enterrado, ideal para el almacenamiento de agua potable, agua de lluvia, aguas residuales y otros l\u00edquidos compatibles. Disponible en capacidades de 1.000 a 2.200 litros. Fabricado con materia prima 100% virgen, no utiliza materiales regenerados y es 100% reciclable. Instalaci\u00f3n seg\u00fan ficha t\u00e9cnica.<\/p>\n<ul>\n<li>Totalmente no t\u00f3xico: apto para contacto con agua potable o a potabilizar.<\/li>\n<li>Antialgas: protecci\u00f3n UV para evitar la formaci\u00f3n de algas y el deterioro del dep\u00f3sito.<\/li>\n<li>Material inerte: resistente a agentes qu\u00edmicos y f\u00edsicos del entorno.<\/li>\n<li>Alta resistencia t\u00e9rmica: soporta temperaturas de -20\u202f\u00b0C a +80\u202f\u00b0C.<\/li>\n<\/ul>\n","protected":false},"featured_media":7359,"template":"","meta":{"_acf_changed":false,"_monsterinsights_skip_tracking":false,"_monsterinsights_sitenote_active":false,"_monsterinsights_sitenote_note":"","_monsterinsights_sitenote_category":0},"product_brand":[],"product_cat":[66,91],"product_tag":[],"class_list":{"0":"post-7374","1":"product","2":"type-product","3":"status-publish","4":"has-post-thumbnail","6":"product_cat-depositos","7":"product_cat-panettone-enterrado","9":"first","10":"instock","11":"taxable","12":"shipping-taxable","13":"purchasable","14":"product-type-variable"},"acf":[],"yoast_head":"<!-- This site is optimized with the Yoast SEO plugin v27.4 - https:\/\/yoast.com\/product\/yoast-seo-wordpress\/ -->\n<title>Dep\u00f3sito Panettone Enterrado | Inprisa<\/title>\n<meta name=\"robots\" content=\"index, follow, max-snippet:-1, max-image-preview:large, max-video-preview:-1\" \/>\n<link rel=\"canonical\" href=\"https:\/\/www.inprisa.com\/fr\/producto\/deposito-panettone-enterrado\/\" \/>\n<meta property=\"og:locale\" content=\"fr_FR\" \/>\n<meta property=\"og:type\" content=\"article\" \/>\n<meta property=\"og:title\" content=\"Dep\u00f3sito Panettone Enterrado | Inprisa\" \/>\n<meta property=\"og:description\" content=\"Dep\u00f3sito monobloque apto para ser enterrado, ideal para el almacenamiento de agua potable, agua de lluvia, aguas residuales y otros l\u00edquidos compatibles. Disponible en capacidades de 1.000 a 2.200 litros. Fabricado con materia prima 100% virgen, no utiliza materiales regenerados y es 100% reciclable. Instalaci\u00f3n seg\u00fan ficha t\u00e9cnica.   Totalmente no t\u00f3xico: apto para contacto con agua potable o a potabilizar.  Antialgas: protecci\u00f3n UV para evitar la formaci\u00f3n de algas y el deterioro del dep\u00f3sito.  Material inerte: resistente a agentes qu\u00edmicos y f\u00edsicos del entorno.  Alta resistencia t\u00e9rmica: soporta temperaturas de -20\u202f\u00b0C a +80\u202f\u00b0C.\" \/>\n<meta property=\"og:url\" content=\"https:\/\/www.inprisa.com\/fr\/producto\/deposito-panettone-enterrado\/\" \/>\n<meta property=\"og:site_name\" content=\"Inprisa\" \/>\n<meta property=\"article:modified_time\" content=\"2026-03-16T11:37:43+00:00\" \/>\n<meta property=\"og:image\" content=\"https:\/\/www.inprisa.com\/wp-content\/uploads\/2025\/05\/panettone-1.webp\" \/>\n\t<meta property=\"og:image:width\" content=\"800\" \/>\n\t<meta property=\"og:image:height\" content=\"800\" \/>\n\t<meta property=\"og:image:type\" content=\"image\/webp\" \/>\n<meta name=\"twitter:card\" content=\"summary_large_image\" \/>\n<meta name=\"twitter:label1\" content=\"Dur\u00e9e de lecture estim\u00e9e\" \/>\n\t<meta name=\"twitter:data1\" content=\"1 minute\" \/>\n<script type=\"application\/ld+json\" class=\"yoast-schema-graph\">{\"@context\":\"https:\\\/\\\/schema.org\",\"@graph\":[{\"@type\":\"WebPage\",\"@id\":\"https:\\\/\\\/www.inprisa.com\\\/fr\\\/producto\\\/deposito-panettone-enterrado\\\/\",\"url\":\"https:\\\/\\\/www.inprisa.com\\\/fr\\\/producto\\\/deposito-panettone-enterrado\\\/\",\"name\":\"Dep\u00f3sito Panettone Enterrado | Inprisa\",\"isPartOf\":{\"@id\":\"https:\\\/\\\/www.inprisa.com\\\/fr\\\/#website\"},\"primaryImageOfPage\":{\"@id\":\"https:\\\/\\\/www.inprisa.com\\\/fr\\\/producto\\\/deposito-panettone-enterrado\\\/#primaryimage\"},\"image\":{\"@id\":\"https:\\\/\\\/www.inprisa.com\\\/fr\\\/producto\\\/deposito-panettone-enterrado\\\/#primaryimage\"},\"thumbnailUrl\":\"https:\\\/\\\/www.inprisa.com\\\/wp-content\\\/uploads\\\/2025\\\/05\\\/panettone-1.webp\",\"datePublished\":\"2025-05-23T01:05:17+00:00\",\"dateModified\":\"2026-03-16T11:37:43+00:00\",\"breadcrumb\":{\"@id\":\"https:\\\/\\\/www.inprisa.com\\\/fr\\\/producto\\\/deposito-panettone-enterrado\\\/#breadcrumb\"},\"inLanguage\":\"fr-FR\",\"potentialAction\":[{\"@type\":\"ReadAction\",\"target\":[\"https:\\\/\\\/www.inprisa.com\\\/fr\\\/producto\\\/deposito-panettone-enterrado\\\/\"]}]},{\"@type\":\"ImageObject\",\"inLanguage\":\"fr-FR\",\"@id\":\"https:\\\/\\\/www.inprisa.com\\\/fr\\\/producto\\\/deposito-panettone-enterrado\\\/#primaryimage\",\"url\":\"https:\\\/\\\/www.inprisa.com\\\/wp-content\\\/uploads\\\/2025\\\/05\\\/panettone-1.webp\",\"contentUrl\":\"https:\\\/\\\/www.inprisa.com\\\/wp-content\\\/uploads\\\/2025\\\/05\\\/panettone-1.webp\",\"width\":800,\"height\":800},{\"@type\":\"BreadcrumbList\",\"@id\":\"https:\\\/\\\/www.inprisa.com\\\/fr\\\/producto\\\/deposito-panettone-enterrado\\\/#breadcrumb\",\"itemListElement\":[{\"@type\":\"ListItem\",\"position\":1,\"name\":\"Inicio\",\"item\":\"https:\\\/\\\/www.inprisa.com\\\/fr\\\/inprisa-2\\\/\"},{\"@type\":\"ListItem\",\"position\":2,\"name\":\"Boutique\",\"item\":\"https:\\\/\\\/www.inprisa.com\\\/fr\\\/boutique\\\/\"},{\"@type\":\"ListItem\",\"position\":3,\"name\":\"Dep\u00f3sitos\",\"item\":\"https:\\\/\\\/www.inprisa.com\\\/fr\\\/ecommerce\\\/depositos\\\/\"},{\"@type\":\"ListItem\",\"position\":4,\"name\":\"Dep\u00f3sito Panettone Enterrado\"}]},{\"@type\":\"WebSite\",\"@id\":\"https:\\\/\\\/www.inprisa.com\\\/fr\\\/#website\",\"url\":\"https:\\\/\\\/www.inprisa.com\\\/fr\\\/\",\"name\":\"Inprisa\",\"description\":\"Expertos en maquinaria\\u2028para el tratamiento de\\u2028superficies y aguas.\",\"publisher\":{\"@id\":\"https:\\\/\\\/www.inprisa.com\\\/fr\\\/#organization\"},\"alternateName\":\"Inprisa\",\"potentialAction\":[{\"@type\":\"SearchAction\",\"target\":{\"@type\":\"EntryPoint\",\"urlTemplate\":\"https:\\\/\\\/www.inprisa.com\\\/fr\\\/?s={search_term_string}\"},\"query-input\":{\"@type\":\"PropertyValueSpecification\",\"valueRequired\":true,\"valueName\":\"search_term_string\"}}],\"inLanguage\":\"fr-FR\"},{\"@type\":\"Organization\",\"@id\":\"https:\\\/\\\/www.inprisa.com\\\/fr\\\/#organization\",\"name\":\"Inprisa\",\"alternateName\":\"Inprisa\",\"url\":\"https:\\\/\\\/www.inprisa.com\\\/fr\\\/\",\"logo\":{\"@type\":\"ImageObject\",\"inLanguage\":\"fr-FR\",\"@id\":\"https:\\\/\\\/www.inprisa.com\\\/fr\\\/#\\\/schema\\\/logo\\\/image\\\/\",\"url\":\"https:\\\/\\\/www.inprisa.com\\\/wp-content\\\/uploads\\\/2024\\\/02\\\/inprisa.png\",\"contentUrl\":\"https:\\\/\\\/www.inprisa.com\\\/wp-content\\\/uploads\\\/2024\\\/02\\\/inprisa.png\",\"width\":737,\"height\":200,\"caption\":\"Inprisa\"},\"image\":{\"@id\":\"https:\\\/\\\/www.inprisa.com\\\/fr\\\/#\\\/schema\\\/logo\\\/image\\\/\"}}]}<\/script>\n<!-- \/ Yoast SEO plugin. -->","yoast_head_json":{"title":"Dep\u00f3sito Panettone Enterrado | Inprisa","robots":{"index":"index","follow":"follow","max-snippet":"max-snippet:-1","max-image-preview":"max-image-preview:large","max-video-preview":"max-video-preview:-1"},"canonical":"https:\/\/www.inprisa.com\/fr\/producto\/deposito-panettone-enterrado\/","og_locale":"fr_FR","og_type":"article","og_title":"Dep\u00f3sito Panettone Enterrado | Inprisa","og_description":"Dep\u00f3sito monobloque apto para ser enterrado, ideal para el almacenamiento de agua potable, agua de lluvia, aguas residuales y otros l\u00edquidos compatibles. Disponible en capacidades de 1.000 a 2.200 litros. Fabricado con materia prima 100% virgen, no utiliza materiales regenerados y es 100% reciclable. Instalaci\u00f3n seg\u00fan ficha t\u00e9cnica.   Totalmente no t\u00f3xico: apto para contacto con agua potable o a potabilizar.  Antialgas: protecci\u00f3n UV para evitar la formaci\u00f3n de algas y el deterioro del dep\u00f3sito.  Material inerte: resistente a agentes qu\u00edmicos y f\u00edsicos del entorno.  Alta resistencia t\u00e9rmica: soporta temperaturas de -20\u202f\u00b0C a +80\u202f\u00b0C.","og_url":"https:\/\/www.inprisa.com\/fr\/producto\/deposito-panettone-enterrado\/","og_site_name":"Inprisa","article_modified_time":"2026-03-16T11:37:43+00:00","og_image":[{"width":800,"height":800,"url":"https:\/\/www.inprisa.com\/wp-content\/uploads\/2025\/05\/panettone-1.webp","type":"image\/webp"}],"twitter_card":"summary_large_image","twitter_misc":{"Dur\u00e9e de lecture estim\u00e9e":"1 minute"},"schema":{"@context":"https:\/\/schema.org","@graph":[{"@type":"WebPage","@id":"https:\/\/www.inprisa.com\/fr\/producto\/deposito-panettone-enterrado\/","url":"https:\/\/www.inprisa.com\/fr\/producto\/deposito-panettone-enterrado\/","name":"Dep\u00f3sito Panettone Enterrado | Inprisa","isPartOf":{"@id":"https:\/\/www.inprisa.com\/fr\/#website"},"primaryImageOfPage":{"@id":"https:\/\/www.inprisa.com\/fr\/producto\/deposito-panettone-enterrado\/#primaryimage"},"image":{"@id":"https:\/\/www.inprisa.com\/fr\/producto\/deposito-panettone-enterrado\/#primaryimage"},"thumbnailUrl":"https:\/\/www.inprisa.com\/wp-content\/uploads\/2025\/05\/panettone-1.webp","datePublished":"2025-05-23T01:05:17+00:00","dateModified":"2026-03-16T11:37:43+00:00","breadcrumb":{"@id":"https:\/\/www.inprisa.com\/fr\/producto\/deposito-panettone-enterrado\/#breadcrumb"},"inLanguage":"fr-FR","potentialAction":[{"@type":"ReadAction","target":["https:\/\/www.inprisa.com\/fr\/producto\/deposito-panettone-enterrado\/"]}]},{"@type":"ImageObject","inLanguage":"fr-FR","@id":"https:\/\/www.inprisa.com\/fr\/producto\/deposito-panettone-enterrado\/#primaryimage","url":"https:\/\/www.inprisa.com\/wp-content\/uploads\/2025\/05\/panettone-1.webp","contentUrl":"https:\/\/www.inprisa.com\/wp-content\/uploads\/2025\/05\/panettone-1.webp","width":800,"height":800},{"@type":"BreadcrumbList","@id":"https:\/\/www.inprisa.com\/fr\/producto\/deposito-panettone-enterrado\/#breadcrumb","itemListElement":[{"@type":"ListItem","position":1,"name":"Inicio","item":"https:\/\/www.inprisa.com\/fr\/inprisa-2\/"},{"@type":"ListItem","position":2,"name":"Boutique","item":"https:\/\/www.inprisa.com\/fr\/boutique\/"},{"@type":"ListItem","position":3,"name":"Dep\u00f3sitos","item":"https:\/\/www.inprisa.com\/fr\/ecommerce\/depositos\/"},{"@type":"ListItem","position":4,"name":"Dep\u00f3sito Panettone Enterrado"}]},{"@type":"WebSite","@id":"https:\/\/www.inprisa.com\/fr\/#website","url":"https:\/\/www.inprisa.com\/fr\/","name":"Inprisa","description":"Expertos en maquinaria\u2028para el tratamiento de\u2028superficies y aguas.","publisher":{"@id":"https:\/\/www.inprisa.com\/fr\/#organization"},"alternateName":"Inprisa","potentialAction":[{"@type":"SearchAction","target":{"@type":"EntryPoint","urlTemplate":"https:\/\/www.inprisa.com\/fr\/?s={search_term_string}"},"query-input":{"@type":"PropertyValueSpecification","valueRequired":true,"valueName":"search_term_string"}}],"inLanguage":"fr-FR"},{"@type":"Organization","@id":"https:\/\/www.inprisa.com\/fr\/#organization","name":"Inprisa","alternateName":"Inprisa","url":"https:\/\/www.inprisa.com\/fr\/","logo":{"@type":"ImageObject","inLanguage":"fr-FR","@id":"https:\/\/www.inprisa.com\/fr\/#\/schema\/logo\/image\/","url":"https:\/\/www.inprisa.com\/wp-content\/uploads\/2024\/02\/inprisa.png","contentUrl":"https:\/\/www.inprisa.com\/wp-content\/uploads\/2024\/02\/inprisa.png","width":737,"height":200,"caption":"Inprisa"},"image":{"@id":"https:\/\/www.inprisa.com\/fr\/#\/schema\/logo\/image\/"}}]}},"_links":{"self":[{"href":"https:\/\/www.inprisa.com\/fr\/wp-json\/wp\/v2\/product\/7374","targetHints":{"allow":["GET"]}}],"collection":[{"href":"https:\/\/www.inprisa.com\/fr\/wp-json\/wp\/v2\/product"}],"about":[{"href":"https:\/\/www.inprisa.com\/fr\/wp-json\/wp\/v2\/types\/product"}],"wp:featuredmedia":[{"embeddable":true,"href":"https:\/\/www.inprisa.com\/fr\/wp-json\/wp\/v2\/media\/7359"}],"wp:attachment":[{"href":"https:\/\/www.inprisa.com\/fr\/wp-json\/wp\/v2\/media?parent=7374"}],"wp:term":[{"taxonomy":"product_brand","embeddable":true,"href":"https:\/\/www.inprisa.com\/fr\/wp-json\/wp\/v2\/product_brand?post=7374"},{"taxonomy":"product_cat","embeddable":true,"href":"https:\/\/www.inprisa.com\/fr\/wp-json\/wp\/v2\/product_cat?post=7374"},{"taxonomy":"product_tag","embeddable":true,"href":"https:\/\/www.inprisa.com\/fr\/wp-json\/wp\/v2\/product_tag?post=7374"}],"curies":[{"name":"wp","href":"https:\/\/api.w.org\/{rel}","templated":true}]}}