{"id":2471,"date":"2024-11-25T17:45:29","date_gmt":"2024-11-25T16:45:29","guid":{"rendered":"https:\/\/www.inprisa.com\/?page_id=2471"},"modified":"2025-08-19T14:26:37","modified_gmt":"2025-08-19T12:26:37","slug":"echographie","status":"publish","type":"page","link":"https:\/\/www.inprisa.com\/fr\/echographie\/","title":{"rendered":"\u00c9chographie"},"content":{"rendered":"\n<div class=\"oop-hero\" id=\"oop-hero-block_bff986943e7a0a6f90233eb4cc625d26\" style=\"background-image: url('https:\/\/www.inprisa.com\/wp-content\/uploads\/2024\/11\/INPRISA-160124-337-scaled.jpg');\">\n    <div class=\"oop-hero__content container\">\n        <div class=\"oop-hero__textarea\"  style=\"width: 85%;\">\n                            <p class=\"oop-hero__pretext\">\u00c9chographie<\/p>\n                        <h1 class=\"oop-hero__title\">D\u00e9veloppement de lignes sur mesure pour le nettoyage de pi\u00e8ces par ultrasons.<\/h1>\n                            <a class=\"button3 inverted\" href=\"#formContacto\" class=\"oop-hero__button\">Contact<\/a>\n                    <\/div>\n    <\/div>\n<\/div>\n\n<script>\n    document.addEventListener('DOMContentLoaded', function() {\n        var backgroundImage = 'https:\/\/www.inprisa.com\/wp-content\/uploads\/2024\/11\/INPRISA-160124-337-scaled.jpg';\n        if (window.innerWidth <= 768) backgroundImage = 'https:\/\/www.inprisa.com\/wp-content\/uploads\/2024\/11\/INPRISA-160124-337-scaled.jpg';\n        document.getElementById('oop-hero-block_bff986943e7a0a6f90233eb4cc625d26').style.backgroundImage = 'url(' + backgroundImage + ')';\n    });\n<\/script>\n\n\n\n<div class=\"oop-cta blanc\" id=\"oop-cta-block_15b06113cc4094beb035a72d93f0e98b\">\n    <div class=\"oop-cta__content container\">\n\n        <div class=\" two-columns\">\n            <div class=\" first-column\">\n                <p class=\"oop-cta__pretext\">Machines cl\u00e9s en main<\/p>\n            <\/div>\n            <div class=\"second-column\">\n                <h2 class=\"oop-cta__title normal\">Nous r\u00e9alisons l'ensemble du processus du d\u00e9but \u00e0 la fin : conception, installation, automatisation, instrumentation et mise en service.  <br \/>\r\n<\/h2>\n                            <\/div>\n        <\/div>\n\n    <\/div>\n<\/div>\n\n\n<div class=\"oop-our-work softblue\" id=\"oop-our-work-block_af7347fbfccbd5009e0c5273597ed985\">\n    <div class=\"oop-our-work__content container\">\n\n        <div class=\"two-columns\">\n            <div class=\"first-column\">\n                                    <p class=\"oop-our-work__pretext\">Exp\u00e9rience multisectorielle<\/p>\n                            <\/div>\n            <div class=\"second-column\">\n\n                                    <h2 class=\"oop-our-work__title\">Gr\u00e2ce \u00e0 notre \u00e9quipe technique qui a plus de 30 ans d'exp\u00e9rience dans la fabrication en interne, nous proposons des solutions dans tous les types d'industries et de secteurs.<br \/>\r\n<\/h2>\n                \n                \n                                    <div class=\"oop-our-work__gallery\">\n                        <div class=\"oop-our-work__gallery__images theImages\">\n                                                            <div class=\"oop-our-work__gallery__item theItem\">\n                                    <img decoding=\"async\" src=\" https:\/\/www.inprisa.com\/wp-content\/uploads\/2024\/11\/INPRISA-160124-337-scaled.jpg\" alt=\"Inprisa\">\n                                <\/div>\n                                                            <div class=\"oop-our-work__gallery__item theItem\">\n                                    <img decoding=\"async\" src=\" https:\/\/www.inprisa.com\/wp-content\/uploads\/2024\/11\/INPRISA-160124-372-scaled.jpg\" alt=\"Inprisa\">\n                                <\/div>\n                                                            <div class=\"oop-our-work__gallery__item theItem\">\n                                    <img decoding=\"async\" src=\" https:\/\/www.inprisa.com\/wp-content\/uploads\/2024\/11\/INPRISA-160124-441-scaled.jpg\" alt=\"Inprisa\">\n                                <\/div>\n                                                    <\/div>\n                                                    <div class=\"oop-our-work__gallery__controls\">\n                                <div class=\"oop-our-work__gallery__control oop-our-work__gallery__control--left scrollLeft\">\n                                    <svg width=\"48\" height=\"48\" viewBox=\"0 0 48 48\" fill=\"none\" xmlns=\"http:\/\/www.w3.org\/2000\/svg\" style=\"transform: rotate(180deg);\">\n                                        <g opacity=\"0.6\">\n                                            <circle cx=\"24\" cy=\"24\" r=\"24\" fill=\"#F4F3EF\" \/>\n                                        <\/g>\n                                        <circle cx=\"24.0007\" cy=\"24.0002\" r=\"18.7253\" fill=\"#F4F3EF\" \/>\n                                        <path d=\"M31.7071 24.7071C32.0976 24.3166 32.0976 23.6834 31.7071 23.2929L25.3431 16.9289C24.9526 16.5384 24.3195 16.5384 23.9289 16.9289C23.5384 17.3195 23.5384 17.9526 23.9289 18.3431L29.5858 24L23.9289 29.6569C23.5384 30.0474 23.5384 30.6805 23.9289 31.0711C24.3195 31.4616 24.9526 31.4616 25.3431 31.0711L31.7071 24.7071ZM17 25H31V23H17V25Z\" fill=\"#14304D\" \/>\n                                    <\/svg>\n                                <\/div>\n                                <div class=\"oop-our-work__gallery__control oop-our-work__gallery__control--right scrollRight\">\n                                    <svg width=\"48\" height=\"48\" viewBox=\"0 0 48 48\" fill=\"none\" xmlns=\"http:\/\/www.w3.org\/2000\/svg\">\n                                        <g opacity=\"0.6\">\n                                            <circle cx=\"24\" cy=\"24\" r=\"24\" fill=\"#F4F3EF\" \/>\n                                        <\/g>\n                                        <circle cx=\"24.0007\" cy=\"24.0002\" r=\"18.7253\" fill=\"#F4F3EF\" \/>\n                                        <path d=\"M31.7071 24.7071C32.0976 24.3166 32.0976 23.6834 31.7071 23.2929L25.3431 16.9289C24.9526 16.5384 24.3195 16.5384 23.9289 16.9289C23.5384 17.3195 23.5384 17.9526 23.9289 18.3431L29.5858 24L23.9289 29.6569C23.5384 30.0474 23.5384 30.6805 23.9289 31.0711C24.3195 31.4616 24.9526 31.4616 25.3431 31.0711L31.7071 24.7071ZM17 25H31V23H17V25Z\" fill=\"#14304D\" \/>\n                                    <\/svg>\n                                <\/div>\n                            <\/div>\n                                            <\/div>\n                                                <\/div>\n        <\/div>\n    <\/div>\n<\/div>\n\n\n    <script>\n        document.addEventListener(\"DOMContentLoaded\", function() {\n            initGallery('oop-our-work-block_af7347fbfccbd5009e0c5273597ed985', 3);\n        });\n    <\/script>\n","protected":false},"excerpt":{"rendered":"","protected":false},"author":3,"featured_media":3027,"parent":0,"menu_order":0,"comment_status":"closed","ping_status":"closed","template":"","meta":{"_acf_changed":false,"_monsterinsights_skip_tracking":false,"_monsterinsights_sitenote_active":false,"_monsterinsights_sitenote_note":"","_monsterinsights_sitenote_category":0,"footnotes":""},"class_list":["post-2471","page","type-page","status-publish","has-post-thumbnail","hentry"],"acf":[],"yoast_head":"<!-- This site is optimized with the Yoast SEO plugin v27.4 - https:\/\/yoast.com\/product\/yoast-seo-wordpress\/ -->\n<title>\u00c9chographie | Inprisa<\/title>\n<meta name=\"description\" content=\"Nous proposons des solutions sur mesure pour le traitement des eaux us\u00e9es, l&#039;osmose industrielle et les r\u00e9sines \u00e9changeuses d&#039;ions.\" \/>\n<meta name=\"robots\" content=\"index, follow, max-snippet:-1, max-image-preview:large, max-video-preview:-1\" \/>\n<link rel=\"canonical\" href=\"https:\/\/www.inprisa.com\/fr\/echographie\/\" \/>\n<meta property=\"og:locale\" content=\"fr_FR\" \/>\n<meta property=\"og:type\" content=\"article\" \/>\n<meta property=\"og:title\" content=\"\u00c9chographie | Inprisa\" \/>\n<meta property=\"og:description\" content=\"Nous proposons des solutions sur mesure pour le traitement des eaux us\u00e9es, l&#039;osmose industrielle et les r\u00e9sines \u00e9changeuses d&#039;ions.\" \/>\n<meta property=\"og:url\" content=\"https:\/\/www.inprisa.com\/fr\/echographie\/\" \/>\n<meta property=\"og:site_name\" content=\"Inprisa\" \/>\n<meta property=\"article:modified_time\" content=\"2025-08-19T12:26:37+00:00\" \/>\n<meta property=\"og:image\" content=\"https:\/\/www.inprisa.com\/wp-content\/uploads\/2024\/11\/INPRISA-160124-337-scaled.jpg\" \/>\n\t<meta property=\"og:image:width\" content=\"2560\" \/>\n\t<meta property=\"og:image:height\" content=\"1707\" \/>\n\t<meta property=\"og:image:type\" content=\"image\/jpeg\" \/>\n<meta name=\"twitter:card\" content=\"summary_large_image\" \/>\n<meta name=\"twitter:label1\" content=\"Dur\u00e9e de lecture estim\u00e9e\" \/>\n\t<meta name=\"twitter:data1\" content=\"1 minute\" \/>\n<script type=\"application\/ld+json\" class=\"yoast-schema-graph\">{\"@context\":\"https:\\\/\\\/schema.org\",\"@graph\":[{\"@type\":\"WebPage\",\"@id\":\"https:\\\/\\\/www.inprisa.com\\\/fr\\\/echographie\\\/\",\"url\":\"https:\\\/\\\/www.inprisa.com\\\/fr\\\/echographie\\\/\",\"name\":\"\u00c9chographie | Inprisa\",\"isPartOf\":{\"@id\":\"https:\\\/\\\/www.inprisa.com\\\/fr\\\/#website\"},\"primaryImageOfPage\":{\"@id\":\"https:\\\/\\\/www.inprisa.com\\\/fr\\\/echographie\\\/#primaryimage\"},\"image\":{\"@id\":\"https:\\\/\\\/www.inprisa.com\\\/fr\\\/echographie\\\/#primaryimage\"},\"thumbnailUrl\":\"https:\\\/\\\/www.inprisa.com\\\/wp-content\\\/uploads\\\/2024\\\/11\\\/INPRISA-160124-337-scaled.jpg\",\"datePublished\":\"2024-11-25T16:45:29+00:00\",\"dateModified\":\"2025-08-19T12:26:37+00:00\",\"description\":\"Nous proposons des solutions sur mesure pour le traitement des eaux us\u00e9es, l'osmose industrielle et les r\u00e9sines \u00e9changeuses d'ions.\",\"breadcrumb\":{\"@id\":\"https:\\\/\\\/www.inprisa.com\\\/fr\\\/echographie\\\/#breadcrumb\"},\"inLanguage\":\"fr-FR\",\"potentialAction\":[{\"@type\":\"ReadAction\",\"target\":[\"https:\\\/\\\/www.inprisa.com\\\/fr\\\/echographie\\\/\"]}]},{\"@type\":\"ImageObject\",\"inLanguage\":\"fr-FR\",\"@id\":\"https:\\\/\\\/www.inprisa.com\\\/fr\\\/echographie\\\/#primaryimage\",\"url\":\"https:\\\/\\\/www.inprisa.com\\\/wp-content\\\/uploads\\\/2024\\\/11\\\/INPRISA-160124-337-scaled.jpg\",\"contentUrl\":\"https:\\\/\\\/www.inprisa.com\\\/wp-content\\\/uploads\\\/2024\\\/11\\\/INPRISA-160124-337-scaled.jpg\",\"width\":2560,\"height\":1707},{\"@type\":\"BreadcrumbList\",\"@id\":\"https:\\\/\\\/www.inprisa.com\\\/fr\\\/echographie\\\/#breadcrumb\",\"itemListElement\":[{\"@type\":\"ListItem\",\"position\":1,\"name\":\"Inicio\",\"item\":\"https:\\\/\\\/www.inprisa.com\\\/fr\\\/inprisa-2\\\/\"},{\"@type\":\"ListItem\",\"position\":2,\"name\":\"\u00c9chographie\"}]},{\"@type\":\"WebSite\",\"@id\":\"https:\\\/\\\/www.inprisa.com\\\/fr\\\/#website\",\"url\":\"https:\\\/\\\/www.inprisa.com\\\/fr\\\/\",\"name\":\"Inprisa\",\"description\":\"Expertos en maquinaria\\u2028para el tratamiento de\\u2028superficies y aguas.\",\"publisher\":{\"@id\":\"https:\\\/\\\/www.inprisa.com\\\/fr\\\/#organization\"},\"alternateName\":\"Inprisa\",\"potentialAction\":[{\"@type\":\"SearchAction\",\"target\":{\"@type\":\"EntryPoint\",\"urlTemplate\":\"https:\\\/\\\/www.inprisa.com\\\/fr\\\/?s={search_term_string}\"},\"query-input\":{\"@type\":\"PropertyValueSpecification\",\"valueRequired\":true,\"valueName\":\"search_term_string\"}}],\"inLanguage\":\"fr-FR\"},{\"@type\":\"Organization\",\"@id\":\"https:\\\/\\\/www.inprisa.com\\\/fr\\\/#organization\",\"name\":\"Inprisa\",\"alternateName\":\"Inprisa\",\"url\":\"https:\\\/\\\/www.inprisa.com\\\/fr\\\/\",\"logo\":{\"@type\":\"ImageObject\",\"inLanguage\":\"fr-FR\",\"@id\":\"https:\\\/\\\/www.inprisa.com\\\/fr\\\/#\\\/schema\\\/logo\\\/image\\\/\",\"url\":\"https:\\\/\\\/www.inprisa.com\\\/wp-content\\\/uploads\\\/2024\\\/02\\\/inprisa.png\",\"contentUrl\":\"https:\\\/\\\/www.inprisa.com\\\/wp-content\\\/uploads\\\/2024\\\/02\\\/inprisa.png\",\"width\":737,\"height\":200,\"caption\":\"Inprisa\"},\"image\":{\"@id\":\"https:\\\/\\\/www.inprisa.com\\\/fr\\\/#\\\/schema\\\/logo\\\/image\\\/\"}}]}<\/script>\n<!-- \/ Yoast SEO plugin. -->","yoast_head_json":{"title":"\u00c9chographie | Inprisa","description":"Nous proposons des solutions sur mesure pour le traitement des eaux us\u00e9es, l'osmose industrielle et les r\u00e9sines \u00e9changeuses d'ions.","robots":{"index":"index","follow":"follow","max-snippet":"max-snippet:-1","max-image-preview":"max-image-preview:large","max-video-preview":"max-video-preview:-1"},"canonical":"https:\/\/www.inprisa.com\/fr\/echographie\/","og_locale":"fr_FR","og_type":"article","og_title":"\u00c9chographie | Inprisa","og_description":"Nous proposons des solutions sur mesure pour le traitement des eaux us\u00e9es, l'osmose industrielle et les r\u00e9sines \u00e9changeuses d'ions.","og_url":"https:\/\/www.inprisa.com\/fr\/echographie\/","og_site_name":"Inprisa","article_modified_time":"2025-08-19T12:26:37+00:00","og_image":[{"width":2560,"height":1707,"url":"https:\/\/www.inprisa.com\/wp-content\/uploads\/2024\/11\/INPRISA-160124-337-scaled.jpg","type":"image\/jpeg"}],"twitter_card":"summary_large_image","twitter_misc":{"Dur\u00e9e de lecture estim\u00e9e":"1 minute"},"schema":{"@context":"https:\/\/schema.org","@graph":[{"@type":"WebPage","@id":"https:\/\/www.inprisa.com\/fr\/echographie\/","url":"https:\/\/www.inprisa.com\/fr\/echographie\/","name":"\u00c9chographie | Inprisa","isPartOf":{"@id":"https:\/\/www.inprisa.com\/fr\/#website"},"primaryImageOfPage":{"@id":"https:\/\/www.inprisa.com\/fr\/echographie\/#primaryimage"},"image":{"@id":"https:\/\/www.inprisa.com\/fr\/echographie\/#primaryimage"},"thumbnailUrl":"https:\/\/www.inprisa.com\/wp-content\/uploads\/2024\/11\/INPRISA-160124-337-scaled.jpg","datePublished":"2024-11-25T16:45:29+00:00","dateModified":"2025-08-19T12:26:37+00:00","description":"Nous proposons des solutions sur mesure pour le traitement des eaux us\u00e9es, l'osmose industrielle et les r\u00e9sines \u00e9changeuses d'ions.","breadcrumb":{"@id":"https:\/\/www.inprisa.com\/fr\/echographie\/#breadcrumb"},"inLanguage":"fr-FR","potentialAction":[{"@type":"ReadAction","target":["https:\/\/www.inprisa.com\/fr\/echographie\/"]}]},{"@type":"ImageObject","inLanguage":"fr-FR","@id":"https:\/\/www.inprisa.com\/fr\/echographie\/#primaryimage","url":"https:\/\/www.inprisa.com\/wp-content\/uploads\/2024\/11\/INPRISA-160124-337-scaled.jpg","contentUrl":"https:\/\/www.inprisa.com\/wp-content\/uploads\/2024\/11\/INPRISA-160124-337-scaled.jpg","width":2560,"height":1707},{"@type":"BreadcrumbList","@id":"https:\/\/www.inprisa.com\/fr\/echographie\/#breadcrumb","itemListElement":[{"@type":"ListItem","position":1,"name":"Inicio","item":"https:\/\/www.inprisa.com\/fr\/inprisa-2\/"},{"@type":"ListItem","position":2,"name":"\u00c9chographie"}]},{"@type":"WebSite","@id":"https:\/\/www.inprisa.com\/fr\/#website","url":"https:\/\/www.inprisa.com\/fr\/","name":"Inprisa","description":"Expertos en maquinaria\u2028para el tratamiento de\u2028superficies y aguas.","publisher":{"@id":"https:\/\/www.inprisa.com\/fr\/#organization"},"alternateName":"Inprisa","potentialAction":[{"@type":"SearchAction","target":{"@type":"EntryPoint","urlTemplate":"https:\/\/www.inprisa.com\/fr\/?s={search_term_string}"},"query-input":{"@type":"PropertyValueSpecification","valueRequired":true,"valueName":"search_term_string"}}],"inLanguage":"fr-FR"},{"@type":"Organization","@id":"https:\/\/www.inprisa.com\/fr\/#organization","name":"Inprisa","alternateName":"Inprisa","url":"https:\/\/www.inprisa.com\/fr\/","logo":{"@type":"ImageObject","inLanguage":"fr-FR","@id":"https:\/\/www.inprisa.com\/fr\/#\/schema\/logo\/image\/","url":"https:\/\/www.inprisa.com\/wp-content\/uploads\/2024\/02\/inprisa.png","contentUrl":"https:\/\/www.inprisa.com\/wp-content\/uploads\/2024\/02\/inprisa.png","width":737,"height":200,"caption":"Inprisa"},"image":{"@id":"https:\/\/www.inprisa.com\/fr\/#\/schema\/logo\/image\/"}}]}},"_links":{"self":[{"href":"https:\/\/www.inprisa.com\/fr\/wp-json\/wp\/v2\/pages\/2471","targetHints":{"allow":["GET"]}}],"collection":[{"href":"https:\/\/www.inprisa.com\/fr\/wp-json\/wp\/v2\/pages"}],"about":[{"href":"https:\/\/www.inprisa.com\/fr\/wp-json\/wp\/v2\/types\/page"}],"author":[{"embeddable":true,"href":"https:\/\/www.inprisa.com\/fr\/wp-json\/wp\/v2\/users\/3"}],"replies":[{"embeddable":true,"href":"https:\/\/www.inprisa.com\/fr\/wp-json\/wp\/v2\/comments?post=2471"}],"version-history":[{"count":4,"href":"https:\/\/www.inprisa.com\/fr\/wp-json\/wp\/v2\/pages\/2471\/revisions"}],"predecessor-version":[{"id":9906,"href":"https:\/\/www.inprisa.com\/fr\/wp-json\/wp\/v2\/pages\/2471\/revisions\/9906"}],"wp:featuredmedia":[{"embeddable":true,"href":"https:\/\/www.inprisa.com\/fr\/wp-json\/wp\/v2\/media\/3027"}],"wp:attachment":[{"href":"https:\/\/www.inprisa.com\/fr\/wp-json\/wp\/v2\/media?parent=2471"}],"curies":[{"name":"wp","href":"https:\/\/api.w.org\/{rel}","templated":true}]}}