{"id":1241,"date":"2024-02-25T17:41:34","date_gmt":"2024-02-25T16:41:34","guid":{"rendered":"https:\/\/www.inprisa.com\/tratamiento-de-aguas\/"},"modified":"2024-07-12T12:28:04","modified_gmt":"2024-07-12T10:28:04","slug":"tratamiento-de-aguas","status":"publish","type":"page","link":"https:\/\/www.inprisa.com\/fr\/tratamiento-de-aguas\/","title":{"rendered":"Traitement des eaux"},"content":{"rendered":"\n<div class=\"oop-hero\" id=\"oop-hero-block_19e58dddbf4ba5dca899b26e6394121c\" style=\"background-image: url('https:\/\/www.inprisa.com\/wp-content\/uploads\/2024\/02\/INPRISA-160124-WEB-149-1-1.jpg');\">\n    <div class=\"oop-hero__content container\">\n        <div class=\"oop-hero__textarea\"  style=\"width: 85%;\">\n                            <p class=\"oop-hero__pretext\">Traitement des eaux<\/p>\n                        <h1 class=\"oop-hero__title\">Solutions sur mesure pour le traitement des eaux us\u00e9es, l\u2019osmose industrielle et les r\u00e9sines \u00e9changeuses d\u2019ions<\/h1>\n                            <a class=\"button3 inverted\" href=\"#formContacto\" class=\"oop-hero__button\">Nous contacter<\/a>\n                    <\/div>\n    <\/div>\n<\/div>\n\n<script>\n    document.addEventListener('DOMContentLoaded', function() {\n        var backgroundImage = 'https:\/\/www.inprisa.com\/wp-content\/uploads\/2024\/02\/INPRISA-160124-WEB-149-1-1.jpg';\n        if (window.innerWidth <= 768) backgroundImage = 'https:\/\/www.inprisa.com\/wp-content\/uploads\/2024\/05\/INPRISA-160124-WEB-143-e1716998538525.jpg';\n        document.getElementById('oop-hero-block_19e58dddbf4ba5dca899b26e6394121c').style.backgroundImage = 'url(' + backgroundImage + ')';\n    });\n<\/script>\n\n\n\n<div class=\"oop-cta white\" id=\"oop-cta-block_822dabd462c49f99d415a64a31088a00\">\n    <div class=\"oop-cta__content container\">\n\n        <div class=\" two-columns\">\n            <div class=\" first-column\">\n                <p class=\"oop-cta__pretext\">Solutions sur mesure<\/p>\n            <\/div>\n            <div class=\"second-column\">\n                <h2 class=\"oop-cta__title normal\">Nous travaillons sur les besoins des entreprises et concevons des projets techniques sur mesure, garantissant des solutions fonctionnelles pour le traitement des eaux.<\/h2>\n                            <\/div>\n        <\/div>\n\n    <\/div>\n<\/div>\n\n\n<div class=\"oop-our-work softblue\" id=\"oop-our-work-block_73e8c8c1f57356f68ec82346f8e0218b\">\n    <div class=\"oop-our-work__content container\">\n\n        <div class=\"two-columns\">\n            <div class=\"first-column\">\n                                    <p class=\"oop-our-work__pretext\">Exp\u00e9rience multisectorielle<\/p>\n                            <\/div>\n            <div class=\"second-column\">\n\n                                    <h2 class=\"oop-our-work__title\">Gr\u00e2ce \u00e0 notre \u00e9quipe technique qui a plus de 30 ans d\u2019exp\u00e9rience de fabrication dans notre atelier, nous proposons des solutions dans tous les types d\u2019industries et de secteurs.<\/h2>\n                \n                \n                                    <div class=\"oop-our-work__gallery\">\n                        <div class=\"oop-our-work__gallery__images theImages\">\n                                                            <div class=\"oop-our-work__gallery__item theItem\">\n                                    <img decoding=\"async\" src=\" https:\/\/www.inprisa.com\/wp-content\/uploads\/2024\/02\/INPRISA-160124-WEB-53-2-2-1.jpg\" alt=\"Inprisa\">\n                                <\/div>\n                                                            <div class=\"oop-our-work__gallery__item theItem\">\n                                    <img decoding=\"async\" src=\" https:\/\/www.inprisa.com\/wp-content\/uploads\/2024\/03\/inprisa-servicio-postventa-mobile.jpeg\" alt=\"Inprisa\">\n                                <\/div>\n                                                            <div class=\"oop-our-work__gallery__item theItem\">\n                                    <img decoding=\"async\" src=\" https:\/\/www.inprisa.com\/wp-content\/uploads\/2024\/05\/INPRISA-160124-WEB-158-e1716984999572.jpg\" alt=\"Inprisa\">\n                                <\/div>\n                                                            <div class=\"oop-our-work__gallery__item theItem\">\n                                    <img decoding=\"async\" src=\" https:\/\/www.inprisa.com\/wp-content\/uploads\/2024\/05\/INPRISA-160124-WEB-106.jpg\" alt=\"Inprisa\">\n                                <\/div>\n                                                            <div class=\"oop-our-work__gallery__item theItem\">\n                                    <img decoding=\"async\" src=\" https:\/\/www.inprisa.com\/wp-content\/uploads\/2024\/05\/INPRISA-160124-WEB-245.jpg\" alt=\"Inprisa\">\n                                <\/div>\n                                                            <div class=\"oop-our-work__gallery__item theItem\">\n                                    <img decoding=\"async\" src=\" https:\/\/www.inprisa.com\/wp-content\/uploads\/2024\/05\/INPRISA-160124-WEB-374.jpg\" alt=\"Inprisa\">\n                                <\/div>\n                                                    <\/div>\n                                                    <div class=\"oop-our-work__gallery__controls\">\n                                <div class=\"oop-our-work__gallery__control oop-our-work__gallery__control--left scrollLeft\">\n                                    <svg width=\"48\" height=\"48\" viewBox=\"0 0 48 48\" fill=\"none\" xmlns=\"http:\/\/www.w3.org\/2000\/svg\" style=\"transform: rotate(180deg);\">\n                                        <g opacity=\"0.6\">\n                                            <circle cx=\"24\" cy=\"24\" r=\"24\" fill=\"#F4F3EF\" \/>\n                                        <\/g>\n                                        <circle cx=\"24.0007\" cy=\"24.0002\" r=\"18.7253\" fill=\"#F4F3EF\" \/>\n                                        <path d=\"M31.7071 24.7071C32.0976 24.3166 32.0976 23.6834 31.7071 23.2929L25.3431 16.9289C24.9526 16.5384 24.3195 16.5384 23.9289 16.9289C23.5384 17.3195 23.5384 17.9526 23.9289 18.3431L29.5858 24L23.9289 29.6569C23.5384 30.0474 23.5384 30.6805 23.9289 31.0711C24.3195 31.4616 24.9526 31.4616 25.3431 31.0711L31.7071 24.7071ZM17 25H31V23H17V25Z\" fill=\"#14304D\" \/>\n                                    <\/svg>\n                                <\/div>\n                                <div class=\"oop-our-work__gallery__control oop-our-work__gallery__control--right scrollRight\">\n                                    <svg width=\"48\" height=\"48\" viewBox=\"0 0 48 48\" fill=\"none\" xmlns=\"http:\/\/www.w3.org\/2000\/svg\">\n                                        <g opacity=\"0.6\">\n                                            <circle cx=\"24\" cy=\"24\" r=\"24\" fill=\"#F4F3EF\" \/>\n                                        <\/g>\n                                        <circle cx=\"24.0007\" cy=\"24.0002\" r=\"18.7253\" fill=\"#F4F3EF\" \/>\n                                        <path d=\"M31.7071 24.7071C32.0976 24.3166 32.0976 23.6834 31.7071 23.2929L25.3431 16.9289C24.9526 16.5384 24.3195 16.5384 23.9289 16.9289C23.5384 17.3195 23.5384 17.9526 23.9289 18.3431L29.5858 24L23.9289 29.6569C23.5384 30.0474 23.5384 30.6805 23.9289 31.0711C24.3195 31.4616 24.9526 31.4616 25.3431 31.0711L31.7071 24.7071ZM17 25H31V23H17V25Z\" fill=\"#14304D\" \/>\n                                    <\/svg>\n                                <\/div>\n                            <\/div>\n                                            <\/div>\n                                                <\/div>\n        <\/div>\n    <\/div>\n<\/div>\n\n\n    <script>\n        document.addEventListener(\"DOMContentLoaded\", function() {\n            initGallery('oop-our-work-block_73e8c8c1f57356f68ec82346f8e0218b', 6);\n        });\n    <\/script>\n\n\n\n    <div class=\"oop-marquee white\" id=\"oop-marquee-block_b03ede4642bd547ec0543dbafc9759ed\">\n\n        <div class=\"oop-marquee__content container\">\n\n            <div class=\"oop-marque__title_marquee\">\n                Domaines            <\/div>\n\n                            <div class=\"two-columns\">\n                    <div class=\"first-column\">&nbsp;<\/div>\n                    <div class=\"second-column\">\n                                                    <p class=\"oop-marquee__text\">Chaque projet \u00e9tant unique, nos solutions sont diverses et personnalis\u00e9es :<\/p>\n                                            <\/div>\n                <\/div>\n            \n            \n                                <div class=\"oop-marque-elements-margin\">\n\n                    \n                    <div class=\"oop-marquee__items\" id=\"slider_block_b03ede4642bd547ec0543dbafc9759ed\">\n\n                                                    <div class=\"oop-marquee__item\">\n                                <div class=\"oop-marquee__item__image\">\n                                    <img decoding=\"async\" src=\"https:\/\/www.inprisa.com\/wp-content\/uploads\/2024\/02\/INPRISA-160124-WEB-155-1-1.jpg\" alt=\"\">\n                                <\/div>\n                                <div class=\"oop-marquee__item__text\">\n                                    <span class=\"oop-our-work__item__counter\">01<\/span>\n                                    <h3>\n                                        \u00c9puration des eaux industrielles                                    <\/h3>\n                                    <p>Solutions avanc\u00e9es de recyclage des eaux us\u00e9es, garantissant la conformit\u00e9 aux r\u00e9glementations et l\u2019efficacit\u00e9.<\/p>\n\n                                                                    <\/div>\n                            <\/div>\n                                                    <div class=\"oop-marquee__item\">\n                                <div class=\"oop-marquee__item__image\">\n                                    <img decoding=\"async\" src=\"https:\/\/www.inprisa.com\/wp-content\/uploads\/2024\/02\/INPRISA-160124-WEB-53-2-1-1.jpg\" alt=\"\">\n                                <\/div>\n                                <div class=\"oop-marquee__item__text\">\n                                    <span class=\"oop-our-work__item__counter\">02<\/span>\n                                    <h3>\n                                        \u00c9quipement d\u2019osmose industrielle                                    <\/h3>\n                                    <p>Osmose industrielle de haute pr\u00e9cision pour une puret\u00e9 d\u2019eau exceptionnelle dans chaque projet.<\/p>\n\n                                                                    <\/div>\n                            <\/div>\n                                                    <div class=\"oop-marquee__item\">\n                                <div class=\"oop-marquee__item__image\">\n                                    <img decoding=\"async\" src=\"https:\/\/www.inprisa.com\/wp-content\/uploads\/2024\/05\/INPRISA-160124-WEB-220-e1716999348492.jpg\" alt=\"\">\n                                <\/div>\n                                <div class=\"oop-marquee__item__text\">\n                                    <span class=\"oop-our-work__item__counter\">03<\/span>\n                                    <h3>\n                                        \u00c9quipement d\u2019\u00e9change d\u2019ions                                    <\/h3>\n                                    <p>\u00c9change d\u2019ions efficace pour un traitement optimis\u00e9 et durable de l\u2019eau.<\/p>\n\n                                                                    <\/div>\n                            <\/div>\n                                            <\/div>\n\n                <\/div>\n            \n        <\/div>\n    <\/div>\n\n\n\n\n\n\n<div class=\"oop-image\" id=\"oop-image-block_5d2eaadc8bca1f81119cef23cbb796d7\"><img decoding=\"async\" src=\"https:\/\/www.inprisa.com\/wp-content\/uploads\/2024\/02\/INPRISA-160124-WEB-149-1-1.jpg\" alt=\"Inprisa\"\/><\/div>","protected":false},"excerpt":{"rendered":"","protected":false},"author":1,"featured_media":1248,"parent":0,"menu_order":0,"comment_status":"closed","ping_status":"closed","template":"","meta":{"_acf_changed":false,"_monsterinsights_skip_tracking":false,"_monsterinsights_sitenote_active":false,"_monsterinsights_sitenote_note":"","_monsterinsights_sitenote_category":0,"footnotes":""},"class_list":["post-1241","page","type-page","status-publish","has-post-thumbnail","hentry"],"acf":[],"yoast_head":"<!-- This site is optimized with the Yoast SEO plugin v25.5 - https:\/\/yoast.com\/wordpress\/plugins\/seo\/ -->\n<title>Traitement des eaux | Inprisa<\/title>\n<meta name=\"description\" content=\"Ofrecemos soluciones a medida para el tratamiento de aguas residuales, osmosis industrial y resinas de intercambio i\u00f3nico.\" \/>\n<meta name=\"robots\" content=\"index, follow, max-snippet:-1, max-image-preview:large, max-video-preview:-1\" \/>\n<link rel=\"canonical\" href=\"https:\/\/www.inprisa.com\/fr\/tratamiento-de-aguas\/\" \/>\n<meta property=\"og:locale\" content=\"fr_FR\" \/>\n<meta property=\"og:type\" content=\"article\" \/>\n<meta property=\"og:title\" content=\"Traitement des eaux | Inprisa\" \/>\n<meta property=\"og:description\" content=\"Ofrecemos soluciones a medida para el tratamiento de aguas residuales, osmosis industrial y resinas de intercambio i\u00f3nico.\" \/>\n<meta property=\"og:url\" content=\"https:\/\/www.inprisa.com\/fr\/tratamiento-de-aguas\/\" \/>\n<meta property=\"og:site_name\" content=\"Inprisa\" \/>\n<meta property=\"article:modified_time\" content=\"2024-07-12T10:28:04+00:00\" \/>\n<meta property=\"og:image\" content=\"https:\/\/www.inprisa.com\/wp-content\/uploads\/2024\/02\/inprisa-home.jpg\" \/>\n\t<meta property=\"og:image:width\" content=\"1920\" \/>\n\t<meta property=\"og:image:height\" content=\"1280\" \/>\n\t<meta property=\"og:image:type\" content=\"image\/jpeg\" \/>\n<meta name=\"twitter:card\" content=\"summary_large_image\" \/>\n<script type=\"application\/ld+json\" class=\"yoast-schema-graph\">{\"@context\":\"https:\/\/schema.org\",\"@graph\":[{\"@type\":\"WebPage\",\"@id\":\"https:\/\/www.inprisa.com\/fr\/tratamiento-de-aguas\/\",\"url\":\"https:\/\/www.inprisa.com\/fr\/tratamiento-de-aguas\/\",\"name\":\"Traitement des eaux | Inprisa\",\"isPartOf\":{\"@id\":\"https:\/\/www.inprisa.com\/fr\/#website\"},\"primaryImageOfPage\":{\"@id\":\"https:\/\/www.inprisa.com\/fr\/tratamiento-de-aguas\/#primaryimage\"},\"image\":{\"@id\":\"https:\/\/www.inprisa.com\/fr\/tratamiento-de-aguas\/#primaryimage\"},\"thumbnailUrl\":\"https:\/\/www.inprisa.com\/wp-content\/uploads\/2024\/02\/INPRISA-160124-WEB-149-1-1.jpg\",\"datePublished\":\"2024-02-25T16:41:34+00:00\",\"dateModified\":\"2024-07-12T10:28:04+00:00\",\"description\":\"Ofrecemos soluciones a medida para el tratamiento de aguas residuales, osmosis industrial y resinas de intercambio i\u00f3nico.\",\"breadcrumb\":{\"@id\":\"https:\/\/www.inprisa.com\/fr\/tratamiento-de-aguas\/#breadcrumb\"},\"inLanguage\":\"fr-FR\",\"potentialAction\":[{\"@type\":\"ReadAction\",\"target\":[\"https:\/\/www.inprisa.com\/fr\/tratamiento-de-aguas\/\"]}]},{\"@type\":\"ImageObject\",\"inLanguage\":\"fr-FR\",\"@id\":\"https:\/\/www.inprisa.com\/fr\/tratamiento-de-aguas\/#primaryimage\",\"url\":\"https:\/\/www.inprisa.com\/wp-content\/uploads\/2024\/02\/INPRISA-160124-WEB-149-1-1.jpg\",\"contentUrl\":\"https:\/\/www.inprisa.com\/wp-content\/uploads\/2024\/02\/INPRISA-160124-WEB-149-1-1.jpg\",\"width\":1440,\"height\":861},{\"@type\":\"BreadcrumbList\",\"@id\":\"https:\/\/www.inprisa.com\/fr\/tratamiento-de-aguas\/#breadcrumb\",\"itemListElement\":[{\"@type\":\"ListItem\",\"position\":1,\"name\":\"Inicio\",\"item\":\"https:\/\/www.inprisa.com\/fr\/inprisa-2\/\"},{\"@type\":\"ListItem\",\"position\":2,\"name\":\"Traitement des eaux\"}]},{\"@type\":\"WebSite\",\"@id\":\"https:\/\/www.inprisa.com\/fr\/#website\",\"url\":\"https:\/\/www.inprisa.com\/fr\/\",\"name\":\"Inprisa\",\"description\":\"Expertos en maquinaria\\u2028para el tratamiento de\\u2028superficies y aguas.\",\"publisher\":{\"@id\":\"https:\/\/www.inprisa.com\/fr\/#organization\"},\"alternateName\":\"Inprisa\",\"potentialAction\":[{\"@type\":\"SearchAction\",\"target\":{\"@type\":\"EntryPoint\",\"urlTemplate\":\"https:\/\/www.inprisa.com\/fr\/?s={search_term_string}\"},\"query-input\":{\"@type\":\"PropertyValueSpecification\",\"valueRequired\":true,\"valueName\":\"search_term_string\"}}],\"inLanguage\":\"fr-FR\"},{\"@type\":\"Organization\",\"@id\":\"https:\/\/www.inprisa.com\/fr\/#organization\",\"name\":\"Inprisa\",\"alternateName\":\"Inprisa\",\"url\":\"https:\/\/www.inprisa.com\/fr\/\",\"logo\":{\"@type\":\"ImageObject\",\"inLanguage\":\"fr-FR\",\"@id\":\"https:\/\/www.inprisa.com\/fr\/#\/schema\/logo\/image\/\",\"url\":\"https:\/\/www.inprisa.com\/wp-content\/uploads\/2024\/02\/inprisa.png\",\"contentUrl\":\"https:\/\/www.inprisa.com\/wp-content\/uploads\/2024\/02\/inprisa.png\",\"width\":737,\"height\":200,\"caption\":\"Inprisa\"},\"image\":{\"@id\":\"https:\/\/www.inprisa.com\/fr\/#\/schema\/logo\/image\/\"}}]}<\/script>\n<!-- \/ Yoast SEO plugin. -->","yoast_head_json":{"title":"Traitement des eaux | Inprisa","description":"Ofrecemos soluciones a medida para el tratamiento de aguas residuales, osmosis industrial y resinas de intercambio i\u00f3nico.","robots":{"index":"index","follow":"follow","max-snippet":"max-snippet:-1","max-image-preview":"max-image-preview:large","max-video-preview":"max-video-preview:-1"},"canonical":"https:\/\/www.inprisa.com\/fr\/tratamiento-de-aguas\/","og_locale":"fr_FR","og_type":"article","og_title":"Traitement des eaux | Inprisa","og_description":"Ofrecemos soluciones a medida para el tratamiento de aguas residuales, osmosis industrial y resinas de intercambio i\u00f3nico.","og_url":"https:\/\/www.inprisa.com\/fr\/tratamiento-de-aguas\/","og_site_name":"Inprisa","article_modified_time":"2024-07-12T10:28:04+00:00","og_image":[{"width":1920,"height":1280,"url":"https:\/\/www.inprisa.com\/wp-content\/uploads\/2024\/02\/inprisa-home.jpg","type":"image\/jpeg"}],"twitter_card":"summary_large_image","schema":{"@context":"https:\/\/schema.org","@graph":[{"@type":"WebPage","@id":"https:\/\/www.inprisa.com\/fr\/tratamiento-de-aguas\/","url":"https:\/\/www.inprisa.com\/fr\/tratamiento-de-aguas\/","name":"Traitement des eaux | Inprisa","isPartOf":{"@id":"https:\/\/www.inprisa.com\/fr\/#website"},"primaryImageOfPage":{"@id":"https:\/\/www.inprisa.com\/fr\/tratamiento-de-aguas\/#primaryimage"},"image":{"@id":"https:\/\/www.inprisa.com\/fr\/tratamiento-de-aguas\/#primaryimage"},"thumbnailUrl":"https:\/\/www.inprisa.com\/wp-content\/uploads\/2024\/02\/INPRISA-160124-WEB-149-1-1.jpg","datePublished":"2024-02-25T16:41:34+00:00","dateModified":"2024-07-12T10:28:04+00:00","description":"Ofrecemos soluciones a medida para el tratamiento de aguas residuales, osmosis industrial y resinas de intercambio i\u00f3nico.","breadcrumb":{"@id":"https:\/\/www.inprisa.com\/fr\/tratamiento-de-aguas\/#breadcrumb"},"inLanguage":"fr-FR","potentialAction":[{"@type":"ReadAction","target":["https:\/\/www.inprisa.com\/fr\/tratamiento-de-aguas\/"]}]},{"@type":"ImageObject","inLanguage":"fr-FR","@id":"https:\/\/www.inprisa.com\/fr\/tratamiento-de-aguas\/#primaryimage","url":"https:\/\/www.inprisa.com\/wp-content\/uploads\/2024\/02\/INPRISA-160124-WEB-149-1-1.jpg","contentUrl":"https:\/\/www.inprisa.com\/wp-content\/uploads\/2024\/02\/INPRISA-160124-WEB-149-1-1.jpg","width":1440,"height":861},{"@type":"BreadcrumbList","@id":"https:\/\/www.inprisa.com\/fr\/tratamiento-de-aguas\/#breadcrumb","itemListElement":[{"@type":"ListItem","position":1,"name":"Inicio","item":"https:\/\/www.inprisa.com\/fr\/inprisa-2\/"},{"@type":"ListItem","position":2,"name":"Traitement des eaux"}]},{"@type":"WebSite","@id":"https:\/\/www.inprisa.com\/fr\/#website","url":"https:\/\/www.inprisa.com\/fr\/","name":"Inprisa","description":"Expertos en maquinaria\u2028para el tratamiento de\u2028superficies y aguas.","publisher":{"@id":"https:\/\/www.inprisa.com\/fr\/#organization"},"alternateName":"Inprisa","potentialAction":[{"@type":"SearchAction","target":{"@type":"EntryPoint","urlTemplate":"https:\/\/www.inprisa.com\/fr\/?s={search_term_string}"},"query-input":{"@type":"PropertyValueSpecification","valueRequired":true,"valueName":"search_term_string"}}],"inLanguage":"fr-FR"},{"@type":"Organization","@id":"https:\/\/www.inprisa.com\/fr\/#organization","name":"Inprisa","alternateName":"Inprisa","url":"https:\/\/www.inprisa.com\/fr\/","logo":{"@type":"ImageObject","inLanguage":"fr-FR","@id":"https:\/\/www.inprisa.com\/fr\/#\/schema\/logo\/image\/","url":"https:\/\/www.inprisa.com\/wp-content\/uploads\/2024\/02\/inprisa.png","contentUrl":"https:\/\/www.inprisa.com\/wp-content\/uploads\/2024\/02\/inprisa.png","width":737,"height":200,"caption":"Inprisa"},"image":{"@id":"https:\/\/www.inprisa.com\/fr\/#\/schema\/logo\/image\/"}}]}},"_links":{"self":[{"href":"https:\/\/www.inprisa.com\/fr\/wp-json\/wp\/v2\/pages\/1241","targetHints":{"allow":["GET"]}}],"collection":[{"href":"https:\/\/www.inprisa.com\/fr\/wp-json\/wp\/v2\/pages"}],"about":[{"href":"https:\/\/www.inprisa.com\/fr\/wp-json\/wp\/v2\/types\/page"}],"author":[{"embeddable":true,"href":"https:\/\/www.inprisa.com\/fr\/wp-json\/wp\/v2\/users\/1"}],"replies":[{"embeddable":true,"href":"https:\/\/www.inprisa.com\/fr\/wp-json\/wp\/v2\/comments?post=1241"}],"version-history":[{"count":3,"href":"https:\/\/www.inprisa.com\/fr\/wp-json\/wp\/v2\/pages\/1241\/revisions"}],"predecessor-version":[{"id":1592,"href":"https:\/\/www.inprisa.com\/fr\/wp-json\/wp\/v2\/pages\/1241\/revisions\/1592"}],"wp:featuredmedia":[{"embeddable":true,"href":"https:\/\/www.inprisa.com\/fr\/wp-json\/wp\/v2\/media\/1248"}],"wp:attachment":[{"href":"https:\/\/www.inprisa.com\/fr\/wp-json\/wp\/v2\/media?parent=1241"}],"curies":[{"name":"wp","href":"https:\/\/api.w.org\/{rel}","templated":true}]}}