{"id":1221,"date":"2024-02-25T17:41:47","date_gmt":"2024-02-25T16:41:47","guid":{"rendered":"https:\/\/www.inprisa.com\/servicio-postventa\/"},"modified":"2024-07-12T12:25:23","modified_gmt":"2024-07-12T10:25:23","slug":"servicio-postventa","status":"publish","type":"page","link":"https:\/\/www.inprisa.com\/fr\/servicio-postventa\/","title":{"rendered":"Service apr\u00e8s-vente"},"content":{"rendered":"\n<div class=\"oop-hero\" id=\"oop-hero-block_bcd8b99863097ddf86779a5fb4470413\" style=\"background-image: url('https:\/\/www.inprisa.com\/wp-content\/uploads\/2024\/02\/inprisa-servicio-postventa-1.jpg');\">\n    <div class=\"oop-hero__content container\">\n        <div class=\"oop-hero__textarea\"  style=\"width: 75%;\">\n                            <p class=\"oop-hero__pretext\">Service apr\u00e8s-vente<\/p>\n                        <h1 class=\"oop-hero__title\">Maintenance et fournitures pour votre installation<\/h1>\n                            <a class=\"button3 inverted\" href=\"#formContacto\" class=\"oop-hero__button\">Nous contacter<\/a>\n                    <\/div>\n    <\/div>\n<\/div>\n\n<script>\n    document.addEventListener('DOMContentLoaded', function() {\n        var backgroundImage = 'https:\/\/www.inprisa.com\/wp-content\/uploads\/2024\/02\/inprisa-servicio-postventa-1.jpg';\n        if (window.innerWidth <= 768) backgroundImage = 'https:\/\/www.inprisa.com\/wp-content\/uploads\/2024\/03\/Fondo-per-programador-3.png';\n        document.getElementById('oop-hero-block_bcd8b99863097ddf86779a5fb4470413').style.backgroundImage = 'url(' + backgroundImage + ')';\n    });\n<\/script>\n\n\n\n<div class=\"oop-cta white with-button\" id=\"oop-cta-block_356feb1e0d10be4f95c17a0ed8471676\">\n    <div class=\"oop-cta__content container\">\n\n        <div class=\" two-columns\">\n            <div class=\" first-column\">\n                <p class=\"oop-cta__pretext\">Maintenance<\/p>\n            <\/div>\n            <div class=\"second-column\">\n                <h2 class=\"oop-cta__title small\">Nous disposons d\u2019une \u00e9quipe de sp\u00e9cialistes hautement qualifi\u00e9s qui s\u2019occupent de la maintenance de votre installation, ainsi que des probl\u00e8mes techniques qui peuvent survenir.<\/h2>\n                                    <div class=\"oop-cta__button\">\n                        <a href=\"#formContacto\" class=\"button3\">Contactez-nous<\/a>\n                    <\/div>\n                            <\/div>\n        <\/div>\n\n    <\/div>\n<\/div>\n\n\n<div class=\"oop-cta softblue with-button\" id=\"oop-cta-block_247308f3914a1c8056fb576e72ee2077\">\n    <div class=\"oop-cta__content container\">\n\n        <div class=\" two-columns\">\n            <div class=\" first-column\">\n                <p class=\"oop-cta__pretext\">Consommables et fournitures<\/p>\n            <\/div>\n            <div class=\"second-column\">\n                <h2 class=\"oop-cta__title small\">Nous disposons d\u2019un catalogue de plus de 5 000 r\u00e9f\u00e9rences allant des petites pi\u00e8ces aux grands consommables. Nous vous livrons tout ce dont vous avez besoin dans les plus brefs d\u00e9lais.<\/h2>\n                                    <div class=\"oop-cta__button\">\n                        <a href=\"#formContacto\" class=\"button3\">Contactez-nous<\/a>\n                    <\/div>\n                            <\/div>\n        <\/div>\n\n    <\/div>\n<\/div>\n\n\n<div class=\"oop-image\" id=\"oop-image-block_bcd792238490935a79630d72597bddfa\"><img decoding=\"async\" src=\"https:\/\/www.inprisa.com\/wp-content\/uploads\/2024\/02\/inprisa-servicio-postventa-1-1-e1717001432627.jpg\" alt=\"Inprisa\"\/><\/div>","protected":false},"excerpt":{"rendered":"","protected":false},"author":1,"featured_media":1224,"parent":0,"menu_order":0,"comment_status":"closed","ping_status":"closed","template":"","meta":{"_acf_changed":false,"_monsterinsights_skip_tracking":false,"_monsterinsights_sitenote_active":false,"_monsterinsights_sitenote_note":"","_monsterinsights_sitenote_category":0,"footnotes":""},"class_list":["post-1221","page","type-page","status-publish","has-post-thumbnail","hentry"],"acf":[],"yoast_head":"<!-- This site is optimized with the Yoast SEO plugin v27.4 - https:\/\/yoast.com\/product\/yoast-seo-wordpress\/ -->\n<title>Service apr\u00e8s-vente | Inprisa<\/title>\n<meta name=\"description\" content=\"Contamos con un equipo de especialistas que trabajan en el mantenimiento de tu instalaci\u00f3n o en cualquier problema t\u00e9cnico que pueda surgir.\" \/>\n<meta name=\"robots\" content=\"index, follow, max-snippet:-1, max-image-preview:large, max-video-preview:-1\" \/>\n<link rel=\"canonical\" href=\"https:\/\/www.inprisa.com\/fr\/servicio-postventa\/\" \/>\n<meta property=\"og:locale\" content=\"fr_FR\" \/>\n<meta property=\"og:type\" content=\"article\" \/>\n<meta property=\"og:title\" content=\"Service apr\u00e8s-vente | Inprisa\" \/>\n<meta property=\"og:description\" content=\"Contamos con un equipo de especialistas que trabajan en el mantenimiento de tu instalaci\u00f3n o en cualquier problema t\u00e9cnico que pueda surgir.\" \/>\n<meta property=\"og:url\" content=\"https:\/\/www.inprisa.com\/fr\/servicio-postventa\/\" \/>\n<meta property=\"og:site_name\" content=\"Inprisa\" \/>\n<meta property=\"article:modified_time\" content=\"2024-07-12T10:25:23+00:00\" \/>\n<meta property=\"og:image\" content=\"https:\/\/www.inprisa.com\/wp-content\/uploads\/2024\/02\/inprisa-home.jpg\" \/>\n\t<meta property=\"og:image:width\" content=\"1920\" \/>\n\t<meta property=\"og:image:height\" content=\"1280\" \/>\n\t<meta property=\"og:image:type\" content=\"image\/jpeg\" \/>\n<meta name=\"twitter:card\" content=\"summary_large_image\" \/>\n<script type=\"application\/ld+json\" class=\"yoast-schema-graph\">{\"@context\":\"https:\\\/\\\/schema.org\",\"@graph\":[{\"@type\":\"WebPage\",\"@id\":\"https:\\\/\\\/www.inprisa.com\\\/fr\\\/servicio-postventa\\\/\",\"url\":\"https:\\\/\\\/www.inprisa.com\\\/fr\\\/servicio-postventa\\\/\",\"name\":\"Service apr\u00e8s-vente | Inprisa\",\"isPartOf\":{\"@id\":\"https:\\\/\\\/www.inprisa.com\\\/fr\\\/#website\"},\"primaryImageOfPage\":{\"@id\":\"https:\\\/\\\/www.inprisa.com\\\/fr\\\/servicio-postventa\\\/#primaryimage\"},\"image\":{\"@id\":\"https:\\\/\\\/www.inprisa.com\\\/fr\\\/servicio-postventa\\\/#primaryimage\"},\"thumbnailUrl\":\"https:\\\/\\\/www.inprisa.com\\\/wp-content\\\/uploads\\\/2024\\\/02\\\/inprisa-servicio-postventa-1-1-e1717001432627.jpg\",\"datePublished\":\"2024-02-25T16:41:47+00:00\",\"dateModified\":\"2024-07-12T10:25:23+00:00\",\"description\":\"Contamos con un equipo de especialistas que trabajan en el mantenimiento de tu instalaci\u00f3n o en cualquier problema t\u00e9cnico que pueda surgir.\",\"breadcrumb\":{\"@id\":\"https:\\\/\\\/www.inprisa.com\\\/fr\\\/servicio-postventa\\\/#breadcrumb\"},\"inLanguage\":\"fr-FR\",\"potentialAction\":[{\"@type\":\"ReadAction\",\"target\":[\"https:\\\/\\\/www.inprisa.com\\\/fr\\\/servicio-postventa\\\/\"]}]},{\"@type\":\"ImageObject\",\"inLanguage\":\"fr-FR\",\"@id\":\"https:\\\/\\\/www.inprisa.com\\\/fr\\\/servicio-postventa\\\/#primaryimage\",\"url\":\"https:\\\/\\\/www.inprisa.com\\\/wp-content\\\/uploads\\\/2024\\\/02\\\/inprisa-servicio-postventa-1-1-e1717001432627.jpg\",\"contentUrl\":\"https:\\\/\\\/www.inprisa.com\\\/wp-content\\\/uploads\\\/2024\\\/02\\\/inprisa-servicio-postventa-1-1-e1717001432627.jpg\",\"width\":1125,\"height\":813},{\"@type\":\"BreadcrumbList\",\"@id\":\"https:\\\/\\\/www.inprisa.com\\\/fr\\\/servicio-postventa\\\/#breadcrumb\",\"itemListElement\":[{\"@type\":\"ListItem\",\"position\":1,\"name\":\"Inicio\",\"item\":\"https:\\\/\\\/www.inprisa.com\\\/fr\\\/inprisa-2\\\/\"},{\"@type\":\"ListItem\",\"position\":2,\"name\":\"Service apr\u00e8s-vente\"}]},{\"@type\":\"WebSite\",\"@id\":\"https:\\\/\\\/www.inprisa.com\\\/fr\\\/#website\",\"url\":\"https:\\\/\\\/www.inprisa.com\\\/fr\\\/\",\"name\":\"Inprisa\",\"description\":\"Expertos en maquinaria\\u2028para el tratamiento de\\u2028superficies y aguas.\",\"publisher\":{\"@id\":\"https:\\\/\\\/www.inprisa.com\\\/fr\\\/#organization\"},\"alternateName\":\"Inprisa\",\"potentialAction\":[{\"@type\":\"SearchAction\",\"target\":{\"@type\":\"EntryPoint\",\"urlTemplate\":\"https:\\\/\\\/www.inprisa.com\\\/fr\\\/?s={search_term_string}\"},\"query-input\":{\"@type\":\"PropertyValueSpecification\",\"valueRequired\":true,\"valueName\":\"search_term_string\"}}],\"inLanguage\":\"fr-FR\"},{\"@type\":\"Organization\",\"@id\":\"https:\\\/\\\/www.inprisa.com\\\/fr\\\/#organization\",\"name\":\"Inprisa\",\"alternateName\":\"Inprisa\",\"url\":\"https:\\\/\\\/www.inprisa.com\\\/fr\\\/\",\"logo\":{\"@type\":\"ImageObject\",\"inLanguage\":\"fr-FR\",\"@id\":\"https:\\\/\\\/www.inprisa.com\\\/fr\\\/#\\\/schema\\\/logo\\\/image\\\/\",\"url\":\"https:\\\/\\\/www.inprisa.com\\\/wp-content\\\/uploads\\\/2024\\\/02\\\/inprisa.png\",\"contentUrl\":\"https:\\\/\\\/www.inprisa.com\\\/wp-content\\\/uploads\\\/2024\\\/02\\\/inprisa.png\",\"width\":737,\"height\":200,\"caption\":\"Inprisa\"},\"image\":{\"@id\":\"https:\\\/\\\/www.inprisa.com\\\/fr\\\/#\\\/schema\\\/logo\\\/image\\\/\"}}]}<\/script>\n<!-- \/ Yoast SEO plugin. -->","yoast_head_json":{"title":"Service apr\u00e8s-vente | Inprisa","description":"Contamos con un equipo de especialistas que trabajan en el mantenimiento de tu instalaci\u00f3n o en cualquier problema t\u00e9cnico que pueda surgir.","robots":{"index":"index","follow":"follow","max-snippet":"max-snippet:-1","max-image-preview":"max-image-preview:large","max-video-preview":"max-video-preview:-1"},"canonical":"https:\/\/www.inprisa.com\/fr\/servicio-postventa\/","og_locale":"fr_FR","og_type":"article","og_title":"Service apr\u00e8s-vente | Inprisa","og_description":"Contamos con un equipo de especialistas que trabajan en el mantenimiento de tu instalaci\u00f3n o en cualquier problema t\u00e9cnico que pueda surgir.","og_url":"https:\/\/www.inprisa.com\/fr\/servicio-postventa\/","og_site_name":"Inprisa","article_modified_time":"2024-07-12T10:25:23+00:00","og_image":[{"width":1920,"height":1280,"url":"https:\/\/www.inprisa.com\/wp-content\/uploads\/2024\/02\/inprisa-home.jpg","type":"image\/jpeg"}],"twitter_card":"summary_large_image","schema":{"@context":"https:\/\/schema.org","@graph":[{"@type":"WebPage","@id":"https:\/\/www.inprisa.com\/fr\/servicio-postventa\/","url":"https:\/\/www.inprisa.com\/fr\/servicio-postventa\/","name":"Service apr\u00e8s-vente | Inprisa","isPartOf":{"@id":"https:\/\/www.inprisa.com\/fr\/#website"},"primaryImageOfPage":{"@id":"https:\/\/www.inprisa.com\/fr\/servicio-postventa\/#primaryimage"},"image":{"@id":"https:\/\/www.inprisa.com\/fr\/servicio-postventa\/#primaryimage"},"thumbnailUrl":"https:\/\/www.inprisa.com\/wp-content\/uploads\/2024\/02\/inprisa-servicio-postventa-1-1-e1717001432627.jpg","datePublished":"2024-02-25T16:41:47+00:00","dateModified":"2024-07-12T10:25:23+00:00","description":"Contamos con un equipo de especialistas que trabajan en el mantenimiento de tu instalaci\u00f3n o en cualquier problema t\u00e9cnico que pueda surgir.","breadcrumb":{"@id":"https:\/\/www.inprisa.com\/fr\/servicio-postventa\/#breadcrumb"},"inLanguage":"fr-FR","potentialAction":[{"@type":"ReadAction","target":["https:\/\/www.inprisa.com\/fr\/servicio-postventa\/"]}]},{"@type":"ImageObject","inLanguage":"fr-FR","@id":"https:\/\/www.inprisa.com\/fr\/servicio-postventa\/#primaryimage","url":"https:\/\/www.inprisa.com\/wp-content\/uploads\/2024\/02\/inprisa-servicio-postventa-1-1-e1717001432627.jpg","contentUrl":"https:\/\/www.inprisa.com\/wp-content\/uploads\/2024\/02\/inprisa-servicio-postventa-1-1-e1717001432627.jpg","width":1125,"height":813},{"@type":"BreadcrumbList","@id":"https:\/\/www.inprisa.com\/fr\/servicio-postventa\/#breadcrumb","itemListElement":[{"@type":"ListItem","position":1,"name":"Inicio","item":"https:\/\/www.inprisa.com\/fr\/inprisa-2\/"},{"@type":"ListItem","position":2,"name":"Service apr\u00e8s-vente"}]},{"@type":"WebSite","@id":"https:\/\/www.inprisa.com\/fr\/#website","url":"https:\/\/www.inprisa.com\/fr\/","name":"Inprisa","description":"Expertos en maquinaria\u2028para el tratamiento de\u2028superficies y aguas.","publisher":{"@id":"https:\/\/www.inprisa.com\/fr\/#organization"},"alternateName":"Inprisa","potentialAction":[{"@type":"SearchAction","target":{"@type":"EntryPoint","urlTemplate":"https:\/\/www.inprisa.com\/fr\/?s={search_term_string}"},"query-input":{"@type":"PropertyValueSpecification","valueRequired":true,"valueName":"search_term_string"}}],"inLanguage":"fr-FR"},{"@type":"Organization","@id":"https:\/\/www.inprisa.com\/fr\/#organization","name":"Inprisa","alternateName":"Inprisa","url":"https:\/\/www.inprisa.com\/fr\/","logo":{"@type":"ImageObject","inLanguage":"fr-FR","@id":"https:\/\/www.inprisa.com\/fr\/#\/schema\/logo\/image\/","url":"https:\/\/www.inprisa.com\/wp-content\/uploads\/2024\/02\/inprisa.png","contentUrl":"https:\/\/www.inprisa.com\/wp-content\/uploads\/2024\/02\/inprisa.png","width":737,"height":200,"caption":"Inprisa"},"image":{"@id":"https:\/\/www.inprisa.com\/fr\/#\/schema\/logo\/image\/"}}]}},"_links":{"self":[{"href":"https:\/\/www.inprisa.com\/fr\/wp-json\/wp\/v2\/pages\/1221","targetHints":{"allow":["GET"]}}],"collection":[{"href":"https:\/\/www.inprisa.com\/fr\/wp-json\/wp\/v2\/pages"}],"about":[{"href":"https:\/\/www.inprisa.com\/fr\/wp-json\/wp\/v2\/types\/page"}],"author":[{"embeddable":true,"href":"https:\/\/www.inprisa.com\/fr\/wp-json\/wp\/v2\/users\/1"}],"replies":[{"embeddable":true,"href":"https:\/\/www.inprisa.com\/fr\/wp-json\/wp\/v2\/comments?post=1221"}],"version-history":[{"count":2,"href":"https:\/\/www.inprisa.com\/fr\/wp-json\/wp\/v2\/pages\/1221\/revisions"}],"predecessor-version":[{"id":1588,"href":"https:\/\/www.inprisa.com\/fr\/wp-json\/wp\/v2\/pages\/1221\/revisions\/1588"}],"wp:featuredmedia":[{"embeddable":true,"href":"https:\/\/www.inprisa.com\/fr\/wp-json\/wp\/v2\/media\/1224"}],"wp:attachment":[{"href":"https:\/\/www.inprisa.com\/fr\/wp-json\/wp\/v2\/media?parent=1221"}],"curies":[{"name":"wp","href":"https:\/\/api.w.org\/{rel}","templated":true}]}}