{"id":1160,"date":"2024-02-25T16:11:09","date_gmt":"2024-02-25T15:11:09","guid":{"rendered":"https:\/\/www.inprisa.com\/politica-de-privacidad\/"},"modified":"2024-07-12T12:15:01","modified_gmt":"2024-07-12T10:15:01","slug":"politica-de-privacidad","status":"publish","type":"page","link":"https:\/\/www.inprisa.com\/fr\/politica-de-privacidad\/","title":{"rendered":"Politique de confidentialit\u00e9"},"content":{"rendered":"\n<h1 class=\"wp-block-heading\">Politique de confidentialit\u00e9<\/h1>\n\n\n\n<p>La visite de ce site Web n\u2019implique pas que l\u2019utilisateur soit oblig\u00e9 de fournir des informations. Dans le cas o\u00f9 l\u2019utilisateur fournirait des informations personnelles, les donn\u00e9es collect\u00e9es sur ce site Web seront trait\u00e9es de mani\u00e8re \u00e9quitable et l\u00e9gale, sous r\u00e9serve, \u00e0 tout moment, des principes et des droits \u00e9nonc\u00e9s dans le r\u00e8glement (UE) 2016\/679 du 27 avril, le r\u00e8glement g\u00e9n\u00e9ral sur la protection des donn\u00e9es (RGPD) et d\u2019autres r\u00e9glementations applicables.<\/p>\n\n\n\n<p>Conform\u00e9ment aux dispositions de l\u2019article 13 du RGPD, nous vous informons de ce qui suit :<\/p>\n\n\n\n<h2 class=\"wp-block-heading\"><strong>1. Responsable<\/strong><\/h2>\n\n\n\n<p>Nom de la soci\u00e9t\u00e9 : Inprisa Autom SL (ci-apr\u00e8s \u00ab\u00a0INPRISA\u00a0\u00bb)<\/p>\n\n\n\n<p><a href=\"NIF: B72948300\">NIF: B72948300<\/a><\/p>\n\n\n\n<p>Adresse : Tirso de Molina, 29, Pol. Industrial Almeda, 08940 Cornell\u00e0 de Lobregat (Barcelone, Espagne)<\/p>\n\n\n\n<p>Si vous avez des questions, veuillez contacter l\u2019adresse e-mail suivante : inprisa@inprisa.com<\/p>\n\n\n\n<h2 class=\"wp-block-heading\"><strong>2. Information et consentement<\/strong><\/h2>\n\n\n\n<p>En acceptant cette politique de confidentialit\u00e9, l\u2019utilisateur est inform\u00e9 et donne son consentement libre, \u00e9clair\u00e9, sp\u00e9cifique et sans \u00e9quivoque au traitement par INPRISA des donn\u00e9es personnelles fournies \u00e0 travers le site Web situ\u00e9 \u00e0 l\u2019URL [www.inprisa.com] (ci-apr\u00e8s, le \u00ab site Web \u00bb), ainsi que des donn\u00e9es collect\u00e9es au cours de sa navigation et de toute autre donn\u00e9e qu\u2019il pourrait fournir \u00e0 l\u2019avenir.<\/p>\n\n\n\n<p>L\u2019utilisateur doit lire attentivement la pr\u00e9sente politique de confidentialit\u00e9, qui a \u00e9t\u00e9 r\u00e9dig\u00e9e de mani\u00e8re claire et simple, afin de faciliter sa compr\u00e9hension, et l\u2019utilisateur peut d\u00e9terminer librement et volontairement s\u2019il souhaite fournir ses donn\u00e9es personnelles \u00e0 INPRISA.<\/p>\n\n\n\n<h2 class=\"wp-block-heading\"><strong>3. Finalit\u00e9 du traitement des donn\u00e9es<\/strong><\/h2>\n\n\n\n<p>L\u2019utilisateur, en fournissant volontairement ses donn\u00e9es personnelles \u00e0 travers n\u2019importe quel formulaire de ce site Web et en acceptant express\u00e9ment de les envoyer, autorise express\u00e9ment INPRISA \u00e0 traiter et \u00e0 incorporer les donn\u00e9es fournies dans un fichier appartenant \u00e0 INPRISA.<\/p>\n\n\n\n<p>La collecte et le traitement des donn\u00e9es personnelles fournies par l\u2019utilisateur ont pour objectif principal de donner suite aux consultations et d\u2019envoyer des informations commerciales et\/ou publicitaires. Toutefois, ces donn\u00e9es sont \u00e9galement utilis\u00e9es pour les actions suivantes :<\/p>\n\n\n\n<ul class=\"wp-block-list\">\n<li>Contacter l\u2019exp\u00e9diteur des informations, r\u00e9pondre \u00e0 sa demande, \u00e0 sa requ\u00eate ou \u00e0 sa question, et g\u00e9rer la publication des requ\u00eates et des commentaires ainsi que le suivi ult\u00e9rieur.<\/li>\n\n\n\n<li>G\u00e9rer, le cas \u00e9ch\u00e9ant, sa commande et ex\u00e9cuter le service contract\u00e9 par l\u2019utilisateur, sa facturation et son paiement.<\/li>\n\n\n\n<li>G\u00e9rer et contr\u00f4ler le portefeuille de clients.<\/li>\n\n\n\n<li>G\u00e9rer, le cas \u00e9ch\u00e9ant, le processus d\u2019enregistrement de l\u2019utilisateur sur la plateforme en ligne.<\/li>\n\n\n\n<li>\u00c9valuer et g\u00e9rer, le cas \u00e9ch\u00e9ant, son curriculum vitae en vue du processus de s\u00e9lection adapt\u00e9 \u00e0 son profil professionnel et mener les actions n\u00e9cessaires \u00e0 la s\u00e9lection et au recrutement du personnel.<\/li>\n<\/ul>\n\n\n\n<p>Conform\u00e9ment \u00e0 la loi 34\/2002, du 11 juillet 2002, sur les services de la soci\u00e9t\u00e9 de l\u2019information et le commerce \u00e9lectronique, INPRISA n\u2019enverra en aucun cas de la publicit\u00e9 et des communications \u00e0 des fins de vente ou \u00e0 d\u2019autres fins commerciales aux utilisateurs sans leur demande ou leur consentement pr\u00e9alable. De m\u00eame, INPRISA n\u2019enverra pas de messages non sollicit\u00e9s ou n\u2019ayant fait l\u2019objet d\u2019un consentement pr\u00e9alable, ni de cha\u00eenes de messages \u00e9lectroniques non sollicit\u00e9s ou n\u2019ayant fait l\u2019objet d\u2019un consentement pr\u00e9alable.<\/p>\n\n\n\n<p>Les donn\u00e9es personnelles fournies par l\u2019utilisateur doivent \u00eatre vraies, exactes, compl\u00e8tes et \u00e0 jour, et l\u2019utilisateur est responsable de tout dommage qui pourrait r\u00e9sulter du non-respect de cette obligation.<\/p>\n\n\n\n<h2 class=\"wp-block-heading\"><strong>4. Protection des mineurs<\/strong><\/h2>\n\n\n\n<p>Nous ne collectons pas de donn\u00e9es \u00e0 caract\u00e8re personnel aupr\u00e8s des mineurs. Il incombe aux parents ou aux tuteurs l\u00e9gaux de veiller au respect de la vie priv\u00e9e des mineurs, en s\u2019effor\u00e7ant de s\u2019assurer qu\u2019ils ont consenti \u00e0 la collecte et \u00e0 l\u2019utilisation de leurs donn\u00e9es \u00e0 caract\u00e8re personnel.<\/p>\n\n\n\n<h2 class=\"wp-block-heading\"><strong>5. Dur\u00e9e du traitement des donn\u00e9es<\/strong><\/h2>\n\n\n\n<ul class=\"wp-block-list\">\n<li>Les donn\u00e9es relatives \u00e0 la gestion de la relation avec le client et \u00e0 la facturation et au recouvrement des services seront conserv\u00e9es pendant toute la dur\u00e9e du contrat. Une fois cette relation termin\u00e9e, le cas \u00e9ch\u00e9ant, les donn\u00e9es peuvent \u00eatre conserv\u00e9es pendant la dur\u00e9e requise par la l\u00e9gislation applicable et jusqu\u2019\u00e0 l\u2019expiration de toute responsabilit\u00e9 d\u00e9coulant du contrat.<\/li>\n\n\n\n<li>Les donn\u00e9es relatives \u00e0 la gestion des questions et des demandes seront conserv\u00e9es pendant la dur\u00e9e n\u00e9cessaire pour y r\u00e9pondre, puis ind\u00e9finiment jusqu\u2019\u00e0 ce que, le cas \u00e9ch\u00e9ant, l\u2019utilisateur exprime on souhait de les supprimer.<\/li>\n\n\n\n<li>Les donn\u00e9es relatives aux commentaires post\u00e9s sur nos produits seront conserv\u00e9es pendant la dur\u00e9e de validit\u00e9 et de publicit\u00e9 des produits ou services auxquels elles se r\u00e9f\u00e8rent, \u00e0 moins que l\u2019utilisateur ne manifeste son souhait de les voir supprim\u00e9es, ce qu\u2019il peut solliciter \u00e0 tout moment.<\/li>\n\n\n\n<li>Les donn\u00e9es pour l\u2019envoi de communications commerciales et la cr\u00e9ation de profils commerciaux de nos produits ou services seront conserv\u00e9es ind\u00e9finiment jusqu\u2019\u00e0 ce que, le cas \u00e9ch\u00e9ant, l\u2019utilisateur exprime son souhait de les supprimer.<\/li>\n\n\n\n<li>Les donn\u00e9es relatives au curriculum vitae remis dans le cadre du processus de recrutement seront conserv\u00e9es ind\u00e9finiment jusqu\u2019\u00e0 ce que, le cas \u00e9ch\u00e9ant, l\u2019utilisateur exprime son souhait de les supprimer.<\/li>\n<\/ul>\n\n\n\n<h2 class=\"wp-block-heading\"><strong>6. Droits de l\u2019utilisateur sur ses donn\u00e9es<\/strong><\/h2>\n\n\n\n<p>La personne concern\u00e9e a les droits suivants :<\/p>\n\n\n\n<ul class=\"wp-block-list\">\n<li>Elle peut demander des informations sur les donn\u00e9es personnelles stock\u00e9es la concernant (acc\u00e8s).<\/li>\n\n\n\n<li>Elle peut demander que les inexactitudes dans ses donn\u00e9es personnelles soient corrig\u00e9es (rectification).<\/li>\n\n\n\n<li>Elle peut demander l\u2019effacement ou la limitation du traitement de ses donn\u00e9es personnelles (effacement et limitation)<\/li>\n\n\n\n<li>Elle peut \u00e9galement demander que ses donn\u00e9es \u00e0 caract\u00e8re personnel soient mises \u00e0 sa disposition dans un format structur\u00e9, standard et lisible par machine (portabilit\u00e9).<\/li>\n<\/ul>\n\n\n\n<p>Pour ce faire, elle doit nous \u00e9crire, en joignant une copie de sa carte d\u2019identit\u00e9 ou d\u2019un autre document d\u2019identification, \u00e0 Tirso de Molina, 29, Pol. Industrial Almeda, 08940 Cornell\u00e0 de Lobregat (Barcelone, Espagne) ou \u00e0 notre adresse mail inprisa@inprisa.com.<\/p>\n\n\n\n<p>La personne concern\u00e9e a \u00e9galement le droit d\u2019introduire une r\u00e9clamation aupr\u00e8s des autorit\u00e9s de protection des donn\u00e9es (Agence espagnole de protection des donn\u00e9es). Toutefois, nous l\u2019invitons \u00e0 nous contacter si elle a des questions concernant ses donn\u00e9es afin d\u2019y r\u00e9pondre.<\/p>\n\n\n\n<h2 class=\"wp-block-heading\"><strong>7. L\u00e9gitimit\u00e9 du traitement des donn\u00e9es<\/strong><\/h2>\n\n\n\n<p>La base juridique du traitement des donn\u00e9es est le consentement explicite de la personne concern\u00e9e.<\/p>\n\n\n\n<h2 class=\"wp-block-heading\"><strong>8. Destinataires<\/strong><\/h2>\n\n\n\n<p>Afin de fournir la meilleure qualit\u00e9 de service, INPRISA doit partager les donn\u00e9es personnelles collect\u00e9es avec des entit\u00e9s externes ou des fournisseurs qui nous aident \u00e0 offrir le meilleur service.<\/p>\n\n\n\n<ul class=\"wp-block-list\">\n<li>Entit\u00e9s qui nous aident \u00e0 r\u00e9soudre diff\u00e9rents probl\u00e8mes li\u00e9s au service. INPRISA s\u2019assure que tous ses fournisseurs susceptibles d\u2019avoir acc\u00e8s aux donn\u00e9es personnelles agissent de mani\u00e8re confidentielle, \u00e9quitable et en conformit\u00e9 avec toutes les lois et r\u00e9glementations applicables.<\/li>\n\n\n\n<li>Aux institutions financi\u00e8res responsables de la gestion des transactions.<\/li>\n\n\n\n<li>Aux administrations publiques comp\u00e9tentes, dans les cas pr\u00e9vus par la loi et aux fins qui y sont d\u00e9finies.<\/li>\n<\/ul>\n\n\n\n<h2 class=\"wp-block-heading\"><strong>9. Mesures de s\u00e9curit\u00e9<\/strong><\/h2>\n\n\n\n<p>INPRISA traitera \u00e0 tout moment les donn\u00e9es de l\u2019utilisateur avec la plus grande confidentialit\u00e9 et respectera l\u2019obligation de secret \u00e0 leur \u00e9gard, conform\u00e9ment aux dispositions de la r\u00e9glementation applicable, en adoptant \u00e0 cette fin les mesures techniques et organisationnelles n\u00e9cessaires pour garantir la s\u00e9curit\u00e9 de ses donn\u00e9es et emp\u00eacher leur alt\u00e9ration, perte, traitement ou acc\u00e8s non autoris\u00e9, en tenant compte de l\u2019\u00e9tat de la technologie, de la nature des donn\u00e9es stock\u00e9es et des risques auxquels elles sont expos\u00e9es.<\/p>\n\n\n\n<h2 class=\"wp-block-heading\"><strong>10. Modifications<\/strong><\/h2>\n\n\n\n<p>INPRISA se r\u00e9serve le droit de modifier cette politique afin de l\u2019adapter aux nouvelles l\u00e9gislations ou jurisprudences ainsi qu\u2019aux pratiques de l\u2019industrie. Dans ce cas, les changements seront annonc\u00e9s sur cette page suffisamment t\u00f4t avant leur mise en \u0153uvre.<\/p>\n\n\n\n<h2 class=\"wp-block-heading\"><strong>11. Acceptation et consentement<\/strong><\/h2>\n\n\n\n<p>L\u2019utilisateur d\u00e9clare avoir \u00e9t\u00e9 inform\u00e9 des conditions de protection des donn\u00e9es personnelles, acceptant et consentant au traitement automatis\u00e9 de ces donn\u00e9es par INPRISA, de la mani\u00e8re et aux fins indiqu\u00e9es dans la pr\u00e9sente politique de confidentialit\u00e9.<\/p>\n","protected":false},"excerpt":{"rendered":"<p>Politique de confidentialit\u00e9 La visite de ce site Web n\u2019implique pas que l\u2019utilisateur soit oblig\u00e9 de fournir des informations. Dans le cas o\u00f9 l\u2019utilisateur fournirait des informations personnelles, les donn\u00e9es collect\u00e9es sur ce site Web seront trait\u00e9es de mani\u00e8re \u00e9quitable et l\u00e9gale, sous r\u00e9serve, \u00e0 tout moment, des principes et des droits \u00e9nonc\u00e9s dans le [&hellip;]<\/p>\n","protected":false},"author":1,"featured_media":0,"parent":0,"menu_order":0,"comment_status":"closed","ping_status":"closed","template":"","meta":{"_acf_changed":false,"_monsterinsights_skip_tracking":false,"_monsterinsights_sitenote_active":false,"_monsterinsights_sitenote_note":"","_monsterinsights_sitenote_category":0,"footnotes":""},"class_list":["post-1160","page","type-page","status-publish","hentry"],"acf":[],"yoast_head":"<!-- This site is optimized with the Yoast SEO plugin v27.4 - https:\/\/yoast.com\/product\/yoast-seo-wordpress\/ -->\n<title>Politique de confidentialit\u00e9 | Inprisa<\/title>\n<meta name=\"description\" content=\"Compartimos nuestra pol\u00edtica de privacidad, como retenemos, procesamos y manejamos los datos del usuario y el cliente. Queremos informarte.\" \/>\n<meta name=\"robots\" content=\"index, follow, max-snippet:-1, max-image-preview:large, max-video-preview:-1\" \/>\n<link rel=\"canonical\" href=\"https:\/\/www.inprisa.com\/fr\/politica-de-privacidad\/\" \/>\n<meta property=\"og:locale\" content=\"fr_FR\" \/>\n<meta property=\"og:type\" content=\"article\" \/>\n<meta property=\"og:title\" content=\"Politique de confidentialit\u00e9 | Inprisa\" \/>\n<meta property=\"og:description\" content=\"Compartimos nuestra pol\u00edtica de privacidad, como retenemos, procesamos y manejamos los datos del usuario y el cliente. Queremos informarte.\" \/>\n<meta property=\"og:url\" content=\"https:\/\/www.inprisa.com\/fr\/politica-de-privacidad\/\" \/>\n<meta property=\"og:site_name\" content=\"Inprisa\" \/>\n<meta property=\"article:modified_time\" content=\"2024-07-12T10:15:01+00:00\" \/>\n<meta property=\"og:image\" content=\"https:\/\/www.inprisa.com\/wp-content\/uploads\/2024\/02\/inprisa-home.jpg\" \/>\n\t<meta property=\"og:image:width\" content=\"1920\" \/>\n\t<meta property=\"og:image:height\" content=\"1280\" \/>\n\t<meta property=\"og:image:type\" content=\"image\/jpeg\" \/>\n<meta name=\"twitter:card\" content=\"summary_large_image\" \/>\n<meta name=\"twitter:label1\" content=\"Dur\u00e9e de lecture estim\u00e9e\" \/>\n\t<meta name=\"twitter:data1\" content=\"7 minutes\" \/>\n<script type=\"application\/ld+json\" class=\"yoast-schema-graph\">{\"@context\":\"https:\\\/\\\/schema.org\",\"@graph\":[{\"@type\":\"WebPage\",\"@id\":\"https:\\\/\\\/www.inprisa.com\\\/fr\\\/politica-de-privacidad\\\/\",\"url\":\"https:\\\/\\\/www.inprisa.com\\\/fr\\\/politica-de-privacidad\\\/\",\"name\":\"Politique de confidentialit\u00e9 | Inprisa\",\"isPartOf\":{\"@id\":\"https:\\\/\\\/www.inprisa.com\\\/fr\\\/#website\"},\"datePublished\":\"2024-02-25T15:11:09+00:00\",\"dateModified\":\"2024-07-12T10:15:01+00:00\",\"description\":\"Compartimos nuestra pol\u00edtica de privacidad, como retenemos, procesamos y manejamos los datos del usuario y el cliente. Queremos informarte.\",\"breadcrumb\":{\"@id\":\"https:\\\/\\\/www.inprisa.com\\\/fr\\\/politica-de-privacidad\\\/#breadcrumb\"},\"inLanguage\":\"fr-FR\",\"potentialAction\":[{\"@type\":\"ReadAction\",\"target\":[\"https:\\\/\\\/www.inprisa.com\\\/fr\\\/politica-de-privacidad\\\/\"]}]},{\"@type\":\"BreadcrumbList\",\"@id\":\"https:\\\/\\\/www.inprisa.com\\\/fr\\\/politica-de-privacidad\\\/#breadcrumb\",\"itemListElement\":[{\"@type\":\"ListItem\",\"position\":1,\"name\":\"Inicio\",\"item\":\"https:\\\/\\\/www.inprisa.com\\\/fr\\\/inprisa-2\\\/\"},{\"@type\":\"ListItem\",\"position\":2,\"name\":\"Politique de confidentialit\u00e9\"}]},{\"@type\":\"WebSite\",\"@id\":\"https:\\\/\\\/www.inprisa.com\\\/fr\\\/#website\",\"url\":\"https:\\\/\\\/www.inprisa.com\\\/fr\\\/\",\"name\":\"Inprisa\",\"description\":\"Expertos en maquinaria\\u2028para el tratamiento de\\u2028superficies y aguas.\",\"publisher\":{\"@id\":\"https:\\\/\\\/www.inprisa.com\\\/fr\\\/#organization\"},\"alternateName\":\"Inprisa\",\"potentialAction\":[{\"@type\":\"SearchAction\",\"target\":{\"@type\":\"EntryPoint\",\"urlTemplate\":\"https:\\\/\\\/www.inprisa.com\\\/fr\\\/?s={search_term_string}\"},\"query-input\":{\"@type\":\"PropertyValueSpecification\",\"valueRequired\":true,\"valueName\":\"search_term_string\"}}],\"inLanguage\":\"fr-FR\"},{\"@type\":\"Organization\",\"@id\":\"https:\\\/\\\/www.inprisa.com\\\/fr\\\/#organization\",\"name\":\"Inprisa\",\"alternateName\":\"Inprisa\",\"url\":\"https:\\\/\\\/www.inprisa.com\\\/fr\\\/\",\"logo\":{\"@type\":\"ImageObject\",\"inLanguage\":\"fr-FR\",\"@id\":\"https:\\\/\\\/www.inprisa.com\\\/fr\\\/#\\\/schema\\\/logo\\\/image\\\/\",\"url\":\"https:\\\/\\\/www.inprisa.com\\\/wp-content\\\/uploads\\\/2024\\\/02\\\/inprisa.png\",\"contentUrl\":\"https:\\\/\\\/www.inprisa.com\\\/wp-content\\\/uploads\\\/2024\\\/02\\\/inprisa.png\",\"width\":737,\"height\":200,\"caption\":\"Inprisa\"},\"image\":{\"@id\":\"https:\\\/\\\/www.inprisa.com\\\/fr\\\/#\\\/schema\\\/logo\\\/image\\\/\"}}]}<\/script>\n<!-- \/ Yoast SEO plugin. -->","yoast_head_json":{"title":"Politique de confidentialit\u00e9 | Inprisa","description":"Compartimos nuestra pol\u00edtica de privacidad, como retenemos, procesamos y manejamos los datos del usuario y el cliente. Queremos informarte.","robots":{"index":"index","follow":"follow","max-snippet":"max-snippet:-1","max-image-preview":"max-image-preview:large","max-video-preview":"max-video-preview:-1"},"canonical":"https:\/\/www.inprisa.com\/fr\/politica-de-privacidad\/","og_locale":"fr_FR","og_type":"article","og_title":"Politique de confidentialit\u00e9 | Inprisa","og_description":"Compartimos nuestra pol\u00edtica de privacidad, como retenemos, procesamos y manejamos los datos del usuario y el cliente. Queremos informarte.","og_url":"https:\/\/www.inprisa.com\/fr\/politica-de-privacidad\/","og_site_name":"Inprisa","article_modified_time":"2024-07-12T10:15:01+00:00","og_image":[{"width":1920,"height":1280,"url":"https:\/\/www.inprisa.com\/wp-content\/uploads\/2024\/02\/inprisa-home.jpg","type":"image\/jpeg"}],"twitter_card":"summary_large_image","twitter_misc":{"Dur\u00e9e de lecture estim\u00e9e":"7 minutes"},"schema":{"@context":"https:\/\/schema.org","@graph":[{"@type":"WebPage","@id":"https:\/\/www.inprisa.com\/fr\/politica-de-privacidad\/","url":"https:\/\/www.inprisa.com\/fr\/politica-de-privacidad\/","name":"Politique de confidentialit\u00e9 | Inprisa","isPartOf":{"@id":"https:\/\/www.inprisa.com\/fr\/#website"},"datePublished":"2024-02-25T15:11:09+00:00","dateModified":"2024-07-12T10:15:01+00:00","description":"Compartimos nuestra pol\u00edtica de privacidad, como retenemos, procesamos y manejamos los datos del usuario y el cliente. Queremos informarte.","breadcrumb":{"@id":"https:\/\/www.inprisa.com\/fr\/politica-de-privacidad\/#breadcrumb"},"inLanguage":"fr-FR","potentialAction":[{"@type":"ReadAction","target":["https:\/\/www.inprisa.com\/fr\/politica-de-privacidad\/"]}]},{"@type":"BreadcrumbList","@id":"https:\/\/www.inprisa.com\/fr\/politica-de-privacidad\/#breadcrumb","itemListElement":[{"@type":"ListItem","position":1,"name":"Inicio","item":"https:\/\/www.inprisa.com\/fr\/inprisa-2\/"},{"@type":"ListItem","position":2,"name":"Politique de confidentialit\u00e9"}]},{"@type":"WebSite","@id":"https:\/\/www.inprisa.com\/fr\/#website","url":"https:\/\/www.inprisa.com\/fr\/","name":"Inprisa","description":"Expertos en maquinaria\u2028para el tratamiento de\u2028superficies y aguas.","publisher":{"@id":"https:\/\/www.inprisa.com\/fr\/#organization"},"alternateName":"Inprisa","potentialAction":[{"@type":"SearchAction","target":{"@type":"EntryPoint","urlTemplate":"https:\/\/www.inprisa.com\/fr\/?s={search_term_string}"},"query-input":{"@type":"PropertyValueSpecification","valueRequired":true,"valueName":"search_term_string"}}],"inLanguage":"fr-FR"},{"@type":"Organization","@id":"https:\/\/www.inprisa.com\/fr\/#organization","name":"Inprisa","alternateName":"Inprisa","url":"https:\/\/www.inprisa.com\/fr\/","logo":{"@type":"ImageObject","inLanguage":"fr-FR","@id":"https:\/\/www.inprisa.com\/fr\/#\/schema\/logo\/image\/","url":"https:\/\/www.inprisa.com\/wp-content\/uploads\/2024\/02\/inprisa.png","contentUrl":"https:\/\/www.inprisa.com\/wp-content\/uploads\/2024\/02\/inprisa.png","width":737,"height":200,"caption":"Inprisa"},"image":{"@id":"https:\/\/www.inprisa.com\/fr\/#\/schema\/logo\/image\/"}}]}},"_links":{"self":[{"href":"https:\/\/www.inprisa.com\/fr\/wp-json\/wp\/v2\/pages\/1160","targetHints":{"allow":["GET"]}}],"collection":[{"href":"https:\/\/www.inprisa.com\/fr\/wp-json\/wp\/v2\/pages"}],"about":[{"href":"https:\/\/www.inprisa.com\/fr\/wp-json\/wp\/v2\/types\/page"}],"author":[{"embeddable":true,"href":"https:\/\/www.inprisa.com\/fr\/wp-json\/wp\/v2\/users\/1"}],"replies":[{"embeddable":true,"href":"https:\/\/www.inprisa.com\/fr\/wp-json\/wp\/v2\/comments?post=1160"}],"version-history":[{"count":2,"href":"https:\/\/www.inprisa.com\/fr\/wp-json\/wp\/v2\/pages\/1160\/revisions"}],"predecessor-version":[{"id":1581,"href":"https:\/\/www.inprisa.com\/fr\/wp-json\/wp\/v2\/pages\/1160\/revisions\/1581"}],"wp:attachment":[{"href":"https:\/\/www.inprisa.com\/fr\/wp-json\/wp\/v2\/media?parent=1160"}],"curies":[{"name":"wp","href":"https:\/\/api.w.org\/{rel}","templated":true}]}}