{"id":1147,"date":"2024-02-25T17:46:59","date_gmt":"2024-02-25T16:46:59","guid":{"rendered":"https:\/\/www.inprisa.com\/politica-cookies\/"},"modified":"2024-07-12T12:10:57","modified_gmt":"2024-07-12T10:10:57","slug":"politica-cookies","status":"publish","type":"page","link":"https:\/\/www.inprisa.com\/fr\/politica-cookies\/","title":{"rendered":"Politique en mati\u00e8re de cookies"},"content":{"rendered":"\n<h1 class=\"wp-block-heading\">Politique en mati\u00e8re de cookies<\/h1>\n\n\n\n<h2 class=\"wp-block-heading\"><strong>1. Introduction<\/strong><\/h2>\n\n\n\n<p>Notre site Web, www.inprisa.com (ci-apr\u00e8s, le \u00ab site Web \u00bb) utilise des cookies et d\u2019autres technologies connexes (par commodit\u00e9, le terme \u00ab cookies \u00bb fera r\u00e9f\u00e9rence \u00e0 toutes ces technologies). Des cookies sont \u00e9galement plac\u00e9s par des tiers avec lesquels nous avons pass\u00e9 des contrats. Dans le document suivant, nous vous informons sur les modalit\u00e9s d\u2019utilisation des cookies sur notre site Web.<\/p>\n\n\n\n<h2 class=\"wp-block-heading\"><strong>2. Qu\u2019est-ce qu\u2019un cookie ?<\/strong><\/h2>\n\n\n\n<p>Un cookie est un petit fichier simple qui est envoy\u00e9 avec les pages de ce site Web et stock\u00e9 par votre navigateur sur le disque dur de votre ordinateur ou autre appareil. Les informations stock\u00e9es peuvent \u00eatre renvoy\u00e9es \u00e0 nos serveurs ou aux serveurs de tiers concern\u00e9s lors d\u2019une visite ult\u00e9rieure.<\/p>\n\n\n\n<h2 class=\"wp-block-heading\"><strong>3. Qu\u2019est-ce qu\u2019un script ?<\/strong><\/h2>\n\n\n\n<p>Un script est un morceau de code de programme qui est utilis\u00e9 pour faire fonctionner notre site Web correctement et de mani\u00e8re interactive. Ce code s\u2019ex\u00e9cute sur notre serveur ou sur votre appareil.<\/p>\n\n\n\n<h2 class=\"wp-block-heading\"><strong>4. Qu\u2019est-ce qu\u2019une balise Web ?<\/strong><\/h2>\n\n\n\n<p>Une balise Web (ou pixel tag) est un petit \u00e9l\u00e9ment invisible de texte ou d\u2019image sur un site Web qui est utilis\u00e9 pour suivre le trafic sur un site Web. Pour ce faire, diverses donn\u00e9es vous concernant sont stock\u00e9es \u00e0 l\u2019aide de balises Web.<\/p>\n\n\n\n<h2 class=\"wp-block-heading\"><strong>5. Cookies<\/strong><\/h2>\n\n\n\n<p><strong>5.1 Quels sont les types de cookies ?<\/strong><\/p>\n\n\n\n<p>Veuillez consulter cette section qui donne un aper\u00e7u des types de cookies qui peuvent \u00eatre utilis\u00e9s dans un environnement en ligne. En fonction du propri\u00e9taire des cookies, ceux-ci peuvent \u00eatre class\u00e9s comme suit :<\/p>\n\n\n\n<ul class=\"wp-block-list\">\n<li>Cookies internes : il s\u2019agit de cookies envoy\u00e9s \u00e0 l\u2019ordinateur ou au dispositif de l\u2019utilisateur \u00e0 partir d\u2019un ordinateur ou d\u2019un domaine g\u00e9r\u00e9 par l\u2019\u00e9diteur lui-m\u00eame, et \u00e0 partir duquel le site Web ou le service demand\u00e9 par l\u2019utilisateur est offert.<\/li>\n\n\n\n<li>Cookies tiers : il s\u2019agit de cookies envoy\u00e9s \u00e0 l\u2019ordinateur ou au dispositif de l\u2019utilisateur \u00e0 partir d\u2019un ordinateur ou d\u2019un domaine qui n\u2019est pas g\u00e9r\u00e9 par l\u2019\u00e9diteur, mais par une autre entit\u00e9 qui traite les donn\u00e9es obtenues par le biais des cookies.<\/li>\n<\/ul>\n\n\n\n<p>En fonction de la finalit\u00e9 du cookie, ils peuvent \u00eatre class\u00e9s comme suit :<\/p>\n\n\n\n<ul class=\"wp-block-list\">\n<li>Cookies strictement n\u00e9cessaires (techniques): ce sont ceux qui permettent \u00e0 l\u2019utilisateur de naviguer sur un site Web, une plateforme ou une application et l\u2019utilisation des diff\u00e9rentes options ou services qui existent en eux comme, par exemple, le contr\u00f4le du trafic, l\u2019identification des donn\u00e9es ou de la session, l\u2019acc\u00e8s \u00e0 des sections ou \u00e0 des contenus dont l\u2019acc\u00e8s est restreint, la m\u00e9morisation des \u00e9l\u00e9ments qui composent une commande, faire le processus d\u2019achat d\u2019une commande, g\u00e9rer le paiement, contr\u00f4ler les tentatives de contournement (fraude&#8230;) de la s\u00e9curit\u00e9 du service, utiliser des \u00e9l\u00e9ments de s\u00e9curit\u00e9 lors de la navigation, effectuer la demande d\u2019inscription ou de participation \u00e0 un \u00e9v\u00e9nement, stocker des contenus pour la diffusion de vid\u00e9os ou de sons, permettre des contenus dynamiques (par exemple, l\u2019animation du chargement d\u2019un texte ou d\u2019une image) ou partager des contenus par le biais des r\u00e9seaux sociaux. Les cookies techniques, strictement n\u00e9cessaires, sont t\u00e9l\u00e9charg\u00e9s par d\u00e9faut lorsqu\u2019ils permettent d\u2019afficher le site Web ou de fournir le service demand\u00e9 par l\u2019utilisateur.<\/li>\n\n\n\n<li>Cookies de fonctionnalit\u00e9 : ces cookies sont ceux qui permettent de m\u00e9moriser des informations afin que l\u2019utilisateur puisse acc\u00e9der au service ou au site Web avec certaines caract\u00e9ristiques qui peuvent diff\u00e9rencier son exp\u00e9rience de celle des autres utilisateurs, comme, par exemple, la langue, le nombre de r\u00e9sultats \u00e0 afficher lorsque l\u2019utilisateur effectue une recherche, l\u2019apparence ou le contenu du service en fonction du type de navigateur utilis\u00e9 par l\u2019utilisateur ou de la r\u00e9gion depuis laquelle il acc\u00e8de au service, etc. Le refus de ces cookies peut entra\u00eener un ralentissement du fonctionnement du site Web ou des recommandations mal adapt\u00e9es.<\/li>\n\n\n\n<li>Cookies de performance : ces cookies nous permettent de quantifier le nombre d\u2019utilisateurs, les sections visit\u00e9es sur le site et la mani\u00e8re dont ils interagissent avec celui-ci, afin de mesurer et d\u2019analyser statistiquement l\u2019utilisation qu\u2019en font les utilisateurs, dans le but d\u2019introduire des am\u00e9liorations bas\u00e9es sur l\u2019analyse des informations recueillies gr\u00e2ce \u00e0 ces cookies.<\/li>\n\n\n\n<li>Cookies de publicit\u00e9 comportementale (marketing) : il s\u2019agit de cookies qui stockent des informations sur le comportement des utilisateurs obtenues gr\u00e2ce \u00e0 l\u2019observation continue de leurs habitudes de navigation, ce qui permet de d\u00e9velopper un profil sp\u00e9cifique afin d\u2019afficher de la publicit\u00e9 cibl\u00e9e. Ces cookies permettent de g\u00e9rer, de la mani\u00e8re la plus efficace possible, les espaces publicitaires que l\u2019\u00e9diteur a inclus, le cas \u00e9ch\u00e9ant, directement ou en collaboration avec des tiers.<\/li>\n<\/ul>\n\n\n\n<p><strong>5.2 Comment puis-je g\u00e9rer l\u2019utilisation des cookies sur ce site Web ?<\/strong><\/p>\n\n\n\n<p>Vous pouvez g\u00e9rer les cookies dans le panneau de configuration des cookies.<\/p>\n\n\n\n<p>Par ailleurs, si vous naviguez sur Internet, vous pouvez d\u00e9sactiver l\u2019utilisation des cookies dans votre navigateur. Nous vous indiquons comment proc\u00e9der dans les navigateurs les plus courants :<\/p>\n\n\n\n<ul class=\"wp-block-list\">\n<li><a href=\"https:\/\/support.google.com\/accounts\/answer\/61416?co=GENIE.Platform=Desktop&amp;hl=fr\">Google Chrome<\/a><\/li>\n\n\n\n<li><a href=\"https:\/\/support.mozilla.org\/es\/kb\/habilitar-y-deshabilitar-cookies-sitios-web-rastrear-preferencias\">Mozilla Firefox<\/a><\/li>\n\n\n\n<li><a href=\"https:\/\/support.microsoft.com\/es-es\/help\/17442\/windows-internet-explorer-delete-manage-cookies\">Internet Explorer<\/a><\/li>\n\n\n\n<li><a href=\"https:\/\/support.apple.com\/fr-fr\/guide\/safari\/sfri11471\/mac\">Safari<\/a><\/li>\n\n\n\n<li><a href=\"https:\/\/support.apple.com\/fr-fr\/105082\">Safari pour IOS (iPhone et iPad)<\/a><\/li>\n\n\n\n<li><a href=\"https:\/\/support.google.com\/accounts\/answer\/61416?co=GENIE.Platform=Android&amp;hl=fr\">Chrome pour Android<\/a><\/li>\n<\/ul>\n\n\n\n<p>Si vous souhaitez mieux contr\u00f4ler l\u2019installation des cookies, vous pouvez installer des programmes ou des modules compl\u00e9mentaires dans votre navigateur, connus sous le nom d\u2019outils \u00ab\u00a0Do Not Track\u00a0\u00bb, qui vous permettront de choisir les cookies que vous souhaitez autoriser.<\/p>\n\n\n\n<p>Si vous configurez votre navigateur de mani\u00e8re \u00e0 refuser tous les cookies ou \u00e0 rejeter nos cookies, il se peut que vous ne puissiez pas acc\u00e9der \u00e0 certains services et que votre exp\u00e9rience sur notre site Web soit moins satisfaisante.<\/p>\n\n\n\n<h2 class=\"wp-block-heading\"><strong>6. Coordonn\u00e9es de contact<\/strong><\/h2>\n\n\n\n<p>Si vous avez des questions et\/ou des commentaires concernant notre politique en mati\u00e8re de cookies et la pr\u00e9sente d\u00e9claration, veuillez nous contacter en utilisant les coordonn\u00e9es ci-dessous :<\/p>\n\n\n\n<p>Nom de l\u2019entreprise : Inprisa Autom SL<\/p>\n\n\n\n<p><strong>Adresse <\/strong>: Tirso de Molina, 29, Pol. Industrial Almeda, 08940 Cornell\u00e0 de Lobregat (Barcelone, Espagne)<\/p>\n\n\n\n<p><strong>Site internet <\/strong>: <a href=\"http:\/\/www.inprisa.com\">www.inprisa.com<\/a><\/p>\n\n\n\n<p><strong>E-mail <\/strong>: <a href=\"mailto:inprisa@inprisa.com\">inprisa@inprisa.com<\/a><\/p>\n","protected":false},"excerpt":{"rendered":"<p>Politique en mati\u00e8re de cookies 1. Introduction Notre site Web, www.inprisa.com (ci-apr\u00e8s, le \u00ab site Web \u00bb) utilise des cookies et d\u2019autres technologies connexes (par commodit\u00e9, le terme \u00ab cookies \u00bb fera r\u00e9f\u00e9rence \u00e0 toutes ces technologies). Des cookies sont \u00e9galement plac\u00e9s par des tiers avec lesquels nous avons pass\u00e9 des contrats. Dans le document [&hellip;]<\/p>\n","protected":false},"author":1,"featured_media":0,"parent":0,"menu_order":0,"comment_status":"closed","ping_status":"closed","template":"","meta":{"_acf_changed":false,"_monsterinsights_skip_tracking":false,"_monsterinsights_sitenote_active":false,"_monsterinsights_sitenote_note":"","_monsterinsights_sitenote_category":0,"footnotes":""},"class_list":["post-1147","page","type-page","status-publish","hentry"],"acf":[],"yoast_head":"<!-- This site is optimized with the Yoast SEO plugin v27.4 - https:\/\/yoast.com\/product\/yoast-seo-wordpress\/ -->\n<title>Politique en mati\u00e8re de cookies | Inprisa<\/title>\n<meta name=\"description\" content=\"Hemos preparado un texto legal para informarte sobre el tipo de cookies que usamos y con qu\u00e9 finalidad. No te pierdas ning\u00fan detalle.\" \/>\n<meta name=\"robots\" content=\"index, follow, max-snippet:-1, max-image-preview:large, max-video-preview:-1\" \/>\n<link rel=\"canonical\" href=\"https:\/\/www.inprisa.com\/fr\/politica-cookies\/\" \/>\n<meta property=\"og:locale\" content=\"fr_FR\" \/>\n<meta property=\"og:type\" content=\"article\" \/>\n<meta property=\"og:title\" content=\"Politique en mati\u00e8re de cookies | Inprisa\" \/>\n<meta property=\"og:description\" content=\"Hemos preparado un texto legal para informarte sobre el tipo de cookies que usamos y con qu\u00e9 finalidad. No te pierdas ning\u00fan detalle.\" \/>\n<meta property=\"og:url\" content=\"https:\/\/www.inprisa.com\/fr\/politica-cookies\/\" \/>\n<meta property=\"og:site_name\" content=\"Inprisa\" \/>\n<meta property=\"article:modified_time\" content=\"2024-07-12T10:10:57+00:00\" \/>\n<meta property=\"og:image\" content=\"https:\/\/www.inprisa.com\/wp-content\/uploads\/2024\/02\/inprisa-home.jpg\" \/>\n\t<meta property=\"og:image:width\" content=\"1920\" \/>\n\t<meta property=\"og:image:height\" content=\"1280\" \/>\n\t<meta property=\"og:image:type\" content=\"image\/jpeg\" \/>\n<meta name=\"twitter:card\" content=\"summary_large_image\" \/>\n<meta name=\"twitter:label1\" content=\"Dur\u00e9e de lecture estim\u00e9e\" \/>\n\t<meta name=\"twitter:data1\" content=\"5 minutes\" \/>\n<script type=\"application\/ld+json\" class=\"yoast-schema-graph\">{\"@context\":\"https:\\\/\\\/schema.org\",\"@graph\":[{\"@type\":\"WebPage\",\"@id\":\"https:\\\/\\\/www.inprisa.com\\\/fr\\\/politica-cookies\\\/\",\"url\":\"https:\\\/\\\/www.inprisa.com\\\/fr\\\/politica-cookies\\\/\",\"name\":\"Politique en mati\u00e8re de cookies | Inprisa\",\"isPartOf\":{\"@id\":\"https:\\\/\\\/www.inprisa.com\\\/fr\\\/#website\"},\"datePublished\":\"2024-02-25T16:46:59+00:00\",\"dateModified\":\"2024-07-12T10:10:57+00:00\",\"description\":\"Hemos preparado un texto legal para informarte sobre el tipo de cookies que usamos y con qu\u00e9 finalidad. No te pierdas ning\u00fan detalle.\",\"breadcrumb\":{\"@id\":\"https:\\\/\\\/www.inprisa.com\\\/fr\\\/politica-cookies\\\/#breadcrumb\"},\"inLanguage\":\"fr-FR\",\"potentialAction\":[{\"@type\":\"ReadAction\",\"target\":[\"https:\\\/\\\/www.inprisa.com\\\/fr\\\/politica-cookies\\\/\"]}]},{\"@type\":\"BreadcrumbList\",\"@id\":\"https:\\\/\\\/www.inprisa.com\\\/fr\\\/politica-cookies\\\/#breadcrumb\",\"itemListElement\":[{\"@type\":\"ListItem\",\"position\":1,\"name\":\"Inicio\",\"item\":\"https:\\\/\\\/www.inprisa.com\\\/fr\\\/inprisa-2\\\/\"},{\"@type\":\"ListItem\",\"position\":2,\"name\":\"Politique en mati\u00e8re de cookies\"}]},{\"@type\":\"WebSite\",\"@id\":\"https:\\\/\\\/www.inprisa.com\\\/fr\\\/#website\",\"url\":\"https:\\\/\\\/www.inprisa.com\\\/fr\\\/\",\"name\":\"Inprisa\",\"description\":\"Expertos en maquinaria\\u2028para el tratamiento de\\u2028superficies y aguas.\",\"publisher\":{\"@id\":\"https:\\\/\\\/www.inprisa.com\\\/fr\\\/#organization\"},\"alternateName\":\"Inprisa\",\"potentialAction\":[{\"@type\":\"SearchAction\",\"target\":{\"@type\":\"EntryPoint\",\"urlTemplate\":\"https:\\\/\\\/www.inprisa.com\\\/fr\\\/?s={search_term_string}\"},\"query-input\":{\"@type\":\"PropertyValueSpecification\",\"valueRequired\":true,\"valueName\":\"search_term_string\"}}],\"inLanguage\":\"fr-FR\"},{\"@type\":\"Organization\",\"@id\":\"https:\\\/\\\/www.inprisa.com\\\/fr\\\/#organization\",\"name\":\"Inprisa\",\"alternateName\":\"Inprisa\",\"url\":\"https:\\\/\\\/www.inprisa.com\\\/fr\\\/\",\"logo\":{\"@type\":\"ImageObject\",\"inLanguage\":\"fr-FR\",\"@id\":\"https:\\\/\\\/www.inprisa.com\\\/fr\\\/#\\\/schema\\\/logo\\\/image\\\/\",\"url\":\"https:\\\/\\\/www.inprisa.com\\\/wp-content\\\/uploads\\\/2024\\\/02\\\/inprisa.png\",\"contentUrl\":\"https:\\\/\\\/www.inprisa.com\\\/wp-content\\\/uploads\\\/2024\\\/02\\\/inprisa.png\",\"width\":737,\"height\":200,\"caption\":\"Inprisa\"},\"image\":{\"@id\":\"https:\\\/\\\/www.inprisa.com\\\/fr\\\/#\\\/schema\\\/logo\\\/image\\\/\"}}]}<\/script>\n<!-- \/ Yoast SEO plugin. -->","yoast_head_json":{"title":"Politique en mati\u00e8re de cookies | Inprisa","description":"Hemos preparado un texto legal para informarte sobre el tipo de cookies que usamos y con qu\u00e9 finalidad. No te pierdas ning\u00fan detalle.","robots":{"index":"index","follow":"follow","max-snippet":"max-snippet:-1","max-image-preview":"max-image-preview:large","max-video-preview":"max-video-preview:-1"},"canonical":"https:\/\/www.inprisa.com\/fr\/politica-cookies\/","og_locale":"fr_FR","og_type":"article","og_title":"Politique en mati\u00e8re de cookies | Inprisa","og_description":"Hemos preparado un texto legal para informarte sobre el tipo de cookies que usamos y con qu\u00e9 finalidad. No te pierdas ning\u00fan detalle.","og_url":"https:\/\/www.inprisa.com\/fr\/politica-cookies\/","og_site_name":"Inprisa","article_modified_time":"2024-07-12T10:10:57+00:00","og_image":[{"width":1920,"height":1280,"url":"https:\/\/www.inprisa.com\/wp-content\/uploads\/2024\/02\/inprisa-home.jpg","type":"image\/jpeg"}],"twitter_card":"summary_large_image","twitter_misc":{"Dur\u00e9e de lecture estim\u00e9e":"5 minutes"},"schema":{"@context":"https:\/\/schema.org","@graph":[{"@type":"WebPage","@id":"https:\/\/www.inprisa.com\/fr\/politica-cookies\/","url":"https:\/\/www.inprisa.com\/fr\/politica-cookies\/","name":"Politique en mati\u00e8re de cookies | Inprisa","isPartOf":{"@id":"https:\/\/www.inprisa.com\/fr\/#website"},"datePublished":"2024-02-25T16:46:59+00:00","dateModified":"2024-07-12T10:10:57+00:00","description":"Hemos preparado un texto legal para informarte sobre el tipo de cookies que usamos y con qu\u00e9 finalidad. No te pierdas ning\u00fan detalle.","breadcrumb":{"@id":"https:\/\/www.inprisa.com\/fr\/politica-cookies\/#breadcrumb"},"inLanguage":"fr-FR","potentialAction":[{"@type":"ReadAction","target":["https:\/\/www.inprisa.com\/fr\/politica-cookies\/"]}]},{"@type":"BreadcrumbList","@id":"https:\/\/www.inprisa.com\/fr\/politica-cookies\/#breadcrumb","itemListElement":[{"@type":"ListItem","position":1,"name":"Inicio","item":"https:\/\/www.inprisa.com\/fr\/inprisa-2\/"},{"@type":"ListItem","position":2,"name":"Politique en mati\u00e8re de cookies"}]},{"@type":"WebSite","@id":"https:\/\/www.inprisa.com\/fr\/#website","url":"https:\/\/www.inprisa.com\/fr\/","name":"Inprisa","description":"Expertos en maquinaria\u2028para el tratamiento de\u2028superficies y aguas.","publisher":{"@id":"https:\/\/www.inprisa.com\/fr\/#organization"},"alternateName":"Inprisa","potentialAction":[{"@type":"SearchAction","target":{"@type":"EntryPoint","urlTemplate":"https:\/\/www.inprisa.com\/fr\/?s={search_term_string}"},"query-input":{"@type":"PropertyValueSpecification","valueRequired":true,"valueName":"search_term_string"}}],"inLanguage":"fr-FR"},{"@type":"Organization","@id":"https:\/\/www.inprisa.com\/fr\/#organization","name":"Inprisa","alternateName":"Inprisa","url":"https:\/\/www.inprisa.com\/fr\/","logo":{"@type":"ImageObject","inLanguage":"fr-FR","@id":"https:\/\/www.inprisa.com\/fr\/#\/schema\/logo\/image\/","url":"https:\/\/www.inprisa.com\/wp-content\/uploads\/2024\/02\/inprisa.png","contentUrl":"https:\/\/www.inprisa.com\/wp-content\/uploads\/2024\/02\/inprisa.png","width":737,"height":200,"caption":"Inprisa"},"image":{"@id":"https:\/\/www.inprisa.com\/fr\/#\/schema\/logo\/image\/"}}]}},"_links":{"self":[{"href":"https:\/\/www.inprisa.com\/fr\/wp-json\/wp\/v2\/pages\/1147","targetHints":{"allow":["GET"]}}],"collection":[{"href":"https:\/\/www.inprisa.com\/fr\/wp-json\/wp\/v2\/pages"}],"about":[{"href":"https:\/\/www.inprisa.com\/fr\/wp-json\/wp\/v2\/types\/page"}],"author":[{"embeddable":true,"href":"https:\/\/www.inprisa.com\/fr\/wp-json\/wp\/v2\/users\/1"}],"replies":[{"embeddable":true,"href":"https:\/\/www.inprisa.com\/fr\/wp-json\/wp\/v2\/comments?post=1147"}],"version-history":[{"count":3,"href":"https:\/\/www.inprisa.com\/fr\/wp-json\/wp\/v2\/pages\/1147\/revisions"}],"predecessor-version":[{"id":1576,"href":"https:\/\/www.inprisa.com\/fr\/wp-json\/wp\/v2\/pages\/1147\/revisions\/1576"}],"wp:attachment":[{"href":"https:\/\/www.inprisa.com\/fr\/wp-json\/wp\/v2\/media?parent=1147"}],"curies":[{"name":"wp","href":"https:\/\/api.w.org\/{rel}","templated":true}]}}