{"id":1104,"date":"2024-02-25T17:46:45","date_gmt":"2024-02-25T16:46:45","guid":{"rendered":"https:\/\/www.inprisa.com\/aviso-legal\/"},"modified":"2024-07-12T11:33:33","modified_gmt":"2024-07-12T09:33:33","slug":"aviso-legal","status":"publish","type":"page","link":"https:\/\/www.inprisa.com\/fr\/aviso-legal\/","title":{"rendered":"Mentions l\u00e9gales"},"content":{"rendered":"\n<h1 class=\"wp-block-heading\">Mentions l\u00e9gales<\/h1>\n\n\n\n<p>Les mentions l\u00e9gales r\u00e9gissent l\u2019acc\u00e8s, la navigation et l\u2019utilisation du site Web situ\u00e9 \u00e0 l\u2019adresse URL [www.inprisa.com] (ci-apr\u00e8s, le \u00ab site Web \u00bb).<\/p>\n\n\n\n<h2 class=\"wp-block-heading\"><strong>1. Donn\u00e9es d\u2019identification<\/strong><\/h2>\n\n\n\n<p>Conform\u00e9ment \u00e0 l\u2019obligation d\u2019information pr\u00e9vue \u00e0 l\u2019article 10 de la loi 34\/2002, du 11 juillet, sur les services de la soci\u00e9t\u00e9 de l\u2019information et le commerce \u00e9lectronique, nous vous informons que le site Web est la propri\u00e9t\u00e9 de la soci\u00e9t\u00e9 Inprisa Autom SL (ci-apr\u00e8s, \u00ab INPRISA \u00bb), soci\u00e9t\u00e9 commerciale de droit espagnol, dont le num\u00e9ro d\u2019identification fiscale est B72948300, et dont le si\u00e8ge social est situ\u00e9 \u00e0 Tirso de Molina, 29, Pol. Industrial Almeda, 08940 Cornell\u00e0 de Lobregat (Barcelone, Espagne).<\/p>\n\n\n\n<p>Vous pouvez nous contacter \u00e0 l\u2019adresse e-mail suivante : <a href=\"mailto:inprisa@inprisa.com\">inprisa@inprisa.com<\/a>.<\/p>\n\n\n\n<h2 class=\"wp-block-heading\"><strong>2. Utilisateurs<\/strong><\/h2>\n\n\n\n<p>L\u2019acc\u00e8s et\/ou l\u2019utilisation du site Web vous conf\u00e8re le statut d\u2019utilisateur, et vous acceptez, par cet acc\u00e8s et\/ou cette utilisation, les pr\u00e9sentes mentions l\u00e9gales.<\/p>\n\n\n\n<h2 class=\"wp-block-heading\"><strong>3. Utilisation du site Web<\/strong><\/h2>\n\n\n\n<p>Vous acc\u00e9dez au site Web d\u2019INPRISA.<\/p>\n\n\n\n<p>Le site Web peut donner acc\u00e8s \u00e0 une multitude de produits, services, donn\u00e9es, textes, graphiques, dessins, codes, logiciels, photographies, musiques, vid\u00e9os, sons, bases de donn\u00e9es, images, expressions et informations (ci-apr\u00e8s, le \u00ab contenu \u00bb) appartenant \u00e0 l\u2019entreprise ou \u00e0 des tiers auxquels l\u2019utilisateur peut avoir acc\u00e8s.<\/p>\n\n\n\n<p>L\u2019utilisateur assume la responsabilit\u00e9 de l\u2019utilisation du site Web.<\/p>\n\n\n\n<p>L\u2019utilisation de ce site Web implique l\u2019acceptation de ces mentions l\u00e9gales.<\/p>\n\n\n\n<p>L\u2019utilisateur acc\u00e8de volontairement \u00e0 ce site Web, ce qui implique qu\u2019il l\u2019utilisera conform\u00e9ment aux pr\u00e9sentes mentions l\u00e9gales, au reste des avis et clauses juridiques, \u00e0 la loi, \u00e0 la morale, \u00e0 la bonne foi et\/ou aux bonnes m\u0153urs.<\/p>\n\n\n\n<p>INPRISA se r\u00e9serve le droit de modifier sans pr\u00e9avis le contenu de ces mentions l\u00e9gales, par cons\u00e9quent, et pour une utilisation correcte du site Web, nous vous recommandons de visiter p\u00e9riodiquement cette section. INPRISA se r\u00e9serve \u00e9galement le droit de refuser ou de retirer l\u2019acc\u00e8s \u00e0 ce site Web et\/ou aux services qu\u2019il contient, \u00e0 tout moment et sans pr\u00e9avis, \u00e0 tout utilisateur qui ne respecterait pas les dispositions des pr\u00e9sentes mentions l\u00e9gales et, en particulier, celles du paragraphe pr\u00e9c\u00e9dent.<\/p>\n\n\n\n<p>En g\u00e9n\u00e9ral, il n\u2019est pas n\u00e9cessaire de s\u2019enregistrer au pr\u00e9alable en tant qu\u2019utilisateur de ce site Web. Toutefois, l\u2019utilisation de certains services et\/ou contenus peut n\u00e9cessiter une identification et\/ou un enregistrement pr\u00e9alable, selon les modalit\u00e9s indiqu\u00e9es dans chaque cas. Les pages r\u00e9serv\u00e9es aux utilisateurs pr\u00e9alablement autoris\u00e9s par INPRISA par le biais de l\u2019enregistrement, exigent que l\u2019utilisateur ne divulgue pas \u00e0 des tiers son nom d\u2019utilisateur et son mot de passe, qui sont personnels et incessibles. L\u2019utilisateur assume la responsabilit\u00e9 des dommages, directs ou indirects, qui pourraient d\u00e9couler de leur utilisation incorrecte, ainsi que de leur cession \u00e0 des tiers. Pour des raisons de s\u00e9curit\u00e9, INPRISA peut modifier \u00e0 tout moment le mot de passe de l\u2019utilisateur en le lui communiquant au pr\u00e9alable.<\/p>\n\n\n\n<p>L\u2019utilisateur s\u2019engage \u00e0 faire un usage appropri\u00e9 des contenus et des services offerts par INPRISA \u00e0 travers son site Web et, \u00e0 titre d\u2019exemple mais non limitatif, \u00e0 ne pas les utiliser pour :<\/p>\n\n\n\n<ul class=\"wp-block-list\">\n<li>Se livrer \u00e0 des activit\u00e9s illicites, ill\u00e9gales ou contraires \u00e0 la bonne foi et \u00e0 l\u2019ordre public.<\/li>\n\n\n\n<li>Diffuser du contenu ou de la propagande \u00e0 caract\u00e8re raciste, x\u00e9nophobe, pornographique, ill\u00e9gal, terroriste ou relatif aux droits de l\u2019homme.<\/li>\n\n\n\n<li>Provoquer des dommages aux syst\u00e8mes physiques et logiques d\u2019INPRISA, de ses fournisseurs ou de tiers, introduire ou diffuser des virus informatiques ou tout autre syst\u00e8me physique ou logique susceptible de causer les dommages susmentionn\u00e9s.<\/li>\n\n\n\n<li>Tenter d\u2019acc\u00e9der et, le cas \u00e9ch\u00e9ant, d\u2019utiliser les comptes de courrier \u00e9lectronique d\u2019autres utilisateurs et de modifier ou de manipuler leurs messages.<\/li>\n<\/ul>\n\n\n\n<p>INPRISA se r\u00e9serve le droit de supprimer les commentaires et les contributions qui violent le respect de la dignit\u00e9 de la personne, qui sont discriminatoires, x\u00e9nophobes, racistes, pornographiques, qui portent atteinte \u00e0 la jeunesse ou \u00e0 l\u2019enfance, \u00e0 l\u2019ordre ou \u00e0 la s\u00e9curit\u00e9 publique ou qui, \u00e0 son avis, ne sont pas adapt\u00e9s \u00e0 la publication. En tout \u00e9tat de cause, INPRISA n\u2019est pas responsable des opinions exprim\u00e9es par les utilisateurs \u00e0 travers les forums, les consultations, les commentaires ou autres outils de participation.<\/p>\n\n\n\n<h2 class=\"wp-block-heading\"><strong>4. Propri\u00e9t\u00e9 intellectuelle et industrielle<\/strong><\/h2>\n\n\n\n<p>INPRISA, par elle-m\u00eame ou en tant que cessionnaire, est titulaire de tous les droits de propri\u00e9t\u00e9 intellectuelle et industrielle du site Web d\u2019INPRISA, ou de ses conc\u00e9dants de licence, ainsi que des \u00e9l\u00e9ments qu\u2019ils contiennent (y compris, mais sans s\u2019y limiter, les images, le son, l\u2019audio, la vid\u00e9o, le logiciel ou le texte, les marques ou les logos, les combinaisons de couleurs, la structure et la conception, la s\u00e9lection des mat\u00e9riels utilis\u00e9s, les programmes informatiques n\u00e9cessaires \u00e0 son fonctionnement, \u00e0 son acc\u00e8s et \u00e0 son utilisation, etc.). Tous les droits sont r\u00e9serv\u00e9s.<\/p>\n\n\n\n<p>Conform\u00e9ment aux dispositions des articles 8 et 32.1, deuxi\u00e8me paragraphe, de la loi sur la propri\u00e9t\u00e9 intellectuelle, la reproduction, la distribution et la communication publique, y compris la mise \u00e0 disposition, de tout ou partie du contenu du site Web, \u00e0 des fins commerciales, sur tout support et par tout proc\u00e9d\u00e9 technique, sans l\u2019autorisation expresse d\u2019INPRISA, sont strictement interdites.<\/p>\n\n\n\n<p>L\u2019utilisateur s\u2019engage \u00e0 respecter les droits de propri\u00e9t\u00e9 intellectuelle et industrielle d\u00e9tenus par INPRISA. Vous pouvez visualiser les \u00e9l\u00e9ments du site et m\u00eame les imprimer, les copier et les stocker sur le disque dur de votre ordinateur ou sur tout autre support physique, \u00e0 condition que ce soit uniquement et exclusivement pour votre usage personnel et priv\u00e9.<\/p>\n\n\n\n<p>L\u2019utilisateur s\u2019abstient d\u2019effacer, d\u2019alt\u00e9rer, d\u2019\u00e9luder ou de manipuler tout dispositif de protection ou syst\u00e8me de s\u00e9curit\u00e9 mis en place sur le site Web.<\/p>\n\n\n\n<p>INPRISA n\u2019est pas responsable de l\u2019\u00e9ventuelle utilisation inappropri\u00e9e du site Web par des tiers ni de l\u2019information transmise \u00e0 des tiers \u00e0 travers le site Web. L\u2019utilisation du contenu que l\u2019utilisateur peut faire et les cons\u00e9quences ou dommages qui peuvent en d\u00e9couler rel\u00e8vent de la seule responsabilit\u00e9 de l\u2019utilisateur. INPRISA n\u2019est pas responsable des pr\u00e9judices de toute nature port\u00e9s aux utilisateurs par l\u2019utilisation de liens, de r\u00e9pertoires et d\u2019outils de recherche qui permettent aux utilisateurs d\u2019acc\u00e9der \u00e0 des sites Web appartenant \u00e0 des tiers et\/ou g\u00e9r\u00e9s par des tiers, ainsi que de la pr\u00e9sence de virus ou d\u2019autres codes malveillants dans les contenus qui peuvent causer des dommages au syst\u00e8me informatique, aux documents \u00e9lectroniques ou aux fichiers des utilisateurs. INPRISA se r\u00e9serve le droit d\u2019exercer les actions l\u00e9gales qu\u2019elle juge opportunes en cas d\u2019utilisation illicite par des tiers des contenus de son site Web.<\/p>\n\n\n\n<h2 class=\"wp-block-heading\"><strong>5. Exclusion de garanties et de responsabilit\u00e9<\/strong><\/h2>\n\n\n\n<p>INPRISA n\u2019est pas responsable, en aucun cas, des dommages de toute nature qui peuvent causer, sans s\u2019y limiter : des erreurs ou des omissions dans le contenu, le manque de disponibilit\u00e9 du site Web ou la transmission de virus ou de programmes malveillants ou nuisibles dans le contenu, bien qu\u2019il ait pris toutes les mesures technologiques n\u00e9cessaires pour l\u2019emp\u00eacher.<\/p>\n\n\n\n<h2 class=\"wp-block-heading\"><strong>6. Modifications<\/strong><\/h2>\n\n\n\n<p>INPRISA se r\u00e9serve le droit d\u2019effectuer des modifications inopin\u00e9es qu\u2019elle juge opportunes sur le site Web, et peut modifier, supprimer ou ajouter des contenus et des services fournis par le biais du site comme la fa\u00e7on dont ils sont pr\u00e9sent\u00e9s ou situ\u00e9s sur le site Web.<\/p>\n\n\n\n<h2 class=\"wp-block-heading\"><strong>7. Liens<\/strong><\/h2>\n\n\n\n<p>Dans le cas o\u00f9 le site Web contiendrait des hyperliens vers d\u2019autres sites, INPRISA n\u2019exerce aucun contr\u00f4le sur ces sites et leur contenu. INPRISA n\u2019assume en aucun cas la responsabilit\u00e9 des contenus appartenant \u00e0 un autre site vers lesquels redirige un hyperlien ni ne garantit la disponibilit\u00e9 technique, la qualit\u00e9, la fiabilit\u00e9, l\u2019exactitude, l\u2019exhaustivit\u00e9, la pr\u00e9cision, la justesse, la validit\u00e9 et la constitutionnalit\u00e9 de tout mat\u00e9riel ou information vers lesquels pointent ces hyperliens. De m\u00eame, l\u2019inclusion de ces liens redirigeant vers des sites tiers n\u2019implique aucun type d\u2019association, de fusion ou de participation avec ces sites tiers.<\/p>\n\n\n\n<h2 class=\"wp-block-heading\"><strong>8. G\u00e9n\u00e9ralit\u00e9s<\/strong><\/h2>\n\n\n\n<p>INPRISA poursuivra la violation de ces conditions ainsi que toute utilisation inappropri\u00e9e de son site Web en exer\u00e7ant toutes les actions civiles et p\u00e9nales qui peuvent lui correspondre en vertu de la loi.<\/p>\n\n\n\n<h2 class=\"wp-block-heading\"><strong>9. Droit applicable et juridiction<\/strong><\/h2>\n\n\n\n<p>Les pr\u00e9sentes conditions g\u00e9n\u00e9rales sont r\u00e9gies par la loi espagnole ou interpr\u00e9t\u00e9es conform\u00e9ment \u00e0 celle-ci pour tout ce qui n\u2019est pas express\u00e9ment pr\u00e9vu.<\/p>\n\n\n\n<p>INPRISA et l\u2019utilisateur conviennent de soumettre tout litige pouvant d\u00e9couler de la prestation de produits ou de services aux cours et tribunaux de Barcelone.<\/p>\n","protected":false},"excerpt":{"rendered":"<p>Mentions l\u00e9gales Les mentions l\u00e9gales r\u00e9gissent l\u2019acc\u00e8s, la navigation et l\u2019utilisation du site Web situ\u00e9 \u00e0 l\u2019adresse URL [www.inprisa.com] (ci-apr\u00e8s, le \u00ab site Web \u00bb). 1. Donn\u00e9es d\u2019identification Conform\u00e9ment \u00e0 l\u2019obligation d\u2019information pr\u00e9vue \u00e0 l\u2019article 10 de la loi 34\/2002, du 11 juillet, sur les services de la soci\u00e9t\u00e9 de l\u2019information et le commerce \u00e9lectronique, [&hellip;]<\/p>\n","protected":false},"author":1,"featured_media":0,"parent":0,"menu_order":0,"comment_status":"closed","ping_status":"closed","template":"","meta":{"_acf_changed":false,"_monsterinsights_skip_tracking":false,"_monsterinsights_sitenote_active":false,"_monsterinsights_sitenote_note":"","_monsterinsights_sitenote_category":0,"footnotes":""},"class_list":["post-1104","page","type-page","status-publish","hentry"],"acf":[],"yoast_head":"<!-- This site is optimized with the Yoast SEO plugin v25.5 - https:\/\/yoast.com\/wordpress\/plugins\/seo\/ -->\n<title>Mentions l\u00e9gales | Inprisa<\/title>\n<meta name=\"description\" content=\"Le informamos sobre nuestra pol\u00edtica de protecci\u00f3n de datos y c\u00f3mo almacenamos, procesamos y tratamos los datos de usuarios y clientes.\" \/>\n<meta name=\"robots\" content=\"index, follow, max-snippet:-1, max-image-preview:large, max-video-preview:-1\" \/>\n<link rel=\"canonical\" href=\"https:\/\/www.inprisa.com\/fr\/aviso-legal\/\" \/>\n<meta property=\"og:locale\" content=\"fr_FR\" \/>\n<meta property=\"og:type\" content=\"article\" \/>\n<meta property=\"og:title\" content=\"Mentions l\u00e9gales | Inprisa\" \/>\n<meta property=\"og:description\" content=\"Le informamos sobre nuestra pol\u00edtica de protecci\u00f3n de datos y c\u00f3mo almacenamos, procesamos y tratamos los datos de usuarios y clientes.\" \/>\n<meta property=\"og:url\" content=\"https:\/\/www.inprisa.com\/fr\/aviso-legal\/\" \/>\n<meta property=\"og:site_name\" content=\"Inprisa\" \/>\n<meta property=\"article:modified_time\" content=\"2024-07-12T09:33:33+00:00\" \/>\n<meta property=\"og:image\" content=\"https:\/\/www.inprisa.com\/wp-content\/uploads\/2024\/02\/inprisa-home.jpg\" \/>\n\t<meta property=\"og:image:width\" content=\"1920\" \/>\n\t<meta property=\"og:image:height\" content=\"1280\" \/>\n\t<meta property=\"og:image:type\" content=\"image\/jpeg\" \/>\n<meta name=\"twitter:card\" content=\"summary_large_image\" \/>\n<meta name=\"twitter:label1\" content=\"Dur\u00e9e de lecture estim\u00e9e\" \/>\n\t<meta name=\"twitter:data1\" content=\"7 minutes\" \/>\n<script type=\"application\/ld+json\" class=\"yoast-schema-graph\">{\"@context\":\"https:\/\/schema.org\",\"@graph\":[{\"@type\":\"WebPage\",\"@id\":\"https:\/\/www.inprisa.com\/fr\/aviso-legal\/\",\"url\":\"https:\/\/www.inprisa.com\/fr\/aviso-legal\/\",\"name\":\"Mentions l\u00e9gales | Inprisa\",\"isPartOf\":{\"@id\":\"https:\/\/www.inprisa.com\/fr\/#website\"},\"datePublished\":\"2024-02-25T16:46:45+00:00\",\"dateModified\":\"2024-07-12T09:33:33+00:00\",\"description\":\"Le informamos sobre nuestra pol\u00edtica de protecci\u00f3n de datos y c\u00f3mo almacenamos, procesamos y tratamos los datos de usuarios y clientes.\",\"breadcrumb\":{\"@id\":\"https:\/\/www.inprisa.com\/fr\/aviso-legal\/#breadcrumb\"},\"inLanguage\":\"fr-FR\",\"potentialAction\":[{\"@type\":\"ReadAction\",\"target\":[\"https:\/\/www.inprisa.com\/fr\/aviso-legal\/\"]}]},{\"@type\":\"BreadcrumbList\",\"@id\":\"https:\/\/www.inprisa.com\/fr\/aviso-legal\/#breadcrumb\",\"itemListElement\":[{\"@type\":\"ListItem\",\"position\":1,\"name\":\"Inicio\",\"item\":\"https:\/\/www.inprisa.com\/fr\/inprisa-2\/\"},{\"@type\":\"ListItem\",\"position\":2,\"name\":\"Mentions l\u00e9gales\"}]},{\"@type\":\"WebSite\",\"@id\":\"https:\/\/www.inprisa.com\/fr\/#website\",\"url\":\"https:\/\/www.inprisa.com\/fr\/\",\"name\":\"Inprisa\",\"description\":\"Expertos en maquinaria\\u2028para el tratamiento de\\u2028superficies y aguas.\",\"publisher\":{\"@id\":\"https:\/\/www.inprisa.com\/fr\/#organization\"},\"alternateName\":\"Inprisa\",\"potentialAction\":[{\"@type\":\"SearchAction\",\"target\":{\"@type\":\"EntryPoint\",\"urlTemplate\":\"https:\/\/www.inprisa.com\/fr\/?s={search_term_string}\"},\"query-input\":{\"@type\":\"PropertyValueSpecification\",\"valueRequired\":true,\"valueName\":\"search_term_string\"}}],\"inLanguage\":\"fr-FR\"},{\"@type\":\"Organization\",\"@id\":\"https:\/\/www.inprisa.com\/fr\/#organization\",\"name\":\"Inprisa\",\"alternateName\":\"Inprisa\",\"url\":\"https:\/\/www.inprisa.com\/fr\/\",\"logo\":{\"@type\":\"ImageObject\",\"inLanguage\":\"fr-FR\",\"@id\":\"https:\/\/www.inprisa.com\/fr\/#\/schema\/logo\/image\/\",\"url\":\"https:\/\/www.inprisa.com\/wp-content\/uploads\/2024\/02\/inprisa.png\",\"contentUrl\":\"https:\/\/www.inprisa.com\/wp-content\/uploads\/2024\/02\/inprisa.png\",\"width\":737,\"height\":200,\"caption\":\"Inprisa\"},\"image\":{\"@id\":\"https:\/\/www.inprisa.com\/fr\/#\/schema\/logo\/image\/\"}}]}<\/script>\n<!-- \/ Yoast SEO plugin. -->","yoast_head_json":{"title":"Mentions l\u00e9gales | Inprisa","description":"Le informamos sobre nuestra pol\u00edtica de protecci\u00f3n de datos y c\u00f3mo almacenamos, procesamos y tratamos los datos de usuarios y clientes.","robots":{"index":"index","follow":"follow","max-snippet":"max-snippet:-1","max-image-preview":"max-image-preview:large","max-video-preview":"max-video-preview:-1"},"canonical":"https:\/\/www.inprisa.com\/fr\/aviso-legal\/","og_locale":"fr_FR","og_type":"article","og_title":"Mentions l\u00e9gales | Inprisa","og_description":"Le informamos sobre nuestra pol\u00edtica de protecci\u00f3n de datos y c\u00f3mo almacenamos, procesamos y tratamos los datos de usuarios y clientes.","og_url":"https:\/\/www.inprisa.com\/fr\/aviso-legal\/","og_site_name":"Inprisa","article_modified_time":"2024-07-12T09:33:33+00:00","og_image":[{"width":1920,"height":1280,"url":"https:\/\/www.inprisa.com\/wp-content\/uploads\/2024\/02\/inprisa-home.jpg","type":"image\/jpeg"}],"twitter_card":"summary_large_image","twitter_misc":{"Dur\u00e9e de lecture estim\u00e9e":"7 minutes"},"schema":{"@context":"https:\/\/schema.org","@graph":[{"@type":"WebPage","@id":"https:\/\/www.inprisa.com\/fr\/aviso-legal\/","url":"https:\/\/www.inprisa.com\/fr\/aviso-legal\/","name":"Mentions l\u00e9gales | Inprisa","isPartOf":{"@id":"https:\/\/www.inprisa.com\/fr\/#website"},"datePublished":"2024-02-25T16:46:45+00:00","dateModified":"2024-07-12T09:33:33+00:00","description":"Le informamos sobre nuestra pol\u00edtica de protecci\u00f3n de datos y c\u00f3mo almacenamos, procesamos y tratamos los datos de usuarios y clientes.","breadcrumb":{"@id":"https:\/\/www.inprisa.com\/fr\/aviso-legal\/#breadcrumb"},"inLanguage":"fr-FR","potentialAction":[{"@type":"ReadAction","target":["https:\/\/www.inprisa.com\/fr\/aviso-legal\/"]}]},{"@type":"BreadcrumbList","@id":"https:\/\/www.inprisa.com\/fr\/aviso-legal\/#breadcrumb","itemListElement":[{"@type":"ListItem","position":1,"name":"Inicio","item":"https:\/\/www.inprisa.com\/fr\/inprisa-2\/"},{"@type":"ListItem","position":2,"name":"Mentions l\u00e9gales"}]},{"@type":"WebSite","@id":"https:\/\/www.inprisa.com\/fr\/#website","url":"https:\/\/www.inprisa.com\/fr\/","name":"Inprisa","description":"Expertos en maquinaria\u2028para el tratamiento de\u2028superficies y aguas.","publisher":{"@id":"https:\/\/www.inprisa.com\/fr\/#organization"},"alternateName":"Inprisa","potentialAction":[{"@type":"SearchAction","target":{"@type":"EntryPoint","urlTemplate":"https:\/\/www.inprisa.com\/fr\/?s={search_term_string}"},"query-input":{"@type":"PropertyValueSpecification","valueRequired":true,"valueName":"search_term_string"}}],"inLanguage":"fr-FR"},{"@type":"Organization","@id":"https:\/\/www.inprisa.com\/fr\/#organization","name":"Inprisa","alternateName":"Inprisa","url":"https:\/\/www.inprisa.com\/fr\/","logo":{"@type":"ImageObject","inLanguage":"fr-FR","@id":"https:\/\/www.inprisa.com\/fr\/#\/schema\/logo\/image\/","url":"https:\/\/www.inprisa.com\/wp-content\/uploads\/2024\/02\/inprisa.png","contentUrl":"https:\/\/www.inprisa.com\/wp-content\/uploads\/2024\/02\/inprisa.png","width":737,"height":200,"caption":"Inprisa"},"image":{"@id":"https:\/\/www.inprisa.com\/fr\/#\/schema\/logo\/image\/"}}]}},"_links":{"self":[{"href":"https:\/\/www.inprisa.com\/fr\/wp-json\/wp\/v2\/pages\/1104","targetHints":{"allow":["GET"]}}],"collection":[{"href":"https:\/\/www.inprisa.com\/fr\/wp-json\/wp\/v2\/pages"}],"about":[{"href":"https:\/\/www.inprisa.com\/fr\/wp-json\/wp\/v2\/types\/page"}],"author":[{"embeddable":true,"href":"https:\/\/www.inprisa.com\/fr\/wp-json\/wp\/v2\/users\/1"}],"replies":[{"embeddable":true,"href":"https:\/\/www.inprisa.com\/fr\/wp-json\/wp\/v2\/comments?post=1104"}],"version-history":[{"count":2,"href":"https:\/\/www.inprisa.com\/fr\/wp-json\/wp\/v2\/pages\/1104\/revisions"}],"predecessor-version":[{"id":1564,"href":"https:\/\/www.inprisa.com\/fr\/wp-json\/wp\/v2\/pages\/1104\/revisions\/1564"}],"wp:attachment":[{"href":"https:\/\/www.inprisa.com\/fr\/wp-json\/wp\/v2\/media?parent=1104"}],"curies":[{"name":"wp","href":"https:\/\/api.w.org\/{rel}","templated":true}]}}