{"id":7467,"date":"2025-05-23T18:00:09","date_gmt":"2025-05-23T16:00:09","guid":{"rendered":"https:\/\/www.inprisa.com\/?post_type=product&#038;p=7467"},"modified":"2026-03-16T12:22:39","modified_gmt":"2026-03-16T11:22:39","slug":"separador-de-grasas-debajo-fregadero","status":"publish","type":"product","link":"https:\/\/www.inprisa.com\/en\/producto\/separador-de-grasas-debajo-fregadero\/","title":{"rendered":"Separador de grasas debajo fregadero"},"content":{"rendered":"<p>Sistema compacto para el pretratamiento de aguas residuales provenientes de cocinas, lavabos y fregaderos. Gracias a su dise\u00f1o, permite la separaci\u00f3n f\u00edsica de aceites, grasas, espumas y sedimentos mediante una reducci\u00f3n controlada de la velocidad del flujo. Es un sistema eficiente, estable y econ\u00f3mico, dimensionado seg\u00fan la norma UNI-EN 1825-1 y con certificaci\u00f3n CE.<\/p>\n","protected":false},"excerpt":{"rendered":"<p>Sistema compacto para el pretratamiento de aguas residuales provenientes de cocinas, lavabos y fregaderos. Gracias a su dise\u00f1o, permite la separaci\u00f3n f\u00edsica de aceites, grasas, espumas y sedimentos mediante una reducci\u00f3n controlada de la velocidad del flujo. Es un sistema eficiente, estable y econ\u00f3mico, dimensionado seg\u00fan la norma UNI-EN 1825-1 y con certificaci\u00f3n CE.<\/p>\n<ul>\n<li>\u00c1rea de calma: ralentiza el flujo favoreciendo la flotaci\u00f3n de grasas y espumas.<\/li>\n<li>Separaci\u00f3n por capas: las grasas se concentran en la superficie y los s\u00f3lidos se depositan en el fondo.<\/li>\n<li>F\u00e1cil mantenimiento: dise\u00f1o que facilita la remoci\u00f3n de contaminantes acumulados.<\/li>\n<li>Uso espec\u00edfico: ideal para instalaciones dom\u00e9sticas o comerciales bajo fregadero.<\/li>\n<\/ul>\n","protected":false},"featured_media":7468,"template":"","meta":{"_acf_changed":false,"_monsterinsights_skip_tracking":false,"_monsterinsights_sitenote_active":false,"_monsterinsights_sitenote_note":"","_monsterinsights_sitenote_category":0},"product_brand":[],"product_cat":[102,86],"product_tag":[],"class_list":{"0":"post-7467","1":"product","2":"type-product","3":"status-publish","4":"has-post-thumbnail","6":"product_cat-modular","7":"product_cat-separador-de-grasas","9":"first","10":"instock","11":"taxable","12":"shipping-taxable","13":"purchasable","14":"product-type-variable"},"acf":[],"yoast_head":"<!-- This site is optimized with the Yoast SEO plugin v27.4 - https:\/\/yoast.com\/product\/yoast-seo-wordpress\/ -->\n<title>Separador de grasas debajo fregadero | Inprisa<\/title>\n<meta name=\"robots\" content=\"index, follow, max-snippet:-1, max-image-preview:large, max-video-preview:-1\" \/>\n<link rel=\"canonical\" href=\"https:\/\/www.inprisa.com\/en\/producto\/separador-de-grasas-debajo-fregadero\/\" \/>\n<meta property=\"og:locale\" content=\"en_US\" \/>\n<meta property=\"og:type\" content=\"article\" \/>\n<meta property=\"og:title\" content=\"Separador de grasas debajo fregadero | Inprisa\" \/>\n<meta property=\"og:description\" content=\"Sistema compacto para el pretratamiento de aguas residuales provenientes de cocinas, lavabos y fregaderos. Gracias a su dise\u00f1o, permite la separaci\u00f3n f\u00edsica de aceites, grasas, espumas y sedimentos mediante una reducci\u00f3n controlada de la velocidad del flujo. Es un sistema eficiente, estable y econ\u00f3mico, dimensionado seg\u00fan la norma UNI-EN 1825-1 y con certificaci\u00f3n CE.   \u00c1rea de calma: ralentiza el flujo favoreciendo la flotaci\u00f3n de grasas y espumas.  Separaci\u00f3n por capas: las grasas se concentran en la superficie y los s\u00f3lidos se depositan en el fondo.  F\u00e1cil mantenimiento: dise\u00f1o que facilita la remoci\u00f3n de contaminantes acumulados.  Uso espec\u00edfico: ideal para instalaciones dom\u00e9sticas o comerciales bajo fregadero.\" \/>\n<meta property=\"og:url\" content=\"https:\/\/www.inprisa.com\/en\/producto\/separador-de-grasas-debajo-fregadero\/\" \/>\n<meta property=\"og:site_name\" content=\"Inprisa\" \/>\n<meta property=\"article:modified_time\" content=\"2026-03-16T11:22:39+00:00\" \/>\n<meta property=\"og:image\" content=\"https:\/\/www.inprisa.com\/wp-content\/uploads\/2025\/05\/filtro-1.webp\" \/>\n\t<meta property=\"og:image:width\" content=\"800\" \/>\n\t<meta property=\"og:image:height\" content=\"800\" \/>\n\t<meta property=\"og:image:type\" content=\"image\/webp\" \/>\n<meta name=\"twitter:card\" content=\"summary_large_image\" \/>\n<meta name=\"twitter:label1\" content=\"Est. reading time\" \/>\n\t<meta name=\"twitter:data1\" content=\"1 minute\" \/>\n<script type=\"application\/ld+json\" class=\"yoast-schema-graph\">{\"@context\":\"https:\\\/\\\/schema.org\",\"@graph\":[{\"@type\":\"WebPage\",\"@id\":\"https:\\\/\\\/www.inprisa.com\\\/en\\\/producto\\\/separador-de-grasas-debajo-fregadero\\\/\",\"url\":\"https:\\\/\\\/www.inprisa.com\\\/en\\\/producto\\\/separador-de-grasas-debajo-fregadero\\\/\",\"name\":\"Separador de grasas debajo fregadero | Inprisa\",\"isPartOf\":{\"@id\":\"https:\\\/\\\/www.inprisa.com\\\/en\\\/#website\"},\"primaryImageOfPage\":{\"@id\":\"https:\\\/\\\/www.inprisa.com\\\/en\\\/producto\\\/separador-de-grasas-debajo-fregadero\\\/#primaryimage\"},\"image\":{\"@id\":\"https:\\\/\\\/www.inprisa.com\\\/en\\\/producto\\\/separador-de-grasas-debajo-fregadero\\\/#primaryimage\"},\"thumbnailUrl\":\"https:\\\/\\\/www.inprisa.com\\\/wp-content\\\/uploads\\\/2025\\\/05\\\/filtro-1.webp\",\"datePublished\":\"2025-05-23T16:00:09+00:00\",\"dateModified\":\"2026-03-16T11:22:39+00:00\",\"breadcrumb\":{\"@id\":\"https:\\\/\\\/www.inprisa.com\\\/en\\\/producto\\\/separador-de-grasas-debajo-fregadero\\\/#breadcrumb\"},\"inLanguage\":\"en-US\",\"potentialAction\":[{\"@type\":\"ReadAction\",\"target\":[\"https:\\\/\\\/www.inprisa.com\\\/en\\\/producto\\\/separador-de-grasas-debajo-fregadero\\\/\"]}]},{\"@type\":\"ImageObject\",\"inLanguage\":\"en-US\",\"@id\":\"https:\\\/\\\/www.inprisa.com\\\/en\\\/producto\\\/separador-de-grasas-debajo-fregadero\\\/#primaryimage\",\"url\":\"https:\\\/\\\/www.inprisa.com\\\/wp-content\\\/uploads\\\/2025\\\/05\\\/filtro-1.webp\",\"contentUrl\":\"https:\\\/\\\/www.inprisa.com\\\/wp-content\\\/uploads\\\/2025\\\/05\\\/filtro-1.webp\",\"width\":800,\"height\":800},{\"@type\":\"BreadcrumbList\",\"@id\":\"https:\\\/\\\/www.inprisa.com\\\/en\\\/producto\\\/separador-de-grasas-debajo-fregadero\\\/#breadcrumb\",\"itemListElement\":[{\"@type\":\"ListItem\",\"position\":1,\"name\":\"Inicio\",\"item\":\"https:\\\/\\\/www.inprisa.com\\\/en\\\/\"},{\"@type\":\"ListItem\",\"position\":2,\"name\":\"Shop\",\"item\":\"https:\\\/\\\/www.inprisa.com\\\/en\\\/shop\\\/\"},{\"@type\":\"ListItem\",\"position\":3,\"name\":\"Separador de grasas\",\"item\":\"https:\\\/\\\/www.inprisa.com\\\/en\\\/ecommerce\\\/separador-de-grasas\\\/\"},{\"@type\":\"ListItem\",\"position\":4,\"name\":\"Separador de grasas debajo fregadero\"}]},{\"@type\":\"WebSite\",\"@id\":\"https:\\\/\\\/www.inprisa.com\\\/en\\\/#website\",\"url\":\"https:\\\/\\\/www.inprisa.com\\\/en\\\/\",\"name\":\"Inprisa\",\"description\":\"Expertos en maquinaria\\u2028para el tratamiento de\\u2028superficies y aguas.\",\"publisher\":{\"@id\":\"https:\\\/\\\/www.inprisa.com\\\/en\\\/#organization\"},\"alternateName\":\"Inprisa\",\"potentialAction\":[{\"@type\":\"SearchAction\",\"target\":{\"@type\":\"EntryPoint\",\"urlTemplate\":\"https:\\\/\\\/www.inprisa.com\\\/en\\\/?s={search_term_string}\"},\"query-input\":{\"@type\":\"PropertyValueSpecification\",\"valueRequired\":true,\"valueName\":\"search_term_string\"}}],\"inLanguage\":\"en-US\"},{\"@type\":\"Organization\",\"@id\":\"https:\\\/\\\/www.inprisa.com\\\/en\\\/#organization\",\"name\":\"Inprisa\",\"alternateName\":\"Inprisa\",\"url\":\"https:\\\/\\\/www.inprisa.com\\\/en\\\/\",\"logo\":{\"@type\":\"ImageObject\",\"inLanguage\":\"en-US\",\"@id\":\"https:\\\/\\\/www.inprisa.com\\\/en\\\/#\\\/schema\\\/logo\\\/image\\\/\",\"url\":\"https:\\\/\\\/www.inprisa.com\\\/wp-content\\\/uploads\\\/2024\\\/02\\\/inprisa.png\",\"contentUrl\":\"https:\\\/\\\/www.inprisa.com\\\/wp-content\\\/uploads\\\/2024\\\/02\\\/inprisa.png\",\"width\":737,\"height\":200,\"caption\":\"Inprisa\"},\"image\":{\"@id\":\"https:\\\/\\\/www.inprisa.com\\\/en\\\/#\\\/schema\\\/logo\\\/image\\\/\"}}]}<\/script>\n<!-- \/ Yoast SEO plugin. -->","yoast_head_json":{"title":"Separador de grasas debajo fregadero | Inprisa","robots":{"index":"index","follow":"follow","max-snippet":"max-snippet:-1","max-image-preview":"max-image-preview:large","max-video-preview":"max-video-preview:-1"},"canonical":"https:\/\/www.inprisa.com\/en\/producto\/separador-de-grasas-debajo-fregadero\/","og_locale":"en_US","og_type":"article","og_title":"Separador de grasas debajo fregadero | Inprisa","og_description":"Sistema compacto para el pretratamiento de aguas residuales provenientes de cocinas, lavabos y fregaderos. Gracias a su dise\u00f1o, permite la separaci\u00f3n f\u00edsica de aceites, grasas, espumas y sedimentos mediante una reducci\u00f3n controlada de la velocidad del flujo. Es un sistema eficiente, estable y econ\u00f3mico, dimensionado seg\u00fan la norma UNI-EN 1825-1 y con certificaci\u00f3n CE.   \u00c1rea de calma: ralentiza el flujo favoreciendo la flotaci\u00f3n de grasas y espumas.  Separaci\u00f3n por capas: las grasas se concentran en la superficie y los s\u00f3lidos se depositan en el fondo.  F\u00e1cil mantenimiento: dise\u00f1o que facilita la remoci\u00f3n de contaminantes acumulados.  Uso espec\u00edfico: ideal para instalaciones dom\u00e9sticas o comerciales bajo fregadero.","og_url":"https:\/\/www.inprisa.com\/en\/producto\/separador-de-grasas-debajo-fregadero\/","og_site_name":"Inprisa","article_modified_time":"2026-03-16T11:22:39+00:00","og_image":[{"width":800,"height":800,"url":"https:\/\/www.inprisa.com\/wp-content\/uploads\/2025\/05\/filtro-1.webp","type":"image\/webp"}],"twitter_card":"summary_large_image","twitter_misc":{"Est. reading time":"1 minute"},"schema":{"@context":"https:\/\/schema.org","@graph":[{"@type":"WebPage","@id":"https:\/\/www.inprisa.com\/en\/producto\/separador-de-grasas-debajo-fregadero\/","url":"https:\/\/www.inprisa.com\/en\/producto\/separador-de-grasas-debajo-fregadero\/","name":"Separador de grasas debajo fregadero | Inprisa","isPartOf":{"@id":"https:\/\/www.inprisa.com\/en\/#website"},"primaryImageOfPage":{"@id":"https:\/\/www.inprisa.com\/en\/producto\/separador-de-grasas-debajo-fregadero\/#primaryimage"},"image":{"@id":"https:\/\/www.inprisa.com\/en\/producto\/separador-de-grasas-debajo-fregadero\/#primaryimage"},"thumbnailUrl":"https:\/\/www.inprisa.com\/wp-content\/uploads\/2025\/05\/filtro-1.webp","datePublished":"2025-05-23T16:00:09+00:00","dateModified":"2026-03-16T11:22:39+00:00","breadcrumb":{"@id":"https:\/\/www.inprisa.com\/en\/producto\/separador-de-grasas-debajo-fregadero\/#breadcrumb"},"inLanguage":"en-US","potentialAction":[{"@type":"ReadAction","target":["https:\/\/www.inprisa.com\/en\/producto\/separador-de-grasas-debajo-fregadero\/"]}]},{"@type":"ImageObject","inLanguage":"en-US","@id":"https:\/\/www.inprisa.com\/en\/producto\/separador-de-grasas-debajo-fregadero\/#primaryimage","url":"https:\/\/www.inprisa.com\/wp-content\/uploads\/2025\/05\/filtro-1.webp","contentUrl":"https:\/\/www.inprisa.com\/wp-content\/uploads\/2025\/05\/filtro-1.webp","width":800,"height":800},{"@type":"BreadcrumbList","@id":"https:\/\/www.inprisa.com\/en\/producto\/separador-de-grasas-debajo-fregadero\/#breadcrumb","itemListElement":[{"@type":"ListItem","position":1,"name":"Inicio","item":"https:\/\/www.inprisa.com\/en\/"},{"@type":"ListItem","position":2,"name":"Shop","item":"https:\/\/www.inprisa.com\/en\/shop\/"},{"@type":"ListItem","position":3,"name":"Separador de grasas","item":"https:\/\/www.inprisa.com\/en\/ecommerce\/separador-de-grasas\/"},{"@type":"ListItem","position":4,"name":"Separador de grasas debajo fregadero"}]},{"@type":"WebSite","@id":"https:\/\/www.inprisa.com\/en\/#website","url":"https:\/\/www.inprisa.com\/en\/","name":"Inprisa","description":"Expertos en maquinaria\u2028para el tratamiento de\u2028superficies y aguas.","publisher":{"@id":"https:\/\/www.inprisa.com\/en\/#organization"},"alternateName":"Inprisa","potentialAction":[{"@type":"SearchAction","target":{"@type":"EntryPoint","urlTemplate":"https:\/\/www.inprisa.com\/en\/?s={search_term_string}"},"query-input":{"@type":"PropertyValueSpecification","valueRequired":true,"valueName":"search_term_string"}}],"inLanguage":"en-US"},{"@type":"Organization","@id":"https:\/\/www.inprisa.com\/en\/#organization","name":"Inprisa","alternateName":"Inprisa","url":"https:\/\/www.inprisa.com\/en\/","logo":{"@type":"ImageObject","inLanguage":"en-US","@id":"https:\/\/www.inprisa.com\/en\/#\/schema\/logo\/image\/","url":"https:\/\/www.inprisa.com\/wp-content\/uploads\/2024\/02\/inprisa.png","contentUrl":"https:\/\/www.inprisa.com\/wp-content\/uploads\/2024\/02\/inprisa.png","width":737,"height":200,"caption":"Inprisa"},"image":{"@id":"https:\/\/www.inprisa.com\/en\/#\/schema\/logo\/image\/"}}]}},"_links":{"self":[{"href":"https:\/\/www.inprisa.com\/en\/wp-json\/wp\/v2\/product\/7467","targetHints":{"allow":["GET"]}}],"collection":[{"href":"https:\/\/www.inprisa.com\/en\/wp-json\/wp\/v2\/product"}],"about":[{"href":"https:\/\/www.inprisa.com\/en\/wp-json\/wp\/v2\/types\/product"}],"wp:featuredmedia":[{"embeddable":true,"href":"https:\/\/www.inprisa.com\/en\/wp-json\/wp\/v2\/media\/7468"}],"wp:attachment":[{"href":"https:\/\/www.inprisa.com\/en\/wp-json\/wp\/v2\/media?parent=7467"}],"wp:term":[{"taxonomy":"product_brand","embeddable":true,"href":"https:\/\/www.inprisa.com\/en\/wp-json\/wp\/v2\/product_brand?post=7467"},{"taxonomy":"product_cat","embeddable":true,"href":"https:\/\/www.inprisa.com\/en\/wp-json\/wp\/v2\/product_cat?post=7467"},{"taxonomy":"product_tag","embeddable":true,"href":"https:\/\/www.inprisa.com\/en\/wp-json\/wp\/v2\/product_tag?post=7467"}],"curies":[{"name":"wp","href":"https:\/\/api.w.org\/{rel}","templated":true}]}}