{"id":7416,"date":"2025-05-23T14:30:31","date_gmt":"2025-05-23T12:30:31","guid":{"rendered":"https:\/\/www.inprisa.com\/?post_type=product&#038;p=7416"},"modified":"2026-03-16T12:33:51","modified_gmt":"2026-03-16T11:33:51","slug":"fosa-septica-horizontal","status":"publish","type":"product","link":"https:\/\/www.inprisa.com\/ca\/producto\/fosa-septica-horizontal\/","title":{"rendered":"Fosa s\u00e9ptica horizontal"},"content":{"rendered":"<p>Sistema avanzado para el tratamiento primario y secundario de aguas residuales dom\u00e9sticas. Gracias a su dise\u00f1o horizontal con filtro interno, promueve una eficiente sedimentaci\u00f3n y una depuraci\u00f3n biol\u00f3gica por digesti\u00f3n anaer\u00f3bica. Fabricada en polietileno lineal monobloque (LLDPE), es una soluci\u00f3n robusta y duradera.<\/p>\n","protected":false},"excerpt":{"rendered":"<p>Sistema avanzado para el tratamiento primario y secundario de aguas residuales dom\u00e9sticas. Gracias a su dise\u00f1o horizontal con filtro interno, promueve una eficiente sedimentaci\u00f3n y una depuraci\u00f3n biol\u00f3gica por digesti\u00f3n anaer\u00f3bica. Fabricada en polietileno lineal monobloque (LLDPE), es una soluci\u00f3n robusta y duradera.<\/p>\n<ul>\n<li>Zona de decantaci\u00f3n: ralentiza el flujo para sedimentar s\u00f3lidos y mejorar la clarificaci\u00f3n.<\/li>\n<li>Filtro biol\u00f3gico en PP: cuerpos de relleno de alta superficie para una acci\u00f3n depurativa anaer\u00f3bica eficaz.<\/li>\n<li>Material resistente: fabricada en LLDPE, ideal para instalaciones exigentes.<\/li>\n<\/ul>\n","protected":false},"featured_media":7429,"template":"","meta":{"_acf_changed":false,"_monsterinsights_skip_tracking":false,"_monsterinsights_sitenote_active":false,"_monsterinsights_sitenote_note":"","_monsterinsights_sitenote_category":0},"product_brand":[],"product_cat":[85,95],"product_tag":[],"class_list":{"0":"post-7416","1":"product","2":"type-product","3":"status-publish","4":"has-post-thumbnail","6":"product_cat-fosa-septica","7":"product_cat-horizontal","9":"first","10":"instock","11":"taxable","12":"shipping-taxable","13":"purchasable","14":"product-type-variable"},"acf":[],"yoast_head":"<!-- This site is optimized with the Yoast SEO plugin v27.4 - https:\/\/yoast.com\/product\/yoast-seo-wordpress\/ -->\n<title>Fosa s\u00e9ptica horizontal | Inprisa<\/title>\n<meta name=\"robots\" content=\"index, follow, max-snippet:-1, max-image-preview:large, max-video-preview:-1\" \/>\n<link rel=\"canonical\" href=\"https:\/\/www.inprisa.com\/ca\/producto\/fosa-septica-horizontal\/\" \/>\n<meta property=\"og:locale\" content=\"ca_ES\" \/>\n<meta property=\"og:type\" content=\"article\" \/>\n<meta property=\"og:title\" content=\"Fosa s\u00e9ptica horizontal | Inprisa\" \/>\n<meta property=\"og:description\" content=\"Sistema avanzado para el tratamiento primario y secundario de aguas residuales dom\u00e9sticas. Gracias a su dise\u00f1o horizontal con filtro interno, promueve una eficiente sedimentaci\u00f3n y una depuraci\u00f3n biol\u00f3gica por digesti\u00f3n anaer\u00f3bica. Fabricada en polietileno lineal monobloque (LLDPE), es una soluci\u00f3n robusta y duradera.   Zona de decantaci\u00f3n: ralentiza el flujo para sedimentar s\u00f3lidos y mejorar la clarificaci\u00f3n.  Filtro biol\u00f3gico en PP: cuerpos de relleno de alta superficie para una acci\u00f3n depurativa anaer\u00f3bica eficaz.  Material resistente: fabricada en LLDPE, ideal para instalaciones exigentes.\" \/>\n<meta property=\"og:url\" content=\"https:\/\/www.inprisa.com\/ca\/producto\/fosa-septica-horizontal\/\" \/>\n<meta property=\"og:site_name\" content=\"Inprisa\" \/>\n<meta property=\"article:modified_time\" content=\"2026-03-16T11:33:51+00:00\" \/>\n<meta property=\"og:image\" content=\"https:\/\/www.inprisa.com\/wp-content\/uploads\/2025\/05\/desague-1.webp\" \/>\n\t<meta property=\"og:image:width\" content=\"800\" \/>\n\t<meta property=\"og:image:height\" content=\"800\" \/>\n\t<meta property=\"og:image:type\" content=\"image\/webp\" \/>\n<meta name=\"twitter:card\" content=\"summary_large_image\" \/>\n<meta name=\"twitter:label1\" content=\"Temps estimat de lectura\" \/>\n\t<meta name=\"twitter:data1\" content=\"1 minut\" \/>\n<script type=\"application\/ld+json\" class=\"yoast-schema-graph\">{\"@context\":\"https:\\\/\\\/schema.org\",\"@graph\":[{\"@type\":\"WebPage\",\"@id\":\"https:\\\/\\\/www.inprisa.com\\\/ca\\\/producto\\\/fosa-septica-horizontal\\\/\",\"url\":\"https:\\\/\\\/www.inprisa.com\\\/ca\\\/producto\\\/fosa-septica-horizontal\\\/\",\"name\":\"Fosa s\u00e9ptica horizontal | Inprisa\",\"isPartOf\":{\"@id\":\"https:\\\/\\\/www.inprisa.com\\\/ca\\\/#website\"},\"primaryImageOfPage\":{\"@id\":\"https:\\\/\\\/www.inprisa.com\\\/ca\\\/producto\\\/fosa-septica-horizontal\\\/#primaryimage\"},\"image\":{\"@id\":\"https:\\\/\\\/www.inprisa.com\\\/ca\\\/producto\\\/fosa-septica-horizontal\\\/#primaryimage\"},\"thumbnailUrl\":\"https:\\\/\\\/www.inprisa.com\\\/wp-content\\\/uploads\\\/2025\\\/05\\\/desague-1.webp\",\"datePublished\":\"2025-05-23T12:30:31+00:00\",\"dateModified\":\"2026-03-16T11:33:51+00:00\",\"breadcrumb\":{\"@id\":\"https:\\\/\\\/www.inprisa.com\\\/ca\\\/producto\\\/fosa-septica-horizontal\\\/#breadcrumb\"},\"inLanguage\":\"ca\",\"potentialAction\":[{\"@type\":\"ReadAction\",\"target\":[\"https:\\\/\\\/www.inprisa.com\\\/ca\\\/producto\\\/fosa-septica-horizontal\\\/\"]}]},{\"@type\":\"ImageObject\",\"inLanguage\":\"ca\",\"@id\":\"https:\\\/\\\/www.inprisa.com\\\/ca\\\/producto\\\/fosa-septica-horizontal\\\/#primaryimage\",\"url\":\"https:\\\/\\\/www.inprisa.com\\\/wp-content\\\/uploads\\\/2025\\\/05\\\/desague-1.webp\",\"contentUrl\":\"https:\\\/\\\/www.inprisa.com\\\/wp-content\\\/uploads\\\/2025\\\/05\\\/desague-1.webp\",\"width\":800,\"height\":800},{\"@type\":\"BreadcrumbList\",\"@id\":\"https:\\\/\\\/www.inprisa.com\\\/ca\\\/producto\\\/fosa-septica-horizontal\\\/#breadcrumb\",\"itemListElement\":[{\"@type\":\"ListItem\",\"position\":1,\"name\":\"Inicio\",\"item\":\"https:\\\/\\\/www.inprisa.com\\\/ca\\\/inprisa-3\\\/\"},{\"@type\":\"ListItem\",\"position\":2,\"name\":\"Botiga\",\"item\":\"https:\\\/\\\/www.inprisa.com\\\/ca\\\/botiga\\\/\"},{\"@type\":\"ListItem\",\"position\":3,\"name\":\"Fosa s\u00e9ptica\",\"item\":\"https:\\\/\\\/www.inprisa.com\\\/ca\\\/ecommerce\\\/fosa-septica\\\/\"},{\"@type\":\"ListItem\",\"position\":4,\"name\":\"Fosa s\u00e9ptica horizontal\"}]},{\"@type\":\"WebSite\",\"@id\":\"https:\\\/\\\/www.inprisa.com\\\/ca\\\/#website\",\"url\":\"https:\\\/\\\/www.inprisa.com\\\/ca\\\/\",\"name\":\"Inprisa\",\"description\":\"Expertos en maquinaria\\u2028para el tratamiento de\\u2028superficies y aguas.\",\"publisher\":{\"@id\":\"https:\\\/\\\/www.inprisa.com\\\/ca\\\/#organization\"},\"alternateName\":\"Inprisa\",\"potentialAction\":[{\"@type\":\"SearchAction\",\"target\":{\"@type\":\"EntryPoint\",\"urlTemplate\":\"https:\\\/\\\/www.inprisa.com\\\/ca\\\/?s={search_term_string}\"},\"query-input\":{\"@type\":\"PropertyValueSpecification\",\"valueRequired\":true,\"valueName\":\"search_term_string\"}}],\"inLanguage\":\"ca\"},{\"@type\":\"Organization\",\"@id\":\"https:\\\/\\\/www.inprisa.com\\\/ca\\\/#organization\",\"name\":\"Inprisa\",\"alternateName\":\"Inprisa\",\"url\":\"https:\\\/\\\/www.inprisa.com\\\/ca\\\/\",\"logo\":{\"@type\":\"ImageObject\",\"inLanguage\":\"ca\",\"@id\":\"https:\\\/\\\/www.inprisa.com\\\/ca\\\/#\\\/schema\\\/logo\\\/image\\\/\",\"url\":\"https:\\\/\\\/www.inprisa.com\\\/wp-content\\\/uploads\\\/2024\\\/02\\\/inprisa.png\",\"contentUrl\":\"https:\\\/\\\/www.inprisa.com\\\/wp-content\\\/uploads\\\/2024\\\/02\\\/inprisa.png\",\"width\":737,\"height\":200,\"caption\":\"Inprisa\"},\"image\":{\"@id\":\"https:\\\/\\\/www.inprisa.com\\\/ca\\\/#\\\/schema\\\/logo\\\/image\\\/\"}}]}<\/script>\n<!-- \/ Yoast SEO plugin. -->","yoast_head_json":{"title":"Fosa s\u00e9ptica horizontal | Inprisa","robots":{"index":"index","follow":"follow","max-snippet":"max-snippet:-1","max-image-preview":"max-image-preview:large","max-video-preview":"max-video-preview:-1"},"canonical":"https:\/\/www.inprisa.com\/ca\/producto\/fosa-septica-horizontal\/","og_locale":"ca_ES","og_type":"article","og_title":"Fosa s\u00e9ptica horizontal | Inprisa","og_description":"Sistema avanzado para el tratamiento primario y secundario de aguas residuales dom\u00e9sticas. Gracias a su dise\u00f1o horizontal con filtro interno, promueve una eficiente sedimentaci\u00f3n y una depuraci\u00f3n biol\u00f3gica por digesti\u00f3n anaer\u00f3bica. Fabricada en polietileno lineal monobloque (LLDPE), es una soluci\u00f3n robusta y duradera.   Zona de decantaci\u00f3n: ralentiza el flujo para sedimentar s\u00f3lidos y mejorar la clarificaci\u00f3n.  Filtro biol\u00f3gico en PP: cuerpos de relleno de alta superficie para una acci\u00f3n depurativa anaer\u00f3bica eficaz.  Material resistente: fabricada en LLDPE, ideal para instalaciones exigentes.","og_url":"https:\/\/www.inprisa.com\/ca\/producto\/fosa-septica-horizontal\/","og_site_name":"Inprisa","article_modified_time":"2026-03-16T11:33:51+00:00","og_image":[{"width":800,"height":800,"url":"https:\/\/www.inprisa.com\/wp-content\/uploads\/2025\/05\/desague-1.webp","type":"image\/webp"}],"twitter_card":"summary_large_image","twitter_misc":{"Temps estimat de lectura":"1 minut"},"schema":{"@context":"https:\/\/schema.org","@graph":[{"@type":"WebPage","@id":"https:\/\/www.inprisa.com\/ca\/producto\/fosa-septica-horizontal\/","url":"https:\/\/www.inprisa.com\/ca\/producto\/fosa-septica-horizontal\/","name":"Fosa s\u00e9ptica horizontal | Inprisa","isPartOf":{"@id":"https:\/\/www.inprisa.com\/ca\/#website"},"primaryImageOfPage":{"@id":"https:\/\/www.inprisa.com\/ca\/producto\/fosa-septica-horizontal\/#primaryimage"},"image":{"@id":"https:\/\/www.inprisa.com\/ca\/producto\/fosa-septica-horizontal\/#primaryimage"},"thumbnailUrl":"https:\/\/www.inprisa.com\/wp-content\/uploads\/2025\/05\/desague-1.webp","datePublished":"2025-05-23T12:30:31+00:00","dateModified":"2026-03-16T11:33:51+00:00","breadcrumb":{"@id":"https:\/\/www.inprisa.com\/ca\/producto\/fosa-septica-horizontal\/#breadcrumb"},"inLanguage":"ca","potentialAction":[{"@type":"ReadAction","target":["https:\/\/www.inprisa.com\/ca\/producto\/fosa-septica-horizontal\/"]}]},{"@type":"ImageObject","inLanguage":"ca","@id":"https:\/\/www.inprisa.com\/ca\/producto\/fosa-septica-horizontal\/#primaryimage","url":"https:\/\/www.inprisa.com\/wp-content\/uploads\/2025\/05\/desague-1.webp","contentUrl":"https:\/\/www.inprisa.com\/wp-content\/uploads\/2025\/05\/desague-1.webp","width":800,"height":800},{"@type":"BreadcrumbList","@id":"https:\/\/www.inprisa.com\/ca\/producto\/fosa-septica-horizontal\/#breadcrumb","itemListElement":[{"@type":"ListItem","position":1,"name":"Inicio","item":"https:\/\/www.inprisa.com\/ca\/inprisa-3\/"},{"@type":"ListItem","position":2,"name":"Botiga","item":"https:\/\/www.inprisa.com\/ca\/botiga\/"},{"@type":"ListItem","position":3,"name":"Fosa s\u00e9ptica","item":"https:\/\/www.inprisa.com\/ca\/ecommerce\/fosa-septica\/"},{"@type":"ListItem","position":4,"name":"Fosa s\u00e9ptica horizontal"}]},{"@type":"WebSite","@id":"https:\/\/www.inprisa.com\/ca\/#website","url":"https:\/\/www.inprisa.com\/ca\/","name":"Inprisa","description":"Expertos en maquinaria\u2028para el tratamiento de\u2028superficies y aguas.","publisher":{"@id":"https:\/\/www.inprisa.com\/ca\/#organization"},"alternateName":"Inprisa","potentialAction":[{"@type":"SearchAction","target":{"@type":"EntryPoint","urlTemplate":"https:\/\/www.inprisa.com\/ca\/?s={search_term_string}"},"query-input":{"@type":"PropertyValueSpecification","valueRequired":true,"valueName":"search_term_string"}}],"inLanguage":"ca"},{"@type":"Organization","@id":"https:\/\/www.inprisa.com\/ca\/#organization","name":"Inprisa","alternateName":"Inprisa","url":"https:\/\/www.inprisa.com\/ca\/","logo":{"@type":"ImageObject","inLanguage":"ca","@id":"https:\/\/www.inprisa.com\/ca\/#\/schema\/logo\/image\/","url":"https:\/\/www.inprisa.com\/wp-content\/uploads\/2024\/02\/inprisa.png","contentUrl":"https:\/\/www.inprisa.com\/wp-content\/uploads\/2024\/02\/inprisa.png","width":737,"height":200,"caption":"Inprisa"},"image":{"@id":"https:\/\/www.inprisa.com\/ca\/#\/schema\/logo\/image\/"}}]}},"_links":{"self":[{"href":"https:\/\/www.inprisa.com\/ca\/wp-json\/wp\/v2\/product\/7416","targetHints":{"allow":["GET"]}}],"collection":[{"href":"https:\/\/www.inprisa.com\/ca\/wp-json\/wp\/v2\/product"}],"about":[{"href":"https:\/\/www.inprisa.com\/ca\/wp-json\/wp\/v2\/types\/product"}],"wp:featuredmedia":[{"embeddable":true,"href":"https:\/\/www.inprisa.com\/ca\/wp-json\/wp\/v2\/media\/7429"}],"wp:attachment":[{"href":"https:\/\/www.inprisa.com\/ca\/wp-json\/wp\/v2\/media?parent=7416"}],"wp:term":[{"taxonomy":"product_brand","embeddable":true,"href":"https:\/\/www.inprisa.com\/ca\/wp-json\/wp\/v2\/product_brand?post=7416"},{"taxonomy":"product_cat","embeddable":true,"href":"https:\/\/www.inprisa.com\/ca\/wp-json\/wp\/v2\/product_cat?post=7416"},{"taxonomy":"product_tag","embeddable":true,"href":"https:\/\/www.inprisa.com\/ca\/wp-json\/wp\/v2\/product_tag?post=7416"}],"curies":[{"name":"wp","href":"https:\/\/api.w.org\/{rel}","templated":true}]}}