{"id":9244,"date":"2025-08-06T12:23:59","date_gmt":"2025-08-06T10:23:59","guid":{"rendered":"https:\/\/www.inprisa.com\/?page_id=9244"},"modified":"2025-08-19T12:07:56","modified_gmt":"2025-08-19T10:07:56","slug":"cataforesis","status":"publish","type":"page","link":"https:\/\/www.inprisa.com\/ca\/cataforesis\/","title":{"rendered":"Cataforesi"},"content":{"rendered":"\n<div class=\"oop-hero\" id=\"oop-hero-block_b98e1161b5c9fe85c8a293a3b9bc8e81\" style=\"background-image: url('https:\/\/www.inprisa.com\/wp-content\/uploads\/2024\/11\/INPRISA-160124-337-scaled.jpg');\">\n    <div class=\"oop-hero__content container\">\n        <div class=\"oop-hero__textarea\"  style=\"width: 85%;\">\n                            <p class=\"oop-hero__pretext\">Cataforesi<\/p>\n                        <h1 class=\"oop-hero__title\">L\u00ednies de cataforesi per a una protecci\u00f3 anticorrosiva de les peces met\u00e0l\u00b7liques.  <\/h1>\n                            <a class=\"button3 inverted\" href=\"#formContacto\" class=\"oop-hero__button\">Contactar<\/a>\n                    <\/div>\n    <\/div>\n<\/div>\n\n<script>\n    document.addEventListener('DOMContentLoaded', function() {\n        var backgroundImage = 'https:\/\/www.inprisa.com\/wp-content\/uploads\/2024\/11\/INPRISA-160124-337-scaled.jpg';\n        if (window.innerWidth <= 768) backgroundImage = 'https:\/\/www.inprisa.com\/wp-content\/uploads\/2024\/11\/INPRISA-160124-337-scaled.jpg';\n        document.getElementById('oop-hero-block_b98e1161b5c9fe85c8a293a3b9bc8e81').style.backgroundImage = 'url(' + backgroundImage + ')';\n    });\n<\/script>\n\n<div class=\"oop-cta white\" id=\"oop-cta-block_d1233fc9b32304b6e69c0a4606731364\">\n    <div class=\"oop-cta__content container\">\n\n        <div class=\" two-columns\">\n            <div class=\" first-column\">\n                <p class=\"oop-cta__pretext\">Maquin\u00e0ria clau en m\u00e0<\/p>\n            <\/div>\n            <div class=\"second-column\">\n                <h2 class=\"oop-cta__title normal\">Realitzem tot el proc\u00e9s d'inici a fi: disseny, instal\u00b7laci\u00f3, automatitzaci\u00f3, instrumentaci\u00f3 i posada en marxa.  <br \/>\r\n<\/h2>\n                            <\/div>\n        <\/div>\n\n    <\/div>\n<\/div>\n<div class=\"oop-our-work softblue\" id=\"oop-our-work-block_f4c9b976a28d21c5e70daba1b3bbed8a\">\n    <div class=\"oop-our-work__content container\">\n\n        <div class=\"two-columns\">\n            <div class=\"first-column\">\n                                    <p class=\"oop-our-work__pretext\">Soluci\u00f3 completa per a les peces met\u00e0l\u00b7liques<\/p>\n                            <\/div>\n            <div class=\"second-column\">\n\n                                    <h2 class=\"oop-our-work__title\">Cobertura uniforme a totes les peces, fins i tot les zones interiors o complexes. Alta resist\u00e8ncia a la corrosi\u00f3. Proc\u00e9s automatitzat adaptat a les vostres necessitats.    <\/h2>\n                \n                \n                                    <div class=\"oop-our-work__gallery\">\n                        <div class=\"oop-our-work__gallery__images theImages\">\n                                                            <div class=\"oop-our-work__gallery__item theItem\">\n                                    <img decoding=\"async\" src=\" https:\/\/www.inprisa.com\/wp-content\/uploads\/2025\/08\/Cataforesis-1-scaled.jpg\" alt=\"Inprisa\">\n                                <\/div>\n                                                            <div class=\"oop-our-work__gallery__item theItem\">\n                                    <img decoding=\"async\" src=\" https:\/\/www.inprisa.com\/wp-content\/uploads\/2024\/11\/INPRISA-160124-337-scaled.jpg\" alt=\"Inprisa\">\n                                <\/div>\n                                                            <div class=\"oop-our-work__gallery__item theItem\">\n                                    <img decoding=\"async\" src=\" https:\/\/www.inprisa.com\/wp-content\/uploads\/2024\/11\/INPRISA-160124-372-scaled.jpg\" alt=\"Inprisa\">\n                                <\/div>\n                                                            <div class=\"oop-our-work__gallery__item theItem\">\n                                    <img decoding=\"async\" src=\" https:\/\/www.inprisa.com\/wp-content\/uploads\/2024\/11\/INPRISA-160124-441-scaled.jpg\" alt=\"Inprisa\">\n                                <\/div>\n                                                    <\/div>\n                                                    <div class=\"oop-our-work__gallery__controls\">\n                                <div class=\"oop-our-work__gallery__control oop-our-work__gallery__control--left scrollLeft\">\n                                    <svg width=\"48\" height=\"48\" viewBox=\"0 0 48 48\" fill=\"none\" xmlns=\"http:\/\/www.w3.org\/2000\/svg\" style=\"transform: rotate(180deg);\">\n                                        <g opacity=\"0.6\">\n                                            <circle cx=\"24\" cy=\"24\" r=\"24\" fill=\"#F4F3EF\" \/>\n                                        <\/g>\n                                        <circle cx=\"24.0007\" cy=\"24.0002\" r=\"18.7253\" fill=\"#F4F3EF\" \/>\n                                        <path d=\"M31.7071 24.7071C32.0976 24.3166 32.0976 23.6834 31.7071 23.2929L25.3431 16.9289C24.9526 16.5384 24.3195 16.5384 23.9289 16.9289C23.5384 17.3195 23.5384 17.9526 23.9289 18.3431L29.5858 24L23.9289 29.6569C23.5384 30.0474 23.5384 30.6805 23.9289 31.0711C24.3195 31.4616 24.9526 31.4616 25.3431 31.0711L31.7071 24.7071ZM17 25H31V23H17V25Z\" fill=\"#14304D\" \/>\n                                    <\/svg>\n                                <\/div>\n                                <div class=\"oop-our-work__gallery__control oop-our-work__gallery__control--right scrollRight\">\n                                    <svg width=\"48\" height=\"48\" viewBox=\"0 0 48 48\" fill=\"none\" xmlns=\"http:\/\/www.w3.org\/2000\/svg\">\n                                        <g opacity=\"0.6\">\n                                            <circle cx=\"24\" cy=\"24\" r=\"24\" fill=\"#F4F3EF\" \/>\n                                        <\/g>\n                                        <circle cx=\"24.0007\" cy=\"24.0002\" r=\"18.7253\" fill=\"#F4F3EF\" \/>\n                                        <path d=\"M31.7071 24.7071C32.0976 24.3166 32.0976 23.6834 31.7071 23.2929L25.3431 16.9289C24.9526 16.5384 24.3195 16.5384 23.9289 16.9289C23.5384 17.3195 23.5384 17.9526 23.9289 18.3431L29.5858 24L23.9289 29.6569C23.5384 30.0474 23.5384 30.6805 23.9289 31.0711C24.3195 31.4616 24.9526 31.4616 25.3431 31.0711L31.7071 24.7071ZM17 25H31V23H17V25Z\" fill=\"#14304D\" \/>\n                                    <\/svg>\n                                <\/div>\n                            <\/div>\n                                            <\/div>\n                                                <\/div>\n        <\/div>\n    <\/div>\n<\/div>\n\n\n    <script>\n        document.addEventListener(\"DOMContentLoaded\", function() {\n            initGallery('oop-our-work-block_f4c9b976a28d21c5e70daba1b3bbed8a', 4);\n        });\n    <\/script>\n\n","protected":false},"excerpt":{"rendered":"","protected":false},"author":3,"featured_media":3025,"parent":0,"menu_order":0,"comment_status":"closed","ping_status":"closed","template":"","meta":{"_acf_changed":false,"_monsterinsights_skip_tracking":false,"_monsterinsights_sitenote_active":false,"_monsterinsights_sitenote_note":"","_monsterinsights_sitenote_category":0,"footnotes":""},"class_list":["post-9244","page","type-page","status-publish","has-post-thumbnail","hentry"],"acf":[],"yoast_head":"<!-- This site is optimized with the Yoast SEO plugin v27.4 - https:\/\/yoast.com\/product\/yoast-seo-wordpress\/ -->\n<title>Cataforesi | Inprisa<\/title>\n<meta name=\"description\" content=\"Oferim solucions a mida per al tractament d\u201faig\u00fces residuals, osmosi industrial i resines d\u201fintercanvi i\u00f2nic.\" \/>\n<meta name=\"robots\" content=\"index, follow, max-snippet:-1, max-image-preview:large, max-video-preview:-1\" \/>\n<link rel=\"canonical\" href=\"https:\/\/www.inprisa.com\/ca\/cataforesis\/\" \/>\n<meta property=\"og:locale\" content=\"ca_ES\" \/>\n<meta property=\"og:type\" content=\"article\" \/>\n<meta property=\"og:title\" content=\"Cataforesi | Inprisa\" \/>\n<meta property=\"og:description\" content=\"Oferim solucions a mida per al tractament d\u201faig\u00fces residuals, osmosi industrial i resines d\u201fintercanvi i\u00f2nic.\" \/>\n<meta property=\"og:url\" content=\"https:\/\/www.inprisa.com\/ca\/cataforesis\/\" \/>\n<meta property=\"og:site_name\" content=\"Inprisa\" \/>\n<meta property=\"article:modified_time\" content=\"2025-08-19T10:07:56+00:00\" \/>\n<meta property=\"og:image\" content=\"https:\/\/www.inprisa.com\/wp-content\/uploads\/2024\/11\/INPRISA-160124-337-scaled.jpg\" \/>\n\t<meta property=\"og:image:width\" content=\"2560\" \/>\n\t<meta property=\"og:image:height\" content=\"1707\" \/>\n\t<meta property=\"og:image:type\" content=\"image\/jpeg\" \/>\n<meta name=\"twitter:card\" content=\"summary_large_image\" \/>\n<meta name=\"twitter:label1\" content=\"Temps estimat de lectura\" \/>\n\t<meta name=\"twitter:data1\" content=\"1 minut\" \/>\n<script type=\"application\/ld+json\" class=\"yoast-schema-graph\">{\"@context\":\"https:\\\/\\\/schema.org\",\"@graph\":[{\"@type\":\"WebPage\",\"@id\":\"https:\\\/\\\/www.inprisa.com\\\/ca\\\/cataforesis\\\/\",\"url\":\"https:\\\/\\\/www.inprisa.com\\\/ca\\\/cataforesis\\\/\",\"name\":\"Cataforesi | Inprisa\",\"isPartOf\":{\"@id\":\"https:\\\/\\\/www.inprisa.com\\\/ca\\\/#website\"},\"primaryImageOfPage\":{\"@id\":\"https:\\\/\\\/www.inprisa.com\\\/ca\\\/cataforesis\\\/#primaryimage\"},\"image\":{\"@id\":\"https:\\\/\\\/www.inprisa.com\\\/ca\\\/cataforesis\\\/#primaryimage\"},\"thumbnailUrl\":\"https:\\\/\\\/www.inprisa.com\\\/wp-content\\\/uploads\\\/2024\\\/11\\\/INPRISA-160124-337-scaled.jpg\",\"datePublished\":\"2025-08-06T10:23:59+00:00\",\"dateModified\":\"2025-08-19T10:07:56+00:00\",\"description\":\"Oferim solucions a mida per al tractament d\u201faig\u00fces residuals, osmosi industrial i resines d\u201fintercanvi i\u00f2nic.\",\"breadcrumb\":{\"@id\":\"https:\\\/\\\/www.inprisa.com\\\/ca\\\/cataforesis\\\/#breadcrumb\"},\"inLanguage\":\"ca\",\"potentialAction\":[{\"@type\":\"ReadAction\",\"target\":[\"https:\\\/\\\/www.inprisa.com\\\/ca\\\/cataforesis\\\/\"]}]},{\"@type\":\"ImageObject\",\"inLanguage\":\"ca\",\"@id\":\"https:\\\/\\\/www.inprisa.com\\\/ca\\\/cataforesis\\\/#primaryimage\",\"url\":\"https:\\\/\\\/www.inprisa.com\\\/wp-content\\\/uploads\\\/2024\\\/11\\\/INPRISA-160124-337-scaled.jpg\",\"contentUrl\":\"https:\\\/\\\/www.inprisa.com\\\/wp-content\\\/uploads\\\/2024\\\/11\\\/INPRISA-160124-337-scaled.jpg\",\"width\":2560,\"height\":1707},{\"@type\":\"BreadcrumbList\",\"@id\":\"https:\\\/\\\/www.inprisa.com\\\/ca\\\/cataforesis\\\/#breadcrumb\",\"itemListElement\":[{\"@type\":\"ListItem\",\"position\":1,\"name\":\"Inicio\",\"item\":\"https:\\\/\\\/www.inprisa.com\\\/ca\\\/inprisa-3\\\/\"},{\"@type\":\"ListItem\",\"position\":2,\"name\":\"Cataforesi\"}]},{\"@type\":\"WebSite\",\"@id\":\"https:\\\/\\\/www.inprisa.com\\\/ca\\\/#website\",\"url\":\"https:\\\/\\\/www.inprisa.com\\\/ca\\\/\",\"name\":\"Inprisa\",\"description\":\"Expertos en maquinaria\\u2028para el tratamiento de\\u2028superficies y aguas.\",\"publisher\":{\"@id\":\"https:\\\/\\\/www.inprisa.com\\\/ca\\\/#organization\"},\"alternateName\":\"Inprisa\",\"potentialAction\":[{\"@type\":\"SearchAction\",\"target\":{\"@type\":\"EntryPoint\",\"urlTemplate\":\"https:\\\/\\\/www.inprisa.com\\\/ca\\\/?s={search_term_string}\"},\"query-input\":{\"@type\":\"PropertyValueSpecification\",\"valueRequired\":true,\"valueName\":\"search_term_string\"}}],\"inLanguage\":\"ca\"},{\"@type\":\"Organization\",\"@id\":\"https:\\\/\\\/www.inprisa.com\\\/ca\\\/#organization\",\"name\":\"Inprisa\",\"alternateName\":\"Inprisa\",\"url\":\"https:\\\/\\\/www.inprisa.com\\\/ca\\\/\",\"logo\":{\"@type\":\"ImageObject\",\"inLanguage\":\"ca\",\"@id\":\"https:\\\/\\\/www.inprisa.com\\\/ca\\\/#\\\/schema\\\/logo\\\/image\\\/\",\"url\":\"https:\\\/\\\/www.inprisa.com\\\/wp-content\\\/uploads\\\/2024\\\/02\\\/inprisa.png\",\"contentUrl\":\"https:\\\/\\\/www.inprisa.com\\\/wp-content\\\/uploads\\\/2024\\\/02\\\/inprisa.png\",\"width\":737,\"height\":200,\"caption\":\"Inprisa\"},\"image\":{\"@id\":\"https:\\\/\\\/www.inprisa.com\\\/ca\\\/#\\\/schema\\\/logo\\\/image\\\/\"}}]}<\/script>\n<!-- \/ Yoast SEO plugin. -->","yoast_head_json":{"title":"Cataforesi | Inprisa","description":"Oferim solucions a mida per al tractament d\u201faig\u00fces residuals, osmosi industrial i resines d\u201fintercanvi i\u00f2nic.","robots":{"index":"index","follow":"follow","max-snippet":"max-snippet:-1","max-image-preview":"max-image-preview:large","max-video-preview":"max-video-preview:-1"},"canonical":"https:\/\/www.inprisa.com\/ca\/cataforesis\/","og_locale":"ca_ES","og_type":"article","og_title":"Cataforesi | Inprisa","og_description":"Oferim solucions a mida per al tractament d\u201faig\u00fces residuals, osmosi industrial i resines d\u201fintercanvi i\u00f2nic.","og_url":"https:\/\/www.inprisa.com\/ca\/cataforesis\/","og_site_name":"Inprisa","article_modified_time":"2025-08-19T10:07:56+00:00","og_image":[{"width":2560,"height":1707,"url":"https:\/\/www.inprisa.com\/wp-content\/uploads\/2024\/11\/INPRISA-160124-337-scaled.jpg","type":"image\/jpeg"}],"twitter_card":"summary_large_image","twitter_misc":{"Temps estimat de lectura":"1 minut"},"schema":{"@context":"https:\/\/schema.org","@graph":[{"@type":"WebPage","@id":"https:\/\/www.inprisa.com\/ca\/cataforesis\/","url":"https:\/\/www.inprisa.com\/ca\/cataforesis\/","name":"Cataforesi | Inprisa","isPartOf":{"@id":"https:\/\/www.inprisa.com\/ca\/#website"},"primaryImageOfPage":{"@id":"https:\/\/www.inprisa.com\/ca\/cataforesis\/#primaryimage"},"image":{"@id":"https:\/\/www.inprisa.com\/ca\/cataforesis\/#primaryimage"},"thumbnailUrl":"https:\/\/www.inprisa.com\/wp-content\/uploads\/2024\/11\/INPRISA-160124-337-scaled.jpg","datePublished":"2025-08-06T10:23:59+00:00","dateModified":"2025-08-19T10:07:56+00:00","description":"Oferim solucions a mida per al tractament d\u201faig\u00fces residuals, osmosi industrial i resines d\u201fintercanvi i\u00f2nic.","breadcrumb":{"@id":"https:\/\/www.inprisa.com\/ca\/cataforesis\/#breadcrumb"},"inLanguage":"ca","potentialAction":[{"@type":"ReadAction","target":["https:\/\/www.inprisa.com\/ca\/cataforesis\/"]}]},{"@type":"ImageObject","inLanguage":"ca","@id":"https:\/\/www.inprisa.com\/ca\/cataforesis\/#primaryimage","url":"https:\/\/www.inprisa.com\/wp-content\/uploads\/2024\/11\/INPRISA-160124-337-scaled.jpg","contentUrl":"https:\/\/www.inprisa.com\/wp-content\/uploads\/2024\/11\/INPRISA-160124-337-scaled.jpg","width":2560,"height":1707},{"@type":"BreadcrumbList","@id":"https:\/\/www.inprisa.com\/ca\/cataforesis\/#breadcrumb","itemListElement":[{"@type":"ListItem","position":1,"name":"Inicio","item":"https:\/\/www.inprisa.com\/ca\/inprisa-3\/"},{"@type":"ListItem","position":2,"name":"Cataforesi"}]},{"@type":"WebSite","@id":"https:\/\/www.inprisa.com\/ca\/#website","url":"https:\/\/www.inprisa.com\/ca\/","name":"Inprisa","description":"Expertos en maquinaria\u2028para el tratamiento de\u2028superficies y aguas.","publisher":{"@id":"https:\/\/www.inprisa.com\/ca\/#organization"},"alternateName":"Inprisa","potentialAction":[{"@type":"SearchAction","target":{"@type":"EntryPoint","urlTemplate":"https:\/\/www.inprisa.com\/ca\/?s={search_term_string}"},"query-input":{"@type":"PropertyValueSpecification","valueRequired":true,"valueName":"search_term_string"}}],"inLanguage":"ca"},{"@type":"Organization","@id":"https:\/\/www.inprisa.com\/ca\/#organization","name":"Inprisa","alternateName":"Inprisa","url":"https:\/\/www.inprisa.com\/ca\/","logo":{"@type":"ImageObject","inLanguage":"ca","@id":"https:\/\/www.inprisa.com\/ca\/#\/schema\/logo\/image\/","url":"https:\/\/www.inprisa.com\/wp-content\/uploads\/2024\/02\/inprisa.png","contentUrl":"https:\/\/www.inprisa.com\/wp-content\/uploads\/2024\/02\/inprisa.png","width":737,"height":200,"caption":"Inprisa"},"image":{"@id":"https:\/\/www.inprisa.com\/ca\/#\/schema\/logo\/image\/"}}]}},"_links":{"self":[{"href":"https:\/\/www.inprisa.com\/ca\/wp-json\/wp\/v2\/pages\/9244","targetHints":{"allow":["GET"]}}],"collection":[{"href":"https:\/\/www.inprisa.com\/ca\/wp-json\/wp\/v2\/pages"}],"about":[{"href":"https:\/\/www.inprisa.com\/ca\/wp-json\/wp\/v2\/types\/page"}],"author":[{"embeddable":true,"href":"https:\/\/www.inprisa.com\/ca\/wp-json\/wp\/v2\/users\/3"}],"replies":[{"embeddable":true,"href":"https:\/\/www.inprisa.com\/ca\/wp-json\/wp\/v2\/comments?post=9244"}],"version-history":[{"count":5,"href":"https:\/\/www.inprisa.com\/ca\/wp-json\/wp\/v2\/pages\/9244\/revisions"}],"predecessor-version":[{"id":9876,"href":"https:\/\/www.inprisa.com\/ca\/wp-json\/wp\/v2\/pages\/9244\/revisions\/9876"}],"wp:featuredmedia":[{"embeddable":true,"href":"https:\/\/www.inprisa.com\/ca\/wp-json\/wp\/v2\/media\/3025"}],"wp:attachment":[{"href":"https:\/\/www.inprisa.com\/ca\/wp-json\/wp\/v2\/media?parent=9244"}],"curies":[{"name":"wp","href":"https:\/\/api.w.org\/{rel}","templated":true}]}}