{"id":9092,"date":"2025-08-21T09:32:04","date_gmt":"2025-08-21T07:32:04","guid":{"rendered":"https:\/\/www.inprisa.com\/?page_id=9092"},"modified":"2025-08-21T09:42:51","modified_gmt":"2025-08-21T07:42:51","slug":"membranes","status":"publish","type":"page","link":"https:\/\/www.inprisa.com\/ca\/membranes\/","title":{"rendered":"Membranes"},"content":{"rendered":"\n<div class=\"oop-hero\" id=\"oop-hero-block_bc318477974fec63f2176a39a79ad791\" style=\"background-image: url('https:\/\/www.inprisa.com\/wp-content\/uploads\/2025\/08\/Membranas-e1754387161284.jpg');\">\n    <div class=\"oop-hero__content container\">\n        <div class=\"oop-hero__textarea\"  style=\"width: 85%;\">\n                            <p class=\"oop-hero__pretext\">Membranes<\/p>\n                        <h1 class=\"oop-hero__title\">Membranes d\u00b4osmosi d\u00b4alt rendiment per garantir un tractament d\u00b4aigua eficient, segur i durador.  <\/h1>\n                            <a class=\"button3 inverted\" href=\"#formContacto\" class=\"oop-hero__button\">Contactar<\/a>\n                    <\/div>\n    <\/div>\n<\/div>\n\n<script>\n    document.addEventListener('DOMContentLoaded', function() {\n        var backgroundImage = 'https:\/\/www.inprisa.com\/wp-content\/uploads\/2025\/08\/Membranas-e1754387161284.jpg';\n        if (window.innerWidth <= 768) backgroundImage = 'https:\/\/www.inprisa.com\/wp-content\/uploads\/2025\/08\/Membranas-e1754387161284.jpg';\n        document.getElementById('oop-hero-block_bc318477974fec63f2176a39a79ad791').style.backgroundImage = 'url(' + backgroundImage + ')';\n    });\n<\/script>\n\n<div class=\"oop-cta white\" id=\"oop-cta-block_c660f5eb5c1ee659ba7be6a29508d3a1\">\n    <div class=\"oop-cta__content container\">\n\n        <div class=\" two-columns\">\n            <div class=\" first-column\">\n                <p class=\"oop-cta__pretext\">Alt rendiment i m\u00e0xima efici\u00e8ncia<\/p>\n            <\/div>\n            <div class=\"second-column\">\n                <h2 class=\"oop-cta__title normal\">Membranes d'alt rendiment per a instal\u00b7lacions d'osmosi industrial. Estan dissenyades per ser altament eficaces en el rebuig de sals, amb gran toler\u00e0ncia qu\u00edmica, incrustacions m\u00ednimes i neteja menys freq\u00fcent, cosa que millora la seva vida \u00fatil.   <br \/>\r\n<\/h2>\n                            <\/div>\n        <\/div>\n\n    <\/div>\n<\/div>\n<div class=\"oop-our-work softblue\" id=\"oop-our-work-block_9af11e4c4c35290183551610136b87c3\">\n    <div class=\"oop-our-work__content container\">\n\n        <div class=\"two-columns\">\n            <div class=\"first-column\">\n                                    <p class=\"oop-our-work__pretext\">Rendiment, durabilitat i adaptabilitat per a cada tipus daigua<\/p>\n                            <\/div>\n            <div class=\"second-column\">\n\n                                    <h2 class=\"oop-our-work__title\">Les membranes ofereixen solucions espec\u00edfiques segons el tipus daigua, pressi\u00f3 i puresa requerida. Disposem de diferents models per cobrir tota mena de necessitats en osmosi industrial. <br \/>\r\n<\/h2>\n                \n                                    <div class=\"oop-our-work__items\">\n                        <div class=\"separator\"><\/div>\n                                                    <div class=\"oop-our-work__item\">\n                                <div class=\"oop-our-work__item__counter\">\n                                    <span>01<\/span>\n                                <\/div>\n                                <div class=\"oop-our-work__item__content\">\n                                    <h4><\/h4>\n                                <\/div>\n                            <\/div>\n                                                <div class=\"separator\"><\/div>\n                    <\/div>\n                \n                                    <div class=\"oop-our-work__gallery\">\n                        <div class=\"oop-our-work__gallery__images theImages\">\n                                                            <div class=\"oop-our-work__gallery__item theItem\">\n                                    <img decoding=\"async\" src=\" https:\/\/www.inprisa.com\/wp-content\/uploads\/2025\/08\/PRO-LF-670x335-1.png\" alt=\"Inprisa\">\n                                <\/div>\n                                                            <div class=\"oop-our-work__gallery__item theItem\">\n                                    <img decoding=\"async\" src=\" https:\/\/www.inprisa.com\/wp-content\/uploads\/2025\/08\/PRO-XR.png\" alt=\"Inprisa\">\n                                <\/div>\n                                                    <\/div>\n                                            <\/div>\n                                                <\/div>\n        <\/div>\n    <\/div>\n<\/div>\n\n\n\n","protected":false},"excerpt":{"rendered":"","protected":false},"author":3,"featured_media":2992,"parent":0,"menu_order":0,"comment_status":"closed","ping_status":"closed","template":"","meta":{"_acf_changed":false,"_monsterinsights_skip_tracking":false,"_monsterinsights_sitenote_active":false,"_monsterinsights_sitenote_note":"","_monsterinsights_sitenote_category":0,"footnotes":""},"class_list":["post-9092","page","type-page","status-publish","has-post-thumbnail","hentry"],"acf":[],"yoast_head":"<!-- This site is optimized with the Yoast SEO plugin v27.4 - https:\/\/yoast.com\/product\/yoast-seo-wordpress\/ -->\n<title>Membranes | Inprisa<\/title>\n<meta name=\"description\" content=\"Oferim solucions a mida per al tractament d\u201faig\u00fces residuals, osmosi industrial i resines d\u201fintercanvi i\u00f2nic.\" \/>\n<meta name=\"robots\" content=\"index, follow, max-snippet:-1, max-image-preview:large, max-video-preview:-1\" \/>\n<link rel=\"canonical\" href=\"https:\/\/www.inprisa.com\/ca\/membranes\/\" \/>\n<meta property=\"og:locale\" content=\"ca_ES\" \/>\n<meta property=\"og:type\" content=\"article\" \/>\n<meta property=\"og:title\" content=\"Membranes | Inprisa\" \/>\n<meta property=\"og:description\" content=\"Oferim solucions a mida per al tractament d\u201faig\u00fces residuals, osmosi industrial i resines d\u201fintercanvi i\u00f2nic.\" \/>\n<meta property=\"og:url\" content=\"https:\/\/www.inprisa.com\/ca\/membranes\/\" \/>\n<meta property=\"og:site_name\" content=\"Inprisa\" \/>\n<meta property=\"article:modified_time\" content=\"2025-08-21T07:42:51+00:00\" \/>\n<meta property=\"og:image\" content=\"https:\/\/www.inprisa.com\/wp-content\/uploads\/2024\/11\/FlexKraft_Water_FlexKraft_Air-_CoolKraft_C1-1024x724.png\" \/>\n\t<meta property=\"og:image:width\" content=\"1024\" \/>\n\t<meta property=\"og:image:height\" content=\"724\" \/>\n\t<meta property=\"og:image:type\" content=\"image\/png\" \/>\n<meta name=\"twitter:card\" content=\"summary_large_image\" \/>\n<meta name=\"twitter:label1\" content=\"Temps estimat de lectura\" \/>\n\t<meta name=\"twitter:data1\" content=\"1 minut\" \/>\n<script type=\"application\/ld+json\" class=\"yoast-schema-graph\">{\"@context\":\"https:\\\/\\\/schema.org\",\"@graph\":[{\"@type\":\"WebPage\",\"@id\":\"https:\\\/\\\/www.inprisa.com\\\/ca\\\/membranes\\\/\",\"url\":\"https:\\\/\\\/www.inprisa.com\\\/ca\\\/membranes\\\/\",\"name\":\"Membranes | Inprisa\",\"isPartOf\":{\"@id\":\"https:\\\/\\\/www.inprisa.com\\\/ca\\\/#website\"},\"primaryImageOfPage\":{\"@id\":\"https:\\\/\\\/www.inprisa.com\\\/ca\\\/membranes\\\/#primaryimage\"},\"image\":{\"@id\":\"https:\\\/\\\/www.inprisa.com\\\/ca\\\/membranes\\\/#primaryimage\"},\"thumbnailUrl\":\"https:\\\/\\\/www.inprisa.com\\\/wp-content\\\/uploads\\\/2024\\\/11\\\/FlexKraft_Water_FlexKraft_Air-_CoolKraft_C1-scaled.png\",\"datePublished\":\"2025-08-21T07:32:04+00:00\",\"dateModified\":\"2025-08-21T07:42:51+00:00\",\"description\":\"Oferim solucions a mida per al tractament d\u201faig\u00fces residuals, osmosi industrial i resines d\u201fintercanvi i\u00f2nic.\",\"breadcrumb\":{\"@id\":\"https:\\\/\\\/www.inprisa.com\\\/ca\\\/membranes\\\/#breadcrumb\"},\"inLanguage\":\"ca\",\"potentialAction\":[{\"@type\":\"ReadAction\",\"target\":[\"https:\\\/\\\/www.inprisa.com\\\/ca\\\/membranes\\\/\"]}]},{\"@type\":\"ImageObject\",\"inLanguage\":\"ca\",\"@id\":\"https:\\\/\\\/www.inprisa.com\\\/ca\\\/membranes\\\/#primaryimage\",\"url\":\"https:\\\/\\\/www.inprisa.com\\\/wp-content\\\/uploads\\\/2024\\\/11\\\/FlexKraft_Water_FlexKraft_Air-_CoolKraft_C1-scaled.png\",\"contentUrl\":\"https:\\\/\\\/www.inprisa.com\\\/wp-content\\\/uploads\\\/2024\\\/11\\\/FlexKraft_Water_FlexKraft_Air-_CoolKraft_C1-scaled.png\",\"width\":2560,\"height\":1809},{\"@type\":\"BreadcrumbList\",\"@id\":\"https:\\\/\\\/www.inprisa.com\\\/ca\\\/membranes\\\/#breadcrumb\",\"itemListElement\":[{\"@type\":\"ListItem\",\"position\":1,\"name\":\"Inicio\",\"item\":\"https:\\\/\\\/www.inprisa.com\\\/ca\\\/inprisa-3\\\/\"},{\"@type\":\"ListItem\",\"position\":2,\"name\":\"Membranes\"}]},{\"@type\":\"WebSite\",\"@id\":\"https:\\\/\\\/www.inprisa.com\\\/ca\\\/#website\",\"url\":\"https:\\\/\\\/www.inprisa.com\\\/ca\\\/\",\"name\":\"Inprisa\",\"description\":\"Expertos en maquinaria\\u2028para el tratamiento de\\u2028superficies y aguas.\",\"publisher\":{\"@id\":\"https:\\\/\\\/www.inprisa.com\\\/ca\\\/#organization\"},\"alternateName\":\"Inprisa\",\"potentialAction\":[{\"@type\":\"SearchAction\",\"target\":{\"@type\":\"EntryPoint\",\"urlTemplate\":\"https:\\\/\\\/www.inprisa.com\\\/ca\\\/?s={search_term_string}\"},\"query-input\":{\"@type\":\"PropertyValueSpecification\",\"valueRequired\":true,\"valueName\":\"search_term_string\"}}],\"inLanguage\":\"ca\"},{\"@type\":\"Organization\",\"@id\":\"https:\\\/\\\/www.inprisa.com\\\/ca\\\/#organization\",\"name\":\"Inprisa\",\"alternateName\":\"Inprisa\",\"url\":\"https:\\\/\\\/www.inprisa.com\\\/ca\\\/\",\"logo\":{\"@type\":\"ImageObject\",\"inLanguage\":\"ca\",\"@id\":\"https:\\\/\\\/www.inprisa.com\\\/ca\\\/#\\\/schema\\\/logo\\\/image\\\/\",\"url\":\"https:\\\/\\\/www.inprisa.com\\\/wp-content\\\/uploads\\\/2024\\\/02\\\/inprisa.png\",\"contentUrl\":\"https:\\\/\\\/www.inprisa.com\\\/wp-content\\\/uploads\\\/2024\\\/02\\\/inprisa.png\",\"width\":737,\"height\":200,\"caption\":\"Inprisa\"},\"image\":{\"@id\":\"https:\\\/\\\/www.inprisa.com\\\/ca\\\/#\\\/schema\\\/logo\\\/image\\\/\"}}]}<\/script>\n<!-- \/ Yoast SEO plugin. -->","yoast_head_json":{"title":"Membranes | Inprisa","description":"Oferim solucions a mida per al tractament d\u201faig\u00fces residuals, osmosi industrial i resines d\u201fintercanvi i\u00f2nic.","robots":{"index":"index","follow":"follow","max-snippet":"max-snippet:-1","max-image-preview":"max-image-preview:large","max-video-preview":"max-video-preview:-1"},"canonical":"https:\/\/www.inprisa.com\/ca\/membranes\/","og_locale":"ca_ES","og_type":"article","og_title":"Membranes | Inprisa","og_description":"Oferim solucions a mida per al tractament d\u201faig\u00fces residuals, osmosi industrial i resines d\u201fintercanvi i\u00f2nic.","og_url":"https:\/\/www.inprisa.com\/ca\/membranes\/","og_site_name":"Inprisa","article_modified_time":"2025-08-21T07:42:51+00:00","og_image":[{"width":1024,"height":724,"url":"https:\/\/www.inprisa.com\/wp-content\/uploads\/2024\/11\/FlexKraft_Water_FlexKraft_Air-_CoolKraft_C1-1024x724.png","type":"image\/png"}],"twitter_card":"summary_large_image","twitter_misc":{"Temps estimat de lectura":"1 minut"},"schema":{"@context":"https:\/\/schema.org","@graph":[{"@type":"WebPage","@id":"https:\/\/www.inprisa.com\/ca\/membranes\/","url":"https:\/\/www.inprisa.com\/ca\/membranes\/","name":"Membranes | Inprisa","isPartOf":{"@id":"https:\/\/www.inprisa.com\/ca\/#website"},"primaryImageOfPage":{"@id":"https:\/\/www.inprisa.com\/ca\/membranes\/#primaryimage"},"image":{"@id":"https:\/\/www.inprisa.com\/ca\/membranes\/#primaryimage"},"thumbnailUrl":"https:\/\/www.inprisa.com\/wp-content\/uploads\/2024\/11\/FlexKraft_Water_FlexKraft_Air-_CoolKraft_C1-scaled.png","datePublished":"2025-08-21T07:32:04+00:00","dateModified":"2025-08-21T07:42:51+00:00","description":"Oferim solucions a mida per al tractament d\u201faig\u00fces residuals, osmosi industrial i resines d\u201fintercanvi i\u00f2nic.","breadcrumb":{"@id":"https:\/\/www.inprisa.com\/ca\/membranes\/#breadcrumb"},"inLanguage":"ca","potentialAction":[{"@type":"ReadAction","target":["https:\/\/www.inprisa.com\/ca\/membranes\/"]}]},{"@type":"ImageObject","inLanguage":"ca","@id":"https:\/\/www.inprisa.com\/ca\/membranes\/#primaryimage","url":"https:\/\/www.inprisa.com\/wp-content\/uploads\/2024\/11\/FlexKraft_Water_FlexKraft_Air-_CoolKraft_C1-scaled.png","contentUrl":"https:\/\/www.inprisa.com\/wp-content\/uploads\/2024\/11\/FlexKraft_Water_FlexKraft_Air-_CoolKraft_C1-scaled.png","width":2560,"height":1809},{"@type":"BreadcrumbList","@id":"https:\/\/www.inprisa.com\/ca\/membranes\/#breadcrumb","itemListElement":[{"@type":"ListItem","position":1,"name":"Inicio","item":"https:\/\/www.inprisa.com\/ca\/inprisa-3\/"},{"@type":"ListItem","position":2,"name":"Membranes"}]},{"@type":"WebSite","@id":"https:\/\/www.inprisa.com\/ca\/#website","url":"https:\/\/www.inprisa.com\/ca\/","name":"Inprisa","description":"Expertos en maquinaria\u2028para el tratamiento de\u2028superficies y aguas.","publisher":{"@id":"https:\/\/www.inprisa.com\/ca\/#organization"},"alternateName":"Inprisa","potentialAction":[{"@type":"SearchAction","target":{"@type":"EntryPoint","urlTemplate":"https:\/\/www.inprisa.com\/ca\/?s={search_term_string}"},"query-input":{"@type":"PropertyValueSpecification","valueRequired":true,"valueName":"search_term_string"}}],"inLanguage":"ca"},{"@type":"Organization","@id":"https:\/\/www.inprisa.com\/ca\/#organization","name":"Inprisa","alternateName":"Inprisa","url":"https:\/\/www.inprisa.com\/ca\/","logo":{"@type":"ImageObject","inLanguage":"ca","@id":"https:\/\/www.inprisa.com\/ca\/#\/schema\/logo\/image\/","url":"https:\/\/www.inprisa.com\/wp-content\/uploads\/2024\/02\/inprisa.png","contentUrl":"https:\/\/www.inprisa.com\/wp-content\/uploads\/2024\/02\/inprisa.png","width":737,"height":200,"caption":"Inprisa"},"image":{"@id":"https:\/\/www.inprisa.com\/ca\/#\/schema\/logo\/image\/"}}]}},"_links":{"self":[{"href":"https:\/\/www.inprisa.com\/ca\/wp-json\/wp\/v2\/pages\/9092","targetHints":{"allow":["GET"]}}],"collection":[{"href":"https:\/\/www.inprisa.com\/ca\/wp-json\/wp\/v2\/pages"}],"about":[{"href":"https:\/\/www.inprisa.com\/ca\/wp-json\/wp\/v2\/types\/page"}],"author":[{"embeddable":true,"href":"https:\/\/www.inprisa.com\/ca\/wp-json\/wp\/v2\/users\/3"}],"replies":[{"embeddable":true,"href":"https:\/\/www.inprisa.com\/ca\/wp-json\/wp\/v2\/comments?post=9092"}],"version-history":[{"count":4,"href":"https:\/\/www.inprisa.com\/ca\/wp-json\/wp\/v2\/pages\/9092\/revisions"}],"predecessor-version":[{"id":10005,"href":"https:\/\/www.inprisa.com\/ca\/wp-json\/wp\/v2\/pages\/9092\/revisions\/10005"}],"wp:featuredmedia":[{"embeddable":true,"href":"https:\/\/www.inprisa.com\/ca\/wp-json\/wp\/v2\/media\/2992"}],"wp:attachment":[{"href":"https:\/\/www.inprisa.com\/ca\/wp-json\/wp\/v2\/media?parent=9092"}],"curies":[{"name":"wp","href":"https:\/\/api.w.org\/{rel}","templated":true}]}}