{"id":3032,"date":"2024-11-25T16:55:43","date_gmt":"2024-11-25T15:55:43","guid":{"rendered":"https:\/\/www.inprisa.com\/?page_id=3032"},"modified":"2025-08-19T14:13:22","modified_gmt":"2025-08-19T12:13:22","slug":"diposits-a-mida","status":"publish","type":"page","link":"https:\/\/www.inprisa.com\/ca\/diposits-a-mida\/","title":{"rendered":"Dip\u00f2sits a mida"},"content":{"rendered":"\n<div class=\"oop-hero\" id=\"oop-hero-block_09f1894df8467d4630dac0b943069217\" style=\"background-image: url('https:\/\/www.inprisa.com\/wp-content\/uploads\/2024\/11\/Deposito-FLOCULANTE-1-scaled.jpeg');\">\n    <div class=\"oop-hero__content container\">\n        <div class=\"oop-hero__textarea\"  style=\"width: 85%;\">\n                            <p class=\"oop-hero__pretext\">Dip\u00f2sits a mida<\/p>\n                        <h1 class=\"oop-hero__title\">Dip\u00f2sits per a tot tipus de solucions claus en m\u00e0.  <\/h1>\n                            <a class=\"button3 inverted\" href=\"#formContacto\" class=\"oop-hero__button\">Contactar<\/a>\n                    <\/div>\n    <\/div>\n<\/div>\n\n<script>\n    document.addEventListener('DOMContentLoaded', function() {\n        var backgroundImage = 'https:\/\/www.inprisa.com\/wp-content\/uploads\/2024\/11\/Deposito-FLOCULANTE-1-scaled.jpeg';\n        if (window.innerWidth <= 768) backgroundImage = 'https:\/\/www.inprisa.com\/wp-content\/uploads\/2024\/11\/Deposito-FLOCULANTE-1-scaled.jpeg';\n        document.getElementById('oop-hero-block_09f1894df8467d4630dac0b943069217').style.backgroundImage = 'url(' + backgroundImage + ')';\n    });\n<\/script>\n\n<div class=\"oop-cta white\" id=\"oop-cta-block_276e16cfd0ebc4f593d1f58df3984f1b\">\n    <div class=\"oop-cta__content container\">\n\n        <div class=\" two-columns\">\n            <div class=\" first-column\">\n                <p class=\"oop-cta__pretext\">Maquin\u00e0ria clau en m\u00e0<\/p>\n            <\/div>\n            <div class=\"second-column\">\n                <h2 class=\"oop-cta__title normal\">Dissenyem i automatitzem els dip\u00f2sits per a la preparaci\u00f3, emmagatzematge i dosificaci\u00f3 de la soluci\u00f3 qu\u00edmica. Tot tipus de mides.   <br \/>\r\n<\/h2>\n                            <\/div>\n        <\/div>\n\n    <\/div>\n<\/div>\n<div class=\"oop-our-work softblue\" id=\"oop-our-work-block_1b13efc116e3c38c7aeae38453cac379\">\n    <div class=\"oop-our-work__content container\">\n\n        <div class=\"two-columns\">\n            <div class=\"first-column\">\n                                    <p class=\"oop-our-work__pretext\">Experi\u00e8ncia multisectorial<\/p>\n                            <\/div>\n            <div class=\"second-column\">\n\n                                    <h2 class=\"oop-our-work__title\">Gr\u00e0cies al nostre equip t\u00e8cnic amb m\u00e9s de 30 anys d'experi\u00e8ncia en fabricacions pr\u00f2pies, oferim solucions a tot tipus d'ind\u00fastries i sectors.<br \/>\r\n<\/h2>\n                \n                \n                                    <div class=\"oop-our-work__gallery\">\n                        <div class=\"oop-our-work__gallery__images theImages\">\n                                                            <div class=\"oop-our-work__gallery__item theItem\">\n                                    <img decoding=\"async\" src=\" https:\/\/www.inprisa.com\/wp-content\/uploads\/2024\/11\/Deposito-CAL-scaled.jpeg\" alt=\"Inprisa\">\n                                <\/div>\n                                                            <div class=\"oop-our-work__gallery__item theItem\">\n                                    <img decoding=\"async\" src=\" https:\/\/www.inprisa.com\/wp-content\/uploads\/2024\/11\/Deposito-retencion-Tadipol.jpg\" alt=\"Inprisa\">\n                                <\/div>\n                                                    <\/div>\n                                            <\/div>\n                                                <\/div>\n        <\/div>\n    <\/div>\n<\/div>\n\n\n\n","protected":false},"excerpt":{"rendered":"","protected":false},"author":3,"featured_media":3038,"parent":0,"menu_order":0,"comment_status":"closed","ping_status":"closed","template":"","meta":{"_acf_changed":false,"_monsterinsights_skip_tracking":false,"_monsterinsights_sitenote_active":false,"_monsterinsights_sitenote_note":"","_monsterinsights_sitenote_category":0,"footnotes":""},"class_list":["post-3032","page","type-page","status-publish","has-post-thumbnail","hentry"],"acf":[],"yoast_head":"<!-- This site is optimized with the Yoast SEO plugin v25.5 - https:\/\/yoast.com\/wordpress\/plugins\/seo\/ -->\n<title>Dip\u00f2sits a mida | Inprisa<\/title>\n<meta name=\"description\" content=\"Oferim solucions a mida per al tractament d\u201faig\u00fces residuals, osmosi industrial i resines d\u201fintercanvi i\u00f2nic.\" \/>\n<meta name=\"robots\" content=\"index, follow, max-snippet:-1, max-image-preview:large, max-video-preview:-1\" \/>\n<link rel=\"canonical\" href=\"https:\/\/www.inprisa.com\/ca\/diposits-a-mida\/\" \/>\n<meta property=\"og:locale\" content=\"ca_ES\" \/>\n<meta property=\"og:type\" content=\"article\" \/>\n<meta property=\"og:title\" content=\"Dip\u00f2sits a mida | Inprisa\" \/>\n<meta property=\"og:description\" content=\"Oferim solucions a mida per al tractament d\u201faig\u00fces residuals, osmosi industrial i resines d\u201fintercanvi i\u00f2nic.\" \/>\n<meta property=\"og:url\" content=\"https:\/\/www.inprisa.com\/ca\/diposits-a-mida\/\" \/>\n<meta property=\"og:site_name\" content=\"Inprisa\" \/>\n<meta property=\"article:modified_time\" content=\"2025-08-19T12:13:22+00:00\" \/>\n<meta property=\"og:image\" content=\"https:\/\/www.inprisa.com\/wp-content\/uploads\/2024\/11\/Deposito-FLOCULANTE-1-scaled.jpeg\" \/>\n\t<meta property=\"og:image:width\" content=\"1920\" \/>\n\t<meta property=\"og:image:height\" content=\"2560\" \/>\n\t<meta property=\"og:image:type\" content=\"image\/jpeg\" \/>\n<meta name=\"twitter:card\" content=\"summary_large_image\" \/>\n<meta name=\"twitter:label1\" content=\"Temps estimat de lectura\" \/>\n\t<meta name=\"twitter:data1\" content=\"1 minut\" \/>\n<script type=\"application\/ld+json\" class=\"yoast-schema-graph\">{\"@context\":\"https:\/\/schema.org\",\"@graph\":[{\"@type\":\"WebPage\",\"@id\":\"https:\/\/www.inprisa.com\/ca\/diposits-a-mida\/\",\"url\":\"https:\/\/www.inprisa.com\/ca\/diposits-a-mida\/\",\"name\":\"Dip\u00f2sits a mida | Inprisa\",\"isPartOf\":{\"@id\":\"https:\/\/www.inprisa.com\/ca\/#website\"},\"primaryImageOfPage\":{\"@id\":\"https:\/\/www.inprisa.com\/ca\/diposits-a-mida\/#primaryimage\"},\"image\":{\"@id\":\"https:\/\/www.inprisa.com\/ca\/diposits-a-mida\/#primaryimage\"},\"thumbnailUrl\":\"https:\/\/www.inprisa.com\/wp-content\/uploads\/2024\/11\/Deposito-FLOCULANTE-1-scaled.jpeg\",\"datePublished\":\"2024-11-25T15:55:43+00:00\",\"dateModified\":\"2025-08-19T12:13:22+00:00\",\"description\":\"Oferim solucions a mida per al tractament d\u201faig\u00fces residuals, osmosi industrial i resines d\u201fintercanvi i\u00f2nic.\",\"breadcrumb\":{\"@id\":\"https:\/\/www.inprisa.com\/ca\/diposits-a-mida\/#breadcrumb\"},\"inLanguage\":\"ca\",\"potentialAction\":[{\"@type\":\"ReadAction\",\"target\":[\"https:\/\/www.inprisa.com\/ca\/diposits-a-mida\/\"]}]},{\"@type\":\"ImageObject\",\"inLanguage\":\"ca\",\"@id\":\"https:\/\/www.inprisa.com\/ca\/diposits-a-mida\/#primaryimage\",\"url\":\"https:\/\/www.inprisa.com\/wp-content\/uploads\/2024\/11\/Deposito-FLOCULANTE-1-scaled.jpeg\",\"contentUrl\":\"https:\/\/www.inprisa.com\/wp-content\/uploads\/2024\/11\/Deposito-FLOCULANTE-1-scaled.jpeg\",\"width\":1920,\"height\":2560},{\"@type\":\"BreadcrumbList\",\"@id\":\"https:\/\/www.inprisa.com\/ca\/diposits-a-mida\/#breadcrumb\",\"itemListElement\":[{\"@type\":\"ListItem\",\"position\":1,\"name\":\"Inicio\",\"item\":\"https:\/\/www.inprisa.com\/ca\/inprisa-3\/\"},{\"@type\":\"ListItem\",\"position\":2,\"name\":\"Dip\u00f2sits a mida\"}]},{\"@type\":\"WebSite\",\"@id\":\"https:\/\/www.inprisa.com\/ca\/#website\",\"url\":\"https:\/\/www.inprisa.com\/ca\/\",\"name\":\"Inprisa\",\"description\":\"Expertos en maquinaria\\u2028para el tratamiento de\\u2028superficies y aguas.\",\"publisher\":{\"@id\":\"https:\/\/www.inprisa.com\/ca\/#organization\"},\"alternateName\":\"Inprisa\",\"potentialAction\":[{\"@type\":\"SearchAction\",\"target\":{\"@type\":\"EntryPoint\",\"urlTemplate\":\"https:\/\/www.inprisa.com\/ca\/?s={search_term_string}\"},\"query-input\":{\"@type\":\"PropertyValueSpecification\",\"valueRequired\":true,\"valueName\":\"search_term_string\"}}],\"inLanguage\":\"ca\"},{\"@type\":\"Organization\",\"@id\":\"https:\/\/www.inprisa.com\/ca\/#organization\",\"name\":\"Inprisa\",\"alternateName\":\"Inprisa\",\"url\":\"https:\/\/www.inprisa.com\/ca\/\",\"logo\":{\"@type\":\"ImageObject\",\"inLanguage\":\"ca\",\"@id\":\"https:\/\/www.inprisa.com\/ca\/#\/schema\/logo\/image\/\",\"url\":\"https:\/\/www.inprisa.com\/wp-content\/uploads\/2024\/02\/inprisa.png\",\"contentUrl\":\"https:\/\/www.inprisa.com\/wp-content\/uploads\/2024\/02\/inprisa.png\",\"width\":737,\"height\":200,\"caption\":\"Inprisa\"},\"image\":{\"@id\":\"https:\/\/www.inprisa.com\/ca\/#\/schema\/logo\/image\/\"}}]}<\/script>\n<!-- \/ Yoast SEO plugin. -->","yoast_head_json":{"title":"Dip\u00f2sits a mida | Inprisa","description":"Oferim solucions a mida per al tractament d\u201faig\u00fces residuals, osmosi industrial i resines d\u201fintercanvi i\u00f2nic.","robots":{"index":"index","follow":"follow","max-snippet":"max-snippet:-1","max-image-preview":"max-image-preview:large","max-video-preview":"max-video-preview:-1"},"canonical":"https:\/\/www.inprisa.com\/ca\/diposits-a-mida\/","og_locale":"ca_ES","og_type":"article","og_title":"Dip\u00f2sits a mida | Inprisa","og_description":"Oferim solucions a mida per al tractament d\u201faig\u00fces residuals, osmosi industrial i resines d\u201fintercanvi i\u00f2nic.","og_url":"https:\/\/www.inprisa.com\/ca\/diposits-a-mida\/","og_site_name":"Inprisa","article_modified_time":"2025-08-19T12:13:22+00:00","og_image":[{"width":1920,"height":2560,"url":"https:\/\/www.inprisa.com\/wp-content\/uploads\/2024\/11\/Deposito-FLOCULANTE-1-scaled.jpeg","type":"image\/jpeg"}],"twitter_card":"summary_large_image","twitter_misc":{"Temps estimat de lectura":"1 minut"},"schema":{"@context":"https:\/\/schema.org","@graph":[{"@type":"WebPage","@id":"https:\/\/www.inprisa.com\/ca\/diposits-a-mida\/","url":"https:\/\/www.inprisa.com\/ca\/diposits-a-mida\/","name":"Dip\u00f2sits a mida | Inprisa","isPartOf":{"@id":"https:\/\/www.inprisa.com\/ca\/#website"},"primaryImageOfPage":{"@id":"https:\/\/www.inprisa.com\/ca\/diposits-a-mida\/#primaryimage"},"image":{"@id":"https:\/\/www.inprisa.com\/ca\/diposits-a-mida\/#primaryimage"},"thumbnailUrl":"https:\/\/www.inprisa.com\/wp-content\/uploads\/2024\/11\/Deposito-FLOCULANTE-1-scaled.jpeg","datePublished":"2024-11-25T15:55:43+00:00","dateModified":"2025-08-19T12:13:22+00:00","description":"Oferim solucions a mida per al tractament d\u201faig\u00fces residuals, osmosi industrial i resines d\u201fintercanvi i\u00f2nic.","breadcrumb":{"@id":"https:\/\/www.inprisa.com\/ca\/diposits-a-mida\/#breadcrumb"},"inLanguage":"ca","potentialAction":[{"@type":"ReadAction","target":["https:\/\/www.inprisa.com\/ca\/diposits-a-mida\/"]}]},{"@type":"ImageObject","inLanguage":"ca","@id":"https:\/\/www.inprisa.com\/ca\/diposits-a-mida\/#primaryimage","url":"https:\/\/www.inprisa.com\/wp-content\/uploads\/2024\/11\/Deposito-FLOCULANTE-1-scaled.jpeg","contentUrl":"https:\/\/www.inprisa.com\/wp-content\/uploads\/2024\/11\/Deposito-FLOCULANTE-1-scaled.jpeg","width":1920,"height":2560},{"@type":"BreadcrumbList","@id":"https:\/\/www.inprisa.com\/ca\/diposits-a-mida\/#breadcrumb","itemListElement":[{"@type":"ListItem","position":1,"name":"Inicio","item":"https:\/\/www.inprisa.com\/ca\/inprisa-3\/"},{"@type":"ListItem","position":2,"name":"Dip\u00f2sits a mida"}]},{"@type":"WebSite","@id":"https:\/\/www.inprisa.com\/ca\/#website","url":"https:\/\/www.inprisa.com\/ca\/","name":"Inprisa","description":"Expertos en maquinaria\u2028para el tratamiento de\u2028superficies y aguas.","publisher":{"@id":"https:\/\/www.inprisa.com\/ca\/#organization"},"alternateName":"Inprisa","potentialAction":[{"@type":"SearchAction","target":{"@type":"EntryPoint","urlTemplate":"https:\/\/www.inprisa.com\/ca\/?s={search_term_string}"},"query-input":{"@type":"PropertyValueSpecification","valueRequired":true,"valueName":"search_term_string"}}],"inLanguage":"ca"},{"@type":"Organization","@id":"https:\/\/www.inprisa.com\/ca\/#organization","name":"Inprisa","alternateName":"Inprisa","url":"https:\/\/www.inprisa.com\/ca\/","logo":{"@type":"ImageObject","inLanguage":"ca","@id":"https:\/\/www.inprisa.com\/ca\/#\/schema\/logo\/image\/","url":"https:\/\/www.inprisa.com\/wp-content\/uploads\/2024\/02\/inprisa.png","contentUrl":"https:\/\/www.inprisa.com\/wp-content\/uploads\/2024\/02\/inprisa.png","width":737,"height":200,"caption":"Inprisa"},"image":{"@id":"https:\/\/www.inprisa.com\/ca\/#\/schema\/logo\/image\/"}}]}},"_links":{"self":[{"href":"https:\/\/www.inprisa.com\/ca\/wp-json\/wp\/v2\/pages\/3032","targetHints":{"allow":["GET"]}}],"collection":[{"href":"https:\/\/www.inprisa.com\/ca\/wp-json\/wp\/v2\/pages"}],"about":[{"href":"https:\/\/www.inprisa.com\/ca\/wp-json\/wp\/v2\/types\/page"}],"author":[{"embeddable":true,"href":"https:\/\/www.inprisa.com\/ca\/wp-json\/wp\/v2\/users\/3"}],"replies":[{"embeddable":true,"href":"https:\/\/www.inprisa.com\/ca\/wp-json\/wp\/v2\/comments?post=3032"}],"version-history":[{"count":4,"href":"https:\/\/www.inprisa.com\/ca\/wp-json\/wp\/v2\/pages\/3032\/revisions"}],"predecessor-version":[{"id":9858,"href":"https:\/\/www.inprisa.com\/ca\/wp-json\/wp\/v2\/pages\/3032\/revisions\/9858"}],"wp:featuredmedia":[{"embeddable":true,"href":"https:\/\/www.inprisa.com\/ca\/wp-json\/wp\/v2\/media\/3038"}],"wp:attachment":[{"href":"https:\/\/www.inprisa.com\/ca\/wp-json\/wp\/v2\/media?parent=3032"}],"curies":[{"name":"wp","href":"https:\/\/api.w.org\/{rel}","templated":true}]}}