{"id":1317,"date":"2024-02-25T16:11:09","date_gmt":"2024-02-25T15:11:09","guid":{"rendered":"https:\/\/www.inprisa.com\/politica-de-privacidad\/"},"modified":"2024-07-12T12:15:30","modified_gmt":"2024-07-12T10:15:30","slug":"politica-de-privacidad","status":"publish","type":"page","link":"https:\/\/www.inprisa.com\/ca\/politica-de-privacidad\/","title":{"rendered":"Pol\u00edtica de privadesa"},"content":{"rendered":"\n<h1 class=\"wp-block-heading\">Pol\u00edtica de privadesa<\/h1>\n\n\n\n<p>La visita a aquest lloc web no implica que lusuari estigui obligat a facilitar cap informaci\u00f3. En cas que l&#8217;usuari faciliti alguna informaci\u00f3 de car\u00e0cter personal, les dades recollides en aquest lloc web seran tractades de forma lleial i l\u00edcita amb subjecci\u00f3 en tot moment als principis i drets recollits al Reglament (UE) 2016\/679, de 27 d&#8217;abril, General de Protecci\u00f3 de Dades (RGPD) i la resta de normativa aplicable.<\/p>\n\n\n\n<p>En compliment del que disposa l&#8217;article 13 del RGPD t&#8217;informem del seg\u00fcent:<\/p>\n\n\n\n<h2 class=\"wp-block-heading\"><strong>1. Responsable<\/strong><\/h2>\n\n\n\n<p>Nom empresa: Inprisa Autom SL (d&#8217;ara endavant, \u201cINPRISA\u201d)<\/p>\n\n\n\n<p>CIF: B72948300<\/p>\n\n\n\n<p>Adre\u00e7a: Tirso de Molina, 29, Pol. Industrial Almeda, 08940 Cornell\u00e0 de Lobregat (Barcelona)<\/p>\n\n\n\n<p>Per qualsevol dubte que tinguin podeu contactar a trav\u00e9s del seg\u00fcent correu electr\u00f2nic: inprisa@inprisa.com<\/p>\n\n\n\n<h2 class=\"wp-block-heading\"><strong>2. Informaci\u00f3 i consentiment<\/strong><\/h2>\n\n\n\n<p>Mitjan\u00e7ant l&#8217;acceptaci\u00f3 de la present Pol\u00edtica de Privadesa, l&#8217;usuari (d&#8217;ara endavant, l&#8217;\u201cUsuari\u201d o els \u201cUsuaris\u201d) queda informat i presta el seu consentiment lliure, informat, espec\u00edfic i inequ\u00edvoc perqu\u00e8 les dades personals que faciliti a trav\u00e9s del lloc web ubicat a la URL [www.inprisa.com] (d&#8217;ara endavant, el \u201cLloc Web\u201d) siguin tractats per INPRISA, aix\u00ed com les dades derivades de la seva navegaci\u00f3 i aquelles altres dades que pugui facilitar en un futur.<\/p>\n\n\n\n<p>L&#8217;Usuari ha de llegir amb atenci\u00f3 aquesta Pol\u00edtica de Privadesa, que ha estat redactada de forma clara i senzilla, per facilitar-ne la comprensi\u00f3, podent l&#8217;Usuari determinar, de forma lliure i volunt\u00e0ria si voleu facilitar les vostres dades personals a INPRISA.<\/p>\n\n\n\n<h2 class=\"wp-block-heading\"><strong>3. Finalitat del tractament de dades<\/strong><\/h2>\n\n\n\n<p>L&#8217;Usuari, en facilitar volunt\u00e0riament les vostres dades personals a trav\u00e9s de qualsevol formulari d&#8217;aquest Lloc Web i acceptar de forma expressa el seu enviament, autoritza expressament a INPRISA perqu\u00e8 tracti i incorpori en un fitxer de la seva propietat aquelles dades trameses.<\/p>\n\n\n\n<p>La recollida i el tractament de les dades personals que l&#8217;Usuari faciliti t\u00e9 com a finalitat principal la de donar resposta a la consulta i enviar-li informaci\u00f3 comercial i\/o publicit\u00e0ria. No obstant aix\u00f2, tamb\u00e9 t\u00e9 com a finalitat les accions seg\u00fcents:<\/p>\n\n\n\n<ul class=\"wp-block-list\">\n<li>Contactar amb el remitent de la informaci\u00f3, donar resposta a la seva sol\u00b7licitud, petici\u00f3 o consulta i gestionar la publicaci\u00f3 de consultes i comentaris i fer-ne un seguiment posterior.<\/li>\n\n\n\n<li>Gestionar, si escau, la comanda i dur a terme la prestaci\u00f3 contractada per l&#8217;Usuari, la facturaci\u00f3 i el cobrament.<\/li>\n\n\n\n<li>Gestionar i controlar la cartera de clients.<\/li>\n\n\n\n<li>Gestionar, si escau, el proc\u00e9s de registre de l&#8217;Usuari a la Plataforma Online.<\/li>\n\n\n\n<li>Valorar i gestionar, si escau, el curr\u00edculum vitae per a processos de selecci\u00f3 que s&#8217;adaptin al seu perfil professional i dur a terme les actuacions necess\u00e0ries per a la selecci\u00f3 i contractaci\u00f3 de personal.<\/li>\n<\/ul>\n\n\n\n<p>En virtut de la Llei 34\/2002, d&#8217;11 de juliol, de serveis de la societat de la informaci\u00f3 i de comer\u00e7 electr\u00f2nic, en cap cas INPRISA remetr\u00e0 publicitat i comunicacions amb fins de venda o altres de naturalesa comercial als usuaris sense que hi hagi pr\u00e8via sol\u00b7licitud o consentiment. Aix\u00ed mateix, tampoc no remetr\u00e0 missatges no sol\u00b7licitats ni consentits pr\u00e8viament ni enviar\u00e0 cadenes de missatges electr\u00f2nics no sol\u00b7licitats ni pr\u00e8viament consentits.<\/p>\n\n\n\n<p>Les dades personals que l&#8217;usuari faciliti hauran de ser vertaderes, exactes, completes i actualitzades, responent dels danys i perjudicis que es puguin ocasionar a causa del no compliment d&#8217;aquesta obligaci\u00f3.<\/p>\n\n\n\n<h2 class=\"wp-block-heading\"><strong>4. Protecci\u00f3 dels menors<\/strong><\/h2>\n\n\n\n<p>No recollim dades personals de menors. \u00c9s responsabilitat del pare\/mare\/tutor legal vetllar per a la privadesa dels menors, fent tot el possible per assegurar que han autoritzat la recollida i l&#8217;\u00fas de les dades personals del menor.<\/p>\n\n\n\n<h2 class=\"wp-block-heading\"><strong>5. Durada del tractament de dades<\/strong><\/h2>\n\n\n\n<ul class=\"wp-block-list\">\n<li>Les dades per a la gesti\u00f3 de la relaci\u00f3 amb el client i la facturaci\u00f3 i cobrament dels serveis seran conservades durant tot el temps en qu\u00e8 el contracte sigui vigent. Un cop finalitzada aquesta relaci\u00f3, si escau, les dades podran ser conservades durant el temps exigit per la legislaci\u00f3 aplicable i fins que prescriguin les eventuals responsabilitats derivades del contracte.<\/li>\n\n\n\n<li>Les dades per a la gesti\u00f3 de consultes i sol\u00b7licituds es conservaran durant el temps necessari per donar-hi resposta, i posteriorment es conservaran indefinidament fins que, si escau, ens manifestis la teva voluntat de suprimir-les.<\/li>\n\n\n\n<li>Les dades relatives a publicacions de comentaris sobre els nostres productes es mantindran durant la vig\u00e8ncia i la publicitat dels productes o serveis a qu\u00e8 fan refer\u00e8ncia, llevat que s&#8217;expressi el teu desig que siguin eliminats en qualsevol moment.<\/li>\n\n\n\n<li>Les dades per a l&#8217;enviament de comunicacions comercials i elaboraci\u00f3 de perfils comercials dels nostres productes o serveis seran conservats indefinidament fins que, si escau, ens manifestis la teva voluntat de suprimir-los.<\/li>\n\n\n\n<li>Les dades de curr\u00edculum vitae per a processos de selecci\u00f3 seran conservades indefinidament fins que, si escau, ens manifestis la teva voluntat de suprimir-les.<\/li>\n<\/ul>\n\n\n\n<h2 class=\"wp-block-heading\"><strong>6. Drets que t\u00e9 l&#8217;usuari en relaci\u00f3 amb les dades<\/strong><\/h2>\n\n\n\n<p>L&#8217;interessat t\u00e9 els drets seg\u00fcents:<\/p>\n\n\n\n<ul class=\"wp-block-list\">\n<li>Podreu sol\u00b7licitar informaci\u00f3 sobre les dades de car\u00e0cter personal emmagatzemades que us concerneixin (acc\u00e9s)<\/li>\n\n\n\n<li>Podreu sol\u00b7licitar que es corregeixi la inexactitud de les vostres dades personals. (rectificaci\u00f3)<\/li>\n\n\n\n<li>Podreu sol\u00b7licitar l&#8217;eliminaci\u00f3 o limitaci\u00f3 del tractament de les vostres dades personals i (supressi\u00f3 i limitaci\u00f3)<\/li>\n\n\n\n<li>Tamb\u00e9 podreu sol\u00b7licitar que se us posin a disposici\u00f3 les vostres dades personals en un format estructurat, corrent i de lectura mec\u00e0nica. (portabilitat)<\/li>\n<\/ul>\n\n\n\n<p>Per a aix\u00f2 s&#8217;haur\u00e0 de dirigir per escrit adjuntant una c\u00f2pia del DNI o document que us identifiqui, a l&#8217;adre\u00e7a Tirso de Molina, 29, Pol. Industrial Almeda, 08940 Cornell\u00e0 de Lobregat (Barcelona) oa trav\u00e9s del nostre correu inprisa@inprisa.com.<\/p>\n\n\n\n<p>L&#8217;interessat tamb\u00e9 t\u00e9 dret a presentar una reclamaci\u00f3 davant de les autoritats de protecci\u00f3 de dades (Ag\u00e8ncia Espanyola de Protecci\u00f3 de Dades). No obstant aix\u00f2, qualsevol q\u00fcesti\u00f3 relacionada amb les dades us convidem a contactar amb nosaltres per solucionar-la.<\/p>\n\n\n\n<h2 class=\"wp-block-heading\"><strong>7. Legitimaci\u00f3 per al tractament de dades<\/strong><\/h2>\n\n\n\n<p>La base legal per al tractament de dades \u00e9s el consentiment expr\u00e9s de linteressat.<\/p>\n\n\n\n<h2 class=\"wp-block-heading\"><strong>8. Destinataris<\/strong><\/h2>\n\n\n\n<p>Amb l&#8217;objectiu de prestar la m\u00e0xima qualitat, INPRISA necessita compartir les vostres dades personals amb entitats o prove\u00efdors externs que ens ajuden a poder oferir el millor servei.<\/p>\n\n\n\n<ul class=\"wp-block-list\">\n<li>Entitats que ens ajuden amb diferents q\u00fcestions relacionades amb el Servei. A INPRISA ens assegurem que tots els nostres prove\u00efdors que poden tenir acc\u00e9s a les teves dades personals actu\u00efn de manera confidencial, lleial i complint amb tot la normativa aplicable.<\/li>\n\n\n\n<li>A les entitats financeres mitjan\u00e7ant les quals s&#8217;articuli la gesti\u00f3 de cobraments i pagaments.<\/li>\n\n\n\n<li>A les administracions p\u00fabliques competents, en els casos previstos a la Llei i per als fins definits.<\/li>\n<\/ul>\n\n\n\n<h2 class=\"wp-block-heading\"><strong>9. Mesures de seguretat<\/strong><\/h2>\n\n\n\n<p>INPRISA tractar\u00e0 les dades de l&#8217;Usuari en tot moment de forma absolutament confidencial i guardant el preceptiu deure de secret respecte d&#8217;aquests, de conformitat amb all\u00f2 previst a la normativa d&#8217;aplicaci\u00f3, adoptant a aquest efecte les mesures d&#8217;\u00edndole t\u00e8cnica i organitzatives necess\u00e0ries que garanteixin la seguretat de les seves dades i evitin la seva alteraci\u00f3, p\u00e8rdua, tractament o acc\u00e9s no autoritzat, tenint en compte l&#8217;estat de la tecnologia, la naturalesa de les dades emmagatzemades i els riscos a qu\u00e8 estan exposats.<\/p>\n\n\n\n<h2 class=\"wp-block-heading\"><strong>10. Canvis<\/strong><\/h2>\n\n\n\n<p>INPRISA es reserva el dret a modificar aquesta pol\u00edtica per adaptar-la a novetats legislatives o jurisprudencials aix\u00ed com a pr\u00e0ctiques de la ind\u00fastria. En aquests sup\u00f2sits, s&#8217;anunciar\u00e0 en aquesta p\u00e0gina els canvis introdu\u00efts amb una antelaci\u00f3 raonable a la seva posada en pr\u00e0ctica.<\/p>\n\n\n\n<h2 class=\"wp-block-heading\"><strong>11. Acceptaci\u00f3 i consentiment<\/strong><\/h2>\n\n\n\n<p>L&#8217;Usuari declara haver estat informat de les condicions sobre protecci\u00f3 de dades personals, acceptant i consentint-ne el tractament automatitzat per part d&#8217;INPRISA, en la forma i per a les finalitats indicades en aquesta Pol\u00edtica de Privadesa.<\/p>\n","protected":false},"excerpt":{"rendered":"<p>Pol\u00edtica de privadesa La visita a aquest lloc web no implica que lusuari estigui obligat a facilitar cap informaci\u00f3. En cas que l&#8217;usuari faciliti alguna informaci\u00f3 de car\u00e0cter personal, les dades recollides en aquest lloc web seran tractades de forma lleial i l\u00edcita amb subjecci\u00f3 en tot moment als principis i drets recollits al Reglament [&hellip;]<\/p>\n","protected":false},"author":1,"featured_media":0,"parent":0,"menu_order":0,"comment_status":"closed","ping_status":"closed","template":"","meta":{"_acf_changed":false,"_monsterinsights_skip_tracking":false,"_monsterinsights_sitenote_active":false,"_monsterinsights_sitenote_note":"","_monsterinsights_sitenote_category":0,"footnotes":""},"class_list":["post-1317","page","type-page","status-publish","hentry"],"acf":[],"yoast_head":"<!-- This site is optimized with the Yoast SEO plugin v27.4 - https:\/\/yoast.com\/product\/yoast-seo-wordpress\/ -->\n<title>Pol\u00edtica de privadesa | Inprisa<\/title>\n<meta name=\"description\" content=\"Compartimos nuestra pol\u00edtica de privacidad, como retenemos, procesamos y manejamos los datos del usuario y el cliente. Queremos informarte.\" \/>\n<meta name=\"robots\" content=\"index, follow, max-snippet:-1, max-image-preview:large, max-video-preview:-1\" \/>\n<link rel=\"canonical\" href=\"https:\/\/www.inprisa.com\/ca\/politica-de-privacidad\/\" \/>\n<meta property=\"og:locale\" content=\"ca_ES\" \/>\n<meta property=\"og:type\" content=\"article\" \/>\n<meta property=\"og:title\" content=\"Pol\u00edtica de privadesa | Inprisa\" \/>\n<meta property=\"og:description\" content=\"Compartimos nuestra pol\u00edtica de privacidad, como retenemos, procesamos y manejamos los datos del usuario y el cliente. Queremos informarte.\" \/>\n<meta property=\"og:url\" content=\"https:\/\/www.inprisa.com\/ca\/politica-de-privacidad\/\" \/>\n<meta property=\"og:site_name\" content=\"Inprisa\" \/>\n<meta property=\"article:modified_time\" content=\"2024-07-12T10:15:30+00:00\" \/>\n<meta property=\"og:image\" content=\"https:\/\/www.inprisa.com\/wp-content\/uploads\/2024\/02\/inprisa-home.jpg\" \/>\n\t<meta property=\"og:image:width\" content=\"1920\" \/>\n\t<meta property=\"og:image:height\" content=\"1280\" \/>\n\t<meta property=\"og:image:type\" content=\"image\/jpeg\" \/>\n<meta name=\"twitter:card\" content=\"summary_large_image\" \/>\n<meta name=\"twitter:label1\" content=\"Temps estimat de lectura\" \/>\n\t<meta name=\"twitter:data1\" content=\"7 minuts\" \/>\n<script type=\"application\/ld+json\" class=\"yoast-schema-graph\">{\"@context\":\"https:\\\/\\\/schema.org\",\"@graph\":[{\"@type\":\"WebPage\",\"@id\":\"https:\\\/\\\/www.inprisa.com\\\/ca\\\/politica-de-privacidad\\\/\",\"url\":\"https:\\\/\\\/www.inprisa.com\\\/ca\\\/politica-de-privacidad\\\/\",\"name\":\"Pol\u00edtica de privadesa | Inprisa\",\"isPartOf\":{\"@id\":\"https:\\\/\\\/www.inprisa.com\\\/ca\\\/#website\"},\"datePublished\":\"2024-02-25T15:11:09+00:00\",\"dateModified\":\"2024-07-12T10:15:30+00:00\",\"description\":\"Compartimos nuestra pol\u00edtica de privacidad, como retenemos, procesamos y manejamos los datos del usuario y el cliente. Queremos informarte.\",\"breadcrumb\":{\"@id\":\"https:\\\/\\\/www.inprisa.com\\\/ca\\\/politica-de-privacidad\\\/#breadcrumb\"},\"inLanguage\":\"ca\",\"potentialAction\":[{\"@type\":\"ReadAction\",\"target\":[\"https:\\\/\\\/www.inprisa.com\\\/ca\\\/politica-de-privacidad\\\/\"]}]},{\"@type\":\"BreadcrumbList\",\"@id\":\"https:\\\/\\\/www.inprisa.com\\\/ca\\\/politica-de-privacidad\\\/#breadcrumb\",\"itemListElement\":[{\"@type\":\"ListItem\",\"position\":1,\"name\":\"Inicio\",\"item\":\"https:\\\/\\\/www.inprisa.com\\\/ca\\\/inprisa-3\\\/\"},{\"@type\":\"ListItem\",\"position\":2,\"name\":\"Pol\u00edtica de privadesa\"}]},{\"@type\":\"WebSite\",\"@id\":\"https:\\\/\\\/www.inprisa.com\\\/ca\\\/#website\",\"url\":\"https:\\\/\\\/www.inprisa.com\\\/ca\\\/\",\"name\":\"Inprisa\",\"description\":\"Expertos en maquinaria\\u2028para el tratamiento de\\u2028superficies y aguas.\",\"publisher\":{\"@id\":\"https:\\\/\\\/www.inprisa.com\\\/ca\\\/#organization\"},\"alternateName\":\"Inprisa\",\"potentialAction\":[{\"@type\":\"SearchAction\",\"target\":{\"@type\":\"EntryPoint\",\"urlTemplate\":\"https:\\\/\\\/www.inprisa.com\\\/ca\\\/?s={search_term_string}\"},\"query-input\":{\"@type\":\"PropertyValueSpecification\",\"valueRequired\":true,\"valueName\":\"search_term_string\"}}],\"inLanguage\":\"ca\"},{\"@type\":\"Organization\",\"@id\":\"https:\\\/\\\/www.inprisa.com\\\/ca\\\/#organization\",\"name\":\"Inprisa\",\"alternateName\":\"Inprisa\",\"url\":\"https:\\\/\\\/www.inprisa.com\\\/ca\\\/\",\"logo\":{\"@type\":\"ImageObject\",\"inLanguage\":\"ca\",\"@id\":\"https:\\\/\\\/www.inprisa.com\\\/ca\\\/#\\\/schema\\\/logo\\\/image\\\/\",\"url\":\"https:\\\/\\\/www.inprisa.com\\\/wp-content\\\/uploads\\\/2024\\\/02\\\/inprisa.png\",\"contentUrl\":\"https:\\\/\\\/www.inprisa.com\\\/wp-content\\\/uploads\\\/2024\\\/02\\\/inprisa.png\",\"width\":737,\"height\":200,\"caption\":\"Inprisa\"},\"image\":{\"@id\":\"https:\\\/\\\/www.inprisa.com\\\/ca\\\/#\\\/schema\\\/logo\\\/image\\\/\"}}]}<\/script>\n<!-- \/ Yoast SEO plugin. -->","yoast_head_json":{"title":"Pol\u00edtica de privadesa | Inprisa","description":"Compartimos nuestra pol\u00edtica de privacidad, como retenemos, procesamos y manejamos los datos del usuario y el cliente. Queremos informarte.","robots":{"index":"index","follow":"follow","max-snippet":"max-snippet:-1","max-image-preview":"max-image-preview:large","max-video-preview":"max-video-preview:-1"},"canonical":"https:\/\/www.inprisa.com\/ca\/politica-de-privacidad\/","og_locale":"ca_ES","og_type":"article","og_title":"Pol\u00edtica de privadesa | Inprisa","og_description":"Compartimos nuestra pol\u00edtica de privacidad, como retenemos, procesamos y manejamos los datos del usuario y el cliente. Queremos informarte.","og_url":"https:\/\/www.inprisa.com\/ca\/politica-de-privacidad\/","og_site_name":"Inprisa","article_modified_time":"2024-07-12T10:15:30+00:00","og_image":[{"width":1920,"height":1280,"url":"https:\/\/www.inprisa.com\/wp-content\/uploads\/2024\/02\/inprisa-home.jpg","type":"image\/jpeg"}],"twitter_card":"summary_large_image","twitter_misc":{"Temps estimat de lectura":"7 minuts"},"schema":{"@context":"https:\/\/schema.org","@graph":[{"@type":"WebPage","@id":"https:\/\/www.inprisa.com\/ca\/politica-de-privacidad\/","url":"https:\/\/www.inprisa.com\/ca\/politica-de-privacidad\/","name":"Pol\u00edtica de privadesa | Inprisa","isPartOf":{"@id":"https:\/\/www.inprisa.com\/ca\/#website"},"datePublished":"2024-02-25T15:11:09+00:00","dateModified":"2024-07-12T10:15:30+00:00","description":"Compartimos nuestra pol\u00edtica de privacidad, como retenemos, procesamos y manejamos los datos del usuario y el cliente. Queremos informarte.","breadcrumb":{"@id":"https:\/\/www.inprisa.com\/ca\/politica-de-privacidad\/#breadcrumb"},"inLanguage":"ca","potentialAction":[{"@type":"ReadAction","target":["https:\/\/www.inprisa.com\/ca\/politica-de-privacidad\/"]}]},{"@type":"BreadcrumbList","@id":"https:\/\/www.inprisa.com\/ca\/politica-de-privacidad\/#breadcrumb","itemListElement":[{"@type":"ListItem","position":1,"name":"Inicio","item":"https:\/\/www.inprisa.com\/ca\/inprisa-3\/"},{"@type":"ListItem","position":2,"name":"Pol\u00edtica de privadesa"}]},{"@type":"WebSite","@id":"https:\/\/www.inprisa.com\/ca\/#website","url":"https:\/\/www.inprisa.com\/ca\/","name":"Inprisa","description":"Expertos en maquinaria\u2028para el tratamiento de\u2028superficies y aguas.","publisher":{"@id":"https:\/\/www.inprisa.com\/ca\/#organization"},"alternateName":"Inprisa","potentialAction":[{"@type":"SearchAction","target":{"@type":"EntryPoint","urlTemplate":"https:\/\/www.inprisa.com\/ca\/?s={search_term_string}"},"query-input":{"@type":"PropertyValueSpecification","valueRequired":true,"valueName":"search_term_string"}}],"inLanguage":"ca"},{"@type":"Organization","@id":"https:\/\/www.inprisa.com\/ca\/#organization","name":"Inprisa","alternateName":"Inprisa","url":"https:\/\/www.inprisa.com\/ca\/","logo":{"@type":"ImageObject","inLanguage":"ca","@id":"https:\/\/www.inprisa.com\/ca\/#\/schema\/logo\/image\/","url":"https:\/\/www.inprisa.com\/wp-content\/uploads\/2024\/02\/inprisa.png","contentUrl":"https:\/\/www.inprisa.com\/wp-content\/uploads\/2024\/02\/inprisa.png","width":737,"height":200,"caption":"Inprisa"},"image":{"@id":"https:\/\/www.inprisa.com\/ca\/#\/schema\/logo\/image\/"}}]}},"_links":{"self":[{"href":"https:\/\/www.inprisa.com\/ca\/wp-json\/wp\/v2\/pages\/1317","targetHints":{"allow":["GET"]}}],"collection":[{"href":"https:\/\/www.inprisa.com\/ca\/wp-json\/wp\/v2\/pages"}],"about":[{"href":"https:\/\/www.inprisa.com\/ca\/wp-json\/wp\/v2\/types\/page"}],"author":[{"embeddable":true,"href":"https:\/\/www.inprisa.com\/ca\/wp-json\/wp\/v2\/users\/1"}],"replies":[{"embeddable":true,"href":"https:\/\/www.inprisa.com\/ca\/wp-json\/wp\/v2\/comments?post=1317"}],"version-history":[{"count":2,"href":"https:\/\/www.inprisa.com\/ca\/wp-json\/wp\/v2\/pages\/1317\/revisions"}],"predecessor-version":[{"id":1582,"href":"https:\/\/www.inprisa.com\/ca\/wp-json\/wp\/v2\/pages\/1317\/revisions\/1582"}],"wp:attachment":[{"href":"https:\/\/www.inprisa.com\/ca\/wp-json\/wp\/v2\/media?parent=1317"}],"curies":[{"name":"wp","href":"https:\/\/api.w.org\/{rel}","templated":true}]}}