{"id":1314,"date":"2024-02-25T17:46:59","date_gmt":"2024-02-25T16:46:59","guid":{"rendered":"https:\/\/www.inprisa.com\/politica-cookies\/"},"modified":"2024-07-12T12:10:21","modified_gmt":"2024-07-12T10:10:21","slug":"politica-cookies","status":"publish","type":"page","link":"https:\/\/www.inprisa.com\/ca\/politica-cookies\/","title":{"rendered":"Pol\u00edtica de cookies"},"content":{"rendered":"\n<h1 class=\"wp-block-heading\">Pol\u00edtica de cookies<\/h1>\n\n\n\n<h2 class=\"wp-block-heading\"><strong>1. Introducci\u00f3<\/strong><\/h2>\n\n\n\n<p>La nostra web, www.inprisa.com (d&#8217;ara endavant: \u00abla web\u00bb) utilitza cookies i altres tecnologies relacionades (per a m\u00e9s comoditat, totes les tecnologies s&#8217;anomenen \u00abcookies\u00bb). Les cookies tamb\u00e9 s\u00f3n col\u00b7locades per tercers als que hem contractat. Al seg\u00fcent document t&#8217;informem sobre l&#8217;\u00fas de cookies a la nostra web.<\/p>\n\n\n\n<h2 class=\"wp-block-heading\"><strong>2. Qu\u00e8 s\u00f3n les galetes?<\/strong><\/h2>\n\n\n\n<p>Una galeta \u00e9s un petit fitxer simple que s&#8217;envia juntament amb les p\u00e0gines d&#8217;aquesta web i que el vostre navegador emmagatzema al disc dur del vostre ordinador o d&#8217;un altre dispositiu. La informaci\u00f3 emmagatzemada pot ser tornada als nostres servidors o als servidors de tercers rellevants durant una visita posterior.<\/p>\n\n\n\n<h2 class=\"wp-block-heading\"><strong>3. Qu\u00e8 s\u00f3n els scripts?<\/strong><\/h2>\n\n\n\n<p>Un script \u00e9s un fragment de codi de programa que s&#8217;utilitza per fer que la nostra web funcioni correctament i de manera interactiva. Aquest codi s&#8217;executa al nostre servidor o al vostre dispositiu.<\/p>\n\n\n\n<h2 class=\"wp-block-heading\"><strong>4. Qu\u00e8 \u00e9s una balisa web?<\/strong><\/h2>\n\n\n\n<p>Una balisa web (o una etiqueta de p\u00edxel) \u00e9s una petita i invisible pe\u00e7a de text o imatge en una web que sutilitza per fer seguiment del tr\u00e0nsit en una web. Per aix\u00f2, s&#8217;emmagatzemen diverses dades sobre tu mitjan\u00e7ant balises web.<\/p>\n\n\n\n<h2 class=\"wp-block-heading\"><strong>5. Cookies<\/strong><\/h2>\n\n\n\n<p><strong>5.1 Quins tipus de galetes hi ha?<\/strong><\/p>\n\n\n\n<p>Si us plau, revisa aquesta secci\u00f3 que proporciona una visi\u00f3 general de la tipologia de galetes que es poden utilitzar en un entorn en l\u00ednia. En funci\u00f3 del propietari de les Cookies, es poden classificar en:<\/p>\n\n\n\n<ul class=\"wp-block-list\">\n<li>Cookies pr\u00f2pies: S\u00f3n aquelles que s&#8217;envien a l&#8217;ordinador o al dispositiu de l&#8217;usuari des d&#8217;un equip o domini gestionat pel mateix editor, i des del qual s&#8217;ofereix la web o el servei sol\u00b7licitat per l&#8217;usuari.<\/li>\n\n\n\n<li>Galetes de tercer: S\u00f3n aquelles que s&#8217;envien a l&#8217;ordinador o dispositiu de l&#8217;usuari des d&#8217;un equip o domini que no \u00e9s gestionat per l&#8217;editor, sin\u00f3 per una altra entitat que tracta les dades obtingudes a trav\u00e9s de les galetes.<\/li>\n<\/ul>\n\n\n\n<p>En funci\u00f3 de la finalitat de la Cookie, es poden classificar en:<\/p>\n\n\n\n<ul class=\"wp-block-list\">\n<li>Cookies estrictament necess\u00e0ries (t\u00e8cniques): S\u00f3n aquelles que permeten a l&#8217;usuari la navegaci\u00f3 a trav\u00e9s d&#8217;una p\u00e0gina web, plataforma o aplicaci\u00f3 i la utilitzaci\u00f3 de les diferents opcions o serveis que hi hagi com, per exemple, controlar el tr\u00e0nsit, identificar dades o la sessi\u00f3, accedir a seccions o continguts d&#8217;acc\u00e9s restringit, recordar els elements que integren una comanda, fer el proc\u00e9s de compra d&#8217;una comanda, gestionar el pagament, controlar el frau vinculador a la seguretat del servei, utilitzar elements de seguretat durant la navegaci\u00f3 , fer la sol\u00b7licitud d&#8217;inscripci\u00f3 o participaci\u00f3 en un esdeveniment, emmagatzemar continguts per a la difusi\u00f3 de v\u00eddeos o so, habilitar continguts din\u00e0mics (per exemple, animaci\u00f3 de c\u00e0rrega d&#8217;un text o imatge) o compartir continguts a trav\u00e9s de xarxes socials. Les cookies t\u00e8cniques, en ser estrictament necess\u00e0ries, es descarreguen per defecte quan permetin mostrar el web o prestar el servei sol\u00b7licitat per l&#8217;usuari.<\/li>\n\n\n\n<li>Galetes de funcionalitat o personalitzaci\u00f3: Aquestes galetes s\u00f3n aquelles que permeten recordar informaci\u00f3 perqu\u00e8 l&#8217;usuari accedeixi al servei o web amb determinades caracter\u00edstiques que poden diferenciar la seva experi\u00e8ncia de la d&#8217;altres usuaris, com ara l&#8217;idioma, el nombre de resultats a mostrar quan l&#8217;usuari realitza una cerca, l&#8217;aspecte o el contingut del servei en funci\u00f3 del tipus de navegador usat per l&#8217;usuari o de la regi\u00f3 des de la qual accedeix al servei, etc. No acceptar aquestes galetes pot generar un rendiment lent de la p\u00e0gina web o recomanacions mal adaptades.<\/li>\n\n\n\n<li>Cookies d&#8217;an\u00e0lisi: S\u00f3n aquelles que permeten quantificar el nombre d&#8217;usuaris, les seccions visitades a la web i com interactuen amb aquesta, per aix\u00ed realitzar el mesurament i l&#8217;an\u00e0lisi estad\u00edstica de la utilitzaci\u00f3 que fan els usuaris, per tal d&#8217;introduir millores a funci\u00f3 de lan\u00e0lisi de les dades d\u00fas que fan els usuaris de la web o servei.<\/li>\n\n\n\n<li>Cookies de publicitat comportamental (m\u00e0rqueting): S\u00f3n aquelles que emmagatzemen informaci\u00f3 del comportament dels usuaris obtinguda a trav\u00e9s de l&#8217;observaci\u00f3 continuada dels seus h\u00e0bits de navegaci\u00f3, cosa que permet desenvolupar un perfil espec\u00edfic per mostrar publicitat en funci\u00f3 del mateix. Aquestes cookies permeten la gesti\u00f3, de la manera m\u00e9s efica\u00e7 possible, dels espais publicitaris que, si escau, l&#8217;editor hagi incl\u00f2s directament o en col\u00b7laboraci\u00f3 amb tercers.<\/li>\n<\/ul>\n\n\n\n<p><strong>5.2 Com puc gestionar l&#8217;\u00fas de galetes en aquesta web?<\/strong><\/p>\n\n\n\n<p>Al panell de configuraci\u00f3 de Cookies podr\u00e0s configurar les Cookies.<\/p>\n\n\n\n<p>Alternativament, en cas que estiguis navegant per internet, pots deshabilitar al teu navegador l&#8217;\u00fas de Cookies. T&#8217;indiquem la manera de fer-ho als navegadors m\u00e9s populars:<\/p>\n\n\n\n<ul class=\"wp-block-list\">\n<li><a href=\"https:\/\/support.google.com\/accounts\/answer\/61416?co=GENIE.Platform=Desktop&amp;hl=es\">Google Chrome<\/a><\/li>\n\n\n\n<li><a href=\"https:\/\/support.mozilla.org\/es\/kb\/habilitar-y-deshabilitar-cookies-sitios-web-rastrear-preferencias\">Mozilla Firefox<\/a><\/li>\n\n\n\n<li><a href=\"https:\/\/support.microsoft.com\/es-es\/help\/17442\/windows-internet-explorer-delete-manage-cookies\">Internet Explorer<\/a><\/li>\n\n\n\n<li><a href=\"https:\/\/support.apple.com\/es-es\/guide\/safari\/sfri11471\/mac\">Safari<\/a><\/li>\n\n\n\n<li><a href=\"https:\/\/support.apple.com\/es-es\/HT201265\">Safari per a IOS (iPhone i iPad)<\/a><\/li>\n\n\n\n<li><a href=\"https:\/\/support.google.com\/accounts\/answer\/61416?co=GENIE.Platform=Android&amp;hl=es\">Chrome per a Android<\/a><\/li>\n<\/ul>\n\n\n\n<p>Si voleu tenir m\u00e9s control sobre la instal\u00b7laci\u00f3 de cookies, podeu instal\u00b7lar programes o complements al vostre navegador, coneguts com a eines de \u201cDo Not Track\u201d, que us permetran escollir aquelles cookies que voleu permetre.<\/p>\n\n\n\n<p>El fet que l&#8217;usuari configuri el seu navegador per rebutjar totes les galetes o expressament les nostres galetes pot suposar que no sigui possible accedir a alguns dels serveis i que la seva experi\u00e8ncia a la nostra web pugui resultar menys satisfact\u00f2ria.<\/p>\n\n\n\n<h2 class=\"wp-block-heading\"><strong>6. Detalls de contacte<\/strong><\/h2>\n\n\n\n<p>Per a preguntes i\/o comentaris sobre la nostra pol\u00edtica de cookies i aquesta declaraci\u00f3, si us plau, contacta amb nosaltres usant les seg\u00fcents dades de contacte:<\/p>\n\n\n\n<p>Nom empresa: Inprisa Autom SL<\/p>\n\n\n\n<p><strong>Adre\u00e7a<\/strong>: Tirso de Molina, 29, Pol. Industrial Almeda, 08940 Cornell\u00e0 de Lobregat (Barcelona)<\/p>\n\n\n\n<p><strong>Website<\/strong>: <a href=\"http:\/\/www.inprisa.com\">www.inprisa.com<\/a><\/p>\n\n\n\n<p><strong>Email<\/strong>: <a href=\"mailto:inprisa@inprisa.com\">inprisa@inprisa.com<\/a><\/p>\n","protected":false},"excerpt":{"rendered":"<p>Pol\u00edtica de cookies 1. Introducci\u00f3 La nostra web, www.inprisa.com (d&#8217;ara endavant: \u00abla web\u00bb) utilitza cookies i altres tecnologies relacionades (per a m\u00e9s comoditat, totes les tecnologies s&#8217;anomenen \u00abcookies\u00bb). Les cookies tamb\u00e9 s\u00f3n col\u00b7locades per tercers als que hem contractat. Al seg\u00fcent document t&#8217;informem sobre l&#8217;\u00fas de cookies a la nostra web. 2. Qu\u00e8 s\u00f3n les [&hellip;]<\/p>\n","protected":false},"author":1,"featured_media":0,"parent":0,"menu_order":0,"comment_status":"closed","ping_status":"closed","template":"","meta":{"_acf_changed":false,"_monsterinsights_skip_tracking":false,"_monsterinsights_sitenote_active":false,"_monsterinsights_sitenote_note":"","_monsterinsights_sitenote_category":0,"footnotes":""},"class_list":["post-1314","page","type-page","status-publish","hentry"],"acf":[],"yoast_head":"<!-- This site is optimized with the Yoast SEO plugin v27.4 - https:\/\/yoast.com\/product\/yoast-seo-wordpress\/ -->\n<title>Pol\u00edtica de cookies | Inprisa<\/title>\n<meta name=\"description\" content=\"Hemos preparado un texto legal para informarte sobre el tipo de cookies que usamos y con qu\u00e9 finalidad. No te pierdas ning\u00fan detalle.\" \/>\n<meta name=\"robots\" content=\"index, follow, max-snippet:-1, max-image-preview:large, max-video-preview:-1\" \/>\n<link rel=\"canonical\" href=\"https:\/\/www.inprisa.com\/ca\/politica-cookies\/\" \/>\n<meta property=\"og:locale\" content=\"ca_ES\" \/>\n<meta property=\"og:type\" content=\"article\" \/>\n<meta property=\"og:title\" content=\"Pol\u00edtica de cookies | Inprisa\" \/>\n<meta property=\"og:description\" content=\"Hemos preparado un texto legal para informarte sobre el tipo de cookies que usamos y con qu\u00e9 finalidad. No te pierdas ning\u00fan detalle.\" \/>\n<meta property=\"og:url\" content=\"https:\/\/www.inprisa.com\/ca\/politica-cookies\/\" \/>\n<meta property=\"og:site_name\" content=\"Inprisa\" \/>\n<meta property=\"article:modified_time\" content=\"2024-07-12T10:10:21+00:00\" \/>\n<meta property=\"og:image\" content=\"https:\/\/www.inprisa.com\/wp-content\/uploads\/2024\/02\/inprisa-home.jpg\" \/>\n\t<meta property=\"og:image:width\" content=\"1920\" \/>\n\t<meta property=\"og:image:height\" content=\"1280\" \/>\n\t<meta property=\"og:image:type\" content=\"image\/jpeg\" \/>\n<meta name=\"twitter:card\" content=\"summary_large_image\" \/>\n<meta name=\"twitter:label1\" content=\"Temps estimat de lectura\" \/>\n\t<meta name=\"twitter:data1\" content=\"5 minuts\" \/>\n<script type=\"application\/ld+json\" class=\"yoast-schema-graph\">{\"@context\":\"https:\\\/\\\/schema.org\",\"@graph\":[{\"@type\":\"WebPage\",\"@id\":\"https:\\\/\\\/www.inprisa.com\\\/ca\\\/politica-cookies\\\/\",\"url\":\"https:\\\/\\\/www.inprisa.com\\\/ca\\\/politica-cookies\\\/\",\"name\":\"Pol\u00edtica de cookies | Inprisa\",\"isPartOf\":{\"@id\":\"https:\\\/\\\/www.inprisa.com\\\/ca\\\/#website\"},\"datePublished\":\"2024-02-25T16:46:59+00:00\",\"dateModified\":\"2024-07-12T10:10:21+00:00\",\"description\":\"Hemos preparado un texto legal para informarte sobre el tipo de cookies que usamos y con qu\u00e9 finalidad. No te pierdas ning\u00fan detalle.\",\"breadcrumb\":{\"@id\":\"https:\\\/\\\/www.inprisa.com\\\/ca\\\/politica-cookies\\\/#breadcrumb\"},\"inLanguage\":\"ca\",\"potentialAction\":[{\"@type\":\"ReadAction\",\"target\":[\"https:\\\/\\\/www.inprisa.com\\\/ca\\\/politica-cookies\\\/\"]}]},{\"@type\":\"BreadcrumbList\",\"@id\":\"https:\\\/\\\/www.inprisa.com\\\/ca\\\/politica-cookies\\\/#breadcrumb\",\"itemListElement\":[{\"@type\":\"ListItem\",\"position\":1,\"name\":\"Inicio\",\"item\":\"https:\\\/\\\/www.inprisa.com\\\/ca\\\/inprisa-3\\\/\"},{\"@type\":\"ListItem\",\"position\":2,\"name\":\"Pol\u00edtica de cookies\"}]},{\"@type\":\"WebSite\",\"@id\":\"https:\\\/\\\/www.inprisa.com\\\/ca\\\/#website\",\"url\":\"https:\\\/\\\/www.inprisa.com\\\/ca\\\/\",\"name\":\"Inprisa\",\"description\":\"Expertos en maquinaria\\u2028para el tratamiento de\\u2028superficies y aguas.\",\"publisher\":{\"@id\":\"https:\\\/\\\/www.inprisa.com\\\/ca\\\/#organization\"},\"alternateName\":\"Inprisa\",\"potentialAction\":[{\"@type\":\"SearchAction\",\"target\":{\"@type\":\"EntryPoint\",\"urlTemplate\":\"https:\\\/\\\/www.inprisa.com\\\/ca\\\/?s={search_term_string}\"},\"query-input\":{\"@type\":\"PropertyValueSpecification\",\"valueRequired\":true,\"valueName\":\"search_term_string\"}}],\"inLanguage\":\"ca\"},{\"@type\":\"Organization\",\"@id\":\"https:\\\/\\\/www.inprisa.com\\\/ca\\\/#organization\",\"name\":\"Inprisa\",\"alternateName\":\"Inprisa\",\"url\":\"https:\\\/\\\/www.inprisa.com\\\/ca\\\/\",\"logo\":{\"@type\":\"ImageObject\",\"inLanguage\":\"ca\",\"@id\":\"https:\\\/\\\/www.inprisa.com\\\/ca\\\/#\\\/schema\\\/logo\\\/image\\\/\",\"url\":\"https:\\\/\\\/www.inprisa.com\\\/wp-content\\\/uploads\\\/2024\\\/02\\\/inprisa.png\",\"contentUrl\":\"https:\\\/\\\/www.inprisa.com\\\/wp-content\\\/uploads\\\/2024\\\/02\\\/inprisa.png\",\"width\":737,\"height\":200,\"caption\":\"Inprisa\"},\"image\":{\"@id\":\"https:\\\/\\\/www.inprisa.com\\\/ca\\\/#\\\/schema\\\/logo\\\/image\\\/\"}}]}<\/script>\n<!-- \/ Yoast SEO plugin. -->","yoast_head_json":{"title":"Pol\u00edtica de cookies | Inprisa","description":"Hemos preparado un texto legal para informarte sobre el tipo de cookies que usamos y con qu\u00e9 finalidad. No te pierdas ning\u00fan detalle.","robots":{"index":"index","follow":"follow","max-snippet":"max-snippet:-1","max-image-preview":"max-image-preview:large","max-video-preview":"max-video-preview:-1"},"canonical":"https:\/\/www.inprisa.com\/ca\/politica-cookies\/","og_locale":"ca_ES","og_type":"article","og_title":"Pol\u00edtica de cookies | Inprisa","og_description":"Hemos preparado un texto legal para informarte sobre el tipo de cookies que usamos y con qu\u00e9 finalidad. No te pierdas ning\u00fan detalle.","og_url":"https:\/\/www.inprisa.com\/ca\/politica-cookies\/","og_site_name":"Inprisa","article_modified_time":"2024-07-12T10:10:21+00:00","og_image":[{"width":1920,"height":1280,"url":"https:\/\/www.inprisa.com\/wp-content\/uploads\/2024\/02\/inprisa-home.jpg","type":"image\/jpeg"}],"twitter_card":"summary_large_image","twitter_misc":{"Temps estimat de lectura":"5 minuts"},"schema":{"@context":"https:\/\/schema.org","@graph":[{"@type":"WebPage","@id":"https:\/\/www.inprisa.com\/ca\/politica-cookies\/","url":"https:\/\/www.inprisa.com\/ca\/politica-cookies\/","name":"Pol\u00edtica de cookies | Inprisa","isPartOf":{"@id":"https:\/\/www.inprisa.com\/ca\/#website"},"datePublished":"2024-02-25T16:46:59+00:00","dateModified":"2024-07-12T10:10:21+00:00","description":"Hemos preparado un texto legal para informarte sobre el tipo de cookies que usamos y con qu\u00e9 finalidad. No te pierdas ning\u00fan detalle.","breadcrumb":{"@id":"https:\/\/www.inprisa.com\/ca\/politica-cookies\/#breadcrumb"},"inLanguage":"ca","potentialAction":[{"@type":"ReadAction","target":["https:\/\/www.inprisa.com\/ca\/politica-cookies\/"]}]},{"@type":"BreadcrumbList","@id":"https:\/\/www.inprisa.com\/ca\/politica-cookies\/#breadcrumb","itemListElement":[{"@type":"ListItem","position":1,"name":"Inicio","item":"https:\/\/www.inprisa.com\/ca\/inprisa-3\/"},{"@type":"ListItem","position":2,"name":"Pol\u00edtica de cookies"}]},{"@type":"WebSite","@id":"https:\/\/www.inprisa.com\/ca\/#website","url":"https:\/\/www.inprisa.com\/ca\/","name":"Inprisa","description":"Expertos en maquinaria\u2028para el tratamiento de\u2028superficies y aguas.","publisher":{"@id":"https:\/\/www.inprisa.com\/ca\/#organization"},"alternateName":"Inprisa","potentialAction":[{"@type":"SearchAction","target":{"@type":"EntryPoint","urlTemplate":"https:\/\/www.inprisa.com\/ca\/?s={search_term_string}"},"query-input":{"@type":"PropertyValueSpecification","valueRequired":true,"valueName":"search_term_string"}}],"inLanguage":"ca"},{"@type":"Organization","@id":"https:\/\/www.inprisa.com\/ca\/#organization","name":"Inprisa","alternateName":"Inprisa","url":"https:\/\/www.inprisa.com\/ca\/","logo":{"@type":"ImageObject","inLanguage":"ca","@id":"https:\/\/www.inprisa.com\/ca\/#\/schema\/logo\/image\/","url":"https:\/\/www.inprisa.com\/wp-content\/uploads\/2024\/02\/inprisa.png","contentUrl":"https:\/\/www.inprisa.com\/wp-content\/uploads\/2024\/02\/inprisa.png","width":737,"height":200,"caption":"Inprisa"},"image":{"@id":"https:\/\/www.inprisa.com\/ca\/#\/schema\/logo\/image\/"}}]}},"_links":{"self":[{"href":"https:\/\/www.inprisa.com\/ca\/wp-json\/wp\/v2\/pages\/1314","targetHints":{"allow":["GET"]}}],"collection":[{"href":"https:\/\/www.inprisa.com\/ca\/wp-json\/wp\/v2\/pages"}],"about":[{"href":"https:\/\/www.inprisa.com\/ca\/wp-json\/wp\/v2\/types\/page"}],"author":[{"embeddable":true,"href":"https:\/\/www.inprisa.com\/ca\/wp-json\/wp\/v2\/users\/1"}],"replies":[{"embeddable":true,"href":"https:\/\/www.inprisa.com\/ca\/wp-json\/wp\/v2\/comments?post=1314"}],"version-history":[{"count":2,"href":"https:\/\/www.inprisa.com\/ca\/wp-json\/wp\/v2\/pages\/1314\/revisions"}],"predecessor-version":[{"id":1575,"href":"https:\/\/www.inprisa.com\/ca\/wp-json\/wp\/v2\/pages\/1314\/revisions\/1575"}],"wp:attachment":[{"href":"https:\/\/www.inprisa.com\/ca\/wp-json\/wp\/v2\/media?parent=1314"}],"curies":[{"name":"wp","href":"https:\/\/api.w.org\/{rel}","templated":true}]}}